{"id":24120,"date":"2015-03-17T08:55:02","date_gmt":"2015-03-17T07:55:02","guid":{"rendered":"?page_id=24120"},"modified":"2019-07-03T18:33:49","modified_gmt":"2019-07-03T16:33:49","slug":"santiago-de-compostela","status":"publish","type":"page","link":"https:\/\/grimmels.de\/wordpress\/santiago-de-compostela\/","title":{"rendered":"Santiago de Compostela"},"content":{"rendered":"\n<p><strong>Schulpartnerschaft mit der Schule <em>IES Rosal\u00eda de Castro<\/em> in Santiago de Compostela\/Spanien<\/strong><\/p>\n\n\n\n<div class=\"wp-block-image\"><figure class=\"alignleft\"><a href=\"https:\/\/grimmels.de\/wordpress\/wp-content\/uploads\/2015\/03\/rosalia_de_castro.jpg\"><img decoding=\"async\" width=\"300\" height=\"125\" src=\"https:\/\/grimmels.de\/wordpress\/wp-content\/uploads\/2015\/03\/rosalia_de_castro-300x125.jpg\" alt=\"INSTITUTO PLURILING\u00dcE ROSALIA DE CASTRO\" class=\"wp-image-24121\" srcset=\"https:\/\/grimmels.de\/wordpress\/wp-content\/uploads\/2015\/03\/rosalia_de_castro-300x125.jpg 300w, https:\/\/grimmels.de\/wordpress\/wp-content\/uploads\/2015\/03\/rosalia_de_castro-150x63.jpg 150w, https:\/\/grimmels.de\/wordpress\/wp-content\/uploads\/2015\/03\/rosalia_de_castro.jpg 960w\" sizes=\"(max-width: 300px) 100vw, 300px\" \/><\/a><\/figure><\/div>\n\n\n\n<p><strong>Schulpartnerschaft mit der Schule&nbsp;<\/strong><em><strong>IES Rosal\u00eda de Castro<\/strong><\/em><strong>&nbsp;in Santiago de Compostela\/Spanien<\/strong><\/p>\n\n\n\n<p>Im zweij\u00e4hrigen Rhythmus bietet das Grimmels einen Sch\u00fcleraustausch mit der spanischen Partnerschule&nbsp;<em>Rosal\u00eda de Castro<\/em>&nbsp;in Santiago de Compostela an. Er richtet sich in erster Linie an Sch\u00fclerInnen der Jgst. 10, die Spanisch als Erste Fremdsprache am GGG lernen. Ziel des Austausches ist neben der Vertiefung der Spanischkenntnisse auch die Erweiterung der interkulturellen Kompetenzen der Sch\u00fclerInnen.<\/p>\n\n\n\n<p>W\u00e4hrend des Austausches sind die Sch\u00fclerInnen in Familien untergebracht und nehmen am Unterricht teil. Dar\u00fcber hinaus stehen die Erkundung Santiagos, Pilger- und Marktrallyes, sowie verschiedene Ausfl\u00fcge und gemeinsame Aktivit\u00e4ten mit den spanischen Sch\u00fclerInnen auf dem Programm. Geleitet wird der Austausch von Studienr\u00e4tin Nathalie Grischkat.<\/p>\n\n\n\n<p>Neben den Austauschfahrten bilden die Unterst\u00fctzung bei der Durchf\u00fchrung eines <a href=\"https:\/\/grimmels.de\/wordpress\/individueller-schueleraustausch\/\">individuellen Sch\u00fcleraustauschs<\/a> sowie die Teilnahme an der Sch\u00fclerjury f\u00fcr den Literaturpreis &#8222;Premio Literario San Clemente Rosal\u00eda &#8211; Abanca&#8220; weitere Elemente der Schulpartnerschaft zwischen beiden Schulen.<\/p>\n\n\n\n<ul class=\"wp-block-gallery columns-3 is-cropped wp-block-gallery-1\"><li class=\"blocks-gallery-item\"><figure><a href=\"https:\/\/grimmels.de\/wordpress\/wp-content\/uploads\/2019\/07\/santiago01-1024x768.jpg\"><img fetchpriority=\"high\" decoding=\"async\" width=\"1024\" height=\"768\" src=\"https:\/\/grimmels.de\/wordpress\/wp-content\/uploads\/2019\/07\/santiago01-1024x768.jpg\" alt=\"\" data-id=\"43311\" data-link=\"https:\/\/grimmels.de\/wordpress\/santiago-de-compostela\/samsung-camera-pictures\/\" class=\"wp-image-43311\" srcset=\"https:\/\/grimmels.de\/wordpress\/wp-content\/uploads\/2019\/07\/santiago01.jpg 1024w, https:\/\/grimmels.de\/wordpress\/wp-content\/uploads\/2019\/07\/santiago01-150x113.jpg 150w, https:\/\/grimmels.de\/wordpress\/wp-content\/uploads\/2019\/07\/santiago01-300x225.jpg 300w, https:\/\/grimmels.de\/wordpress\/wp-content\/uploads\/2019\/07\/santiago01-768x576.jpg 768w\" sizes=\"(max-width: 1024px) 100vw, 1024px\" \/><\/a><\/figure><\/li><li class=\"blocks-gallery-item\"><figure><a href=\"https:\/\/grimmels.de\/wordpress\/wp-content\/uploads\/2019\/07\/santiago02-1024x668.jpg\"><img decoding=\"async\" width=\"1024\" height=\"668\" src=\"https:\/\/grimmels.de\/wordpress\/wp-content\/uploads\/2019\/07\/santiago02-1024x668.jpg\" alt=\"\" data-id=\"43312\" data-link=\"https:\/\/grimmels.de\/wordpress\/santiago-de-compostela\/santiago02\/\" class=\"wp-image-43312\" srcset=\"https:\/\/grimmels.de\/wordpress\/wp-content\/uploads\/2019\/07\/santiago02.jpg 1024w, https:\/\/grimmels.de\/wordpress\/wp-content\/uploads\/2019\/07\/santiago02-150x98.jpg 150w, https:\/\/grimmels.de\/wordpress\/wp-content\/uploads\/2019\/07\/santiago02-300x196.jpg 300w, https:\/\/grimmels.de\/wordpress\/wp-content\/uploads\/2019\/07\/santiago02-768x501.jpg 768w\" sizes=\"(max-width: 1024px) 100vw, 1024px\" \/><\/a><\/figure><\/li><li class=\"blocks-gallery-item\"><figure><a href=\"https:\/\/grimmels.de\/wordpress\/wp-content\/uploads\/2019\/07\/santiago03-1024x475.jpg\"><img loading=\"lazy\" decoding=\"async\" width=\"1024\" height=\"475\" src=\"https:\/\/grimmels.de\/wordpress\/wp-content\/uploads\/2019\/07\/santiago03-1024x475.jpg\" alt=\"\" data-id=\"43313\" data-link=\"https:\/\/grimmels.de\/wordpress\/santiago-de-compostela\/santiago03\/\" class=\"wp-image-43313\" srcset=\"https:\/\/grimmels.de\/wordpress\/wp-content\/uploads\/2019\/07\/santiago03.jpg 1024w, https:\/\/grimmels.de\/wordpress\/wp-content\/uploads\/2019\/07\/santiago03-150x70.jpg 150w, https:\/\/grimmels.de\/wordpress\/wp-content\/uploads\/2019\/07\/santiago03-300x139.jpg 300w, https:\/\/grimmels.de\/wordpress\/wp-content\/uploads\/2019\/07\/santiago03-768x356.jpg 768w\" sizes=\"(max-width: 1024px) 100vw, 1024px\" \/><\/a><\/figure><\/li><li class=\"blocks-gallery-item\"><figure><a href=\"https:\/\/grimmels.de\/wordpress\/wp-content\/uploads\/2019\/07\/santiago04-1024x768.jpg\"><img loading=\"lazy\" decoding=\"async\" width=\"1024\" height=\"768\" src=\"https:\/\/grimmels.de\/wordpress\/wp-content\/uploads\/2019\/07\/santiago04-1024x768.jpg\" alt=\"\" data-id=\"43314\" data-link=\"https:\/\/grimmels.de\/wordpress\/santiago-de-compostela\/santiago04\/\" class=\"wp-image-43314\" srcset=\"https:\/\/grimmels.de\/wordpress\/wp-content\/uploads\/2019\/07\/santiago04.jpg 1024w, https:\/\/grimmels.de\/wordpress\/wp-content\/uploads\/2019\/07\/santiago04-150x113.jpg 150w, https:\/\/grimmels.de\/wordpress\/wp-content\/uploads\/2019\/07\/santiago04-300x225.jpg 300w, https:\/\/grimmels.de\/wordpress\/wp-content\/uploads\/2019\/07\/santiago04-768x576.jpg 768w\" sizes=\"(max-width: 1024px) 100vw, 1024px\" \/><\/a><\/figure><\/li><li class=\"blocks-gallery-item\"><figure><a href=\"https:\/\/grimmels.de\/wordpress\/wp-content\/uploads\/2019\/07\/santiago05-1024x576.jpg\"><img loading=\"lazy\" decoding=\"async\" width=\"1024\" height=\"576\" src=\"https:\/\/grimmels.de\/wordpress\/wp-content\/uploads\/2019\/07\/santiago05-1024x576.jpg\" alt=\"\" data-id=\"43315\" data-link=\"https:\/\/grimmels.de\/wordpress\/santiago-de-compostela\/santiago05\/\" class=\"wp-image-43315 is-layout-flex wp-block-gallery-is-layout-flex\" srcset=\"https:\/\/grimmels.de\/wordpress\/wp-content\/uploads\/2019\/07\/santiago05.jpg 1024w, https:\/\/grimmels.de\/wordpress\/wp-content\/uploads\/2019\/07\/santiago05-150x84.jpg 150w, https:\/\/grimmels.de\/wordpress\/wp-content\/uploads\/2019\/07\/santiago05-300x169.jpg 300w, https:\/\/grimmels.de\/wordpress\/wp-content\/uploads\/2019\/07\/santiago05-768x432.jpg 768w\" sizes=\"(max-width: 1024px) 100vw, 1024px\" \/><\/a><\/figure><\/li><\/ul>\n\n\n<p><strong>&nbsp;<\/strong>Web-Seite der Schule: <a href=\"http:\/\/www.iesrosalia.net\" target=\"_blank\" rel=\"noopener noreferrer\">www.iesrosalia.net<\/a><\/p>\n<p>Web-Seite Santiago de Compostela: <a href=\"http:\/\/www.santiagodecompostela.org\/deutche.php\" target=\"_blank\" rel=\"noopener noreferrer\">www.santiagodecompostela.org<\/a><\/p>\n<p><strong>Santiago de Compostela und das IES Rosal\u00eda de Castro bei GoogleMaps:<\/strong><\/p>\n<p><iframe style=\"border: 0;\" src=\"https:\/\/www.google.com\/maps\/embed?pb=!1m18!1m12!1m3!1d2970922.8532358618!2d-7.148910261258741!3d43.350005508390446!2m3!1f0!2f0!3f0!3m2!1i1024!2i768!4f13.1!3m3!1m2!1s0x0000000000000000%3A0x18e42c182bcb5051!2sInstituto+de+Educaci%C3%B3n+Secundaria+Rosal%C3%ADa+de+Castro!5e0!3m2!1sde!2sde!4v1426579796148\" width=\"600\" height=\"450\" frameborder=\"0\"><\/iframe><\/p>","protected":false},"excerpt":{"rendered":"<p>Schulpartnerschaft mit der Schule IES Rosal\u00eda de Castro in Santiago de Compostela\/Spanien Schulpartnerschaft mit der Schule&nbsp;IES Rosal\u00eda de Castro&nbsp;in Santiago de Compostela\/Spanien Im zweij\u00e4hrigen Rhythmus bietet das Grimmels einen Sch\u00fcleraustausch mit der spanischen Partnerschule&nbsp;Rosal\u00eda de Castro&nbsp;in Santiago de Compostela an. Er richtet sich in erster Linie an Sch\u00fclerInnen der Jgst. 10, die Spanisch als Erste [&hellip;]<\/p>\n","protected":false},"author":1,"featured_media":0,"parent":0,"menu_order":0,"comment_status":"closed","ping_status":"closed","template":"","meta":{"advgb_blocks_editor_width":"","advgb_blocks_columns_visual_guide":"","ngg_post_thumbnail":0,"footnotes":""},"class_list":["post-24120","page","type-page","status-publish","hentry"],"coauthors":[],"author_meta":{"author_link":"https:\/\/grimmels.de\/wordpress\/author\/webmaster\/","display_name":"webmaster"},"relative_dates":{"created":"Posted 11\u00a0Jahren ago","modified":"Updated 7\u00a0Jahren ago"},"absolute_dates":{"created":"Posted on 17. M\u00e4rz 2015","modified":"Updated on 3. Juli 2019"},"absolute_dates_time":{"created":"Posted on 17. M\u00e4rz 2015 8:55","modified":"Updated on 3. Juli 2019 18:33"},"featured_img_caption":"","featured_img":false,"series_order":"","_links":{"self":[{"href":"https:\/\/grimmels.de\/wordpress\/wp-json\/wp\/v2\/pages\/24120","targetHints":{"allow":["GET"]}}],"collection":[{"href":"https:\/\/grimmels.de\/wordpress\/wp-json\/wp\/v2\/pages"}],"about":[{"href":"https:\/\/grimmels.de\/wordpress\/wp-json\/wp\/v2\/types\/page"}],"author":[{"embeddable":true,"href":"https:\/\/grimmels.de\/wordpress\/wp-json\/wp\/v2\/users\/1"}],"replies":[{"embeddable":true,"href":"https:\/\/grimmels.de\/wordpress\/wp-json\/wp\/v2\/comments?post=24120"}],"version-history":[{"count":5,"href":"https:\/\/grimmels.de\/wordpress\/wp-json\/wp\/v2\/pages\/24120\/revisions"}],"predecessor-version":[{"id":43324,"href":"https:\/\/grimmels.de\/wordpress\/wp-json\/wp\/v2\/pages\/24120\/revisions\/43324"}],"wp:attachment":[{"href":"https:\/\/grimmels.de\/wordpress\/wp-json\/wp\/v2\/media?parent=24120"}],"curies":[{"name":"wp","href":"https:\/\/api.w.org\/{rel}","templated":true}]}}