{"id":24443,"date":"2025-03-11T19:00:59","date_gmt":"2025-03-11T18:00:59","guid":{"rendered":"?page_id=24443"},"modified":"2025-12-11T00:27:51","modified_gmt":"2025-12-10T23:27:51","slug":"seb-weblinks","status":"publish","type":"page","link":"https:\/\/grimmels.de\/wordpress\/seb-weblinks\/","title":{"rendered":"SEB-Weblinks"},"content":{"rendered":"\t\t<div data-elementor-type=\"wp-page\" data-elementor-id=\"24443\" class=\"elementor elementor-24443\" data-elementor-post-type=\"page\">\n\t\t\t\t<div class=\"elementor-element elementor-element-9c251f6 e-con-full e-flex e-con e-parent\" data-id=\"9c251f6\" data-element_type=\"container\">\n\t\t\t\t<div class=\"elementor-element elementor-element-d6e67fc elementor-widget elementor-widget-text-editor\" data-id=\"d6e67fc\" data-element_type=\"widget\" data-widget_type=\"text-editor.default\">\n\t\t\t\t<div class=\"elementor-widget-container\">\n\t\t\t\t\t\t\t\t\t<style>\n  .seb-navbar a {\n    color: #fff;\n    text-decoration: none;\n    padding: 4px 10px;\n    border-radius: 4px;\n    transition: background 0.2s, transform 0.2s;\n  }\n\n  .seb-navbar a:hover {\n    background: rgba(255, 255, 255, 0.2);\n    transform: scale(1.05); \/* optional: leichter Zoom beim Hover *\/\n  }\n\n  .seb-table-wrapper {   \n    max-width: 800px;  \n    display: block;  \n    margin: 0 auto;  \n    padding: 0 10px;   \n  }  \n  .seb-table {   \n    border-collapse: separate !important;  \n    border-spacing: 0;   \n    background-color: #ffffff;   \n    box-shadow: rgba(0, 0, 0, 0.1) 0px 2px 6px;    \n    border-radius: 8px;  \n    overflow: hidden;  \n  }\n<\/style>\n\n<nav class=\"seb-navbar\" style=\"background: #345982; display: flex; align-items: center; gap: 16px; padding: 2px 16px; overflow-x: auto; font-family: Arial,Helvetica,sans-serif;\">\n  <span style=\"color: #fff; font-weight: 600; margin-right: 8px;\">SEB Links:<\/span>\n  \n  <a href=\"https:\/\/grimmels.de\/wordpress\/seb-news\/\" rel=\"noopener\">SEB-News<\/a>\n  <a href=\"https:\/\/grimmels.de\/wordpress\/aktuelle-seb-termine\/\" rel=\"noopener\">SEB-Termine<\/a>\n  <a href=\"https:\/\/grimmels.de\/wordpress\/seb-protokolle\/\" rel=\"noopener\">SEB-Protokolle<\/a>\n  <a href=\"https:\/\/grimmels.de\/wordpress\/seb-vorstand\/\" rel=\"noopener\">SEB-Vorstand<\/a>\n  <a href=\"https:\/\/grimmels.de\/wordpress\/seb-weblinks\/\" rel=\"noopener\">SEB-Weblinks<\/a>\n  <a href=\"https:\/\/grimmels.de\/wordpress\/eltern-fuers-grimmels-e-v\/\" rel=\"noopener\">Eltern f\u00fcrs Grimmels e.V.<\/a>\n  <a href=\"https:\/\/grimmels.de\/wordpress\/rueckblick\/\" rel=\"noopener\">R\u00fcckblick<\/a>\n<\/nav>\t\t\t\t\t\t\t\t<\/div>\n\t\t\t\t<\/div>\n\t\t\t\t<\/div>\n\t\t<div class=\"elementor-element elementor-element-40622e9 e-con-full e-flex e-con e-parent\" data-id=\"40622e9\" data-element_type=\"container\" data-settings=\"{&quot;background_background&quot;:&quot;classic&quot;}\">\n\t\t\t\t<div class=\"elementor-element elementor-element-418fb9e elementor-widget elementor-widget-heading\" data-id=\"418fb9e\" data-element_type=\"widget\" data-settings=\"{&quot;motion_fx_motion_fx_scrolling&quot;:&quot;yes&quot;,&quot;motion_fx_translateY_effect&quot;:&quot;yes&quot;,&quot;motion_fx_translateY_affectedRange&quot;:{&quot;unit&quot;:&quot;%&quot;,&quot;size&quot;:&quot;&quot;,&quot;sizes&quot;:{&quot;start&quot;:50,&quot;end&quot;:100}},&quot;motion_fx_translateY_speed&quot;:{&quot;unit&quot;:&quot;px&quot;,&quot;size&quot;:4,&quot;sizes&quot;:[]},&quot;motion_fx_devices&quot;:[&quot;desktop&quot;,&quot;tablet&quot;,&quot;mobile&quot;]}\" data-widget_type=\"heading.default\">\n\t\t\t\t<div class=\"elementor-widget-container\">\n\t\t\t\t\t<h2 class=\"elementor-heading-title elementor-size-default\">Weblinks des SEB<\/h2>\t\t\t\t<\/div>\n\t\t\t\t<\/div>\n\t\t\t\t<div class=\"elementor-element elementor-element-039f287 elementor-widget elementor-widget-text-editor\" data-id=\"039f287\" data-element_type=\"widget\" data-settings=\"{&quot;motion_fx_motion_fx_scrolling&quot;:&quot;yes&quot;,&quot;motion_fx_translateY_effect&quot;:&quot;yes&quot;,&quot;motion_fx_translateY_affectedRange&quot;:{&quot;unit&quot;:&quot;%&quot;,&quot;size&quot;:&quot;&quot;,&quot;sizes&quot;:{&quot;start&quot;:50,&quot;end&quot;:100}},&quot;motion_fx_translateY_speed&quot;:{&quot;unit&quot;:&quot;px&quot;,&quot;size&quot;:4,&quot;sizes&quot;:[]},&quot;motion_fx_devices&quot;:[&quot;desktop&quot;,&quot;tablet&quot;,&quot;mobile&quot;]}\" data-widget_type=\"text-editor.default\">\n\t\t\t\t<div class=\"elementor-widget-container\">\n\t\t\t\t\t\t\t\t\t<p>weitere Informationsm\u00f6glichkeiten f\u00fcr Eltern<\/p>\t\t\t\t\t\t\t\t<\/div>\n\t\t\t\t<\/div>\n\t\t\t\t<\/div>\n\t\t<div class=\"elementor-element elementor-element-4dd7ebdb e-flex e-con-boxed e-con e-parent\" data-id=\"4dd7ebdb\" data-element_type=\"container\">\n\t\t\t\t\t<div class=\"e-con-inner\">\n\t\t\t\t<div class=\"elementor-element elementor-element-5b561b5d elementor-widget elementor-widget-text-editor\" data-id=\"5b561b5d\" data-element_type=\"widget\" data-widget_type=\"text-editor.default\">\n\t\t\t\t<div class=\"elementor-widget-container\">\n\t\t\t\t\t\t\t\t\t<p><\/p>\n<div class=\"wp-block-group seb-table-wrapper\">\n<figure class=\"wp-block-table seb-table\">\n<table class=\"has-fixed-layout\">\n<tbody>\n<tr>\n<td>\n<h4><a href=\"http:\/\/www.mitKindundKegel.de\" target=\"_blank\" rel=\"noopener noreferrer\">Main-Kinzig-Kreis Beratungsm\u00f6glichkeiten<\/a><\/h4>\n<p>Auf diesen Seiten finden Sie Beratungsm\u00f6glichkeiten f\u00fcr Eltern &#8211; Anonym, vertraulich und kostenlos<\/p>\n<p>ZKJF &#8211; Erziehungsberatungsstelle Gelnhausen Tel.: 06051-911 01-0<\/p>\n<p>ask Familienberatungsstelle <a href=\"http:\/\/www.ask-familienberatung.de\">www.ask-familienberatung.de<\/a><\/p>\n<p>Psychologische Beratungsstelle Diakonie Hanau-Main-Kinzig&nbsp;<a href=\"http:\/\/www.diakonie-hanau-main-kinzig.de\">http:\/\/www.diakonie-hanau-main-kinzig.de<\/a><\/p>\n<p>Bundeskonferenz f\u00fcr Erziehungsberatung e.V.&nbsp;<a href=\"http:\/\/www.bke-jugendberatung.de\">http:\/\/www.bke-jugendberatung.de<\/a> und&nbsp;<a href=\"http:\/\/www.bke-elternberatung.de\">http:\/\/www.bke-elternberatung.de<\/a><\/p>\n<p>AWO Jugend- und Drogenberatung&nbsp;<a href=\"http:\/\/www.suchthilfe-awo-mk.de\">http:\/\/www.suchthilfe-awo-mk.de<\/a><\/p>\n<div class=\"link\"><a href=\"http:\/\/www.mitKindundKegel.de\" target=\"_blank\" rel=\"noopener noreferrer\">http:\/\/www.mitKindundKegel.de<\/a><\/div>\n<\/td>\n<\/tr>\n<tr>\n<td>\n<h4><a href=\"http:\/\/www.kvg-main-kinzig.de\" target=\"_blank\" rel=\"noopener noreferrer\">KVG Main-Kinzig mbH &#8211; Kreisverkehrsgesellschaft<\/a><\/h4>\n<p>Auf diesen Seiten finden Sie eine Fahrplanauskunft, Fahrplan\u00e4nderungen, aktuelle News und Angebote rund um den \u00d6PNV<\/p>\n<div class=\"link\"><a href=\"http:\/\/www.kvg-main-kinzig.de\" target=\"_blank\" rel=\"noopener noreferrer\">http:\/\/www.kvg-main-kinzig.de<\/a><\/div>\n<\/td>\n<\/tr>\n<tr>\n<td>\n<h4><a href=\"http:\/\/www.boys-day.de\" target=\"_blank\" rel=\"noopener noreferrer\">Boys&#8216; Day<\/a><\/h4>\n<p>Warum ein Zukunftstag f\u00fcr Jungs?<br>Die junge M\u00e4nnergeneration in Deutschland verf\u00fcgt \u00fcber eine besonders gute Schulbildung. Dennoch entscheiden sich Jungs im Rahmen ihrer Ausbildungs- und Studienwahl noch immer \u00fcberproportional h\u00e4ufig f\u00fcr &#8222;typisch m\u00e4nnliche&#8220; Berufsfelder oder Studienf\u00e4cher. Damit sch\u00f6pfen sie ihre Berufsm\u00f6glichkeiten nicht voll aus; den Betrieben aber fehlt gerade in sozialen Bereichen zunehmend qualifizierter Nachwuchs.<br>Quelle: www.boys-day.de<\/p>\n<div class=\"link\"><a href=\"http:\/\/www.girls-day.de\" target=\"_blank\" rel=\"noopener noreferrer\">http:\/\/www.boys-day.de<\/a><\/div>\n<\/td>\n<\/tr>\n<tr>\n<td>\n<h4><a href=\"http:\/\/www.girls-day.de\" target=\"_blank\" rel=\"noopener noreferrer\">Girls&#8216; Day<\/a><\/h4>\n<p>Warum ein Zukunftstag f\u00fcr M\u00e4dchen?<br>Die junge Frauengeneration in Deutschland verf\u00fcgt \u00fcber eine besonders gute Schulbildung. Dennoch entscheiden sich M\u00e4dchen im Rahmen ihrer Ausbildungs- und Studienwahl noch immer \u00fcberproportional h\u00e4ufig f\u00fcr &#8222;typisch weibliche&#8220; Berufsfelder oder Studienf\u00e4cher. Damit sch\u00f6pfen sie ihre Berufsm\u00f6glichkeiten nicht voll aus; den Betrieben aber fehlt gerade in technischen und techniknahen Bereichen zunehmend qualifizierter Nachwuchs.<br>Quelle: www.girls-day.de<\/p>\n<div class=\"link\"><a href=\"http:\/\/www.girls-day.de\" target=\"_blank\" rel=\"noopener noreferrer\">http:\/\/www.girls-day.de<\/a><\/div>\n<\/td>\n<\/tr>\n<tr>\n<td>\n<div class=\"link\">\n<h4><a href=\"https:\/\/www.kreiselternbeirat-mkk.info\/\" target=\"_blank\" rel=\"noopener noreferrer\">Kreiselternbeirat<\/a><\/h4>\n<p>Der Kreiselternbeirat hat laut Schulgesetz die Verpflichtung, die Eltern an den Schulen des Main-Kinzig-Kreises zu beraten und zu f\u00f6rdern. In dem Online-Angebot finden Sie z.B. Informationen zu den Themen &#8222;Sch\u00fcleraustausch&#8220; und &#8222;Lese- und Rechtschreibschw\u00e4che&#8220;.<\/p>\n<div class=\"link\"><a href=\"https:\/\/www.kreiselternbeirat-mkk.info\/\" target=\"_blank\" rel=\"noopener noreferrer\">https:\/\/www.kreiselternbeirat-mkk.info\/<\/a><\/div>\n<\/div>\n<\/td>\n<\/tr>\n<tr>\n<td>\n<div class=\"link\">\n<h4><a href=\"http:\/\/www.SV-Grimmels.de\" target=\"_blank\" rel=\"noopener noreferrer\">Sch\u00fclervertretung des Grimmelshausen-Gymnasiums<\/a><\/h4>\n<p>Hier finden Sie aktuelle <strong>Informationen<\/strong> \u00fcber die Aktivit\u00e4ten der Sch\u00fclervertretung.<\/p>\n<div class=\"link\"><a href=\"http:\/\/www.SV-Grimmels.de\" target=\"_blank\" rel=\"noopener noreferrer\">http:\/\/www.SV-Grimmels.de<\/a><\/div>\n<\/div>\n<\/td>\n<\/tr>\n<tr>\n<td>\n<h4><a href=\"https:\/\/kultusministerium.hessen.de\/\" target=\"_blank\" rel=\"noopener noreferrer\">Hessisches Kultusministerium<\/a><\/h4>\n<p>Das Hessische Kultusministerium informiert in seinem Online-Angebot unter anderem Sch\u00fcler und Eltern und bezieht Stellung zu aktuellen Schulfragen. Sehr interessant sind die dort einsehbaren Elternbriefe in der Rubrik &#8222;Eltern&#8220;.<\/p>\n<div class=\"link\"><a href=\"https:\/\/kultusministerium.hessen.de\/\" target=\"_blank\" rel=\"noopener noreferrer\">https:\/\/kultusministerium.hessen.de\/<\/a><\/div>\n<\/td>\n<\/tr>\n<tr>\n<td>\n<div class=\"link\">&nbsp;<\/div>\n<\/td>\n<\/tr>\n<tr>\n<td>\n<h4><a href=\"http:\/\/portal.bildung.hessen.de\" target=\"_blank\" rel=\"noopener noreferrer\">Bildungsserver Hessen<\/a><\/h4>\n<p>Das Online-Angebot des Hessischen Bildungsservers wird vom Amt f\u00fcr Lehrerbildung betrieben. Dort findet man Informationen f\u00fcr Lehrer und auch Eltern (u. a. Lehrpl\u00e4ne).<\/p>\n<div class=\"link\"><a href=\"http:\/\/portal.bildung.hessen.de\" target=\"_blank\" rel=\"noopener noreferrer\">http:\/\/portal.bildung.hessen.de<\/a><\/div>\n<\/td>\n<\/tr>\n<tr>\n<td>\n<h4><a href=\"http:\/\/dbs.bbf.dipf.de\" target=\"_blank\" rel=\"noopener noreferrer\">Deutscher Bildungsserver<\/a><\/h4>\n<p>Der Deutsche Bildungsserver ist ein Gemeinschaftsservice von Bund und L\u00e4ndern. Hier finden Sie Informationen z.B. \u00fcber das Schulwesen, Lehrpl\u00e4ne, Lese- und Sprachf\u00f6rderung, Ferienkalender und Beratungsangebote.<\/p>\n<div class=\"link\"><a href=\"http:\/\/dbs.bbf.dipf.de\" target=\"_blank\" rel=\"noopener noreferrer\">http:\/\/dbs.bbf.dipf.de<\/a><\/div>\n<\/td>\n<\/tr>\n<tr>\n<td>\n<h4><a href=\"http:\/\/www.bundeselternrat.de\" target=\"_blank\" rel=\"noopener noreferrer\">Bundeselternrat<\/a><\/h4>\n<p>Der Bundeselternrat ist die Arbeitsgemeinschaft der Landeselternvertretungen in der Bundesrepublik Deutschland. Er arbeitet \u00fcberparteilich und \u00fcberkonfessionell und nimmt in enger Zusammenarbeit mit den Landeselternvertretungen die schulischen Mitwirkungsrechte wahr.<\/p>\n<div class=\"link\"><a href=\"http:\/\/www.bundeselternrat.de\" target=\"_blank\" rel=\"noopener noreferrer\">http:\/\/www.bundeselternrat.de<\/a><\/div>\n<\/td>\n<\/tr>\n<tr>\n<td>\n<h4><a href=\"http:\/\/www.leb-hessen.de\" target=\"_blank\" rel=\"noopener noreferrer\">Landeselternbeirat<\/a><\/h4>\n<p>Der Landeselternbeirat ist das demokratisch gew\u00e4hlte Mitbestimmungsgremium aller Schuleltern in Hessen. Auf dieser Website finden Sie nicht nur Rundschreiben und Pressemitteilungen des LEB, sondern auch Hinweise und Berichte zu Veranstaltungen.<\/p>\n<div class=\"link\"><a href=\"http:\/\/www.leb-hessen.de\" target=\"_blank\" rel=\"noopener noreferrer\">http:\/\/www.leb-hessen.de<\/a><\/div>\n<\/td>\n<\/tr>\n<tr>\n<td>\n<h4><a href=\"http:\/\/www.elternbund-hessen.de\" target=\"_blank\" rel=\"noopener noreferrer\">Elternbund Hessen e.V.<\/a><\/h4>\n<p>Unter dem Motto &#8222;mitdenken &#8211; mitwirken &#8211; mitentscheiden&#8220; steht der Online-Auftritt des Elternbundes Hessen. Hier spielen Themen wie Hausaufgaben, Ganztagschule und &#8222;Grausamkeiten&#8220; eine wichtige Rolle.<\/p>\n<div class=\"link\"><a href=\"http:\/\/www.elternbund-hessen.de\" target=\"_blank\" rel=\"noopener noreferrer\">http:\/\/www.elternbund-hessen.de<\/a><\/div>\n<\/td>\n<\/tr>\n<tr>\n<td>\n<h4><a href=\"https:\/\/schulaemter.hessen.de\/standorte\/hanau\" target=\"_blank\" rel=\"noopener noreferrer\">Staatliches Schulamt<\/a><\/h4>\n<p>Der Auftrag des Staatlichen Schulamts ist es, die Qualit\u00e4t der schulischen Arbeit, die Vergleichbarkeit der Abschl\u00fcsse und die Durchl\u00e4ssigkeit der Bildungsg\u00e4nge im Main-Kinzig-Kreis zu gew\u00e4hrleisten.<\/p>\n<div class=\"link\"><a href=\"https:\/\/schulaemter.hessen.de\/standorte\/hanau\" target=\"_blank\" rel=\"noopener noreferrer\">https:\/\/schulaemter.hessen.de\/standorte\/hanau<\/a><\/div><\/td><\/tr><\/tbody><\/table><\/figure><\/div>\n<p><\/p>\n<p><\/p>\t\t\t\t\t\t\t\t<\/div>\n\t\t\t\t<\/div>\n\t\t\t\t\t<\/div>\n\t\t\t\t<\/div>\n\t\t\t\t<\/div>\n\t\t","protected":false},"excerpt":{"rendered":"<p>SEB Links: SEB-News SEB-Termine SEB-Protokolle SEB-Vorstand SEB-Weblinks Eltern f\u00fcrs Grimmels e.V. R\u00fcckblick Weblinks des SEB weitere Informationsm\u00f6glichkeiten f\u00fcr Eltern Main-Kinzig-Kreis Beratungsm\u00f6glichkeiten Auf diesen Seiten finden Sie Beratungsm\u00f6glichkeiten f\u00fcr Eltern &#8211; Anonym, vertraulich und kostenlos ZKJF &#8211; Erziehungsberatungsstelle Gelnhausen Tel.: 06051-911 01-0 ask Familienberatungsstelle www.ask-familienberatung.de Psychologische Beratungsstelle Diakonie Hanau-Main-Kinzig&nbsp;http:\/\/www.diakonie-hanau-main-kinzig.de Bundeskonferenz f\u00fcr Erziehungsberatung e.V.&nbsp;http:\/\/www.bke-jugendberatung.de und&nbsp;http:\/\/www.bke-elternberatung.de AWO Jugend- [&hellip;]<\/p>\n","protected":false},"author":11,"featured_media":0,"parent":0,"menu_order":0,"comment_status":"closed","ping_status":"closed","template":"","meta":{"advgb_blocks_editor_width":"","advgb_blocks_columns_visual_guide":"","ngg_post_thumbnail":0,"footnotes":""},"class_list":["post-24443","page","type-page","status-publish","hentry"],"coauthors":[],"author_meta":{"author_link":"https:\/\/grimmels.de\/wordpress\/author\/elternbeirat\/","display_name":"Vorstand des SEB"},"relative_dates":{"created":"Posted 1\u00a0Jahr ago","modified":"Updated 4\u00a0Monaten ago"},"absolute_dates":{"created":"Posted on 11. M\u00e4rz 2025","modified":"Updated on 11. Dezember 2025"},"absolute_dates_time":{"created":"Posted on 11. M\u00e4rz 2025 19:00","modified":"Updated on 11. Dezember 2025 0:27"},"featured_img_caption":"","featured_img":false,"series_order":"","_links":{"self":[{"href":"https:\/\/grimmels.de\/wordpress\/wp-json\/wp\/v2\/pages\/24443","targetHints":{"allow":["GET"]}}],"collection":[{"href":"https:\/\/grimmels.de\/wordpress\/wp-json\/wp\/v2\/pages"}],"about":[{"href":"https:\/\/grimmels.de\/wordpress\/wp-json\/wp\/v2\/types\/page"}],"author":[{"embeddable":true,"href":"https:\/\/grimmels.de\/wordpress\/wp-json\/wp\/v2\/users\/11"}],"replies":[{"embeddable":true,"href":"https:\/\/grimmels.de\/wordpress\/wp-json\/wp\/v2\/comments?post=24443"}],"version-history":[{"count":25,"href":"https:\/\/grimmels.de\/wordpress\/wp-json\/wp\/v2\/pages\/24443\/revisions"}],"predecessor-version":[{"id":68141,"href":"https:\/\/grimmels.de\/wordpress\/wp-json\/wp\/v2\/pages\/24443\/revisions\/68141"}],"wp:attachment":[{"href":"https:\/\/grimmels.de\/wordpress\/wp-json\/wp\/v2\/media?parent=24443"}],"curies":[{"name":"wp","href":"https:\/\/api.w.org\/{rel}","templated":true}]}}