{"id":27589,"date":"2015-09-16T15:45:09","date_gmt":"2015-09-16T13:45:09","guid":{"rendered":"?page_id=27589"},"modified":"2025-11-20T11:05:15","modified_gmt":"2025-11-20T10:05:15","slug":"hausordnung","status":"publish","type":"page","link":"https:\/\/grimmels.de\/wordpress\/hausordnung\/","title":{"rendered":"Hausordnung"},"content":{"rendered":"\t\t<div data-elementor-type=\"wp-page\" data-elementor-id=\"27589\" class=\"elementor elementor-27589\" data-elementor-post-type=\"page\">\n\t\t\t\t<div class=\"elementor-element elementor-element-70f81dc9 e-con-full e-flex e-con e-parent\" data-id=\"70f81dc9\" data-element_type=\"container\" data-settings=\"{&quot;background_background&quot;:&quot;slideshow&quot;,&quot;background_slideshow_gallery&quot;:[{&quot;id&quot;:59008,&quot;url&quot;:&quot;https:\\\/\\\/grimmels.de\\\/wordpress\\\/wp-content\\\/uploads\\\/2024\\\/10\\\/cropped-DJI_0270-Kopie.png&quot;},{&quot;id&quot;:58863,&quot;url&quot;:&quot;https:\\\/\\\/grimmels.de\\\/wordpress\\\/wp-content\\\/uploads\\\/2024\\\/09\\\/cropped-DSC05545-scaled-1.jpeg&quot;}],&quot;background_slideshow_loop&quot;:&quot;yes&quot;,&quot;background_slideshow_slide_duration&quot;:5000,&quot;background_slideshow_slide_transition&quot;:&quot;fade&quot;,&quot;background_slideshow_transition_duration&quot;:500}\">\n\t\t\t\t<div class=\"elementor-element elementor-element-742bb0c1 elementor-widget elementor-widget-heading\" data-id=\"742bb0c1\" data-element_type=\"widget\" data-widget_type=\"heading.default\">\n\t\t\t\t<div class=\"elementor-widget-container\">\n\t\t\t\t\t<h2 class=\"elementor-heading-title elementor-size-default\">HAUSORDNUNG<\/h2>\t\t\t\t<\/div>\n\t\t\t\t<\/div>\n\t\t\t\t<\/div>\n\t\t<div class=\"elementor-element elementor-element-75e6436 e-flex e-con-boxed e-con e-parent\" data-id=\"75e6436\" data-element_type=\"container\">\n\t\t\t\t\t<div class=\"e-con-inner\">\n\t\t\t\t<div class=\"elementor-element elementor-element-16f684d elementor-widget elementor-widget-button\" data-id=\"16f684d\" data-element_type=\"widget\" data-widget_type=\"button.default\">\n\t\t\t\t<div class=\"elementor-widget-container\">\n\t\t\t\t\t\t\t\t\t<div class=\"elementor-button-wrapper\">\n\t\t\t\t\t<a class=\"elementor-button elementor-button-link elementor-size-sm\" href=\"https:\/\/grimmels.de\/wordpress\/wp-content\/uploads\/2025\/11\/TOP_3-1_Hausordnung-Grimmels_Stand-04.11.2025.pdf\">\n\t\t\t\t\t\t<span class=\"elementor-button-content-wrapper\">\n\t\t\t\t\t\t\t\t\t<span class=\"elementor-button-text\">Hausordnung herunterladen<\/span>\n\t\t\t\t\t<\/span>\n\t\t\t\t\t<\/a>\n\t\t\t\t<\/div>\n\t\t\t\t\t\t\t\t<\/div>\n\t\t\t\t<\/div>\n\t\t\t\t<div class=\"elementor-element elementor-element-58bc52b elementor-widget elementor-widget-text-editor\" data-id=\"58bc52b\" data-element_type=\"widget\" data-widget_type=\"text-editor.default\">\n\t\t\t\t<div class=\"elementor-widget-container\">\n\t\t\t\t\t\t\t\t\t<p style=\"font-weight: 400;\"><em>Das Grimmels ist mehr als ein Lernort \u2013 es ist ein Lebensort, an dem sich alle Mitglieder der <\/em><em>Schulgemeinde wohlf\u00fchlen sollen. Deshalb bedarf es im Schulalltag verbindlicher Regeln f\u00fcr <\/em><em>das Zusammenleben, um einen menschlichen Umgang miteinander und ein r\u00fccksichtsvolles <\/em><em>Verhalten gegen\u00fcber den Einrichtungen der Schule sowie dem Eigentum anderer zu <\/em><em>gew\u00e4hrleisten. Das Verhalten aller Mitglieder der Schulgemeinde soll generell von H\u00f6flichkeit <\/em><em>und gegenseitiger R\u00fccksichtnahme bestimmt sein. Die allgemeinen Verhaltens- und <\/em><em>Kommunikationsregeln sollten von allen Mitgliedern der Schulgemeinde stets eingehalten <\/em><em>werden.<\/em><\/p><p style=\"font-weight: 400;\"><strong>Das Schulleben ist gepr\u00e4gt von gegenseitiger R\u00fccksicht und der Vermeidung von<\/strong><strong>Gefahren, insbesondere:<\/strong><\/p><ul><li>den Anweisungen von Lehrkr\u00e4ften ist Folge zu leisten.<\/li><li>die Sch\u00fclerinnen und Sch\u00fcler m\u00fcssen sich bei Aufforderung einer Aufsicht ausweisen.<\/li><li>sind alle Fach- und Nebenr\u00e4ume grunds\u00e4tzlich verschlossen zu halten und d\u00fcrfen von<\/li><li>den Sch\u00fclerinnen und Sch\u00fclern nur in Anwesenheit einer Lehrkraft betreten werden.<\/li><li>das Werfen von Schneeb\u00e4llen ist aus Sicherheitsgr\u00fcnden untersagt.<\/li><li>die Mitnahme von offenen Getr\u00e4nken in die Unterrichtsr\u00e4ume ist nicht erlaubt.<\/li><li>das Ballspielen kann nur bei gegebener R\u00fccksicht auf die \u00fcbrigen Sch\u00fcler\/innen erlaubt<\/li><li>werden und ist im Schulgeb\u00e4ude untersagt.<\/li><li>das schnelle Rennen in den Schulgeb\u00e4uden ist aus Sicherheitsgr\u00fcnden untersagt.<\/li><li>das Mitf\u00fchren von Waffen und Messern sowie der Besitz und Konsum von E-Zigaretten,<\/li><li>Alkohol oder anderen Drogen sind auf dem gesamten Schulgel\u00e4nde verboten.<\/li><li>das Aufsuchen von Schlie\u00dff\u00e4chern ist nur unmittelbar zu Pausenbeginn oder dem<\/li><li>Pausenende gestattet.<\/li><\/ul><p>\u00a0<\/p><p style=\"font-weight: 400;\"><strong>Pausen bieten Raum f\u00fcr Erholung und Begegnungen. Daher sind die Einhaltung der <\/strong><strong>festgelegten Bereiche und die Beachtung der Anweisungen der Aufsichtspersonen <\/strong><strong>wichtig.<\/strong><\/p><p style=\"font-weight: 400;\">Vor Beginn des Unterrichts und w\u00e4hrend der Pausen f\u00fchren Lehrkr\u00e4fte auf dem Schulgel\u00e4nde und in den Schulgeb\u00e4uden fl\u00e4chendeckend und \u00fcberlappend Aufsicht. Der Verteilungsplan mit den speziellen Aufgaben der jeweiligen Aufsicht wird von der Schulleitung erstellt und den jeweiligen Situationen (Bauma\u00dfnahmen etc.) angepasst. <strong>Folgende Regelungen sind zu<\/strong><strong>beachten:<\/strong><\/p><ul><li>Vor Beginn der Schule ist das D-Geb\u00e4ude ab 7:15 Uhr ge\u00f6ffnet. Alle weiteren<\/li><li>Schuleing\u00e4nge werden um 7:40 Uhr ge\u00f6ffnet.<\/li><li>W\u00e4hrend der Pausen k\u00f6nnen das Erdgeschoss des A- und B-Geb\u00e4udes sowie das<\/li><li>Caf\u00e9haus als Aufenthaltsbereich im Geb\u00e4ude genutzt werden.<\/li><li>In Freistunden sowie der Mittagspause gilt der Schulhof und das Caf\u00e9haus als<\/li><li>Zum Arbeiten d\u00fcrfen die Arbeitspl\u00e4tze vor dem Lehrerzimmer im<\/li><li>Geb\u00e4ude A und im Durchgang nach C genutzt werden.<\/li><li>Oberstufensch\u00fcler\/innen d\u00fcrfen sich in Pausen und Freistunden zus\u00e4tzlich im zweiten<\/li><li>des B-Geb\u00e4udes aufhalten.<\/li><li>Das Schulgel\u00e4nde darf von Sch\u00fcler\/innen der Sekundarstufe I w\u00e4hrend Freistunden und<\/li><li>Pausen (auch der Mittagspause) nicht verlassen werden.<\/li><\/ul><p>\u00a0<\/p><p style=\"font-weight: 400;\"><strong>Ein gutes Miteinander lebt von offener und respektvoller Kommunikation. Daher gilt f\u00fcr <\/strong><strong>den Austausch in der Schule folgendes:<\/strong><\/p><ul><li>Sollte zu Beginn einer Unterrichtsstunde eine Lehrkraft l\u00e4nger als f\u00fcnf Minuten<\/li><li>ausbleiben, so melden dies die Klassen-\/ Kurssprecherinnen und Klassen-<\/li><li>\/Kurssprecher im Stundenplanzimmer oder im Sekretariat. Die jeweilige Lerngruppe<\/li><li>verh\u00e4lt sich in dieser Situation ruhig.<\/li><li>Lehrkr\u00e4fte sollten nur in der zweiten gro\u00dfen Pause am Lehrerzimmer aufgesucht<\/li><li>Detaillierte Beschreibungen zu den Kommunikationsrichtlinien am Grimmels sind im<\/li><li>Kommunikationskonzept zu finden.<\/li><\/ul><p>\u00a0<\/p><p style=\"font-weight: 400;\"><strong>Die Mitglieder der Schulgemeinde nutzen verschiedene Verkehrsmittel, um das <\/strong><strong>Grimmels zu erreichen. Um einen sicheren und reibungslosen Ablauf auf dem <\/strong><strong>Schulgel\u00e4nde zu gew\u00e4hrleisten, ist Folgendes zu beachten:<\/strong><\/p><ul><li>Motorisierte Zweir\u00e4der d\u00fcrfen nur auf den daf\u00fcr vorgesehenen Abstellfl\u00e4chen und<\/li><li>Fahrr\u00e4der nur im Bereich der Fahrradst\u00e4nder abgestellt werden. Die Zu- und Abfahrt<\/li><li>darf nicht \u00fcber die Schulh\u00f6fe erfolgen.<\/li><li>Das Betreten s\u00e4mtlicher Park- und Abstellfl\u00e4chen ist nur zum Abstellen und Abholen der<\/li><li>Fahrzeuge erlaubt. Diese Bereiche sind keine Pausen- oder Aufenthaltsbereiche.<\/li><li>Die Zufahrten f\u00fcr den Rettungsdienst und die Feuerwehr sind auf dem gesamten<\/li><li>Schulgel\u00e4nde freizuhalten!<\/li><li>Das Parken auf den schuleigenen Parkpl\u00e4tzen (entlang und vor Geb\u00e4ude B sowie der<\/li><li>Grimmelshalle) ist nur mit g\u00fcltigem Parkausweis gestattet.<\/li><\/ul><p style=\"font-weight: 400;\"><strong>\u00a0<\/strong><\/p><p style=\"font-weight: 400;\"><strong>Digitale Endger\u00e4te:<\/strong><\/p><p style=\"font-weight: 400;\">In Anlehnung an die Smartphone-Schutzzone gem\u00e4\u00df hessischem Schulgesetz, wurde das Konzept zur Nutzung digitaler Endger\u00e4te am Grimmelshausen Gymnasium Gelnhausen erarbeitet, welches f\u00fcr die Schulgemeinde gilt.<\/p><p style=\"font-weight: 400;\"><strong>\u00a0<\/strong><\/p><p style=\"font-weight: 400;\"><strong>Aufgaben der Schulgemeinschaft:<\/strong><\/p><p style=\"font-weight: 400;\">Alle Klassen und Kurse bringen den genutzten Raum am Ende der sechsten Stunde wieder in einen ordnungsgem\u00e4\u00dfen Zustand (gefegt, Tafel gewischt, St\u00fchle hoch, Fenster zu etc.). Die Lehrkr\u00e4fte \u00fcbernehmen <strong>Raum<\/strong>&#8211; bzw. <strong>Bereichspatenschaften<\/strong> (u.a. regelm\u00e4\u00dfige Kontrolle zur Feststellung von Sch\u00e4den oder Verunreinigungen). F\u00fcr die Klassen der Sek I und die Tutorengruppen der Sek II wird ein w\u00f6chentlich wechselnder <strong>Hof- und Reinigungsdienst<\/strong> eingerichtet, der f\u00fcr die Vorreinigung der Flure und des Hofes sowie der ausgewiesenen Aufenthaltsbereiche zust\u00e4ndig ist. Dies geschieht in Absprache mit den Hausmeistern.<\/p><p>\u00a0<\/p><p style=\"font-weight: 400;\"><strong>Verst\u00f6\u00dfe gegen die Hausordnung:<\/strong><\/p><p style=\"font-weight: 400;\">Verst\u00f6\u00dfe gegen die Hausordnung sind Verst\u00f6\u00dfe gegen die Gemeinschaft und k\u00f6nnen von dieser nicht geduldet werden. Wer das Schulgeb\u00e4ude, Einrichtungsgegenst\u00e4nde oder Au\u00dfenanlagen der Schule beschmutzt oder besch\u00e4digt, muss den urspr\u00fcnglichen Zustand wiederherstellen bzw. die Reparatur von Besch\u00e4digungen bezahlen. Es erfolgen gegebenenfalls p\u00e4dagogische Ma\u00dfnahmen oder Ordnungsma\u00dfnahmen gem. \u00a7 82 des Hessischen Schulgesetzes.<\/p><p>\u00a0<\/p><p style=\"font-weight: 400;\"><strong>Bekanntgabe der Hausordnung:<\/strong><\/p><p style=\"font-weight: 400;\">Bei Eintritt in das Grimmelshausen-Gymnasium erh\u00e4lt jede Sch\u00fclerin und jeder Sch\u00fcler unsere Hausordnung. Zudem ist diese auf unserer Homepage www.grimmels.de einzusehen. Die Hausordnung wird zu Beginn eines jeden Schuljahres und aus gegebenen Anl\u00e4ssen in den Klassen besprochen.<\/p><p>\u00a0<\/p><p style=\"font-weight: 400;\">Die Hausordnung wurde am 16.2.2006, 27.02.2019 und die letzte Aktualisierung am 18.11.2025 von der Schulkonferenz beschlossen.<\/p><p style=\"font-weight: 400;\">Sie tritt am 19.11.2025 in Kraft.<\/p><p style=\"font-weight: 400;\">(Tina Ruf)<\/p><p style=\"font-weight: 400;\">Oberstudiendirektorin<\/p><p style=\"font-weight: 400;\">Schulleiterin<\/p>\t\t\t\t\t\t\t\t<\/div>\n\t\t\t\t<\/div>\n\t\t\t\t\t<\/div>\n\t\t\t\t<\/div>\n\t\t\t\t<\/div>\n\t\t","protected":false},"excerpt":{"rendered":"<p>HAUSORDNUNG Hausordnung herunterladen Das Grimmels ist mehr als ein Lernort \u2013 es ist ein Lebensort, an dem sich alle Mitglieder der Schulgemeinde wohlf\u00fchlen sollen. Deshalb bedarf es im Schulalltag verbindlicher Regeln f\u00fcr das Zusammenleben, um einen menschlichen Umgang miteinander und ein r\u00fccksichtsvolles Verhalten gegen\u00fcber den Einrichtungen der Schule sowie dem Eigentum anderer zu gew\u00e4hrleisten. Das [&hellip;]<\/p>\n","protected":false},"author":1,"featured_media":0,"parent":0,"menu_order":0,"comment_status":"closed","ping_status":"closed","template":"","meta":{"advgb_blocks_editor_width":"","advgb_blocks_columns_visual_guide":"","ngg_post_thumbnail":0,"footnotes":""},"class_list":["post-27589","page","type-page","status-publish","hentry"],"coauthors":[],"author_meta":{"author_link":"https:\/\/grimmels.de\/wordpress\/author\/webmaster\/","display_name":"webmaster"},"relative_dates":{"created":"Posted 11\u00a0Jahren ago","modified":"Updated 5\u00a0Monaten ago"},"absolute_dates":{"created":"Posted on 16. September 2015","modified":"Updated on 20. November 2025"},"absolute_dates_time":{"created":"Posted on 16. September 2015 15:45","modified":"Updated on 20. November 2025 11:05"},"featured_img_caption":"","featured_img":false,"series_order":"","_links":{"self":[{"href":"https:\/\/grimmels.de\/wordpress\/wp-json\/wp\/v2\/pages\/27589","targetHints":{"allow":["GET"]}}],"collection":[{"href":"https:\/\/grimmels.de\/wordpress\/wp-json\/wp\/v2\/pages"}],"about":[{"href":"https:\/\/grimmels.de\/wordpress\/wp-json\/wp\/v2\/types\/page"}],"author":[{"embeddable":true,"href":"https:\/\/grimmels.de\/wordpress\/wp-json\/wp\/v2\/users\/1"}],"replies":[{"embeddable":true,"href":"https:\/\/grimmels.de\/wordpress\/wp-json\/wp\/v2\/comments?post=27589"}],"version-history":[{"count":19,"href":"https:\/\/grimmels.de\/wordpress\/wp-json\/wp\/v2\/pages\/27589\/revisions"}],"predecessor-version":[{"id":67496,"href":"https:\/\/grimmels.de\/wordpress\/wp-json\/wp\/v2\/pages\/27589\/revisions\/67496"}],"wp:attachment":[{"href":"https:\/\/grimmels.de\/wordpress\/wp-json\/wp\/v2\/media?parent=27589"}],"curies":[{"name":"wp","href":"https:\/\/api.w.org\/{rel}","templated":true}]}}