{"id":30241,"date":"2016-11-05T12:21:01","date_gmt":"2016-11-05T11:21:01","guid":{"rendered":"?page_id=30241"},"modified":"2021-11-21T11:57:03","modified_gmt":"2021-11-21T10:57:03","slug":"ethik","status":"publish","type":"page","link":"https:\/\/grimmels.de\/wordpress\/ethik\/","title":{"rendered":"Ethik"},"content":{"rendered":"<h2 style=\"font-variant: small-caps; text-align: left;\">Herzlich willkommen bei der Fachschaft Ethik<\/h2>\n<p><img fetchpriority=\"high\" decoding=\"async\" class=\"aligncenter wp-image-32289 size-full\" src=\"https:\/\/grimmels.de\/wordpress\/wp-content\/uploads\/2016\/06\/ethik01.jpg\" width=\"523\" height=\"340\" srcset=\"https:\/\/grimmels.de\/wordpress\/wp-content\/uploads\/2016\/06\/ethik01.jpg 523w, https:\/\/grimmels.de\/wordpress\/wp-content\/uploads\/2016\/06\/ethik01-150x98.jpg 150w, https:\/\/grimmels.de\/wordpress\/wp-content\/uploads\/2016\/06\/ethik01-300x195.jpg 300w\" sizes=\"(max-width: 523px) 100vw, 523px\" \/><\/p>\n<p><center><iframe src=\"https:\/\/www.youtube.com\/embed\/kznKkBYvQr0\" allowfullscreen=\"allowfullscreen\" width=\"560\" height=\"315\" frameborder=\"0\"><\/iframe><\/center>&nbsp;<\/p>\n<p>&nbsp;<\/p>\n<p>WAS IST ETHIK?<\/p>\n<p>Die Ethik gilt als eine Teilwissenschaft der Philosophie. Der Begriff &gt;&gt;Philosophie&lt;&lt; geht auf das griechische Wort<em> philos <\/em>und <em>sophia<\/em> zur\u00fcck. Philos bedeutet &gt;&gt;liebend&lt;&lt; oder &gt;&gt;Freund&lt;&lt; und Sophia &gt;&gt;Weisheit&lt;&lt;. Philosophie hei\u00dft \u00fcbersetzt also &gt;&gt;Freund der Weisheit&lt;&lt; oder &gt;&gt;Liebe zur Weisheit&lt;&lt;.<\/p>\n<p>Wenn wir philosophieren, dann denken wir \u00fcber etwas nach, wir stellen Fragen und gehen den Dingen auf den Grund. So stellen sich Philosophen seit vielen Jahrhunderten die Fragen:<\/p>\n<p>Was ist Liebe\/ Freundschaft?<\/p>\n<p>Was ist Gl\u00fcck?<\/p>\n<p>Was unterscheidet den Menschen vom Tier?<\/p>\n<p>Was ist Gerechtigkeit?<\/p>\n<p>Die Ethik als Teilgebiet der Philosophie besch\u00e4ftigt sich mit der Frage \u201eWas soll ich tun?\u201c Das hei\u00dft sie fragt nach dem richtigen Verhalten.<\/p>\n<p><img decoding=\"async\" class=\"alignright wp-image-32290 size-full\" src=\"https:\/\/grimmels.de\/wordpress\/wp-content\/uploads\/2016\/11\/ethik02.jpg\" width=\"428\" height=\"208\" srcset=\"https:\/\/grimmels.de\/wordpress\/wp-content\/uploads\/2016\/11\/ethik02.jpg 428w, https:\/\/grimmels.de\/wordpress\/wp-content\/uploads\/2016\/11\/ethik02-150x73.jpg 150w, https:\/\/grimmels.de\/wordpress\/wp-content\/uploads\/2016\/11\/ethik02-300x146.jpg 300w\" sizes=\"(max-width: 428px) 100vw, 428px\" \/>Ein Beispiel: Sie stehen an der Kasse und die Kassiererin&nbsp; gibt ihnen 20 \u20ac statt 10 \u20ac Wechselgeld heraus. Was tun sie? Sollten sie die Wahrheit sagen oder das Geld einstecken und gehen?<\/p>\n<p>&nbsp;<\/p>\n<p>ORGANISATION UND INHALTE IM FACH ETHIK<\/p>\n<p>Am \u201eGrimmels\u201c bieten wir das Fach Ethik von Klasse 5-13 durchgehend mit 2 Wochenstunden an. Die Sch\u00fcler entscheiden sich, ob sie katholische oder evangelische Religion oder Ethik w\u00e4hlen. Dieser Unterricht findet in klassen\u00fcbergreifenden Kursen statt. So lernen die Sch\u00fcler auch Kinder anderer Klassen kennen.<\/p>\n<p>Inhaltlich orientieren wir uns als Fachschaft an den folgenden Inhaltsfeldern unter Ber\u00fccksichtigung der Vorerfahrungen der Sch\u00fcler, der gesellschaftlichen Anforderungen und der philosophischen Theorien.<\/p>\n<p><img decoding=\"async\" class=\"aligncenter wp-image-32292 size-full\" src=\"https:\/\/grimmels.de\/wordpress\/wp-content\/uploads\/2016\/11\/ethik03.jpg\" width=\"610\" height=\"348\" srcset=\"https:\/\/grimmels.de\/wordpress\/wp-content\/uploads\/2016\/11\/ethik03.jpg 610w, https:\/\/grimmels.de\/wordpress\/wp-content\/uploads\/2016\/11\/ethik03-150x86.jpg 150w, https:\/\/grimmels.de\/wordpress\/wp-content\/uploads\/2016\/11\/ethik03-300x171.jpg 300w\" sizes=\"(max-width: 610px) 100vw, 610px\" \/><\/p>\n<p><strong>Kompetenzerwerb im Ethikunterricht<\/strong><\/p>\n<table style=\"width: 100%;\">\n<tbody>\n<tr>\n<td style=\"width: 284px;\"><img loading=\"lazy\" decoding=\"async\" class=\"alignleft size-full wp-image-32293\" src=\"https:\/\/grimmels.de\/wordpress\/wp-content\/uploads\/2016\/11\/ethik04.jpg\" alt=\"ethik04\" width=\"268\" height=\"423\" srcset=\"https:\/\/grimmels.de\/wordpress\/wp-content\/uploads\/2016\/11\/ethik04.jpg 268w, https:\/\/grimmels.de\/wordpress\/wp-content\/uploads\/2016\/11\/ethik04-95x150.jpg 95w, https:\/\/grimmels.de\/wordpress\/wp-content\/uploads\/2016\/11\/ethik04-190x300.jpg 190w\" sizes=\"(max-width: 268px) 100vw, 268px\" \/><\/td>\n<td>Das Fach Ethik versteht sich als ein pers\u00f6nlichkeitsbildendes Fach. Es kn\u00fcpft an die Lebenserfahrungen und Vorstellungen der Sch\u00fcler an. Im Fach Ethik lernen die Kinder und Jugendlichen das Verst\u00e4ndnis verschiedener Wertvorstellungen und ethischer Grunds\u00e4tze kennen. Es soll den Zugang zu ethisch- philosophischen und religionskundlichen Fragen er\u00f6ffnen.<\/p>\n<p>Dabei stehen die F\u00e4higkeiten des selbstst\u00e4ndigen Denkens, des Analysierens, der Kritikf\u00e4higkeit und Reflexionsf\u00e4higkeit im Fokus des Kompetenzerwerbs. Des Weiteren ist es im Fach Ethik unabdingbar, ethisch moralische Themen zu diskutieren. (Diskursf\u00e4higkeit)<\/p>\n<p>Auf Grundlage dieser Kompetenzen lernen die Sch\u00fcler besonders in handlungsorientierten, selbstst\u00e4ndigen Unterrichts- und Sozialformen, welche den Kindern und Jugendlichen die M\u00f6glichkeit geben Verantwortung und Selbstst\u00e4ndigkeit einzu\u00fcben. So \u00fcben sie beispielsweise die Perspektiven\u00fcbernahme in Rollenspielen und Streitgespr\u00e4chen.<\/td>\n<\/tr>\n<\/tbody>\n<\/table>\n<p>&nbsp;<\/p>\n<p><strong>PROJEKTE<\/strong><\/p>\n<p>UMGANG MIT STERBEN UND TOD KL. 9<\/p>\n<figure id=\"attachment_32297\" aria-describedby=\"caption-attachment-32297\" style=\"width: 300px\" class=\"wp-caption alignright\"><a href=\"https:\/\/grimmels.de\/wordpress\/wp-content\/uploads\/2016\/11\/ethik06.jpg\"><img loading=\"lazy\" decoding=\"async\" class=\"wp-image-32297 size-medium\" src=\"https:\/\/grimmels.de\/wordpress\/wp-content\/uploads\/2016\/11\/ethik06-300x225.jpg\" alt=\"\u201eDu z\u00e4hlst, weil du du bist. Und du wirst bis zum letzten Augenblick eine Bedeutung haben.\u201c (Cicely Saunders)\" width=\"300\" height=\"225\" srcset=\"https:\/\/grimmels.de\/wordpress\/wp-content\/uploads\/2016\/11\/ethik06-300x225.jpg 300w, https:\/\/grimmels.de\/wordpress\/wp-content\/uploads\/2016\/11\/ethik06-150x113.jpg 150w, https:\/\/grimmels.de\/wordpress\/wp-content\/uploads\/2016\/11\/ethik06-768x576.jpg 768w, https:\/\/grimmels.de\/wordpress\/wp-content\/uploads\/2016\/11\/ethik06.jpg 1024w\" sizes=\"(max-width: 300px) 100vw, 300px\" \/><\/a><figcaption id=\"caption-attachment-32297\" class=\"wp-caption-text\">\u201eDu z\u00e4hlst, weil du du bist. Und du wirst bis zum letzten Augenblick eine Bedeutung haben.\u201c (Cicely Saunders)<\/figcaption><\/figure>\n<p>Am 24.4.2015 besch\u00e4ftigten sich die Sch\u00fclerInnen der Ethikkurse &nbsp;Klasse 9 mit dem schwierigen Thema der Sterbebegleitung. Dazu luden wir 2 Hospizhelferinnen der Hospizgruppe Lichtbogen aus W\u00e4chtersbach ein, die uns Einblick in ihren Arbeitsalltag gaben. In einer ruhigen und lockeren Atmosph\u00e4re konnten die Sch\u00fclerInnen all ihre Fragen zum Thema Tod und Sterben stellen. So z.B.<\/p>\n<p>Was ist Sterbebegleitung?<\/p>\n<p>Was unterscheidet Sterbebegleitung von Sterbehilfe?<\/p>\n<p>Wie sieht der Alltag eines ehrenamtlichen ambulanten Sterbebegleiters aus?<\/p>\n<p>Was bewegt viele Menschen am Ende ihres Lebens?<\/p>\n<p>Es war eine interessante Diskussion, die uns neue Sichtweisen auf das Sterben und den Umgang mit dem Tod erm\u00f6glichte. Die Ethikkurse von Herrn Schulze und Frau Scheithauer danken dem Hospizverein W\u00e4chtersbach unter der Leitung von Frau Vaeth f\u00fcr ihr Engagement.<\/p>\n<p><strong>DER ERNEUERBARE MENSCH-&nbsp;<\/strong><\/p>\n<p><strong>GRIMMELS BEIM SCH\u00dcLERSEMINAR UND SYMPOSIUM ZUR STAMMZELLENFORSCHUN<\/strong>G<\/p>\n<p>Am Samstag den 7.02.2015 fand auf dem Campus Westend der Goethe- Universit\u00e4t das gro\u00dfe \u00f6ffentliche Symposium zum Thema \u201eDer erneuerbare Mensch? Methoden, Erkenntnisse und Konsequenzen der Stammzellforschung\u201c statt.&nbsp; Zana Aykat (12.7)erhielt die M\u00f6glichkeit zusammen mit 200 anderen hessischen&nbsp; Sch\u00fclerinnen und Sch\u00fclern am 3- t\u00e4gigen Sch\u00fclerseminar teilzunehmen. Er hatte dabei die Gelegenheit die Grundlagen und Fragestellungen zu Methoden, Erkenntnissen und Konsequenzen der Stammzellforschung in Auseinandersetzung mit Wissenschaftlern kennen zu lernen. Es wurden u.a. folgende Fragen in Workshops erarbeitet:<\/p>\n<p>Heilungsaussichten und Heilsversprechen in der Stammzellforschung<\/p>\n<p>Wer zahlt und wer verdient eigentlich an der Regenerativen Medizin?<\/p>\n<p>Was ist machbar, Was ist rechtlich und ethisch erlaubt?<\/p>\n<p>Pr\u00e4implantationsdiagnostik \u2013 Hilfe f\u00fcr verzweifelte Paare oder Wegbereiter f\u00fcr perfekte Designerbabys? Zellbiologischer Jungbrunnen: Wollen wir denn ewig leben?<\/p>\n<p>Das abschlie\u00dfende \u00f6ffentliche Symposium an der Universit\u00e4t Frankfurt am Samstag besuchten unter der Leitung von Frau Scheithauer die Sch\u00fclerinnen des GK&nbsp; Ethik Laura Lindenhahn (12.3), Elisabeth (12.5) und des LK Biologie Antonia Bertram (12.8).<\/p>\n<table style=\"width: 331.767px;\">\n<tbody>\n<tr>\n<td><a href=\"https:\/\/grimmels.de\/wordpress\/wp-content\/uploads\/2016\/11\/ethik07.jpg\"><img loading=\"lazy\" decoding=\"async\" class=\"alignleft size-medium wp-image-32301\" src=\"https:\/\/grimmels.de\/wordpress\/wp-content\/uploads\/2016\/11\/ethik07-300x225.jpg\" alt=\"\" width=\"300\" height=\"225\"><\/a><\/td>\n<td><a href=\"https:\/\/grimmels.de\/wordpress\/wp-content\/uploads\/2016\/11\/ethik08.jpg\"><img loading=\"lazy\" decoding=\"async\" class=\"alignleft size-medium wp-image-32302\" src=\"https:\/\/grimmels.de\/wordpress\/wp-content\/uploads\/2016\/11\/ethik08-300x221.jpg\" alt=\"\" width=\"300\" height=\"221\"><\/a><\/td>\n<\/tr>\n<\/tbody>\n<\/table>\n<p>&nbsp;<\/p>\n<p>&nbsp;<\/p>\n","protected":false},"excerpt":{"rendered":"<p>Herzlich willkommen bei der Fachschaft Ethik &nbsp; &nbsp; WAS IST ETHIK? Die Ethik gilt als eine Teilwissenschaft der Philosophie. Der Begriff &gt;&gt;Philosophie&lt;&lt; geht auf das griechische Wort philos und sophia zur\u00fcck. Philos bedeutet &gt;&gt;liebend&lt;&lt; oder &gt;&gt;Freund&lt;&lt; und Sophia &gt;&gt;Weisheit&lt;&lt;. Philosophie hei\u00dft \u00fcbersetzt also &gt;&gt;Freund der Weisheit&lt;&lt; oder &gt;&gt;Liebe zur Weisheit&lt;&lt;. Wenn wir philosophieren, dann denken [&hellip;]<\/p>\n","protected":false},"author":1,"featured_media":0,"parent":0,"menu_order":0,"comment_status":"closed","ping_status":"closed","template":"","meta":{"advgb_blocks_editor_width":"","advgb_blocks_columns_visual_guide":"","ngg_post_thumbnail":0,"footnotes":""},"class_list":["post-30241","page","type-page","status-publish","hentry"],"coauthors":[],"author_meta":{"author_link":"https:\/\/grimmels.de\/wordpress\/author\/webmaster\/","display_name":"webmaster"},"relative_dates":{"created":"Posted 9\u00a0Jahren ago","modified":"Updated 4\u00a0Jahren ago"},"absolute_dates":{"created":"Posted on 5. November 2016","modified":"Updated on 21. November 2021"},"absolute_dates_time":{"created":"Posted on 5. November 2016 12:21","modified":"Updated on 21. November 2021 11:57"},"featured_img_caption":"","featured_img":false,"series_order":"","_links":{"self":[{"href":"https:\/\/grimmels.de\/wordpress\/wp-json\/wp\/v2\/pages\/30241","targetHints":{"allow":["GET"]}}],"collection":[{"href":"https:\/\/grimmels.de\/wordpress\/wp-json\/wp\/v2\/pages"}],"about":[{"href":"https:\/\/grimmels.de\/wordpress\/wp-json\/wp\/v2\/types\/page"}],"author":[{"embeddable":true,"href":"https:\/\/grimmels.de\/wordpress\/wp-json\/wp\/v2\/users\/1"}],"replies":[{"embeddable":true,"href":"https:\/\/grimmels.de\/wordpress\/wp-json\/wp\/v2\/comments?post=30241"}],"version-history":[{"count":10,"href":"https:\/\/grimmels.de\/wordpress\/wp-json\/wp\/v2\/pages\/30241\/revisions"}],"predecessor-version":[{"id":32295,"href":"https:\/\/grimmels.de\/wordpress\/wp-json\/wp\/v2\/pages\/30241\/revisions\/32295"}],"wp:attachment":[{"href":"https:\/\/grimmels.de\/wordpress\/wp-json\/wp\/v2\/media?parent=30241"}],"curies":[{"name":"wp","href":"https:\/\/api.w.org\/{rel}","templated":true}]}}