{"id":30246,"date":"2016-05-11T16:43:41","date_gmt":"2016-05-11T14:43:41","guid":{"rendered":"?page_id=30246"},"modified":"2020-10-22T18:22:08","modified_gmt":"2020-10-22T16:22:08","slug":"mint-freundliche-schule","status":"publish","type":"page","link":"https:\/\/grimmels.de\/wordpress\/mint-freundliche-schule\/","title":{"rendered":"MINT-freundliche Schule"},"content":{"rendered":"<p><strong>MINT-freundliche Schule <\/strong><\/p>\n<p>&nbsp;<\/p>\n<p><strong><a href=\"https:\/\/grimmels.de\/wordpress\/wp-content\/uploads\/2019\/12\/rezertimint-1.jpg\"><img fetchpriority=\"high\" decoding=\"async\" class=\"alignleft size-medium wp-image-44072\" src=\"https:\/\/grimmels.de\/wordpress\/wp-content\/uploads\/2019\/12\/rezertimint-1-215x300.jpg\" alt=\"\" width=\"215\" height=\"300\" srcset=\"https:\/\/grimmels.de\/wordpress\/wp-content\/uploads\/2019\/12\/rezertimint-1-215x300.jpg 215w, https:\/\/grimmels.de\/wordpress\/wp-content\/uploads\/2019\/12\/rezertimint-1-108x150.jpg 108w, https:\/\/grimmels.de\/wordpress\/wp-content\/uploads\/2019\/12\/rezertimint-1.jpg 734w\" sizes=\"(max-width: 215px) 100vw, 215px\" \/><\/a>Erfolgreiche Rezertifizierung<\/strong><\/p>\n<p>Bereits zum zweiten Mal wurde das Grimmelshausen-Gymnasium Gelnhausen als \u201eMINT-freundliche Schule\u201c ausgezeichnet und z\u00e4hlt damit zu den insgesamt 58 hessischen Schulen, die dieses Qualit\u00e4tssignet im Bereich der MINT-F\u00e4cher (Mathematik, Informatik, Naturwissenschaft und Technik) erlangt haben.<\/p>\n<p>Der erfolgreichen Auszeichnung geht die Planung, Durchf\u00fchrung, Evaluation und Dokumentation von vielf\u00e4ltigsten Aktivit\u00e4ten und differenzierten Angeboten im MINT-Fachbereich voraus. Das Grimmels weist durch die erlangte Rezertifizierung nach, dass es \u2013 wie gefordert- mindestens 10 von 14 Kriterien im MINT-Bereich erf\u00fcllt. Zum Kriterienkatalog z\u00e4hlt beispielsweise die Profilbildung in den mthematisch-naturwissenschaftlichen F\u00e4chern, die Teilnahme an regionalen und \u00fcberregionalen Wettbewerben, die Unterst\u00fctzung bei der Berufswahlorientierung unter Ber\u00fccksichtigung der MINT-Berufe, sowie die Kooperationen mit Hochschulen und Unternehmen, sodass die nachhaltige Weiterentwicklung des MINT-Unterrichts an Schulen verfolgt werden kann. Die Ehrung der MINT-freundlichen Schulen steht unter der Schirmherrschaft der Kultusministerkonferenz (KMK) und wird vom Verein \u201eMINT freundliche Schulen\u201c mit Sitz in Berlin koordiniert. Au\u00dferdem bilden alle \u201eMINT-freundlichen Schulen\u201c ein Netzwerk, das \u00fcberregionale Zusammenarbeit erm\u00f6glicht.<\/p>\n<p><strong>&nbsp;<\/strong><\/p>\n<p><strong><u>Bausteine im Gesamtkonzept einer \u201eMINT-freundlichen\u201c Schule<\/u><\/strong><\/p>\n<p><strong><u>&nbsp;<\/u><\/strong><\/p>\n<p><strong>MINT im GGG-Schulprogramm<\/strong><\/p>\n<p>MINT steht f\u00fcr <strong>Mathematik<\/strong>, <strong>Informatik<\/strong>, <strong>Naturwissenschaft<\/strong> und <strong>Technik<\/strong>.&nbsp; Dabei umfasst der Bereich Naturwissenschaften die F\u00e4cher Physik, Chemie und Biologie. Mit der Aufnahme des MINT-Konzeptes in das Schulprogramm soll eine verl\u00e4ssliche Basis f\u00fcr die Weiterentwicklung dieser F\u00e4cher am Grimmelshausen-Gymnasium geschaffen werden.<\/p>\n<p><strong>Verankerung im regul\u00e4ren Unterricht<\/strong><\/p>\n<p>In der Jahrgansstufe 5 wird im Pflichtbereich &#8211; halbj\u00e4hrlich im Wechsel mit \u201eMethodenkompetenz\u201c &#8211;&nbsp;\u201eInformationstechnische Grundbildung\u201c (IKG) unterrichtet. F\u00fcr die F\u00f6rderung in diesem Kompetenzbereich wird eine zus\u00e4tzliche Stunde zur Verf\u00fcgung gestellt. Die erworbenen F\u00e4higkeiten werden f\u00fcr jeden Sch\u00fcler\/jede Sch\u00fclerin in einem Portfolio dokumentiert.<\/p>\n<p>In den Klassen der Sekundarstufe I wird der Unterricht in den naturwissenschaftlichen F\u00e4chern nach HKM-Stundentafel erteilt.<\/p>\n<p>In der Sekundarstufe II wird angestrebt, in den F\u00e4chern Mathematik, Informatik, Physik, Chemie und Biologie neben den Grundkursen in jedem Schuljahr auch Leistungskurse einzurichten.<\/p>\n<p><strong>Kooperation mit au\u00dferschulischen Einrichtungen<\/strong><\/p>\n<p>Das Grimmelshausen-Gymnasium pflegt Verbindungen zu folgenden au\u00dferschulischen Einrichtungen:<\/p>\n<p>Universit\u00e4t Frankfurt, Heraeus-Platzhoff-Stiftung, Bayer Science-Camp, Klaus Tschira-Stiftung, X-Lab G\u00f6ttingen, Biolive-Lab der TU Darmstadt, Institut f\u00fcr Tumorforschungsbiologie Georg-Speyer-Haus, Senckenberg Institut Gelnhausen, BUND Hessen, u.a.<\/p>\n<p>Die Zusammenarbeit mit au\u00dferschulischen Institutionen wird weiter ausgebaut.<\/p>\n<p>Durch die M\u00f6glichkeit, sich f\u00fcr Praktika in Forschungslaboren (z.B.: Georg-Speyer Haus, FFM) zu bewerben, kann bereits fr\u00fchzeitig die Synopse zwischen Unterrichtsf\u00e4chern und aktuellen Forschungsfragen geschaffen und authentische Einblicke ins Berufsleben erm\u00f6glich werden.<\/p>\n<p><strong>MINT Schwerpunkte im Wahlunterricht<\/strong><\/p>\n<p>Ein breit angelegtes Angebot an freiwilligen Unterrichtsveranstaltungen im MINT-Bereich soll bei Sch\u00fclerinnen und Sch\u00fclern die Bereitschaft st\u00e4rken, sich intensiv und nachhaltig mit technisch-naturwissenschaftlichen Themen auseinanderzusetzen. Somit soll das Vertrauen in die eigenen F\u00e4higkeiten gest\u00e4rkt werden, um auch nach dem Abitur technisch-naturwissenschaftliche Berufe zu ergreifen, bzw. ein solches Studium zu beginnen. Je nach personeller Versorgung der Schule soll das folgende aktuelle Angebot der Schule erhalten und falls m\u00f6glich noch ausgebaut werden:<\/p>\n<p>Imkerei-AG, Erfinder-Club, Chemie-AG, Umwelt-AG, Mathematik-AG, Roboter-AG, Schach-AG, Umwelt-AG, u.a.<\/p>\n<p>Die Teilnahme an Wettbewerben ist ausdr\u00fccklich erw\u00fcnscht und wird von den MINT-Verantwortlichen koordiniert.<\/p>\n<p><strong>Medieneinsatz in den MINT-F\u00e4chern <\/strong><\/p>\n<p><strong>Neue Medien sind relevante Werkzeuge f\u00fcr den naturwissenschaftlichen Unterricht und bieten vielf\u00e4ltigste M\u00f6glichkeiten, um innovative Unterrichtsideen umsetzen zu k\u00f6nnen. Erkl\u00e4rvideos, digitale Messwerterfassung, Stopp-Motion Videos, Simulationen sowie die Nutzung von Bestimmungsapps sind einige Beispiele, die Fachkonzepte der Sekundarstufe I und II vermitteln und anwenden lassen.&nbsp; <\/strong><\/p>\n<p><strong>Das Konzept der iPad-Klassen beinhaltet auch den Biologieunterricht ab der Jahrgangsstufe 5. Als digitales Lehrwerk wird das Buch Markl-Biologie eingesetzt.&nbsp;<\/strong><\/p>\n<p><strong><br \/>\nF\u00f6rderung von M\u00e4dchen im MINT-Bereich<\/strong><\/p>\n<p>Die Schule sieht noch Nachholbedarf, Sch\u00fclerinnen explizit f\u00fcr naturwissenschaftliche F\u00e4cher zu begeistern. Durch gezielte Aktionen mit au\u00dferschulischen Partnern, wie zum Beispiel die \u201eGirls Day Akademie\u201c sollen diesbez\u00fcglich geeignete Akzente gesetzt werden.<\/p>\n<p><strong>Weiterbildung im MINT-Bereich<\/strong><\/p>\n<p>Im MINT-Jahresplan werden die Fortbildungsveranstaltungen f\u00fcr Kolleginnen und Kollegen mit aufgenommen.<\/p>\n<p>Durch den Medienbeauftragen der Schule finden j\u00e4hrlich Weiterbildungsma\u00dfnahmen zum Umgang mit \u201eneuen Medien\u201c statt.<\/p>\n","protected":false},"excerpt":{"rendered":"<p>MINT-freundliche Schule &nbsp; Erfolgreiche Rezertifizierung Bereits zum zweiten Mal wurde das Grimmelshausen-Gymnasium Gelnhausen als \u201eMINT-freundliche Schule\u201c ausgezeichnet und z\u00e4hlt damit zu den insgesamt 58 hessischen Schulen, die dieses Qualit\u00e4tssignet im Bereich der MINT-F\u00e4cher (Mathematik, Informatik, Naturwissenschaft und Technik) erlangt haben. Der erfolgreichen Auszeichnung geht die Planung, Durchf\u00fchrung, Evaluation und Dokumentation von vielf\u00e4ltigsten Aktivit\u00e4ten und differenzierten [&hellip;]<\/p>\n","protected":false},"author":1,"featured_media":0,"parent":0,"menu_order":0,"comment_status":"closed","ping_status":"closed","template":"","meta":{"advgb_blocks_editor_width":"","advgb_blocks_columns_visual_guide":"","ngg_post_thumbnail":0,"footnotes":""},"class_list":["post-30246","page","type-page","status-publish","hentry"],"coauthors":[],"author_meta":{"author_link":"https:\/\/grimmels.de\/wordpress\/author\/webmaster\/","display_name":"webmaster"},"relative_dates":{"created":"Posted 10\u00a0Jahren ago","modified":"Updated 5\u00a0Jahren ago"},"absolute_dates":{"created":"Posted on 11. Mai 2016","modified":"Updated on 22. Oktober 2020"},"absolute_dates_time":{"created":"Posted on 11. Mai 2016 16:43","modified":"Updated on 22. Oktober 2020 18:22"},"featured_img_caption":"","featured_img":false,"series_order":"","_links":{"self":[{"href":"https:\/\/grimmels.de\/wordpress\/wp-json\/wp\/v2\/pages\/30246","targetHints":{"allow":["GET"]}}],"collection":[{"href":"https:\/\/grimmels.de\/wordpress\/wp-json\/wp\/v2\/pages"}],"about":[{"href":"https:\/\/grimmels.de\/wordpress\/wp-json\/wp\/v2\/types\/page"}],"author":[{"embeddable":true,"href":"https:\/\/grimmels.de\/wordpress\/wp-json\/wp\/v2\/users\/1"}],"replies":[{"embeddable":true,"href":"https:\/\/grimmels.de\/wordpress\/wp-json\/wp\/v2\/comments?post=30246"}],"version-history":[{"count":3,"href":"https:\/\/grimmels.de\/wordpress\/wp-json\/wp\/v2\/pages\/30246\/revisions"}],"predecessor-version":[{"id":45283,"href":"https:\/\/grimmels.de\/wordpress\/wp-json\/wp\/v2\/pages\/30246\/revisions\/45283"}],"wp:attachment":[{"href":"https:\/\/grimmels.de\/wordpress\/wp-json\/wp\/v2\/media?parent=30246"}],"curies":[{"name":"wp","href":"https:\/\/api.w.org\/{rel}","templated":true}]}}