{"id":30250,"date":"2016-05-11T16:55:10","date_gmt":"2016-05-11T14:55:10","guid":{"rendered":"?page_id=30250"},"modified":"2022-10-07T18:03:33","modified_gmt":"2022-10-07T16:03:33","slug":"rechtskunde","status":"publish","type":"page","link":"https:\/\/grimmels.de\/wordpress\/rechtskunde\/","title":{"rendered":"Rechtskunde"},"content":{"rendered":"<p>Das Grimmelshausen Gymnasium geh\u00f6rt zu den wenigen Schulen in Hessen, an denen es m\u00f6glich ist, eine m\u00fcndliche Abiturpr\u00fcfung im Fach Rechtskunde abzulegen. Es ist dem Fachbereich 2, den Gesellschaftswissenschaften zuzuordnen und stellt dabei deutliche Bez\u00fcge zu den F\u00e4chern Politik und Wirtschaft, Geschichte, als auch Ethik her.<\/p>\n<p>Das Fach Rechtskunde wird seit Jahren von den Sch\u00fcler*innen gut angenommen. Der Unterricht wird gleicherma\u00dfen von Lehrer*innen wie Richter*innen gehalten, um viele konkrete Einblicke in die Praxis der Rechtsprechung zu gewinnen, die einen hohen Praxisbezug sichern.<\/p>\n<p>Dementsprechend liegt die Zielsetzung des Faches auch in der Berufsorientierung im Hinblick auf Studium und Ausbildung (z.B. Verwaltung). Besuche von Verhandlungen und juristischen Fachbereichen von Universit\u00e4ten sollen einen entsprechenden Einblick in das Berufsfeld von Juristen*innen bieten.<br \/>\nVoraussetzung f\u00fcr die Wahl von Rechtskunde als m\u00fcndliches Pr\u00fcfungsfach ist der Einstieg in das Fach Rechtskunde im Wahlunterrichtsbereich der Jahrgangsstufe E und dessen Belegung und Einbringung \u00fcber die vier Halbjahre in der Q-Phase bis zum Abitur.<\/p>\n<p>In der E-Phase f\u00fchrt das Fach in die verschiedenen Grundfragen und Strukturen, sowie Arbeitstechniken und Gebiete des Rechts ein. Dabei werden insbesondere zivilrechtliche als auch strafrechtliche Grundfragen, als auch rechtsphilosophische Aspekte besprochen.<br \/>\nDiese Grundfragen werden dann in den weiteren Halbjahren der Qualifikationsphase fachlich weiter vertieft und erweitert.<\/p>\n<p>Oliver Schulze<\/p>\n","protected":false},"excerpt":{"rendered":"<p>Das Grimmelshausen Gymnasium geh\u00f6rt zu den wenigen Schulen in Hessen, an denen es m\u00f6glich ist, eine m\u00fcndliche Abiturpr\u00fcfung im Fach Rechtskunde abzulegen. Es ist dem Fachbereich 2, den Gesellschaftswissenschaften zuzuordnen und stellt dabei deutliche Bez\u00fcge zu den F\u00e4chern Politik und Wirtschaft, Geschichte, als auch Ethik her. Das Fach Rechtskunde wird seit Jahren von den Sch\u00fcler*innen [&hellip;]<\/p>\n","protected":false},"author":1,"featured_media":0,"parent":0,"menu_order":0,"comment_status":"closed","ping_status":"closed","template":"","meta":{"advgb_blocks_editor_width":"","advgb_blocks_columns_visual_guide":"","ngg_post_thumbnail":0,"footnotes":""},"class_list":["post-30250","page","type-page","status-publish","hentry"],"coauthors":[],"author_meta":{"author_link":"https:\/\/grimmels.de\/wordpress\/author\/webmaster\/","display_name":"webmaster"},"relative_dates":{"created":"Posted 10\u00a0Jahren ago","modified":"Updated 4\u00a0Jahren ago"},"absolute_dates":{"created":"Posted on 11. Mai 2016","modified":"Updated on 7. Oktober 2022"},"absolute_dates_time":{"created":"Posted on 11. Mai 2016 16:55","modified":"Updated on 7. Oktober 2022 18:03"},"featured_img_caption":"","featured_img":false,"series_order":"","_links":{"self":[{"href":"https:\/\/grimmels.de\/wordpress\/wp-json\/wp\/v2\/pages\/30250","targetHints":{"allow":["GET"]}}],"collection":[{"href":"https:\/\/grimmels.de\/wordpress\/wp-json\/wp\/v2\/pages"}],"about":[{"href":"https:\/\/grimmels.de\/wordpress\/wp-json\/wp\/v2\/types\/page"}],"author":[{"embeddable":true,"href":"https:\/\/grimmels.de\/wordpress\/wp-json\/wp\/v2\/users\/1"}],"replies":[{"embeddable":true,"href":"https:\/\/grimmels.de\/wordpress\/wp-json\/wp\/v2\/comments?post=30250"}],"version-history":[{"count":1,"href":"https:\/\/grimmels.de\/wordpress\/wp-json\/wp\/v2\/pages\/30250\/revisions"}],"predecessor-version":[{"id":53120,"href":"https:\/\/grimmels.de\/wordpress\/wp-json\/wp\/v2\/pages\/30250\/revisions\/53120"}],"wp:attachment":[{"href":"https:\/\/grimmels.de\/wordpress\/wp-json\/wp\/v2\/media?parent=30250"}],"curies":[{"name":"wp","href":"https:\/\/api.w.org\/{rel}","templated":true}]}}