{"id":31794,"date":"2016-09-10T19:41:10","date_gmt":"2016-09-10T17:41:10","guid":{"rendered":"http:\/\/grimmels.de.w014d30d.kasserver.com\/wordpress\/?page_id=31794"},"modified":"2020-10-19T15:55:07","modified_gmt":"2020-10-19T13:55:07","slug":"geschichte","status":"publish","type":"page","link":"https:\/\/grimmels.de\/wordpress\/geschichte\/","title":{"rendered":"Geschichte"},"content":{"rendered":"<p><strong>Einf\u00fchrung<\/strong><br \/>\n<em>Wenn man die Geschichte nicht kennt, bleibt man auf ewig ein Kind, das nie erwachsen wird! Die Geschichte erleuchtet den Verstand, edelt das Herz, spornt den Willen an und lenkt ihn auf h\u00f6chste Ziele.<br \/>\n<\/em><span style=\"color: #808080;\">Marcus Tullius Cicero (106-43 v.Chr.), r\u00f6mischer Redner und Staatsmann<\/span><\/p>\n<p>Innerhalb des am Grimmelshausen-Gymnasium gelehrten F\u00e4cherkanons nimmt das Fach Geschichte einen besonderen Status ein, denn es ist neben dem Religionsunterricht das einzige Fach, welches in der Verfassung des Landes Hessen nicht nur genannt, sondern in Bezug auf Inhalte konkretisiert wird:<br \/>\nDer Geschichtsunterricht muss auf getreue, unverf\u00e4lschte Darstellung der Vergangenheit gerichtet sein. Dabei sind in den Vordergrund zu stellen die gro\u00dfen Wohlt\u00e4ter der Menschheit, die Entwicklung von Staat, Wirtschaft, Zivilisation und Kultur, nicht aber Feldherren, Kriege und Schlachten. Nicht zu dulden sind Auffassungen, welche die Grundlagen des demokratischen Staates gef\u00e4hrden. Art. 56 (5) Verfassung des Landes Hessen<\/p>\n<p>Um diesem Auftrag gerecht zu werden, nimmt das Fach Geschichte innerhalb des Projekts \u201ePolitischer Herbst\u201c am Grimmelshausen-Gymnasium, das auf die F\u00f6rderung des Demokratiegedankens ausgerichtet ist, eine zentrale Rolle ein, denn es erm\u00f6glicht den<br \/>\nSch\u00fclerinnen und Sch\u00fclern den Erwerb fundierter Kenntnisse der j\u00fcngeren deutschen Geschichte. Im Fokus stehen dabei die Weimarer Republik, der Nationalsozialismus, die DDR und Erfahrungen aus \u00fcber 70 Jahren gelebter Demokratie in der Bundesrepublik und damit die Vermittlung von Kenntnissen des Grundgesetzes, des demokratischen Systems, der Institutionen und Partizipationsm\u00f6glichkeiten und vor allem der Entwicklung von F\u00e4higkeiten zur Analyse und Beurteilung diktatorischer Systeme und der ihnen zugrunde liegenden Ideologien.<br \/>\nDer 100. Jahrestag der Konstituierung der Weimarer Republik und der Annahme der ersten praktizierten demokratischen Verfassung auf deutschem Boden, der 70. Jahrestag des Grundgesetzes und der 30. Jahrestag der friedlichen Revolution in der DDR im Jahr waren Anl\u00e4sse, die herausragende Bedeutung der Erziehung zur Demokratie als Aufgabe schulischer Arbeit hervorzuheben und demokratisches Engagement im Rahmen schulischer Aktivit\u00e4ten zu w\u00fcrdigen. Hierbei zeichneten sich vor allem die Grund- und Leistungskurse des Faches Geschichte aus, die im Rahmen eines Projektunterrichtes Pr\u00e4sentationen erstellten und anderen Lerngruppen zug\u00e4nglich machten. Auch im Schuljahr 2020\/21 sind verschiedene Veranstaltungen im Rahmen des Projekts \u201ePolitischer Herbst 2.0\u201c geplant, bei denen das Fach Geschichte eine herausragende Rolle spielt (s. \u201ePolitischer Herbst 2.0&#8243;).<\/p>\n<p><strong>Ausstattung des Faches<\/strong><\/p>\n<p>Das Fach Geschichte verf\u00fcgt \u00fcber eine umfangreiche Sammlung methodischer Hilfsmittel, und zwar u.a. Wandkarten, Folien und DVDs zu den unterschiedlichsten Epochen. Zur Recherche wird bei Bedarf der Unterricht in einen der Computerr\u00e4ume verlegt.<\/p>\n<p><strong>Leistungskurs<\/strong><br \/>\nBisher war es stets m\u00f6glich, in jedem Abiturjahrgang mindestens einen Leistungskurs anzubieten.<\/p>\n<p><strong>Wettbewerbe<\/strong><br \/>\n\u2022&nbsp;&nbsp; &nbsp;K\u00f6rber-Stiftung \/ Geschichtswettbewerb des Bundespr\u00e4sidenten (Klasse 8 \u2013 Q4)<\/p>\n<p><strong>Vergleichsarbeiten<\/strong><\/p>\n<p>Vergleichsarbeiten werden in der Q-Phase geschrieben.<\/p>\n<p><strong>Fahrtenkonzept<\/strong><br \/>\n\u2022&nbsp;&nbsp; &nbsp;Exkursion zur Saalburg (Klasse 7)<br \/>\n\u2022&nbsp;&nbsp; &nbsp;Exkursion Stadt Gelnhausen (Klasse 7 \/ E-Phase)<br \/>\n\u2022&nbsp;&nbsp; &nbsp;zwei- bis dreit\u00e4gige Fahrt nach Weimar (E-Phase)<br \/>\n\u2022&nbsp;&nbsp; &nbsp;einw\u00f6chige Studienfahrt (Q 2)<br \/>\n\u2022&nbsp;&nbsp; &nbsp;Exkursion ins Haus der Geschichte in Bonn oder nach Point Alpha (Q 4)<\/p>\n<p><strong>Stundentafel und Anzahl der Arbeiten<\/strong><\/p>\n<table style=\"width: 90%;\" cellpadding=\"5\" border=\"1\">\n<tbody>\n<tr>\n<td>Klasse<\/td>\n<td width=\"40\">5<\/td>\n<td width=\"40\">6<\/td>\n<td width=\"40\">7<\/td>\n<td width=\"40\">8<\/td>\n<td width=\"40\">9<\/td>\n<td width=\"40\">10<\/td>\n<td width=\"40\">E<\/td>\n<td>Q1-2 GK\/LK<\/td>\n<td>Q3-4 GK\/LK<\/td>\n<\/tr>\n<tr>\n<td>Stundenzahl<\/td>\n<td>2<\/td>\n<td>&nbsp;<\/td>\n<td>2<\/td>\n<td>2<\/td>\n<td>&nbsp;<\/td>\n<td>2<\/td>\n<td>2<\/td>\n<td>3\/5<\/td>\n<td>3\/5<\/td>\n<\/tr>\n<tr>\n<td>Anzahl der schriftl. Lernkontrollen\/Klausuren<\/td>\n<td>2<\/td>\n<td>&nbsp;<\/td>\n<td>2<\/td>\n<td>2<\/td>\n<td>&nbsp;<\/td>\n<td>2<\/td>\n<td>2<\/td>\n<td>4<\/td>\n<td>3<\/td>\n<\/tr>\n<\/tbody>\n<\/table>\n<p>&nbsp;<\/p>\n","protected":false},"excerpt":{"rendered":"<p>Einf\u00fchrung Wenn man die Geschichte nicht kennt, bleibt man auf ewig ein Kind, das nie erwachsen wird! Die Geschichte erleuchtet den Verstand, edelt das Herz, spornt den Willen an und lenkt ihn auf h\u00f6chste Ziele. Marcus Tullius Cicero (106-43 v.Chr.), r\u00f6mischer Redner und Staatsmann Innerhalb des am Grimmelshausen-Gymnasium gelehrten F\u00e4cherkanons nimmt das Fach Geschichte einen [&hellip;]<\/p>\n","protected":false},"author":1,"featured_media":0,"parent":0,"menu_order":0,"comment_status":"closed","ping_status":"closed","template":"","meta":{"advgb_blocks_editor_width":"","advgb_blocks_columns_visual_guide":"","ngg_post_thumbnail":0,"footnotes":""},"class_list":["post-31794","page","type-page","status-publish","hentry"],"coauthors":[],"author_meta":{"author_link":"https:\/\/grimmels.de\/wordpress\/author\/webmaster\/","display_name":"webmaster"},"relative_dates":{"created":"Posted 10\u00a0Jahren ago","modified":"Updated 5\u00a0Jahren ago"},"absolute_dates":{"created":"Posted on 10. September 2016","modified":"Updated on 19. Oktober 2020"},"absolute_dates_time":{"created":"Posted on 10. September 2016 19:41","modified":"Updated on 19. Oktober 2020 15:55"},"featured_img_caption":"","featured_img":false,"series_order":"","_links":{"self":[{"href":"https:\/\/grimmels.de\/wordpress\/wp-json\/wp\/v2\/pages\/31794","targetHints":{"allow":["GET"]}}],"collection":[{"href":"https:\/\/grimmels.de\/wordpress\/wp-json\/wp\/v2\/pages"}],"about":[{"href":"https:\/\/grimmels.de\/wordpress\/wp-json\/wp\/v2\/types\/page"}],"author":[{"embeddable":true,"href":"https:\/\/grimmels.de\/wordpress\/wp-json\/wp\/v2\/users\/1"}],"replies":[{"embeddable":true,"href":"https:\/\/grimmels.de\/wordpress\/wp-json\/wp\/v2\/comments?post=31794"}],"version-history":[{"count":4,"href":"https:\/\/grimmels.de\/wordpress\/wp-json\/wp\/v2\/pages\/31794\/revisions"}],"predecessor-version":[{"id":45272,"href":"https:\/\/grimmels.de\/wordpress\/wp-json\/wp\/v2\/pages\/31794\/revisions\/45272"}],"wp:attachment":[{"href":"https:\/\/grimmels.de\/wordpress\/wp-json\/wp\/v2\/media?parent=31794"}],"curies":[{"name":"wp","href":"https:\/\/api.w.org\/{rel}","templated":true}]}}