{"id":31809,"date":"2016-09-10T19:58:41","date_gmt":"2016-09-10T17:58:41","guid":{"rendered":"http:\/\/grimmels.de.w014d30d.kasserver.com\/wordpress\/?page_id=31809"},"modified":"2016-09-10T19:58:41","modified_gmt":"2016-09-10T17:58:41","slug":"religion-kath","status":"publish","type":"page","link":"https:\/\/grimmels.de\/wordpress\/religion-kath\/","title":{"rendered":"Religion (kath.)"},"content":{"rendered":"<p><strong>\u201eVern\u00fcnftig glauben\u201c<\/strong><br \/>\n<em>Fachschaft katholische Religion am GGG<br \/>\n<\/em><br \/>\nPasst das Adjektiv \u201evern\u00fcnftig&#8220; eigentlich zum Verb \u201eglauben&#8220;? Schlie\u00dft das eine nicht das andere aus? Was sind Grundpfeiler unseres Glaubens? Was bedeuten Zeichen und Riten unseres katholischen Konfession? Wie und was glauben Menschen anderer Religionen? Wie k\u00f6nnen wir in gegenseitiger Achtung friedlich miteinander leben? Welche Rolle spielen Ethik und Moral? Was hat es mit der Bibel und ihren Texten auf sich? Wie steht es um die letzten Dinge im Leben? Was ist mit Sterben, Tod und Auferstehung? Wo komme ich her? Wo gehe ich hin? Wo ist mein Platz? Und wie sieht der richtige Weg aus?<br \/>\nMit diesen und weiteren Fragen befasst sich der katholische Religionsunterricht. Er will bei der Suche nach Antworten auf die Fragen begleiten. Dies geschieht in vielf\u00e4ltiger Weise: Individuell oder als Gruppe, fragend oder diskutierend, recherchierend oder pr\u00e4sentierend, sachlich oder kreativ, vor Ort oder unterwegs \u2013 hier geht es auf jeden Fall um die Auseinandersetzung mit dem, was uns unbedingt angeht.<br \/>\nDabei kann der katholische Religionsunterricht auf eine zweitausend Jahre alte Tradition des Christentums zur\u00fcckgreifen. Diese muss aber immer wieder neu gelesen und f\u00fcr die heutige Zeit entschl\u00fcsselt werden. Bei diesem (Wieder)Finden und (\u00dcber)Pr\u00fcfen der christlichen Botschaft will der katholische Religionsunterricht Begleiter der Sch\u00fclerinnen und Sch\u00fcler sein.\u00a0 F\u00fcr viele Themen bieten sich Ausfl\u00fcge zu au\u00dferschulischen Lernorten an. So besuchen katholische Religionsgruppen immer wieder die Kirchen oder die Moschee in Gelnhausen, das j\u00fcdische Museum in Frankfurt oder die dortige Westendsynagoge. Auch das Theologische Seminar in Marburg oder unsere Bistumsstadt Fulda mit dem Dom und der bisch\u00f6flichen Verwaltung sind neben anderen solche Ziele. Begegnungen mit Menschen sind pr\u00e4gend und daher f\u00fcr den katholischen Religionsunterricht sehr wichtig. Der katholische Religionsunterricht am Grimmels m\u00f6chte Begegnungen und Gespr\u00e4che erm\u00f6glichen. Daher sind Treffen mit Ordensleuten, dem Bischof, Priestern, dem\u00a0 Hospitzdienst, Organspendern, Hilfsorganisationen uvm. wichtige Elemente im katholischen Religionsunterricht. Religion muss immer auch erfahren und gelebt werden. Hierzu gibt die Zusammenarbeit mit der Schulseelsorge im Projekt \u201eAnsprechbar\u201c am Grimmels gute Gelegenheit. Im Advent und in der Fastenzeit werden morgendliche Andachten zum meditativen Tageseinstieg angeboten. Bei bestimmten Anl\u00e4ssen werden Schulgottesdienste f\u00fcr die ganze Schulgemeinde gestaltet (Schulanfang, Weihnachten, Aschermittwoch, Allerheiligen). Der Meditatiosraum unserer Schule bietet gerade f\u00fcr den Religionsunterricht die M\u00f6glichkeit, andere Unterrichtformen, wie z. B. szenisches Spiel oder Formen um eine gestaltete Mitte zu w\u00e4hlen und verschiedene Formen von Meditation und Gebet kennen zu lernen. Am Grimmels wird katholische Religion als Lehrfach von Klasse 5 bis zur Jahrgangstufe Q4 zweist\u00fcndig unterrichtet. Katholische Religion kann als Pr\u00fcfungsfach im Abitur gew\u00e4hlt werden und (bei gen\u00fcgender Anzahl) auch als Leistungskurs eingerichtet werden.<\/p>\nngg_shortcode_0_placeholder\n","protected":false},"excerpt":{"rendered":"<p>\u201eVern\u00fcnftig glauben\u201c Fachschaft katholische Religion am GGG Passt das Adjektiv \u201evern\u00fcnftig&#8220; eigentlich zum Verb \u201eglauben&#8220;? Schlie\u00dft das eine nicht das andere aus? Was sind Grundpfeiler unseres Glaubens? Was bedeuten Zeichen und Riten unseres katholischen Konfession? Wie und was glauben Menschen anderer Religionen? Wie k\u00f6nnen wir in gegenseitiger Achtung friedlich miteinander leben? Welche Rolle spielen Ethik [&hellip;]<\/p>\n","protected":false},"author":1,"featured_media":0,"parent":0,"menu_order":0,"comment_status":"closed","ping_status":"closed","template":"","meta":{"advgb_blocks_editor_width":"","advgb_blocks_columns_visual_guide":"","ngg_post_thumbnail":0,"footnotes":""},"class_list":["post-31809","page","type-page","status-publish","hentry"],"coauthors":[],"author_meta":{"author_link":"https:\/\/grimmels.de\/wordpress\/author\/webmaster\/","display_name":"webmaster"},"relative_dates":{"created":"Posted 10\u00a0Jahren ago","modified":"Updated 10\u00a0Jahren ago"},"absolute_dates":{"created":"Posted on 10. September 2016","modified":"Updated on 10. September 2016"},"absolute_dates_time":{"created":"Posted on 10. September 2016 19:58","modified":"Updated on 10. September 2016 19:58"},"featured_img_caption":"","featured_img":false,"series_order":"","_links":{"self":[{"href":"https:\/\/grimmels.de\/wordpress\/wp-json\/wp\/v2\/pages\/31809","targetHints":{"allow":["GET"]}}],"collection":[{"href":"https:\/\/grimmels.de\/wordpress\/wp-json\/wp\/v2\/pages"}],"about":[{"href":"https:\/\/grimmels.de\/wordpress\/wp-json\/wp\/v2\/types\/page"}],"author":[{"embeddable":true,"href":"https:\/\/grimmels.de\/wordpress\/wp-json\/wp\/v2\/users\/1"}],"replies":[{"embeddable":true,"href":"https:\/\/grimmels.de\/wordpress\/wp-json\/wp\/v2\/comments?post=31809"}],"version-history":[{"count":1,"href":"https:\/\/grimmels.de\/wordpress\/wp-json\/wp\/v2\/pages\/31809\/revisions"}],"predecessor-version":[{"id":31850,"href":"https:\/\/grimmels.de\/wordpress\/wp-json\/wp\/v2\/pages\/31809\/revisions\/31850"}],"wp:attachment":[{"href":"https:\/\/grimmels.de\/wordpress\/wp-json\/wp\/v2\/media?parent=31809"}],"curies":[{"name":"wp","href":"https:\/\/api.w.org\/{rel}","templated":true}]}}