{"id":32027,"date":"2016-09-17T10:35:00","date_gmt":"2016-09-17T08:35:00","guid":{"rendered":"http:\/\/grimmels.de.w014d30d.kasserver.com\/wordpress\/?page_id=32027"},"modified":"2024-11-14T14:40:08","modified_gmt":"2024-11-14T13:40:08","slug":"schulprofil","status":"publish","type":"page","link":"https:\/\/grimmels.de\/wordpress\/schulprofil\/","title":{"rendered":"Schulprofil"},"content":{"rendered":"\t\t<div data-elementor-type=\"wp-page\" data-elementor-id=\"32027\" class=\"elementor elementor-32027\" data-elementor-post-type=\"page\">\n\t\t\t\t<div class=\"elementor-element elementor-element-5861f8a e-flex e-con-boxed e-con e-parent\" data-id=\"5861f8a\" data-element_type=\"container\">\n\t\t\t\t\t<div class=\"e-con-inner\">\n\t\t\t\t<div class=\"elementor-element elementor-element-8e62b69 elementor-widget elementor-widget-heading\" data-id=\"8e62b69\" data-element_type=\"widget\" data-widget_type=\"heading.default\">\n\t\t\t\t<div class=\"elementor-widget-container\">\n\t\t\t\t\t<h2 class=\"elementor-heading-title elementor-size-default\">Schulprofil<\/h2>\t\t\t\t<\/div>\n\t\t\t\t<\/div>\n\t\t\t\t\t<\/div>\n\t\t\t\t<\/div>\n\t\t<div class=\"elementor-element elementor-element-15e3ded e-flex e-con-boxed e-con e-parent\" data-id=\"15e3ded\" data-element_type=\"container\">\n\t\t\t\t\t<div class=\"e-con-inner\">\n\t\t\t\t<div class=\"elementor-element elementor-element-0e7c631 elementor-widget__width-initial elementor-widget elementor-widget-image\" data-id=\"0e7c631\" data-element_type=\"widget\" data-widget_type=\"image.default\">\n\t\t\t\t<div class=\"elementor-widget-container\">\n\t\t\t\t\t\t\t\t\t\t\t\t\t\t\t<img fetchpriority=\"high\" decoding=\"async\" width=\"577\" height=\"444\" src=\"https:\/\/grimmels.de\/wordpress\/wp-content\/uploads\/2024\/10\/grimmels_logo_applegrey.png\" class=\"attachment-large size-large wp-image-59259\" alt=\"\" srcset=\"https:\/\/grimmels.de\/wordpress\/wp-content\/uploads\/2024\/10\/grimmels_logo_applegrey.png 577w, https:\/\/grimmels.de\/wordpress\/wp-content\/uploads\/2024\/10\/grimmels_logo_applegrey-300x231.png 300w, https:\/\/grimmels.de\/wordpress\/wp-content\/uploads\/2024\/10\/grimmels_logo_applegrey-150x115.png 150w\" sizes=\"(max-width: 577px) 100vw, 577px\" \/>\t\t\t\t\t\t\t\t\t\t\t\t\t\t\t<\/div>\n\t\t\t\t<\/div>\n\t\t\t\t\t<\/div>\n\t\t\t\t<\/div>\n\t\t<div class=\"elementor-element elementor-element-a54ac43 e-flex e-con-boxed e-con e-parent\" data-id=\"a54ac43\" data-element_type=\"container\">\n\t\t\t\t\t<div class=\"e-con-inner\">\n\t\t\t\t<div class=\"elementor-element elementor-element-4420922 elementor-widget elementor-widget-heading\" data-id=\"4420922\" data-element_type=\"widget\" data-widget_type=\"heading.default\">\n\t\t\t\t<div class=\"elementor-widget-container\">\n\t\t\t\t\t<h2 class=\"elementor-heading-title elementor-size-default\">BILDUNG DURCH VIELFALT<\/h2>\t\t\t\t<\/div>\n\t\t\t\t<\/div>\n\t\t\t\t<div class=\"elementor-element elementor-element-5a495ad elementor-widget elementor-widget-text-editor\" data-id=\"5a495ad\" data-element_type=\"widget\" data-widget_type=\"text-editor.default\">\n\t\t\t\t<div class=\"elementor-widget-container\">\n\t\t\t\t\t\t\t\t\t<ul><li><a href=\"#01\">Das GGG &#8211; eine ganzt\u00e4gig arbeitende Schule:<br \/>Wahlunterricht\/AG-Angebot, P\u00e4dagogische Mittagsbetreuung, F\u00f6rderunterricht<\/a><\/li><li><a href=\"#02\">St\u00e4rkung sozialer Kompetenzen<\/a><\/li><li><a href=\"#03\">Medien- und Methodenkompetenz<\/a><\/li><li><a href=\"#04\">Vorbereitung auf Studium und Beruf<\/a><\/li><li><a href=\"#05\">Nationale und internationale Begegnungen<\/a><\/li><li><a href=\"#06\">Kulturelle Praxis<\/a><\/li><li><a href=\"#07\">Schule &amp; Gesundheit<\/a><\/li><li><a href=\"#08\">Wettbewerbe<\/a><\/li><li><a href=\"#09\">MINT-freundliche Schule<\/a><\/li><li><a href=\"#10\">Umweltschule GGG<\/a><\/li><li><a href=\"#11\">Rechtserziehung<\/a><\/li><li><a href=\"#12\">Gelebte Schulgemeinschaft &#8211; Engagement von Eltern \/ Schulelternbeirat (SEB) und Sch\u00fclern \/ Sch\u00fclervertretung (SV)<\/a><\/li><\/ul>\t\t\t\t\t\t\t\t<\/div>\n\t\t\t\t<\/div>\n\t\t\t\t\t<\/div>\n\t\t\t\t<\/div>\n\t\t<div class=\"elementor-element elementor-element-e152aec e-flex e-con-boxed e-con e-parent\" data-id=\"e152aec\" data-element_type=\"container\">\n\t\t\t\t\t<div class=\"e-con-inner\">\n\t\t\t\t<div class=\"elementor-element elementor-element-2e0ea45 elementor-widget elementor-widget-heading\" data-id=\"2e0ea45\" data-element_type=\"widget\" data-widget_type=\"heading.default\">\n\t\t\t\t<div class=\"elementor-widget-container\">\n\t\t\t\t\t<h2 class=\"elementor-heading-title elementor-size-default\">DAS GRIMMELS - EINE GANZT\u00c4GIG ARBEITENDE SCHULE<\/h2>\t\t\t\t<\/div>\n\t\t\t\t<\/div>\n\t\t\t\t<div class=\"elementor-element elementor-element-0a37dc9 elementor-widget elementor-widget-text-editor\" data-id=\"0a37dc9\" data-element_type=\"widget\" data-widget_type=\"text-editor.default\">\n\t\t\t\t<div class=\"elementor-widget-container\">\n\t\t\t\t\t\t\t\t\t<p>Sehr breites Spektrum an Bildungs-, Betreuungs-, F\u00f6rder- und Freizeitangeboten:<\/p><ul><li>AG- und Wahlunterricht zur F\u00f6rderung unserer Sch\u00fclerinnen und Sch\u00fcler in ihren Neigungen und Begabungen; jahrgangsbezogene Angebote, die z.T. in den Vormittag integriert sind sowie zahlreiche jahrgangs\u00fcbergreifende Angebote, die nachmittags stattfinden<\/li><li>P\u00e4dagogische Mittagsbetreuung an vier Wochentagen (Mo-Do) f\u00fcr Sch\u00fclerinnen und Sch\u00fcler der Jahrgangsstufen 5-8 von 13.00 Uhr bis 15.15 Uhr<\/li><li>F\u00f6rderunterricht in Hauptf\u00e4chern f\u00fcr die Klassen 5 bis 10<\/li><\/ul>\t\t\t\t\t\t\t\t<\/div>\n\t\t\t\t<\/div>\n\t\t\t\t\t<\/div>\n\t\t\t\t<\/div>\n\t\t<div class=\"elementor-element elementor-element-115ddec e-flex e-con-boxed e-con e-parent\" data-id=\"115ddec\" data-element_type=\"container\">\n\t\t\t\t\t<div class=\"e-con-inner\">\n\t\t\t\t<div class=\"elementor-element elementor-element-9f42890 elementor-widget elementor-widget-heading\" data-id=\"9f42890\" data-element_type=\"widget\" data-widget_type=\"heading.default\">\n\t\t\t\t<div class=\"elementor-widget-container\">\n\t\t\t\t\t<h2 class=\"elementor-heading-title elementor-size-default\">ST\u00c4RKUNG SOZIALER KOMPETENZEN<\/h2>\t\t\t\t<\/div>\n\t\t\t\t<\/div>\n\t\t\t\t<div class=\"elementor-element elementor-element-8e7e4c9 elementor-widget elementor-widget-text-editor\" data-id=\"8e7e4c9\" data-element_type=\"widget\" data-widget_type=\"text-editor.default\">\n\t\t\t\t<div class=\"elementor-widget-container\">\n\t\t\t\t\t\t\t\t\t<ul><li>Leben in der Klassengemeinschaft, Vertiefung der Klassengemeinschaft durch Klassentage, Klassenrat und gemeinsame Ausfl\u00fcge und (Austausch-)Fahrten; Klassenlehrerstunde in der Unter- und Mittelstufe, Unterst\u00fctzung in Jahrgangsstufe 5 durch Sch\u00fclermentoren<\/li><li>Engagement und Mitarbeit in der \u201eAnsprechbar\u201c, einem \u00f6kumenischen Projekt im Rahmen der Schulseelsorge in Zusammenarbeit mit der ev. Kirche durch Jugenddiakon Hartmut Winkler und Pastoralreferent Daniel Stehling<\/li><li>Ausbildung zum Sch\u00fclermediator und Mitarbeit im Mediationsteam<\/li><li>Ausbildung zum Schulsanit\u00e4ter und Mitarbeit im Schulsanit\u00e4tsteam; Durchf\u00fchrung von Projekten wie \u201eWoche der Wiederbelebung\u201c f\u00fcr die Jahrgangsstufen 9\/E; Teilnahme an schul\u00fcbergreifenden Treffen der Schulsanit\u00e4tsdienste des MKK; Zusammenarbeit mit dem DRK<\/li><li>Engagement im Sch\u00fclermentorenteam<\/li><li>Mitarbeit in der Cafehaus-AG<\/li><li>Engagement in der SV und Mitarbeit bei der Planung und Durchf\u00fchrung schulischer Projekte\/Aktionen<\/li><li>Gottesdienstgestaltung und- besuche, Schulgottesdienst, Andachten, Besuch verschiedener Gottesh\u00e4user<\/li><li>Verleihung des Schulsozialpreises im Rahmen der Abiturfeier<\/li><\/ul>\t\t\t\t\t\t\t\t<\/div>\n\t\t\t\t<\/div>\n\t\t\t\t\t<\/div>\n\t\t\t\t<\/div>\n\t\t<div class=\"elementor-element elementor-element-a6cbd1d e-flex e-con-boxed e-con e-parent\" data-id=\"a6cbd1d\" data-element_type=\"container\">\n\t\t\t\t\t<div class=\"e-con-inner\">\n\t\t\t\t<div class=\"elementor-element elementor-element-b411f45 elementor-widget elementor-widget-heading\" data-id=\"b411f45\" data-element_type=\"widget\" data-widget_type=\"heading.default\">\n\t\t\t\t<div class=\"elementor-widget-container\">\n\t\t\t\t\t<h2 class=\"elementor-heading-title elementor-size-default\">MEDIEN- &amp; METHODENKOMPETENZ<\/h2>\t\t\t\t<\/div>\n\t\t\t\t<\/div>\n\t\t\t\t<div class=\"elementor-element elementor-element-178a60e elementor-widget elementor-widget-text-editor\" data-id=\"178a60e\" data-element_type=\"widget\" data-widget_type=\"text-editor.default\">\n\t\t\t\t<div class=\"elementor-widget-container\">\n\t\t\t\t\t\t\t\t\t<ul><li>Informations- und kommunikationstechnische Grundbildung (IKG) &#8211; Medienkompetenz<\/li><li style=\"list-style: none;\">&#8211; Einf\u00fchrung in der Jahrgangsstufe 5 durch das Fach IKG<\/li><li style=\"list-style: none;\">&#8211; Fachspezifische Vertiefung in den darauffolgenden Jahrgangsstufen<\/li><li style=\"list-style: none;\">&#8211; Nutzung der Wissenschaftliche B\u00fccherei und von Grimmels-Buchland<\/li><li>Methodentraining<\/li><li style=\"list-style: none;\">&#8211; Einf\u00fchrung in der Jahrgangsstufe 5 durch das Fach Methodenkompetenz<\/li><li style=\"list-style: none;\">&#8211; Fachspezifische Vertiefung in den darauffolgenden Jahrgangsstufen<\/li><li style=\"list-style: none;\">&#8211; Durchf\u00fchrung von Trainingsbausteinen in der Jahrgangsstufe E, z.B. Pr\u00e4sentationstechniken, Zitieren und Quellenangaben bei wissenschaftlichen Arbeiten, Strukturierung des selbstst\u00e4ndigen Arbeitens als Vorbereitung auf Studium und Beruf<\/li><li>Seit dem Schuljahr 2020\/21 gibt es am Grimmelshausen-Gymnasium in den Klassenstufen 5 und 6 vier iPad-Klassen. Weitere iPad-Klassen f\u00fcr das kommende Jahr sind in Planung.<\/li><\/ul>\t\t\t\t\t\t\t\t<\/div>\n\t\t\t\t<\/div>\n\t\t\t\t\t<\/div>\n\t\t\t\t<\/div>\n\t\t<div class=\"elementor-element elementor-element-7a9fe32 e-flex e-con-boxed e-con e-parent\" data-id=\"7a9fe32\" data-element_type=\"container\">\n\t\t\t\t\t<div class=\"e-con-inner\">\n\t\t\t\t<div class=\"elementor-element elementor-element-8991c93 elementor-widget elementor-widget-heading\" data-id=\"8991c93\" data-element_type=\"widget\" data-widget_type=\"heading.default\">\n\t\t\t\t<div class=\"elementor-widget-container\">\n\t\t\t\t\t<h2 class=\"elementor-heading-title elementor-size-default\">VORBEREITUNG AUF STUDIUM &amp; BERUF<\/h2>\t\t\t\t<\/div>\n\t\t\t\t<\/div>\n\t\t\t\t<div class=\"elementor-element elementor-element-5d3cb26 elementor-widget elementor-widget-text-editor\" data-id=\"5d3cb26\" data-element_type=\"widget\" data-widget_type=\"text-editor.default\">\n\t\t\t\t<div class=\"elementor-widget-container\">\n\t\t\t\t\t\t\t\t\t<ul><li>Betriebspraktikum (Kennenlernen betrieblicher Strukturen) in Jahrgangsstufe 9, Berufspraktikum (Auseinandersetzung mit einem Berufsbild) in Jahrgangsstufe E<\/li><li>Allgemeine Studienberatung &#8211; Zusammenarbeit mit der Agentur f\u00fcr Arbeit \/ Berufeb\u00f6rse<\/li><li>Studien- und Berufsberatung durch Ehemalige<\/li><li>Bewerbertraining<\/li><li>Besuche an Universit\u00e4ten und Forschungseinrichtungen<\/li><li>Fachspezifische Lehrausfl\u00fcge<\/li><li>Erwerb von international anerkannten Sprachzertifikaten<\/li><li>Vorbereitung und Teilnahme am Wettbewerb \u201eJugend debattiert\u201c<\/li><li>Fachspezifische F\u00f6rderung der Studierf\u00e4higkeit<\/li><li>Teilnahme am F\u00f6rderprogramm \u201eJugend Aktiv\u201c<\/li><li>Teilnahme am Young Women in Public Affairs Award des ZONTA-CLUBs Hanau<\/li><\/ul>\t\t\t\t\t\t\t\t<\/div>\n\t\t\t\t<\/div>\n\t\t\t\t\t<\/div>\n\t\t\t\t<\/div>\n\t\t<div class=\"elementor-element elementor-element-9558b30 e-flex e-con-boxed e-con e-parent\" data-id=\"9558b30\" data-element_type=\"container\">\n\t\t\t\t\t<div class=\"e-con-inner\">\n\t\t\t\t<div class=\"elementor-element elementor-element-305d175 elementor-widget elementor-widget-heading\" data-id=\"305d175\" data-element_type=\"widget\" data-widget_type=\"heading.default\">\n\t\t\t\t<div class=\"elementor-widget-container\">\n\t\t\t\t\t<h2 class=\"elementor-heading-title elementor-size-default\">NATIONALE &amp; INTERNATIONALE BEGEGNUNGEN<\/h2>\t\t\t\t<\/div>\n\t\t\t\t<\/div>\n\t\t\t\t<div class=\"elementor-element elementor-element-1fb36b4 elementor-widget elementor-widget-text-editor\" data-id=\"1fb36b4\" data-element_type=\"widget\" data-widget_type=\"text-editor.default\">\n\t\t\t\t<div class=\"elementor-widget-container\">\n\t\t\t\t\t\t\t\t\t<ul><li>Klassen- und Studienfahrten ins In- und Ausland in den Jahrgangsstufen 5\/6, 8, E, Q<\/li><li>Teilnahme an internationalen Austauschfahrten \/ Kennenlernen von Sch\u00fclerinnen und Sch\u00fcler unserer Partnerschulen:<\/li><li style=\"list-style: none;\">&#8211; Clamecy \u2013 Frankreich<\/li><li style=\"list-style: none;\">&#8211; Cieszyn \u2013 Polen<\/li><li style=\"list-style: none;\">&#8211; Istra \u2013 Russland<\/li><li style=\"list-style: none;\">&#8211; Arvika \u2013 Schweden<\/li><li style=\"list-style: none;\">&#8211; Santiago de Compostela \u2013 Spanien<\/li><\/ul>\t\t\t\t\t\t\t\t<\/div>\n\t\t\t\t<\/div>\n\t\t\t\t\t<\/div>\n\t\t\t\t<\/div>\n\t\t<div class=\"elementor-element elementor-element-a6cd3af e-flex e-con-boxed e-con e-parent\" data-id=\"a6cd3af\" data-element_type=\"container\">\n\t\t\t\t\t<div class=\"e-con-inner\">\n\t\t\t\t<div class=\"elementor-element elementor-element-12d28f4 elementor-widget elementor-widget-heading\" data-id=\"12d28f4\" data-element_type=\"widget\" data-widget_type=\"heading.default\">\n\t\t\t\t<div class=\"elementor-widget-container\">\n\t\t\t\t\t<h2 class=\"elementor-heading-title elementor-size-default\">KULTURELLE PRAXIS<\/h2>\t\t\t\t<\/div>\n\t\t\t\t<\/div>\n\t\t\t\t<div class=\"elementor-element elementor-element-eaee11c elementor-widget elementor-widget-text-editor\" data-id=\"eaee11c\" data-element_type=\"widget\" data-widget_type=\"text-editor.default\">\n\t\t\t\t<div class=\"elementor-widget-container\">\n\t\t\t\t\t\t\t\t\t<ul><li>Mitwirkung in den verschiedenen Musikgruppen: Chor, Schulorchester, Fl\u00f6tenensemble, Streichorchester, Holzbl\u00e4serensemble, Schulband<\/li><li>Mitwirkung in der Theater-AG<\/li><li>Gestaltung von kulturellen Auff\u00fchrungen: Weihnachtskonzert, LK-Konzert, Sommerserenade, Konzerte der Schulband,\u2026., Theater-Abende, Vernissagen, Literaturabende<\/li><li>Theater-, Konzert-, Kino- und Museumsbesuche<\/li><li>Vorlesewettbewerbe<\/li><li>Grimmels-Buchland<\/li><li>Wissenschaftliche B\u00fccherei<\/li><\/ul>\t\t\t\t\t\t\t\t<\/div>\n\t\t\t\t<\/div>\n\t\t\t\t\t<\/div>\n\t\t\t\t<\/div>\n\t\t<div class=\"elementor-element elementor-element-2676789 e-flex e-con-boxed e-con e-parent\" data-id=\"2676789\" data-element_type=\"container\">\n\t\t\t\t\t<div class=\"e-con-inner\">\n\t\t\t\t<div class=\"elementor-element elementor-element-100e1af elementor-widget elementor-widget-heading\" data-id=\"100e1af\" data-element_type=\"widget\" data-widget_type=\"heading.default\">\n\t\t\t\t<div class=\"elementor-widget-container\">\n\t\t\t\t\t<h2 class=\"elementor-heading-title elementor-size-default\">SCHULE &amp; GESUNDHEIT<\/h2>\t\t\t\t<\/div>\n\t\t\t\t<\/div>\n\t\t\t\t<div class=\"elementor-element elementor-element-52b29fc elementor-widget elementor-widget-text-editor\" data-id=\"52b29fc\" data-element_type=\"widget\" data-widget_type=\"text-editor.default\">\n\t\t\t\t<div class=\"elementor-widget-container\">\n\t\t\t\t\t\t\t\t\t<ul><li>Angebot eines gesunden Essens (Cafeteria, Cafehaus-AG) mit vegetarischen, veganen Snacks, nach M\u00f6glichkeit Verwendung von fair gehandelten BIO-Lebensmitteln<\/li><li>Erziehung zu gesunder Ern\u00e4hrung durch das Angebot der Kochwerkstatt und der Brainfood-AG<\/li><li>Erziehung zu gesunder Lebensf\u00fchrung durch vielf\u00e4ltige Sportangebote<\/li><li>Fahrt mit sportlichem Schwerpunkt in der Jahrgangsstufe 8<\/li><li>Gesundheitstage in den Jahrgangsstufen 5-E<\/li><li style=\"list-style: none;\">Vielf\u00e4ltige (Praxis-)Module in den Bereichen:<\/li><li style=\"list-style: none;\">&#8211; Gesunde Ern\u00e4hrung<\/li><li style=\"list-style: none;\">&#8211; Bewegung<\/li><li style=\"list-style: none;\">&#8211; Pr\u00e4vention<\/li><li style=\"list-style: none;\">Angeleitet durch interne und externe Referenten verschiedener Einrichtungen (Spessartklinik, Pro Familia, AWO etc.), in kleinen Gruppen durchgef\u00fchrt<\/li><li>Thema \u201eGesundes Fr\u00fchst\u00fcck\/Trans fair-Fr\u00fchst\u00fcck\u201c in der Jahrgangsstufe 5<\/li><li>Durchf\u00fchrung der \u201eAktion Rauchzeichen\u201c in der Jahrgangsstufe 7<\/li><li>Integration gesundheitsf\u00f6rdernder Angebote in den Ganztag: \u201eGemeinsames Mittagessen\u201c und \u201eBewegte Mittagspause\u201c<\/li><li>Ausbildung zum Schulsanit\u00e4ter und Mitarbeit im Sanit\u00e4tsteam; Durchf\u00fchrung von Projekten wie die \u201eWoche der Wiederbelebung\u201c f\u00fcr die Jahrgangsstufe 9\/E; Teilnahme an schul\u00fcbergreifenden Treffen der Schulsanit\u00e4tsdienste des MKK; Zusammenarbeit mit dem DRK<\/li><\/ul>\t\t\t\t\t\t\t\t<\/div>\n\t\t\t\t<\/div>\n\t\t\t\t\t<\/div>\n\t\t\t\t<\/div>\n\t\t<div class=\"elementor-element elementor-element-bef2479 e-flex e-con-boxed e-con e-parent\" data-id=\"bef2479\" data-element_type=\"container\">\n\t\t\t\t\t<div class=\"e-con-inner\">\n\t\t\t\t<div class=\"elementor-element elementor-element-ef1bbf9 elementor-widget elementor-widget-heading\" data-id=\"ef1bbf9\" data-element_type=\"widget\" data-widget_type=\"heading.default\">\n\t\t\t\t<div class=\"elementor-widget-container\">\n\t\t\t\t\t<h2 class=\"elementor-heading-title elementor-size-default\">WETTBEWERBE<\/h2>\t\t\t\t<\/div>\n\t\t\t\t<\/div>\n\t\t\t\t<div class=\"elementor-element elementor-element-58b30ed elementor-widget elementor-widget-text-editor\" data-id=\"58b30ed\" data-element_type=\"widget\" data-widget_type=\"text-editor.default\">\n\t\t\t\t<div class=\"elementor-widget-container\">\n\t\t\t\t\t\t\t\t\t<ul><li>Vorlesewettbewerbe: Deutsch Jahrgangsstufe 6, Englisch und Spanisch (1. Fremdsprache) Jahrgangsstufe 7, Franz\u00f6sisch Jahrgangstufe 8<\/li><li>Kreativer Schreibwettbewerb Kl. 5 \u2013 Q2<\/li><li>Bundeswettbewerb Fremdsprachen<\/li><li>BIG CHALLENGE Kl. 5 \u2013 10<\/li><li>Prix des Lyc\u00e9ens Q2<\/li><li>Espanol M\u00f3vil Jahrgangstufe 7<\/li><li>Vokabelwettbewerbe &#8211; K\u00f6nig, Kaiser, Experte &#8211; in Latein in den Jahrgangstufen 6-8<\/li><li>Jugend debattiert Jahrgangsstufe 8 &#8211; Q4<\/li><li>Bester Praktikumsbericht Jahrgangsstufe 9 \/ E<\/li><li>Mathe-Olympiade<\/li><li>K\u00e4nguru-Wettbewerb<\/li><li>Mathe-Wettbewerb des Landes Hessen Jahrgangstufe 8<\/li><li>Tag der Mathematik (zfm Bensheim)<\/li><li>Mathematik-Wettbewerb Jahrgangsstufe E<\/li><li>Explore Science<\/li><li>Sch\u00fclerwettbewerb Physik<\/li><li>Jugend forscht<\/li><li>Schulschach-Wettwerbe<\/li><li>Jugend trainiert f\u00fcr Olympia in Turnen, Leichtathletik, Schwimmen, Handball, Basketball, Volleyball, Triathlon<\/li><\/ul>\t\t\t\t\t\t\t\t<\/div>\n\t\t\t\t<\/div>\n\t\t\t\t\t<\/div>\n\t\t\t\t<\/div>\n\t\t<div class=\"elementor-element elementor-element-25af369 e-flex e-con-boxed e-con e-parent\" data-id=\"25af369\" data-element_type=\"container\">\n\t\t\t\t\t<div class=\"e-con-inner\">\n\t\t\t\t<div class=\"elementor-element elementor-element-d66254e elementor-widget elementor-widget-heading\" data-id=\"d66254e\" data-element_type=\"widget\" data-widget_type=\"heading.default\">\n\t\t\t\t<div class=\"elementor-widget-container\">\n\t\t\t\t\t<h2 class=\"elementor-heading-title elementor-size-default\">MINT-FREUNDLICHE SCHULE<\/h2>\t\t\t\t<\/div>\n\t\t\t\t<\/div>\n\t\t\t\t<div class=\"elementor-element elementor-element-cefc6b8 elementor-widget elementor-widget-text-editor\" data-id=\"cefc6b8\" data-element_type=\"widget\" data-widget_type=\"text-editor.default\">\n\t\t\t\t<div class=\"elementor-widget-container\">\n\t\t\t\t\t\t\t\t\t<ul><li>Leistungskurse in allen MINT-F\u00e4chern (Mathematik, Biologie, Chemie, Physik, Informatik)<\/li><li>Praktikumsphasen in naturwissenschaftlichen Lk-F\u00e4chern<\/li><li>Regelm\u00e4\u00dfige Kontakte zu Universit\u00e4ten (Kooperationsinitiative Uni-Schulen)<\/li><li>Erfinder-Club<\/li><li>Nutzung au\u00dferschulischer Lernorte (GSI Darmstadt, x-Lab G\u00f6ttingen, Master-Class, Mathematikum Gie\u00dfen<\/li><\/ul>\t\t\t\t\t\t\t\t<\/div>\n\t\t\t\t<\/div>\n\t\t\t\t\t<\/div>\n\t\t\t\t<\/div>\n\t\t<div class=\"elementor-element elementor-element-e6f2c11 e-flex e-con-boxed e-con e-parent\" data-id=\"e6f2c11\" data-element_type=\"container\">\n\t\t\t\t\t<div class=\"e-con-inner\">\n\t\t\t\t<div class=\"elementor-element elementor-element-6b9887a elementor-widget elementor-widget-heading\" data-id=\"6b9887a\" data-element_type=\"widget\" data-widget_type=\"heading.default\">\n\t\t\t\t<div class=\"elementor-widget-container\">\n\t\t\t\t\t<h2 class=\"elementor-heading-title elementor-size-default\">UMWELTSCHULE<\/h2>\t\t\t\t<\/div>\n\t\t\t\t<\/div>\n\t\t\t\t<div class=\"elementor-element elementor-element-106c23c elementor-widget elementor-widget-text-editor\" data-id=\"106c23c\" data-element_type=\"widget\" data-widget_type=\"text-editor.default\">\n\t\t\t\t<div class=\"elementor-widget-container\">\n\t\t\t\t\t\t\t\t\t<ul class=\"noindent\"><li>Durchf\u00fchrung von Projekten verbunden mit der Zertifizierung als \u201eUmweltschule in Europa\u201c<\/li><li>Mitarbeit in der Schulgarten-AG<\/li><li>Engagement in der Imkerei-AG<\/li><li>Mitwirkung in der Plant-for-the-Planet-AG<\/li><li>Durchf\u00fchrung von unterrichtsbezogenen Projekten, z.B. Waldprojekt, Streuobstwiesen\/Mostherstellung-Projekt, Klimafr\u00fchst\u00fcck<\/li><\/ul>\t\t\t\t\t\t\t\t<\/div>\n\t\t\t\t<\/div>\n\t\t\t\t\t<\/div>\n\t\t\t\t<\/div>\n\t\t<div class=\"elementor-element elementor-element-435b8cc e-flex e-con-boxed e-con e-parent\" data-id=\"435b8cc\" data-element_type=\"container\">\n\t\t\t\t\t<div class=\"e-con-inner\">\n\t\t\t\t<div class=\"elementor-element elementor-element-8db75cf elementor-widget elementor-widget-heading\" data-id=\"8db75cf\" data-element_type=\"widget\" data-widget_type=\"heading.default\">\n\t\t\t\t<div class=\"elementor-widget-container\">\n\t\t\t\t\t<h2 class=\"elementor-heading-title elementor-size-default\">RECHTSERZIEHUNG<\/h2>\t\t\t\t<\/div>\n\t\t\t\t<\/div>\n\t\t\t\t<div class=\"elementor-element elementor-element-d2d661e elementor-widget elementor-widget-text-editor\" data-id=\"d2d661e\" data-element_type=\"widget\" data-widget_type=\"text-editor.default\">\n\t\t\t\t<div class=\"elementor-widget-container\">\n\t\t\t\t\t\t\t\t\t<ul><li>Rechtskunde als Unterrichtsangebot in der gymnasialen Oberstufe, einschlie\u00dflich der M\u00f6glichkeit der Wahl als 4.\/5. Pr\u00fcfungsfach im Abitur<\/li><li>Besuch von Gerichtsverhandlungen<\/li><\/ul>\t\t\t\t\t\t\t\t<\/div>\n\t\t\t\t<\/div>\n\t\t\t\t\t<\/div>\n\t\t\t\t<\/div>\n\t\t<div class=\"elementor-element elementor-element-469e573 e-flex e-con-boxed e-con e-parent\" data-id=\"469e573\" data-element_type=\"container\">\n\t\t\t\t\t<div class=\"e-con-inner\">\n\t\t\t\t<div class=\"elementor-element elementor-element-9677113 elementor-widget elementor-widget-heading\" data-id=\"9677113\" data-element_type=\"widget\" data-widget_type=\"heading.default\">\n\t\t\t\t<div class=\"elementor-widget-container\">\n\t\t\t\t\t<h2 class=\"elementor-heading-title elementor-size-default\">GELEBTE SCHULGEMEINSCHAFT<\/h2>\t\t\t\t<\/div>\n\t\t\t\t<\/div>\n\t\t\t\t<div class=\"elementor-element elementor-element-613331b elementor-widget elementor-widget-text-editor\" data-id=\"613331b\" data-element_type=\"widget\" data-widget_type=\"text-editor.default\">\n\t\t\t\t<div class=\"elementor-widget-container\">\n\t\t\t\t\t\t\t\t\t<ul><li>Kennenlernfest f\u00fcr die Jahrgangsstufe 5<\/li><li>Weihnachtsbasar des GGG<\/li><li>Engagement des Schulelternbeirates (SEB)<\/li><li>Engagement in der Sch\u00fclervertretung (SV) und Mitarbeit bei der Planung und Durchf\u00fchrung schulischer Projekte\/Aktionen,<\/li><li style=\"list-style: none;\">z.B. Unterstufendisco, Lange Nacht der W\u00f6lfe, Schlag den Lehrer, Sponsorenl\u00e4ufe<\/li><li>Vertretung der Interessen der Sch\u00fclerschaft durch das SV-Team und Mitgestaltung der GGG-Schulpolitik auf Sch\u00fclerseite<\/li><\/ul>\t\t\t\t\t\t\t\t<\/div>\n\t\t\t\t<\/div>\n\t\t\t\t\t<\/div>\n\t\t\t\t<\/div>\n\t\t\t\t<\/div>\n\t\t","protected":false},"excerpt":{"rendered":"<p>Schulprofil BILDUNG DURCH VIELFALT Das GGG &#8211; eine ganzt\u00e4gig arbeitende Schule:Wahlunterricht\/AG-Angebot, P\u00e4dagogische Mittagsbetreuung, F\u00f6rderunterricht St\u00e4rkung sozialer Kompetenzen Medien- und Methodenkompetenz Vorbereitung auf Studium und Beruf Nationale und internationale Begegnungen Kulturelle Praxis Schule &amp; Gesundheit Wettbewerbe MINT-freundliche Schule Umweltschule GGG Rechtserziehung Gelebte Schulgemeinschaft &#8211; Engagement von Eltern \/ Schulelternbeirat (SEB) und Sch\u00fclern \/ Sch\u00fclervertretung (SV) DAS [&hellip;]<\/p>\n","protected":false},"author":1,"featured_media":0,"parent":0,"menu_order":0,"comment_status":"closed","ping_status":"closed","template":"","meta":{"advgb_blocks_editor_width":"","advgb_blocks_columns_visual_guide":"","ngg_post_thumbnail":0,"footnotes":""},"class_list":["post-32027","page","type-page","status-publish","hentry"],"coauthors":[],"author_meta":{"author_link":"https:\/\/grimmels.de\/wordpress\/author\/webmaster\/","display_name":"webmaster"},"relative_dates":{"created":"Posted 10\u00a0Jahren ago","modified":"Updated 1\u00a0Jahr ago"},"absolute_dates":{"created":"Posted on 17. September 2016","modified":"Updated on 14. November 2024"},"absolute_dates_time":{"created":"Posted on 17. September 2016 10:35","modified":"Updated on 14. November 2024 14:40"},"featured_img_caption":"","featured_img":false,"series_order":"","_links":{"self":[{"href":"https:\/\/grimmels.de\/wordpress\/wp-json\/wp\/v2\/pages\/32027","targetHints":{"allow":["GET"]}}],"collection":[{"href":"https:\/\/grimmels.de\/wordpress\/wp-json\/wp\/v2\/pages"}],"about":[{"href":"https:\/\/grimmels.de\/wordpress\/wp-json\/wp\/v2\/types\/page"}],"author":[{"embeddable":true,"href":"https:\/\/grimmels.de\/wordpress\/wp-json\/wp\/v2\/users\/1"}],"replies":[{"embeddable":true,"href":"https:\/\/grimmels.de\/wordpress\/wp-json\/wp\/v2\/comments?post=32027"}],"version-history":[{"count":89,"href":"https:\/\/grimmels.de\/wordpress\/wp-json\/wp\/v2\/pages\/32027\/revisions"}],"predecessor-version":[{"id":61297,"href":"https:\/\/grimmels.de\/wordpress\/wp-json\/wp\/v2\/pages\/32027\/revisions\/61297"}],"wp:attachment":[{"href":"https:\/\/grimmels.de\/wordpress\/wp-json\/wp\/v2\/media?parent=32027"}],"curies":[{"name":"wp","href":"https:\/\/api.w.org\/{rel}","templated":true}]}}