{"id":32068,"date":"2016-09-19T17:36:17","date_gmt":"2016-09-19T15:36:17","guid":{"rendered":"http:\/\/grimmels.de.w014d30d.kasserver.com\/wordpress\/?page_id=32068"},"modified":"2016-09-19T18:03:01","modified_gmt":"2016-09-19T16:03:01","slug":"fremdsprachenzertifikate","status":"publish","type":"page","link":"https:\/\/grimmels.de\/wordpress\/fremdsprachenzertifikate\/","title":{"rendered":"Fremdsprachenzertifikate"},"content":{"rendered":"<table style=\"width: 681.233px;\">\n<tbody>\n<tr>\n<td style=\"width: 193px;\"><strong>\u00a0Cambridge Certificates<\/strong><\/p>\n<p><img decoding=\"async\" class=\"aligncenter size-full wp-image-32075\" src=\"https:\/\/grimmels.de.w014d30d.kasserver.com\/wordpress\/wp-content\/uploads\/2016\/09\/englandflagge.gif\" alt=\"\" width=\"150\" height=\"121\" \/><\/td>\n<td style=\"width: 438.233px;\">Vorbereitung auf die Englisch-Sprachpr\u00fcfungen der University of Cambridge<\/p>\n<p><a href=\"?page_id=9717\">Link zum Cambridge Certificate am GGG<\/a><\/td>\n<\/tr>\n<tr>\n<td style=\"width: 193px;\"><strong>\u00a0DELF<\/strong><\/p>\n<p><img decoding=\"async\" class=\"aligncenter size-full wp-image-32073\" src=\"https:\/\/grimmels.de.w014d30d.kasserver.com\/wordpress\/wp-content\/uploads\/2016\/09\/frankreichflagge.gif\" alt=\"\" width=\"150\" height=\"127\" \/><\/td>\n<td style=\"width: 438.233px;\">\n<p class=\"page-header\">\u00a0DELF, dipl\u00f4me d&#8217;\u00e9tudes en langue fran\u00e7aise<\/p>\n<p>Link zur Website: <a href=\"http:\/\/www.ciep.fr\/de\/delf-dalf\" target=\"_blank\">http:\/\/www.ciep.fr\/de\/delf-dalf<\/a><\/td>\n<\/tr>\n<tr>\n<td style=\"width: 193px;\"><strong>DELE<\/strong><\/p>\n<p><img decoding=\"async\" class=\"aligncenter wp-image-32069 size-full\" src=\"https:\/\/grimmels.de.w014d30d.kasserver.com\/wordpress\/wp-content\/uploads\/2016\/09\/spanienflagge.gif\" width=\"150\" height=\"127\" \/><\/td>\n<td style=\"width: 438.233px;\">Diplom f\u00fcr Spanisch als Fremdsprache (<em>Diploma de Espa\u00f1ol como Lengua Extranjera, DELE<\/em>)<\/p>\n<p>Link zur Website: <a href=\"http:\/\/www.dele.org\/deutsch\/\" target=\"_blank\">http:\/\/www.dele.org\/deutsch\/<\/a><\/td>\n<\/tr>\n<\/tbody>\n<\/table>\n<p>&nbsp;<\/p>\n","protected":false},"excerpt":{"rendered":"<p>\u00a0Cambridge Certificates Vorbereitung auf die Englisch-Sprachpr\u00fcfungen der University of Cambridge Link zum Cambridge Certificate am GGG \u00a0DELF \u00a0DELF, dipl\u00f4me d&#8217;\u00e9tudes en langue fran\u00e7aise Link zur Website: http:\/\/www.ciep.fr\/de\/delf-dalf DELE Diplom f\u00fcr Spanisch als Fremdsprache (Diploma de Espa\u00f1ol como Lengua Extranjera, DELE) Link zur Website: http:\/\/www.dele.org\/deutsch\/ &nbsp;<\/p>\n","protected":false},"author":1,"featured_media":0,"parent":0,"menu_order":0,"comment_status":"closed","ping_status":"closed","template":"","meta":{"advgb_blocks_editor_width":"","advgb_blocks_columns_visual_guide":"","ngg_post_thumbnail":0,"footnotes":""},"class_list":["post-32068","page","type-page","status-publish","hentry"],"coauthors":[],"author_meta":{"author_link":"https:\/\/grimmels.de\/wordpress\/author\/webmaster\/","display_name":"webmaster"},"relative_dates":{"created":"Posted 10\u00a0Jahren ago","modified":"Updated 10\u00a0Jahren ago"},"absolute_dates":{"created":"Posted on 19. September 2016","modified":"Updated on 19. September 2016"},"absolute_dates_time":{"created":"Posted on 19. September 2016 17:36","modified":"Updated on 19. September 2016 18:03"},"featured_img_caption":"","featured_img":false,"series_order":"","_links":{"self":[{"href":"https:\/\/grimmels.de\/wordpress\/wp-json\/wp\/v2\/pages\/32068","targetHints":{"allow":["GET"]}}],"collection":[{"href":"https:\/\/grimmels.de\/wordpress\/wp-json\/wp\/v2\/pages"}],"about":[{"href":"https:\/\/grimmels.de\/wordpress\/wp-json\/wp\/v2\/types\/page"}],"author":[{"embeddable":true,"href":"https:\/\/grimmels.de\/wordpress\/wp-json\/wp\/v2\/users\/1"}],"replies":[{"embeddable":true,"href":"https:\/\/grimmels.de\/wordpress\/wp-json\/wp\/v2\/comments?post=32068"}],"version-history":[{"count":5,"href":"https:\/\/grimmels.de\/wordpress\/wp-json\/wp\/v2\/pages\/32068\/revisions"}],"predecessor-version":[{"id":32084,"href":"https:\/\/grimmels.de\/wordpress\/wp-json\/wp\/v2\/pages\/32068\/revisions\/32084"}],"wp:attachment":[{"href":"https:\/\/grimmels.de\/wordpress\/wp-json\/wp\/v2\/media?parent=32068"}],"curies":[{"name":"wp","href":"https:\/\/api.w.org\/{rel}","templated":true}]}}