{"id":32187,"date":"2016-10-03T15:09:55","date_gmt":"2016-10-03T13:09:55","guid":{"rendered":"http:\/\/grimmels.de.w014d30d.kasserver.com\/wordpress\/?page_id=32187"},"modified":"2022-09-14T12:14:30","modified_gmt":"2022-09-14T10:14:30","slug":"erdkunde","status":"publish","type":"page","link":"https:\/\/grimmels.de\/wordpress\/erdkunde\/","title":{"rendered":"Erdkunde"},"content":{"rendered":"<p><strong>Das Fach Erdkunde stellt sich vor<\/strong><\/p>\n<p>Wieso haben wir eigentlich Winter? Warum regnet es denn gerade schon wieder? Wie funktioniert eigentlich ein Navi? Und was stellt man am besten mit einer gro\u00dfen innerst\u00e4dtischen leerstehenden Immobilie an?<\/p>\n<p>Wer Antworten auf solche Fragen sucht, der ist bei Erdkunde richtig. Wir behandeln eine Vielzahl von Themen durch die Betrachtung von Mensch-Umweltbeziehungen. Dabei verbinden wir Inhalte verschiedene F\u00e4cher (z.B. Physik und Chemie beim Thema Erosion oder PoWi und Geschichte beim Thema Stadtentwicklung), u.a. anhand von Exkursionen, Experimenten oder beim Erstellen von eigenen Modellen.<\/p>\n<div id='gallery-1' class='gallery galleryid-32187 gallery-columns-2 gallery-size-medium'><figure class='gallery-item'>\n\t\t\t<div class='gallery-icon landscape'>\n\t\t\t\t<a href='https:\/\/grimmels.de\/wordpress\/wp-content\/uploads\/2016\/10\/ek1.jpg'><img decoding=\"async\" width=\"300\" height=\"136\" src=\"https:\/\/grimmels.de\/wordpress\/wp-content\/uploads\/2016\/10\/ek1-300x136.jpg\" class=\"attachment-medium size-medium\" alt=\"\" srcset=\"https:\/\/grimmels.de\/wordpress\/wp-content\/uploads\/2016\/10\/ek1-300x136.jpg 300w, https:\/\/grimmels.de\/wordpress\/wp-content\/uploads\/2016\/10\/ek1-150x68.jpg 150w, https:\/\/grimmels.de\/wordpress\/wp-content\/uploads\/2016\/10\/ek1-768x347.jpg 768w, https:\/\/grimmels.de\/wordpress\/wp-content\/uploads\/2016\/10\/ek1.jpg 1129w\" sizes=\"(max-width: 300px) 100vw, 300px\" \/><\/a>\n\t\t\t<\/div><\/figure><figure class='gallery-item'>\n\t\t\t<div class='gallery-icon landscape'>\n\t\t\t\t<a href='https:\/\/grimmels.de\/wordpress\/wp-content\/uploads\/2016\/10\/ek2.jpg'><img fetchpriority=\"high\" decoding=\"async\" width=\"300\" height=\"257\" src=\"https:\/\/grimmels.de\/wordpress\/wp-content\/uploads\/2016\/10\/ek2-300x257.jpg\" class=\"attachment-medium size-medium\" alt=\"\" srcset=\"https:\/\/grimmels.de\/wordpress\/wp-content\/uploads\/2016\/10\/ek2-300x257.jpg 300w, https:\/\/grimmels.de\/wordpress\/wp-content\/uploads\/2016\/10\/ek2-150x129.jpg 150w, https:\/\/grimmels.de\/wordpress\/wp-content\/uploads\/2016\/10\/ek2-768x659.jpg 768w, https:\/\/grimmels.de\/wordpress\/wp-content\/uploads\/2016\/10\/ek2.jpg 1047w\" sizes=\"(max-width: 300px) 100vw, 300px\" \/><\/a>\n\t\t\t<\/div><\/figure>\n\t\t<\/div>\n\n<p>Bilder: Von Sch\u00fclern der Jahrgangsstufe 6 erstellte Modelle zur Darstellung von Gletschern.<\/p>\n<p>&nbsp;<\/p>\n<p>Erdkunde wird am Grimmelshausen Gymnasium in den Klassen 6, 7, 10 und&nbsp; E-Q4 angeboten.<strong><br \/>\n<\/strong><\/p>\n<p><strong>Ausstattung des Fachs<\/strong><\/p>\n<p>In Erdkunde k\u00f6nnen wir auf eine Vielzahl verschiedener Medien zugreifen, so u.a. klassische Wandkarten und Atlanten, Globen in verschiedener Gr\u00f6\u00dfe, Modelle wie z.B. das Tellurium, wandgro\u00dfe Schaubilder, Filme und interaktive Tafelbilder.<\/p>\n<p>Dar\u00fcber hinaus ist Projektarbeit und damit verbunden Recherche in Bibliothek und im Computerraum fester Bestandteil des Fachs.<\/p>\n<p><strong>Grundkurs und Abitur<\/strong><\/p>\n<p>Der Grundkurs Erdkunde wird regelm\u00e4\u00dfig von Sch\u00fclerinnen und Sch\u00fclern in der Oberstufe gew\u00e4hlt. Ein Gro\u00dfteil von Ihnen legt eine Abiturpr\u00fcfung in Erdkunde ab, vorwiegend als m\u00fcndliche oder Pr\u00e4sentationspr\u00fcfung. Es gab aber auch schon eine schriftliche Pr\u00fcfung und sogar eine besondere Lernleistung im Fach Erdkunde zu Bodensanierungsma\u00dfnahmen eines altindustriellen Standortes.<\/p>\n<p>Seit dem Schuljahr 2021\/2022 besteht ein Leistungskurs in Erdkunde. Aus organisatorischen Gr\u00fcnden ist er an einen Grundkurs gekoppelt. Zus\u00e4tzlich haben die Sch\u00fclerinnen und Sch\u00fcler 3 Extra-Stunden.<\/p>\n<p>&nbsp;<\/p>\n","protected":false},"excerpt":{"rendered":"<p>Das Fach Erdkunde stellt sich vor Wieso haben wir eigentlich Winter? Warum regnet es denn gerade schon wieder? Wie funktioniert eigentlich ein Navi? Und was stellt man am besten mit einer gro\u00dfen innerst\u00e4dtischen leerstehenden Immobilie an? Wer Antworten auf solche Fragen sucht, der ist bei Erdkunde richtig. Wir behandeln eine Vielzahl von Themen durch die [&hellip;]<\/p>\n","protected":false},"author":1,"featured_media":0,"parent":0,"menu_order":0,"comment_status":"closed","ping_status":"closed","template":"","meta":{"advgb_blocks_editor_width":"","advgb_blocks_columns_visual_guide":"","ngg_post_thumbnail":0,"footnotes":""},"class_list":["post-32187","page","type-page","status-publish","hentry"],"coauthors":[],"author_meta":{"author_link":"https:\/\/grimmels.de\/wordpress\/author\/webmaster\/","display_name":"webmaster"},"relative_dates":{"created":"Posted 10\u00a0Jahren ago","modified":"Updated 4\u00a0Jahren ago"},"absolute_dates":{"created":"Posted on 3. Oktober 2016","modified":"Updated on 14. September 2022"},"absolute_dates_time":{"created":"Posted on 3. Oktober 2016 15:09","modified":"Updated on 14. September 2022 12:14"},"featured_img_caption":"","featured_img":false,"series_order":"","_links":{"self":[{"href":"https:\/\/grimmels.de\/wordpress\/wp-json\/wp\/v2\/pages\/32187","targetHints":{"allow":["GET"]}}],"collection":[{"href":"https:\/\/grimmels.de\/wordpress\/wp-json\/wp\/v2\/pages"}],"about":[{"href":"https:\/\/grimmels.de\/wordpress\/wp-json\/wp\/v2\/types\/page"}],"author":[{"embeddable":true,"href":"https:\/\/grimmels.de\/wordpress\/wp-json\/wp\/v2\/users\/1"}],"replies":[{"embeddable":true,"href":"https:\/\/grimmels.de\/wordpress\/wp-json\/wp\/v2\/comments?post=32187"}],"version-history":[{"count":3,"href":"https:\/\/grimmels.de\/wordpress\/wp-json\/wp\/v2\/pages\/32187\/revisions"}],"predecessor-version":[{"id":52916,"href":"https:\/\/grimmels.de\/wordpress\/wp-json\/wp\/v2\/pages\/32187\/revisions\/52916"}],"wp:attachment":[{"href":"https:\/\/grimmels.de\/wordpress\/wp-json\/wp\/v2\/media?parent=32187"}],"curies":[{"name":"wp","href":"https:\/\/api.w.org\/{rel}","templated":true}]}}