{"id":32200,"date":"2016-10-11T14:33:25","date_gmt":"2016-10-11T12:33:25","guid":{"rendered":"http:\/\/grimmels.de.w014d30d.kasserver.com\/wordpress\/?page_id=32200"},"modified":"2016-10-11T14:35:47","modified_gmt":"2016-10-11T12:35:47","slug":"politik-und-wirtschaft-am-ggg","status":"publish","type":"page","link":"https:\/\/grimmels.de\/wordpress\/politik-und-wirtschaft-am-ggg\/","title":{"rendered":"Politik und Wirtschaft am GGG"},"content":{"rendered":"<p><strong>Ausstattung des Fachbereichs:<\/strong><\/p>\n<p>Im Unterricht kommen aktuelle Lehrwerke, unter anderem des C.C. Buchner Verlags, zum Einsatz. \u00dcberdies verwenden die Lehrkr\u00e4fte tagesaktuelle Zeitungsartikel etc.. H\u00e4ufig findet der PoWi-Unterricht auch in einem der vier Computerr\u00e4ume statt.<\/p>\n<p><strong>\u00a0<\/strong><\/p>\n<p><strong>\u00dcberblick zu den Unterrichtsinhalten<\/strong><\/p>\n<table border=\"1\">\n<tbody>\n<tr>\n<td width=\"102\"><strong>Jahrgangsstufe<\/strong><\/td>\n<td width=\"309\"><strong>Unterrichtsinhalte<\/strong><\/td>\n<td width=\"209\"><strong>Besonderheiten \/ Exkursionen<\/strong><\/td>\n<\/tr>\n<tr>\n<td width=\"102\">8<\/td>\n<td width=\"309\">\n<ul>\n<li>Jugend und Recht, Rechtswesen<\/li>\n<li>Politisches System der BRD-\u00a0 Schwerpunkt Partizipation in der Gemeinde<\/li>\n<li>\u00d6konomische Bildung, Markt<\/li>\n<li>Vorbereitung des Betriebspraktikums<\/li>\n<\/ul>\n<\/td>\n<td width=\"209\">\n<ul>\n<li>Posterpr\u00e4sentation<\/li>\n<li>Umgang mit Karikaturen<\/li>\n<li>Lehrausflug: Besuch einer Gerichtsverhandlung<\/li>\n<\/ul>\n<\/td>\n<\/tr>\n<tr>\n<td width=\"102\">9<\/td>\n<td width=\"309\">\n<ul>\n<li>\u00d6konomische Bildung: \u00d6konomie und Arbeitswelt<\/li>\n<li>2- w\u00f6chiges Betriebspraktikum<\/li>\n<li>Europ\u00e4ische Union<\/li>\n<li>Der Sozialstaat<\/li>\n<\/ul>\n<\/td>\n<td width=\"209\">\n<ul>\n<li>Auswertung von Statistiken und Schaubildern<\/li>\n<li>Verfassen eines Praktikumsberichts<\/li>\n<li>Vorstellung des Praktikumsplatzes im Kurzreferat<\/li>\n<li>Betriebspraktikum mit Besuch durch die Lehrkraft<\/li>\n<\/ul>\n<\/td>\n<\/tr>\n<tr>\n<td width=\"102\">10<\/td>\n<td width=\"309\">\n<ul>\n<li>Politisches System der der BRD<\/li>\n<li>Europ\u00e4ische Integration<\/li>\n<li>Internationale Beziehungen<\/li>\n<\/ul>\n<\/td>\n<td width=\"209\">\n<ul>\n<li>Onlinerecherche<\/li>\n<li>Simulation einer politischen Talkshow<\/li>\n<\/ul>\n<\/td>\n<\/tr>\n<tr>\n<td width=\"102\">E-Phase<\/td>\n<td width=\"309\">\n<ul>\n<li>E1 Herausforderungen gesellschaftlichen Wandels<\/li>\n<li>E2 Wachstum und Lebensqualit\u00e4t in marktwirtschaftlich organisierten Volks-wirtschaften<\/li>\n<\/ul>\n<\/td>\n<td width=\"209\">\n<ul>\n<li>Betriebspraktikum<\/li>\n<li>Kooperative Erarbeitung einer Pr\u00e4sentation.<\/li>\n<\/ul>\n<\/td>\n<\/tr>\n<tr>\n<td width=\"102\">Q1,2<\/td>\n<td width=\"309\">\n<ul>\n<li>Q1 Demokratie im politischen Mehrebenensystem<\/li>\n<li>Q2 Wirtschaft und Wirtschaftspolitik in der sozialen Markwirtschaft<\/li>\n<\/ul>\n<\/td>\n<td width=\"209\">\n<ul>\n<li>Lehrausflug: Besuch des Landtags in Wiesbaden<\/li>\n<li>Externe Referenten<\/li>\n<li>Pr\u00e4sentationen halten<\/li>\n<\/ul>\n<\/td>\n<\/tr>\n<tr>\n<td width=\"102\">Q3,4<\/td>\n<td width=\"309\">\n<ul>\n<li>Q3 Internationale Beziehungen im Zeitalter der Globalisierung<\/li>\n<li>Q4 Gegenwart und Zukunft Europas in einer globalisierten Welt<\/li>\n<\/ul>\n<\/td>\n<td width=\"209\">\n<ul>\n<li>Simulation m\u00fcndlicher Abiturpr\u00fcfungen<\/li>\n<li>Kooperative und selbstst\u00e4ndige Erarbeitung ausgew\u00e4hlter Unterrichtsinhalten<\/li>\n<\/ul>\n<\/td>\n<\/tr>\n<\/tbody>\n<\/table>\n<p><strong>\u00a0<\/strong><\/p>\n<p><strong>Vergleichsarbeiten:<\/strong><\/p>\n<p>Vergleichsarbeiten werden in der Q-Phase geschrieben.<\/p>\n<p><strong>Leistungskurse:<\/strong><\/p>\n<p>In der Regel werden in Politik und Wirtschaft Leistungskurse eingerichtet.<\/p>\n<p><strong>Wettbewerbe:<\/strong><\/p>\n<p>Regelm\u00e4\u00dfig nehmen PoWi-Lehrkr\u00e4fte mit ihren Klassen\u00a0 an Wettbewerben, beispielsweise der Bundeszentrale f\u00fcr politische Bildung, teil.<\/p>\n<p><strong>\u00a0<\/strong><\/p>\n<p><strong>Stundentafel und Anzahl der Arbeiten<\/strong><\/p>\n<table border=\"1\">\n<tbody>\n<tr>\n<td width=\"86\"><strong>Klasse<\/strong><\/td>\n<td width=\"57\"><strong>8<\/strong><\/td>\n<td width=\"57\"><strong>9<\/strong><\/td>\n<td width=\"58\"><strong>10<\/strong><\/td>\n<td width=\"61\"><strong>E-Phase<\/strong><\/td>\n<td width=\"67\"><strong>Q1-2 GK\/LK<\/strong><\/td>\n<td width=\"67\"><strong>Q3-4 GK\/LK<\/strong><\/td>\n<\/tr>\n<tr>\n<td width=\"86\"><strong>Stunden<\/strong><\/td>\n<td width=\"57\"><strong>2<\/strong><\/td>\n<td width=\"57\"><strong>3<\/strong><\/td>\n<td width=\"58\"><strong>2<\/strong><\/td>\n<td width=\"61\"><strong>2<\/strong><\/td>\n<td width=\"67\"><strong>3\/5<\/strong><\/td>\n<td width=\"67\"><strong>3\/5<\/strong><\/td>\n<\/tr>\n<tr>\n<td width=\"86\"><strong>Schriftl.<\/strong><\/p>\n<p><strong>Leistungs-nachweise<\/strong><\/td>\n<td width=\"57\"><strong>2<\/strong><\/td>\n<td width=\"57\"><strong>1 +<\/strong><\/p>\n<p><strong>1Praktikums-bericht<\/strong><\/td>\n<td width=\"58\"><strong>2<\/strong><\/td>\n<td width=\"61\"><strong>2<\/strong><\/td>\n<td width=\"67\"><strong>4<\/strong><\/td>\n<td width=\"67\"><strong>3<\/strong><\/td>\n<\/tr>\n<\/tbody>\n<\/table>\n<p><strong>\u00a0<\/strong><\/p>\n","protected":false},"excerpt":{"rendered":"<p>Ausstattung des Fachbereichs: Im Unterricht kommen aktuelle Lehrwerke, unter anderem des C.C. Buchner Verlags, zum Einsatz. \u00dcberdies verwenden die Lehrkr\u00e4fte tagesaktuelle Zeitungsartikel etc.. H\u00e4ufig findet der PoWi-Unterricht auch in einem der vier Computerr\u00e4ume statt. \u00a0 \u00dcberblick zu den Unterrichtsinhalten Jahrgangsstufe Unterrichtsinhalte Besonderheiten \/ Exkursionen 8 Jugend und Recht, Rechtswesen Politisches System der BRD-\u00a0 Schwerpunkt Partizipation [&hellip;]<\/p>\n","protected":false},"author":1,"featured_media":0,"parent":0,"menu_order":0,"comment_status":"closed","ping_status":"closed","template":"","meta":{"advgb_blocks_editor_width":"","advgb_blocks_columns_visual_guide":"","ngg_post_thumbnail":0,"footnotes":""},"class_list":["post-32200","page","type-page","status-publish","hentry"],"coauthors":[],"author_meta":{"author_link":"https:\/\/grimmels.de\/wordpress\/author\/webmaster\/","display_name":"webmaster"},"relative_dates":{"created":"Posted 10\u00a0Jahren ago","modified":"Updated 10\u00a0Jahren ago"},"absolute_dates":{"created":"Posted on 11. Oktober 2016","modified":"Updated on 11. Oktober 2016"},"absolute_dates_time":{"created":"Posted on 11. Oktober 2016 14:33","modified":"Updated on 11. Oktober 2016 14:35"},"featured_img_caption":"","featured_img":false,"series_order":"","_links":{"self":[{"href":"https:\/\/grimmels.de\/wordpress\/wp-json\/wp\/v2\/pages\/32200","targetHints":{"allow":["GET"]}}],"collection":[{"href":"https:\/\/grimmels.de\/wordpress\/wp-json\/wp\/v2\/pages"}],"about":[{"href":"https:\/\/grimmels.de\/wordpress\/wp-json\/wp\/v2\/types\/page"}],"author":[{"embeddable":true,"href":"https:\/\/grimmels.de\/wordpress\/wp-json\/wp\/v2\/users\/1"}],"replies":[{"embeddable":true,"href":"https:\/\/grimmels.de\/wordpress\/wp-json\/wp\/v2\/comments?post=32200"}],"version-history":[{"count":5,"href":"https:\/\/grimmels.de\/wordpress\/wp-json\/wp\/v2\/pages\/32200\/revisions"}],"predecessor-version":[{"id":32205,"href":"https:\/\/grimmels.de\/wordpress\/wp-json\/wp\/v2\/pages\/32200\/revisions\/32205"}],"wp:attachment":[{"href":"https:\/\/grimmels.de\/wordpress\/wp-json\/wp\/v2\/media?parent=32200"}],"curies":[{"name":"wp","href":"https:\/\/api.w.org\/{rel}","templated":true}]}}