{"id":33273,"date":"2017-03-06T18:47:38","date_gmt":"2017-03-06T17:47:38","guid":{"rendered":"http:\/\/grimmels.de\/wordpress\/?page_id=33273"},"modified":"2022-09-24T14:16:56","modified_gmt":"2022-09-24T12:16:56","slug":"englisch-2","status":"publish","type":"page","link":"https:\/\/grimmels.de\/wordpress\/englisch-2\/","title":{"rendered":"Englisch"},"content":{"rendered":"\n<figure class=\"wp-block-image size-large\"><img fetchpriority=\"high\" decoding=\"async\" width=\"960\" height=\"683\" src=\"https:\/\/grimmels.de\/wordpress\/wp-content\/uploads\/2020\/12\/english1.jpg\" alt=\"\" class=\"wp-image-45649\" srcset=\"https:\/\/grimmels.de\/wordpress\/wp-content\/uploads\/2020\/12\/english1.jpg 960w, https:\/\/grimmels.de\/wordpress\/wp-content\/uploads\/2020\/12\/english1-300x213.jpg 300w, https:\/\/grimmels.de\/wordpress\/wp-content\/uploads\/2020\/12\/english1-150x107.jpg 150w, https:\/\/grimmels.de\/wordpress\/wp-content\/uploads\/2020\/12\/english1-768x546.jpg 768w\" sizes=\"(max-width: 960px) 100vw, 960px\" \/><\/figure>\n\n\n\n<p style=\"font-family:Bradley Hand ITC; text-align: center;\"><strong><em>\u201cSpeaking English is like a tongue-twister for me. I can speak each word perfectly, but then you have to string them together, like \u2018Blah, blah, blah.\u2019 <\/em><\/strong><strong><em>That\u2019s when it gets crazy.\u201d (Jackie Chan)<\/em><\/strong><\/p>\n\n\n\n<p><strong>Die Englischfachschaft stellt sich vor:<\/strong><\/p>\n\n\n\n<p>&nbsp;\u201eHead and shoulders, knees and toes\u2026\u201d \u2013 wer kennt es nicht? Die j\u00fcngsten Grimmels kommen in der f\u00fcnften Jahrgangsstufe von den unterschiedlichsten Grundschulen zu uns. Unterschiedlicher Englischunterricht und daher ganz unterschiedliche Grundvoraussetzungen sind daher unumg\u00e4nglich. But: No problem!<\/p>\n\n\n\n<p>In den ersten Wochen bringen wir alle F\u00fcnfer erst einmal auf einen m\u00f6glichst gleichen Stand. Vorausgesetzt wird das H\u00f6rverstehen aus der Grundschule, sowie die wichtigsten Classroom Phrases, um einem englischsprachigen Unterricht in Ans\u00e4tzen folgen zu k\u00f6nnen. Das geschriebene Englisch kommt ab jetzt neu hinzu, sodass die bereits erlernten W\u00f6rter nun auch schriftlich eingef\u00fchrt und gleich wiederholt werden k\u00f6nnen. Und dann rollt der Ball schon von allein.<\/p>\n\n\n\n<p><strong>Ganztagsangebote:<\/strong><\/p>\n\n\n\n<ul class=\"wp-block-list\"><li>Vorbereitung auf die Cambridge Zertifikate ab Jahrgangsstufe 9: <br>Cambridge First Certificate of English (FCE, B2), <br>Cambridge Advanced English Certificate (CAE, C1)<\/li><li>F\u00f6rderunterricht Englisch<\/li><\/ul>\n\n\n\n<p><strong>Interkulturelle \/ Transkulturelle Projekte:<\/strong><\/p>\n\n\n\n<ul class=\"wp-block-list\"><li>Plymouth College, UK: Virtueller Austausch mit deutschlernenden Sch\u00fclerinnen und Sch\u00fclern des Plymouth Colleges in der 5. Jahrgangsstufe. In Plymouth spielt auch das in der 5. Jahrgangsstufe eingesetzte Lehrwerk. Dar\u00fcber hinaus werden sachfachorientierte Projekte durchgef\u00fchrt, z.B. Erdkunde: Leben am Meer.<\/li><li>Kanada: Kooperation mit dem Kanadainstitut der Philipps-Universit\u00e4t Marburg \/ Lahn und der kanadischen Botschaft Berlin, Jahrgangsstufe 9 bis Qualifikationsphase<\/li><li><a rel=\"noreferrer noopener\" href=\"https:\/\/www.erasmusplus.de\/\" target=\"_blank\">Erasmus+<\/a> <\/li><li><a href=\"https:\/\/www.teachaboutus.org\/\" target=\"_blank\" rel=\"noreferrer noopener\">teachaboutus.org<\/a>: Teilnahme an englischsprachigen CLIL-Projekten zu \u00d6kologie, regenerativen Energien, den amerikanischen Wahlen oder sozialwissenschaftlichen Aspekten<\/li><\/ul>\n\n\n\n<p><strong>Wettbewerbe:&nbsp;&nbsp;&nbsp;&nbsp;&nbsp;&nbsp;&nbsp;&nbsp;&nbsp; &nbsp;&nbsp;&nbsp;&nbsp;&nbsp;&nbsp;&nbsp;&nbsp;&nbsp;&nbsp;&nbsp;&nbsp;&nbsp;&nbsp;&nbsp;&nbsp;&nbsp;&nbsp;&nbsp;&nbsp;&nbsp;&nbsp;&nbsp;&nbsp;&nbsp;&nbsp;&nbsp;&nbsp;&nbsp;&nbsp;&nbsp;&nbsp;&nbsp;&nbsp;&nbsp;&nbsp;&nbsp;&nbsp;&nbsp;&nbsp;&nbsp;&nbsp;&nbsp;&nbsp;&nbsp;&nbsp;&nbsp;&nbsp;&nbsp;&nbsp;&nbsp;&nbsp;&nbsp;&nbsp;&nbsp;&nbsp;&nbsp;&nbsp;&nbsp;<\/strong><\/p>\n\n\n\n<ul class=\"wp-block-list\"><li>Vorlesewettbewerb in der 7. Jahrgangsstufe<\/li><li>Freiwillige Teilnahme am Big Challenge Wettbewerb, 6. \u2013 9. Jahrgangsstufe<\/li><li>Freiwillige Teilnahme am Bundeswettbewerb Fremdsprachen, 8. Jahrgangsstufe bis Qualifikationsphase<\/li><\/ul>\n\n\n\n<p><strong>Weitere Angebote:<\/strong><\/p>\n\n\n\n<ul class=\"wp-block-list\"><li>Beratung zu Auslandsaufenthalten<\/li><li>Theaterauff\u00fchrungen im Grimmels f\u00fcr Jahrgangsstufe 5-8<\/li><li>J\u00e4hrlicher Besuch des English Theaters ab der 10. Jahrgangsstufe<\/li><\/ul>\n","protected":false},"excerpt":{"rendered":"<p>\u201cSpeaking English is like a tongue-twister for me. I can speak each word perfectly, but then you have to string them together, like \u2018Blah, blah, blah.\u2019 That\u2019s when it gets crazy.\u201d (Jackie Chan) Die Englischfachschaft stellt sich vor: &nbsp;\u201eHead and shoulders, knees and toes\u2026\u201d \u2013 wer kennt es nicht? Die j\u00fcngsten Grimmels kommen in der [&hellip;]<\/p>\n","protected":false},"author":1,"featured_media":0,"parent":0,"menu_order":0,"comment_status":"closed","ping_status":"closed","template":"","meta":{"advgb_blocks_editor_width":"","advgb_blocks_columns_visual_guide":"","ngg_post_thumbnail":0,"footnotes":""},"class_list":["post-33273","page","type-page","status-publish","hentry"],"coauthors":[],"author_meta":{"author_link":"https:\/\/grimmels.de\/wordpress\/author\/webmaster\/","display_name":"webmaster"},"relative_dates":{"created":"Posted 9\u00a0Jahren ago","modified":"Updated 4\u00a0Jahren ago"},"absolute_dates":{"created":"Posted on 6. M\u00e4rz 2017","modified":"Updated on 24. September 2022"},"absolute_dates_time":{"created":"Posted on 6. M\u00e4rz 2017 18:47","modified":"Updated on 24. September 2022 14:16"},"featured_img_caption":"","featured_img":false,"series_order":"","_links":{"self":[{"href":"https:\/\/grimmels.de\/wordpress\/wp-json\/wp\/v2\/pages\/33273","targetHints":{"allow":["GET"]}}],"collection":[{"href":"https:\/\/grimmels.de\/wordpress\/wp-json\/wp\/v2\/pages"}],"about":[{"href":"https:\/\/grimmels.de\/wordpress\/wp-json\/wp\/v2\/types\/page"}],"author":[{"embeddable":true,"href":"https:\/\/grimmels.de\/wordpress\/wp-json\/wp\/v2\/users\/1"}],"replies":[{"embeddable":true,"href":"https:\/\/grimmels.de\/wordpress\/wp-json\/wp\/v2\/comments?post=33273"}],"version-history":[{"count":9,"href":"https:\/\/grimmels.de\/wordpress\/wp-json\/wp\/v2\/pages\/33273\/revisions"}],"predecessor-version":[{"id":52996,"href":"https:\/\/grimmels.de\/wordpress\/wp-json\/wp\/v2\/pages\/33273\/revisions\/52996"}],"wp:attachment":[{"href":"https:\/\/grimmels.de\/wordpress\/wp-json\/wp\/v2\/media?parent=33273"}],"curies":[{"name":"wp","href":"https:\/\/api.w.org\/{rel}","templated":true}]}}