{"id":35653,"date":"2017-09-12T14:42:07","date_gmt":"2017-09-12T12:42:07","guid":{"rendered":"http:\/\/grimmels.de\/wordpress\/?page_id=35653"},"modified":"2017-09-12T14:42:07","modified_gmt":"2017-09-12T12:42:07","slug":"zweite-fremdsprache","status":"publish","type":"page","link":"https:\/\/grimmels.de\/wordpress\/zweite-fremdsprache\/","title":{"rendered":"Zweite Fremdsprache"},"content":{"rendered":"<p><strong>Information zur Wahl der zweiten Fremdsprache<\/strong><\/p>\n<p>Zu den grundlegenden Bestandteilen des Gymnasiums geh\u00f6rt das Erlernen von zwei Fremdsprachen.<\/p>\n<p>Am GGG bedeutet dies, dass mit dem Wechsel in die Jahrgangsstufe 6 f\u00fcr die Sch\u00fclerinnen und Sch\u00fcler mit der ersten Fremdsprache Englisch nun die Entscheidung f\u00fcr Franz\u00f6sisch oder Latein getroffen wird.<\/p>\n<p>Den grunds\u00e4tzlichen Nutzen beider Sprachen vorausgesetzt, haben sie grundlegende Gemeinsamkeiten:<\/p>\n<p>Mit dem Erlernen beider Sprachen sind gute Einblicke in das Alltagsleben und die jeweiligen kulturellen und geschichtlichen Zusammenh\u00e4nge verbunden. Zugleich ist es wichtig, Vokabeln und Grammatik zu erlernen und anzuwenden. Disziplin und Ausdauer sind im Fremdsprachenunterricht unerl\u00e4sslich.<\/p>\n<p>Worin besteht aber der Unterschied?<\/p>\n<p>W\u00e4hrend im Franz\u00f6sischunterricht das aktive Sprechen der Fremdsprache und somit der&nbsp; Aufbau der Kommunikationsf\u00e4higkeit im Vordergrund steht, ist die Basis des Lateinunterrichts die geschriebene Sprache. Durch analytisches Vorgehen lernt man, das Lateinische \u2013 und damit Grundlagen von Sprache allgemein \u2013 zu verstehen.<\/p>\n<p>Es ist selbstverst\u00e4ndlich, dass beide Charakteristika ihren Niederschlag in der jeweiligen Unterrichtsgestaltung finden.<\/p>\n<p><strong>Was sollte man bei der Entscheidung f\u00fcr eine der Sprachen ber\u00fccksichtigen?<\/p>\n<p><\/strong>F\u00fcr Franz\u00f6sisch kann sich entscheiden,<\/p>\n<ul>\n<li>wer neugierig auf Land und Leute ist,<\/li>\n<li>wer ein gutes akustisches Ged\u00e4chtnis hat und gerne in einer Fremdsprache spricht,<\/li>\n<li>wer Freude am szenischen Spiel zeigt.<\/li>\n<\/ul>\n<p>F\u00fcr Latein kann sich entscheiden,<\/p>\n<ul>\n<li>wer neugierig auf Kultur und Geschichte ist,<\/li>\n<li>gerne liest und versteht,<\/li>\n<li>Spa\u00df am Kombinieren hat .<\/li>\n<\/ul>\n<p>Um die Entscheidung zu unterst\u00fctzen werden den Klassen der Jahrgangsstufe 5 die F\u00e4cher zum Halbjahreswechsel von Fachkolleginnen und -kollegen vorgestellt. Au\u00dferdem laden wir Sie zu unserer allj\u00e4hrlichen Informationsveranstaltung zur Wahl der zweiten Fremdsprache herzlich ein.<\/p>\n","protected":false},"excerpt":{"rendered":"<p>Information zur Wahl der zweiten Fremdsprache Zu den grundlegenden Bestandteilen des Gymnasiums geh\u00f6rt das Erlernen von zwei Fremdsprachen. Am GGG bedeutet dies, dass mit dem Wechsel in die Jahrgangsstufe 6 f\u00fcr die Sch\u00fclerinnen und Sch\u00fcler mit der ersten Fremdsprache Englisch nun die Entscheidung f\u00fcr Franz\u00f6sisch oder Latein getroffen wird. Den grunds\u00e4tzlichen Nutzen beider Sprachen vorausgesetzt, [&hellip;]<\/p>\n","protected":false},"author":1,"featured_media":0,"parent":0,"menu_order":0,"comment_status":"closed","ping_status":"closed","template":"","meta":{"advgb_blocks_editor_width":"","advgb_blocks_columns_visual_guide":"","ngg_post_thumbnail":0,"footnotes":""},"class_list":["post-35653","page","type-page","status-publish","hentry"],"coauthors":[],"author_meta":{"author_link":"https:\/\/grimmels.de\/wordpress\/author\/webmaster\/","display_name":"webmaster"},"relative_dates":{"created":"Posted 9\u00a0Jahren ago","modified":"Updated 9\u00a0Jahren ago"},"absolute_dates":{"created":"Posted on 12. September 2017","modified":"Updated on 12. September 2017"},"absolute_dates_time":{"created":"Posted on 12. September 2017 14:42","modified":"Updated on 12. September 2017 14:42"},"featured_img_caption":"","featured_img":false,"series_order":"","_links":{"self":[{"href":"https:\/\/grimmels.de\/wordpress\/wp-json\/wp\/v2\/pages\/35653","targetHints":{"allow":["GET"]}}],"collection":[{"href":"https:\/\/grimmels.de\/wordpress\/wp-json\/wp\/v2\/pages"}],"about":[{"href":"https:\/\/grimmels.de\/wordpress\/wp-json\/wp\/v2\/types\/page"}],"author":[{"embeddable":true,"href":"https:\/\/grimmels.de\/wordpress\/wp-json\/wp\/v2\/users\/1"}],"replies":[{"embeddable":true,"href":"https:\/\/grimmels.de\/wordpress\/wp-json\/wp\/v2\/comments?post=35653"}],"version-history":[{"count":1,"href":"https:\/\/grimmels.de\/wordpress\/wp-json\/wp\/v2\/pages\/35653\/revisions"}],"predecessor-version":[{"id":35654,"href":"https:\/\/grimmels.de\/wordpress\/wp-json\/wp\/v2\/pages\/35653\/revisions\/35654"}],"wp:attachment":[{"href":"https:\/\/grimmels.de\/wordpress\/wp-json\/wp\/v2\/media?parent=35653"}],"curies":[{"name":"wp","href":"https:\/\/api.w.org\/{rel}","templated":true}]}}