{"id":35677,"date":"2017-09-28T11:38:42","date_gmt":"2017-09-28T09:38:42","guid":{"rendered":"http:\/\/grimmels.de\/wordpress\/?page_id=35677"},"modified":"2022-10-26T12:26:13","modified_gmt":"2022-10-26T10:26:13","slug":"cafehaus-speisekarte","status":"publish","type":"page","link":"https:\/\/grimmels.de\/wordpress\/cafehaus\/cafehaus-speisekarte\/","title":{"rendered":"Cafehaus-Speisekarte"},"content":{"rendered":"<p><strong><u>Fr\u00fchst\u00fccksangebot und Getr\u00e4nke<\/u><\/strong><\/p>\n<p>Unsere Kaffeebohnen und Kakao beziehen wir von der W+S Kaffeer\u00f6sterei in Altenhasslau. Das Thekenteam des Caf\u00e9hauses aus Sch\u00fcler*innen, Eltern und Lehrkr\u00e4ften bereitet professionell Kaffeespezialit\u00e4ten zu:<\/p>\n<table width=\"60%\">\n<tbody>\n<tr>\n<td width=\"72%\">Kaffee<\/td>\n<td width=\"27%\">1,20 \u20ac<\/td>\n<\/tr>\n<tr>\n<td width=\"72%\">Espresso<\/td>\n<td width=\"27%\">1,00 \u20ac<\/td>\n<\/tr>\n<tr>\n<td width=\"72%\">Cappuccino<\/td>\n<td width=\"27%\">1,50 \u20ac<\/td>\n<\/tr>\n<tr>\n<td width=\"72%\">Milchkaffee &nbsp;&nbsp;<\/td>\n<td width=\"27%\">1,80 \u20ac<\/td>\n<\/tr>\n<tr>\n<td width=\"72%\">Latte Macchiatto<\/td>\n<td width=\"27%\">1,80 \u20ac<\/td>\n<\/tr>\n<tr>\n<td width=\"72%\">Latte \u201eSchocchiato\u201c<\/td>\n<td width=\"27%\">2,00 \u20ac<\/td>\n<\/tr>\n<tr>\n<td width=\"72%\">Kakao, hell oder dunkel<\/td>\n<td width=\"27%\">1,50 \u20ac<\/td>\n<\/tr>\n<tr>\n<td width=\"72%\">verschiedene Sorten Tee<\/td>\n<td width=\"27%\">1,00 \u20ac<\/td>\n<\/tr>\n<tr>\n<td width=\"72%\">Tee mit Milch<\/td>\n<td width=\"27%\">1,20 \u20ac<\/td>\n<\/tr>\n<tr>\n<td width=\"72%\">Bionade<\/td>\n<td width=\"27%\">1,50 \u20ac<\/td>\n<\/tr>\n<tr>\n<td width=\"72%\">Saft<\/td>\n<td width=\"27%\">1,50 \u20ac<\/td>\n<\/tr>\n<tr>\n<td width=\"72%\">Saftschorle<\/td>\n<td width=\"27%\">1,20 \u20ac<\/td>\n<\/tr>\n<tr>\n<td width=\"72%\">Eiskaffee oder Eisschokolade<\/td>\n<td width=\"27%\">2,00 \u20ac<\/td>\n<\/tr>\n<\/tbody>\n<\/table>\n<p>Alle Backwaren&nbsp; werden t\u00e4glich frisch gebacken und mit Liebe geschmiert von ehrenamtlichen Helferinnen und Helfern des Caf\u00e9haus-K\u00fcchenteams.<\/p>\n<table width=\"74%\">\n<tbody>\n<tr>\n<td width=\"81%\">Belegtes K\u00f6rnerbr\u00f6tchen mit Wurst, K\u00e4se oder vegan und Gem\u00fcse<\/td>\n<td width=\"16%\">2,20 \u20ac<\/td>\n<\/tr>\n<tr>\n<td width=\"81%\">Laugenk\u00e4sestange<\/td>\n<td width=\"16%\">1,00 \u20ac<\/td>\n<\/tr>\n<tr>\n<td width=\"81%\">Laugenbrezel<\/td>\n<td width=\"16%\">0,80 \u20ac<\/td>\n<\/tr>\n<tr>\n<td width=\"81%\">Knusperstange<\/td>\n<td width=\"16%\">1,50 \u20ac<\/td>\n<\/tr>\n<tr>\n<td width=\"81%\">Bio-Rosinenbr\u00f6tchen<\/td>\n<td width=\"16%\">1,00 \u20ac<\/td>\n<\/tr>\n<tr>\n<td width=\"81%\">Bio-Nusscroissant<\/td>\n<td width=\"16%\">1,50 \u20ac<\/td>\n<\/tr>\n<tr>\n<td width=\"81%\">Bio-Apfelstrudel<\/td>\n<td width=\"16%\">1,50 \u20ac<\/td>\n<\/tr>\n<tr>\n<td width=\"81%\">Bio-Quarktasche<\/td>\n<td width=\"16%\">1,50 \u20ac<\/td>\n<\/tr>\n<tr>\n<td width=\"81%\">Bio-Zimtschnecke<\/td>\n<td width=\"16%\">1,50 \u20ac<\/td>\n<\/tr>\n<tr>\n<td width=\"81%\">Bio-Fr\u00fcchtem\u00fcsli mit Joghurt und Obstsalat<\/td>\n<td width=\"16%\">2,00 \u20ac<\/td>\n<\/tr>\n<tr>\n<td width=\"81%\">Bio-Schokom\u00fcsli mit Milch und Banane<\/td>\n<td width=\"16%\">2,00 \u20ac<\/td>\n<\/tr>\n<tr>\n<td width=\"81%\">Bananenquark mit Obst, Kirschen oder Schokocrunchy<\/td>\n<td width=\"16%\">1,20 \u20ac<\/td>\n<\/tr>\n<tr>\n<td width=\"81%\">Bio-Obst: Apfel, Birne oder Banane<\/td>\n<td width=\"16%\">0,40 \u20ac<\/td>\n<\/tr>\n<\/tbody>\n<\/table>\n<p><strong><u>S\u00fc\u00dfigkeiten<\/u><\/strong><\/p>\n<p>Unsere S\u00fc\u00dfigkeiten beziehen wir aus dem Weltladen Gelnhausen und von Alnatura.<\/p>\n<table width=\"62%\">\n<tbody>\n<tr>\n<td width=\"40%\">Sch\u00fclerfutter<\/td>\n<td width=\"21%\">0,70 \u20ac<\/td>\n<\/tr>\n<tr>\n<td width=\"40%\">Schokoreiswaffeln<\/td>\n<td width=\"21%\">0,70 \u20ac<\/td>\n<\/tr>\n<tr>\n<td width=\"40%\">Popquins<\/td>\n<td width=\"21%\">0,70 \u20ac<\/td>\n<\/tr>\n<tr>\n<td width=\"40%\">Ger\u00f6steter Mais<\/td>\n<td width=\"21%\">0,70 \u20ac<\/td>\n<\/tr>\n<tr>\n<td width=\"40%\">Bio-Fruchtriegel<\/td>\n<td width=\"21%\">1,10 \u20ac<\/td>\n<\/tr>\n<tr>\n<td width=\"40%\">Bio-Schokoriegel<\/td>\n<td width=\"21%\">1,10 \u20ac<\/td>\n<\/tr>\n<tr>\n<td width=\"40%\">Faire Gummib\u00e4ren<\/td>\n<td width=\"21%\">1,60 \u20ac<\/td>\n<\/tr>\n<tr>\n<td width=\"40%\">Faire Schokolinsen<\/td>\n<td width=\"21%\">1,10 \u20ac<\/td>\n<\/tr>\n<tr>\n<td width=\"40%\">Faire Neapolitaner<\/td>\n<td width=\"21%\">1,10 \u20ac<\/td>\n<\/tr>\n<\/tbody>\n<\/table>\n<p>&nbsp;<\/p>\n<p>&nbsp;<\/p>\n<p><strong><u>Mittagsangebot<\/u><\/strong><\/p>\n<p>Zur Mittagszeit werden wechselnde, ausgewogene Snacks angeboten, wobei auch eine individuelle Zubereitung von Speisen aufgrund von Unvertr\u00e4glichkeiten m\u00f6glich ist.<\/p>\n<p>Hier ein paar Beispiele des wechselnden Mittagsangebots:<\/p>\n<div id='gallery-1' class='gallery galleryid-35677 gallery-columns-5 gallery-size-thumbnail'><figure class='gallery-item'>\n\t\t\t<div class='gallery-icon portrait'>\n\t\t\t\t<a href='https:\/\/grimmels.de\/wordpress\/wp-content\/uploads\/2020\/12\/cafehaus-01.jpg'><img decoding=\"async\" width=\"113\" height=\"150\" src=\"https:\/\/grimmels.de\/wordpress\/wp-content\/uploads\/2020\/12\/cafehaus-01-113x150.jpg\" class=\"attachment-thumbnail size-thumbnail\" alt=\"\" srcset=\"https:\/\/grimmels.de\/wordpress\/wp-content\/uploads\/2020\/12\/cafehaus-01-113x150.jpg 113w, https:\/\/grimmels.de\/wordpress\/wp-content\/uploads\/2020\/12\/cafehaus-01-225x300.jpg 225w, https:\/\/grimmels.de\/wordpress\/wp-content\/uploads\/2020\/12\/cafehaus-01.jpg 768w\" sizes=\"(max-width: 113px) 100vw, 113px\" \/><\/a>\n\t\t\t<\/div><\/figure><figure class='gallery-item'>\n\t\t\t<div class='gallery-icon landscape'>\n\t\t\t\t<a href='https:\/\/grimmels.de\/wordpress\/wp-content\/uploads\/2020\/12\/cafehaus-03.jpg'><img decoding=\"async\" width=\"150\" height=\"84\" src=\"https:\/\/grimmels.de\/wordpress\/wp-content\/uploads\/2020\/12\/cafehaus-03-150x84.jpg\" class=\"attachment-thumbnail size-thumbnail\" alt=\"\" srcset=\"https:\/\/grimmels.de\/wordpress\/wp-content\/uploads\/2020\/12\/cafehaus-03-150x84.jpg 150w, https:\/\/grimmels.de\/wordpress\/wp-content\/uploads\/2020\/12\/cafehaus-03-300x169.jpg 300w, https:\/\/grimmels.de\/wordpress\/wp-content\/uploads\/2020\/12\/cafehaus-03-768x432.jpg 768w, https:\/\/grimmels.de\/wordpress\/wp-content\/uploads\/2020\/12\/cafehaus-03.jpg 1024w\" sizes=\"(max-width: 150px) 100vw, 150px\" \/><\/a>\n\t\t\t<\/div><\/figure><figure class='gallery-item'>\n\t\t\t<div class='gallery-icon landscape'>\n\t\t\t\t<a href='https:\/\/grimmels.de\/wordpress\/wp-content\/uploads\/2020\/12\/cafehaus-04.jpg'><img decoding=\"async\" width=\"150\" height=\"84\" src=\"https:\/\/grimmels.de\/wordpress\/wp-content\/uploads\/2020\/12\/cafehaus-04-150x84.jpg\" class=\"attachment-thumbnail size-thumbnail\" alt=\"\" srcset=\"https:\/\/grimmels.de\/wordpress\/wp-content\/uploads\/2020\/12\/cafehaus-04-150x84.jpg 150w, https:\/\/grimmels.de\/wordpress\/wp-content\/uploads\/2020\/12\/cafehaus-04-300x169.jpg 300w, https:\/\/grimmels.de\/wordpress\/wp-content\/uploads\/2020\/12\/cafehaus-04-768x432.jpg 768w, https:\/\/grimmels.de\/wordpress\/wp-content\/uploads\/2020\/12\/cafehaus-04.jpg 1024w\" sizes=\"(max-width: 150px) 100vw, 150px\" \/><\/a>\n\t\t\t<\/div><\/figure><figure class='gallery-item'>\n\t\t\t<div class='gallery-icon landscape'>\n\t\t\t\t<a href='https:\/\/grimmels.de\/wordpress\/wp-content\/uploads\/2020\/12\/cafehaus-05.jpg'><img loading=\"lazy\" decoding=\"async\" width=\"150\" height=\"84\" src=\"https:\/\/grimmels.de\/wordpress\/wp-content\/uploads\/2020\/12\/cafehaus-05-150x84.jpg\" class=\"attachment-thumbnail size-thumbnail\" alt=\"\" srcset=\"https:\/\/grimmels.de\/wordpress\/wp-content\/uploads\/2020\/12\/cafehaus-05-150x84.jpg 150w, https:\/\/grimmels.de\/wordpress\/wp-content\/uploads\/2020\/12\/cafehaus-05-300x169.jpg 300w, https:\/\/grimmels.de\/wordpress\/wp-content\/uploads\/2020\/12\/cafehaus-05-768x432.jpg 768w, https:\/\/grimmels.de\/wordpress\/wp-content\/uploads\/2020\/12\/cafehaus-05.jpg 1024w\" sizes=\"(max-width: 150px) 100vw, 150px\" \/><\/a>\n\t\t\t<\/div><\/figure><figure class='gallery-item'>\n\t\t\t<div class='gallery-icon portrait'>\n\t\t\t\t<a href='https:\/\/grimmels.de\/wordpress\/wp-content\/uploads\/2020\/12\/cafehaus-02.jpg'><img loading=\"lazy\" decoding=\"async\" width=\"117\" height=\"150\" src=\"https:\/\/grimmels.de\/wordpress\/wp-content\/uploads\/2020\/12\/cafehaus-02-117x150.jpg\" class=\"attachment-thumbnail size-thumbnail\" alt=\"\" srcset=\"https:\/\/grimmels.de\/wordpress\/wp-content\/uploads\/2020\/12\/cafehaus-02-117x150.jpg 117w, https:\/\/grimmels.de\/wordpress\/wp-content\/uploads\/2020\/12\/cafehaus-02-234x300.jpg 234w, https:\/\/grimmels.de\/wordpress\/wp-content\/uploads\/2020\/12\/cafehaus-02-768x983.jpg 768w, https:\/\/grimmels.de\/wordpress\/wp-content\/uploads\/2020\/12\/cafehaus-02.jpg 800w\" sizes=\"(max-width: 117px) 100vw, 117px\" \/><\/a>\n\t\t\t<\/div><\/figure>\n\t\t<\/div>\n\n","protected":false},"excerpt":{"rendered":"<p>Fr\u00fchst\u00fccksangebot und Getr\u00e4nke Unsere Kaffeebohnen und Kakao beziehen wir von der W+S Kaffeer\u00f6sterei in Altenhasslau. Das Thekenteam des Caf\u00e9hauses aus Sch\u00fcler*innen, Eltern und Lehrkr\u00e4ften bereitet professionell Kaffeespezialit\u00e4ten zu: Kaffee 1,20 \u20ac Espresso 1,00 \u20ac Cappuccino 1,50 \u20ac Milchkaffee &nbsp;&nbsp; 1,80 \u20ac Latte Macchiatto 1,80 \u20ac Latte \u201eSchocchiato\u201c 2,00 \u20ac Kakao, hell oder dunkel 1,50 \u20ac [&hellip;]<\/p>\n","protected":false},"author":1,"featured_media":0,"parent":694,"menu_order":0,"comment_status":"closed","ping_status":"closed","template":"","meta":{"advgb_blocks_editor_width":"","advgb_blocks_columns_visual_guide":"","ngg_post_thumbnail":0,"footnotes":""},"class_list":["post-35677","page","type-page","status-publish","hentry"],"coauthors":[],"author_meta":{"author_link":"https:\/\/grimmels.de\/wordpress\/author\/webmaster\/","display_name":"webmaster"},"relative_dates":{"created":"Posted 9\u00a0Jahren ago","modified":"Updated 3\u00a0Jahren ago"},"absolute_dates":{"created":"Posted on 28. September 2017","modified":"Updated on 26. Oktober 2022"},"absolute_dates_time":{"created":"Posted on 28. September 2017 11:38","modified":"Updated on 26. Oktober 2022 12:26"},"featured_img_caption":"","featured_img":false,"series_order":"","_links":{"self":[{"href":"https:\/\/grimmels.de\/wordpress\/wp-json\/wp\/v2\/pages\/35677","targetHints":{"allow":["GET"]}}],"collection":[{"href":"https:\/\/grimmels.de\/wordpress\/wp-json\/wp\/v2\/pages"}],"about":[{"href":"https:\/\/grimmels.de\/wordpress\/wp-json\/wp\/v2\/types\/page"}],"author":[{"embeddable":true,"href":"https:\/\/grimmels.de\/wordpress\/wp-json\/wp\/v2\/users\/1"}],"replies":[{"embeddable":true,"href":"https:\/\/grimmels.de\/wordpress\/wp-json\/wp\/v2\/comments?post=35677"}],"version-history":[{"count":10,"href":"https:\/\/grimmels.de\/wordpress\/wp-json\/wp\/v2\/pages\/35677\/revisions"}],"predecessor-version":[{"id":53291,"href":"https:\/\/grimmels.de\/wordpress\/wp-json\/wp\/v2\/pages\/35677\/revisions\/53291"}],"up":[{"embeddable":true,"href":"https:\/\/grimmels.de\/wordpress\/wp-json\/wp\/v2\/pages\/694"}],"wp:attachment":[{"href":"https:\/\/grimmels.de\/wordpress\/wp-json\/wp\/v2\/media?parent=35677"}],"curies":[{"name":"wp","href":"https:\/\/api.w.org\/{rel}","templated":true}]}}