{"id":35852,"date":"2017-10-23T20:38:49","date_gmt":"2017-10-23T18:38:49","guid":{"rendered":"http:\/\/grimmels.de\/wordpress\/?page_id=35852"},"modified":"2017-10-23T20:38:49","modified_gmt":"2017-10-23T18:38:49","slug":"kiba-quark","status":"publish","type":"page","link":"https:\/\/grimmels.de\/wordpress\/cafehaus\/kiba-quark\/","title":{"rendered":"&#8211; Kiba-Quark"},"content":{"rendered":"<h3>Ein Klassiker aus dem Kulturkeller!<\/h3>\n<p><strong>Zutaten f\u00fcr&nbsp; 8- 10 Portionen<\/strong><\/p>\n<p><u>Kirschkompott:<\/u><\/p>\n<ul>\n<li>1 Glas Sauerkirschen<\/li>\n<li>1 geh\u00e4uften EL Speisest\u00e4rke<\/li>\n<\/ul>\n<p><u>Bananen-Quark:<\/u><\/p>\n<ul>\n<li>500 g Joghurt<\/li>\n<li>500 g Quark (20% Fett)<\/li>\n<li>1-2 EL Zucker, je nach Reife der Bananen<\/li>\n<li>3-4 Bananen<\/li>\n<li>2 EL Zitronensaft<\/li>\n<\/ul>\n<p><strong>Zubereitung<\/strong><\/p>\n<ol>\n<li>Kirschen in ein Sieb gie\u00dfen und Saft auffangen. Saft zum Kochen bringen.<\/li>\n<\/ol>\n<ol start=\"2\">\n<li>St\u00e4rke mit 4 EL Wasser glattr\u00fchren und zum kochenden Saft geben. (Immer sch\u00f6n r\u00fchren) Kurz aufkochen, dann zu den Kirschen geben und abk\u00fchlen lassen.<strong><br \/>\n<\/strong><\/li>\n<\/ol>\n<ol start=\"3\">\n<li>Bananen sch\u00e4len und in St\u00fccke brechen. Mit dem P\u00fcrierstab und Zitronensaft zu Mus p\u00fcrieren.<\/li>\n<\/ol>\n<ol start=\"4\">\n<li>Joghurt, Quark und Zucker gut vermischen, Bananenmus unterr\u00fchren.<\/li>\n<\/ol>\n<ol start=\"5\">\n<li>Quark und Kompott in Gl\u00e4ser schichten und k\u00fchl stellen.<\/li>\n<\/ol>\n<p><strong><em>Tipp:<\/em><\/strong><\/p>\n<p><em>Bananenquark schmeckt auch gut mit frischem Obstsalat oder einfach nur mit Schokom\u00fcsli.<\/em><\/p>\n","protected":false},"excerpt":{"rendered":"<p>Ein Klassiker aus dem Kulturkeller! Zutaten f\u00fcr&nbsp; 8- 10 Portionen Kirschkompott: 1 Glas Sauerkirschen 1 geh\u00e4uften EL Speisest\u00e4rke Bananen-Quark: 500 g Joghurt 500 g Quark (20% Fett) 1-2 EL Zucker, je nach Reife der Bananen 3-4 Bananen 2 EL Zitronensaft Zubereitung Kirschen in ein Sieb gie\u00dfen und Saft auffangen. Saft zum Kochen bringen. St\u00e4rke mit [&hellip;]<\/p>\n","protected":false},"author":1,"featured_media":0,"parent":694,"menu_order":0,"comment_status":"closed","ping_status":"closed","template":"","meta":{"advgb_blocks_editor_width":"","advgb_blocks_columns_visual_guide":"","ngg_post_thumbnail":0,"footnotes":""},"class_list":["post-35852","page","type-page","status-publish","hentry"],"coauthors":[],"author_meta":{"author_link":"https:\/\/grimmels.de\/wordpress\/author\/webmaster\/","display_name":"webmaster"},"relative_dates":{"created":"Posted 8\u00a0Jahren ago","modified":"Updated 8\u00a0Jahren ago"},"absolute_dates":{"created":"Posted on 23. Oktober 2017","modified":"Updated on 23. Oktober 2017"},"absolute_dates_time":{"created":"Posted on 23. Oktober 2017 20:38","modified":"Updated on 23. Oktober 2017 20:38"},"featured_img_caption":"","featured_img":false,"series_order":"","_links":{"self":[{"href":"https:\/\/grimmels.de\/wordpress\/wp-json\/wp\/v2\/pages\/35852","targetHints":{"allow":["GET"]}}],"collection":[{"href":"https:\/\/grimmels.de\/wordpress\/wp-json\/wp\/v2\/pages"}],"about":[{"href":"https:\/\/grimmels.de\/wordpress\/wp-json\/wp\/v2\/types\/page"}],"author":[{"embeddable":true,"href":"https:\/\/grimmels.de\/wordpress\/wp-json\/wp\/v2\/users\/1"}],"replies":[{"embeddable":true,"href":"https:\/\/grimmels.de\/wordpress\/wp-json\/wp\/v2\/comments?post=35852"}],"version-history":[{"count":1,"href":"https:\/\/grimmels.de\/wordpress\/wp-json\/wp\/v2\/pages\/35852\/revisions"}],"predecessor-version":[{"id":35853,"href":"https:\/\/grimmels.de\/wordpress\/wp-json\/wp\/v2\/pages\/35852\/revisions\/35853"}],"up":[{"embeddable":true,"href":"https:\/\/grimmels.de\/wordpress\/wp-json\/wp\/v2\/pages\/694"}],"wp:attachment":[{"href":"https:\/\/grimmels.de\/wordpress\/wp-json\/wp\/v2\/media?parent=35852"}],"curies":[{"name":"wp","href":"https:\/\/api.w.org\/{rel}","templated":true}]}}