{"id":35857,"date":"2017-10-23T20:45:03","date_gmt":"2017-10-23T18:45:03","guid":{"rendered":"http:\/\/grimmels.de\/wordpress\/?page_id=35857"},"modified":"2017-10-23T20:47:43","modified_gmt":"2017-10-23T18:47:43","slug":"mediterraner-couscoussalat","status":"publish","type":"page","link":"https:\/\/grimmels.de\/wordpress\/cafehaus\/mediterraner-couscoussalat\/","title":{"rendered":"Mediterraner Couscoussalat"},"content":{"rendered":"<table>\n<tbody>\n<tr>\n<td><strong>Zutaten f\u00fcr ca. 8 Portionen:<\/strong><\/p>\n<p>&nbsp;<\/p>\n<table>\n<tbody>\n<tr>\n<td>8 EL<\/td>\n<td>&nbsp;<\/td>\n<td width=\"227\">Oliven\u00f6l<\/td>\n<\/tr>\n<tr>\n<td>400 ml<\/td>\n<td>&nbsp;<\/td>\n<td width=\"227\">Gem\u00fcsebr\u00fche<\/td>\n<\/tr>\n<tr>\n<td>300 g<\/td>\n<td>&nbsp;<\/td>\n<td width=\"227\">Couscous<\/td>\n<\/tr>\n<tr>\n<td>200 g<\/td>\n<td>&nbsp;<\/td>\n<td width=\"227\">Feta-K\u00e4se<\/td>\n<\/tr>\n<tr>\n<td>3-4&nbsp;<\/td>\n<td>&nbsp;<\/td>\n<td width=\"227\">Tomaten<\/td>\n<\/tr>\n<tr>\n<td>2<\/td>\n<td>&nbsp;<\/td>\n<td width=\"227\">Rote Zwiebeln<\/td>\n<\/tr>\n<tr>\n<td>2 Bund<\/td>\n<td>&nbsp;<\/td>\n<td width=\"227\">Glatte Petersilie<\/td>\n<\/tr>\n<tr>\n<td>4 EL<\/td>\n<td>&nbsp;<\/td>\n<td width=\"227\">Zitronensaft<\/td>\n<\/tr>\n<tr>\n<td>&nbsp;<\/td>\n<td>&nbsp;<\/td>\n<td width=\"227\">Salz, Pfeffer, Paprika,<\/p>\n<p>Orientalische Gew\u00fcrzmischung<\/td>\n<\/tr>\n<\/tbody>\n<\/table>\n<p><strong>Zubereitung:<\/strong><\/p>\n<ul>\n<li>Gem\u00fcsebr\u00fche mit 1 EL Oliven\u00f6l aufkochen.<\/li>\n<li>Couscous in eine gro\u00dfe Sch\u00fcssel geben, mit der Gem\u00fcsebr\u00fche \u00fcbergie\u00dfen und &nbsp;5 Min. quellen lassen. Mit einer Gabel auflockern und abk\u00fchlen lassen.<\/li>\n<li>Tomaten und Zwiebeln klein w\u00fcrfeln, Petersilie hacken, Fetak\u00e4se zerbr\u00f6seln.<\/li>\n<li>Alle Zutaten mit Zitronensaft und 7 EL Oliven\u00f6l zum Couscous geben und vermischen. Mit den Gew\u00fcrzen abschmecken.<\/li>\n<\/ul>\n<p><strong><em>TIPP:<\/em><\/strong><\/p>\n<p>Man kann den Salat auch noch mit gehackten Oliven, getrockneten Tomaten, Bohnen, Kickererbsen, Ruccola oder frischer Minze zubereiten, je nach Geschmack.<\/p>\n<p>Dazu passt ein leichter Joghurt-Dipp mit Salz, Pfeffer und Paprika gew\u00fcrzt.<\/p>\n<p>&nbsp;<\/p>\n<p><em>Guten Appetit&nbsp; \ud83d\ude0e&nbsp;<\/em><\/td>\n<\/tr>\n<\/tbody>\n<\/table>\n<p>&nbsp;<\/p>\n","protected":false},"excerpt":{"rendered":"<p>Zutaten f\u00fcr ca. 8 Portionen: &nbsp; 8 EL &nbsp; Oliven\u00f6l 400 ml &nbsp; Gem\u00fcsebr\u00fche 300 g &nbsp; Couscous 200 g &nbsp; Feta-K\u00e4se 3-4&nbsp; &nbsp; Tomaten 2 &nbsp; Rote Zwiebeln 2 Bund &nbsp; Glatte Petersilie 4 EL &nbsp; Zitronensaft &nbsp; &nbsp; Salz, Pfeffer, Paprika, Orientalische Gew\u00fcrzmischung Zubereitung: Gem\u00fcsebr\u00fche mit 1 EL Oliven\u00f6l aufkochen. Couscous in eine [&hellip;]<\/p>\n","protected":false},"author":1,"featured_media":0,"parent":694,"menu_order":0,"comment_status":"closed","ping_status":"closed","template":"","meta":{"advgb_blocks_editor_width":"","advgb_blocks_columns_visual_guide":"","ngg_post_thumbnail":0,"footnotes":""},"class_list":["post-35857","page","type-page","status-publish","hentry"],"coauthors":[],"author_meta":{"author_link":"https:\/\/grimmels.de\/wordpress\/author\/webmaster\/","display_name":"webmaster"},"relative_dates":{"created":"Posted 8\u00a0Jahren ago","modified":"Updated 8\u00a0Jahren ago"},"absolute_dates":{"created":"Posted on 23. Oktober 2017","modified":"Updated on 23. Oktober 2017"},"absolute_dates_time":{"created":"Posted on 23. Oktober 2017 20:45","modified":"Updated on 23. Oktober 2017 20:47"},"featured_img_caption":"","featured_img":false,"series_order":"","_links":{"self":[{"href":"https:\/\/grimmels.de\/wordpress\/wp-json\/wp\/v2\/pages\/35857","targetHints":{"allow":["GET"]}}],"collection":[{"href":"https:\/\/grimmels.de\/wordpress\/wp-json\/wp\/v2\/pages"}],"about":[{"href":"https:\/\/grimmels.de\/wordpress\/wp-json\/wp\/v2\/types\/page"}],"author":[{"embeddable":true,"href":"https:\/\/grimmels.de\/wordpress\/wp-json\/wp\/v2\/users\/1"}],"replies":[{"embeddable":true,"href":"https:\/\/grimmels.de\/wordpress\/wp-json\/wp\/v2\/comments?post=35857"}],"version-history":[{"count":3,"href":"https:\/\/grimmels.de\/wordpress\/wp-json\/wp\/v2\/pages\/35857\/revisions"}],"predecessor-version":[{"id":35861,"href":"https:\/\/grimmels.de\/wordpress\/wp-json\/wp\/v2\/pages\/35857\/revisions\/35861"}],"up":[{"embeddable":true,"href":"https:\/\/grimmels.de\/wordpress\/wp-json\/wp\/v2\/pages\/694"}],"wp:attachment":[{"href":"https:\/\/grimmels.de\/wordpress\/wp-json\/wp\/v2\/media?parent=35857"}],"curies":[{"name":"wp","href":"https:\/\/api.w.org\/{rel}","templated":true}]}}