{"id":36013,"date":"2017-11-04T09:33:09","date_gmt":"2017-11-04T08:33:09","guid":{"rendered":"http:\/\/grimmels.de\/wordpress\/?page_id=36013"},"modified":"2020-03-14T11:28:18","modified_gmt":"2020-03-14T10:28:18","slug":"amnesty-schulgruppe","status":"publish","type":"page","link":"https:\/\/grimmels.de\/wordpress\/amnesty-schulgruppe\/","title":{"rendered":"Amnesty Schulgruppe"},"content":{"rendered":"<p><strong><img decoding=\"async\" class=\"size-medium wp-image-36014 alignleft\" src=\"https:\/\/grimmels.de\/wordpress\/wp-content\/uploads\/2017\/11\/amnesty-300x127.jpg\" alt=\"\" width=\"300\" height=\"127\" srcset=\"https:\/\/grimmels.de\/wordpress\/wp-content\/uploads\/2017\/11\/amnesty.jpg 300w, https:\/\/grimmels.de\/wordpress\/wp-content\/uploads\/2017\/11\/amnesty-150x64.jpg 150w\" sizes=\"(max-width: 300px) 100vw, 300px\" \/>Wir sind die Amnesty International AG!<\/strong><\/p>\n<p>Amnesty International? Was machen die nochmal?<\/p>\n<p>Genau diese Frage stellen sich wohl die meisten Sch\u00fcler des GGG, wenn sie Wind von einer unserer Aktionen bekommen. Deshalb stellen wir uns jetzt vor!<\/p>\n<p>\u201eAmnesty International setzt sich weltweit f\u00fcr die Durchsetzung aller in der Allgemeinen Erkl\u00e4rung der Menschenrechte formulierten Rechte ein.\u201c Besonders engagiert sich Amnesty dabei gegen Verbrechen, wie <strong>Folter, Todesstrafe, politischen Mord <\/strong>und das <strong>\u201eVerschwindenlassen\u201c <\/strong>von<strong> Menschen.<\/strong><\/p>\n<p>Es wird daf\u00fcr gek\u00e4mpft, dass diese Taten aufgekl\u00e4rt und die T\u00e4ter bestraft werden. Dabei arbeiten sie unter dem Motto <strong>\u201eGerechtigkeit globalisieren\u201c<\/strong><\/p>\n<p>\u201eDie Organisation recherchiert fortlaufend zur Menschenrechtssituation weltweit und f\u00fchrt Aktionen gegen spezifische Menschenrechtsverletzungen durch.\u201c<\/p>\n<p>So, das war die Kurfassung. Klingt einfach? Ist es nicht!<\/p>\n<p>Deshalb wollen wir euch im Team!<\/p>\n<p>Am GGG habt ihr die M\u00f6glichkeit, euch in unserer Jugendgruppe f\u00fcr Amnesty International zu engagieren! Gemeinsam f\u00fchren wir spannende Aktionen durch.<\/p>\n<p>&nbsp;Unser letztes Projekt, der Briefmarathon, war ein voller Erfolg und so ist es uns gelungen, \u00fcber 300 selbstgeschriebene Briefe und Unterschriften zu sammeln!<\/p>\n<p><strong>\u201eAuf allen Kontinenten haben sich im Dezember Hunderttausende Amnesty-Mitglieder und Unterst\u00fctzerinnen und Unterst\u00fctzer beim Briefmarathon 2016 f\u00fcr Menschen eingesetzt, deren Rechte verletzt werden. In mehr als drei Millionen Briefen (Stand 18. Januar 2017) zeigten sie sich solidarisch mit Menschen in Not und Gefahr und forderten Regierungen auf, die Menschenrechte zu achten.\u201c<\/strong><\/p>\n<p>Im letzten Jahr haben wir au\u00dferdem Umfragen gestartet, Petitionen unterst\u00fctzt und ganz viel Arbeit zu dem, uns pers\u00f6nlich zugeteilten, Fall geleistet!<\/p>\n<p>Bei Interesse k\u00f6nnen sich Grimmels-Sch\u00fcler jederzeit unter <a href=\"mailto:amnesty.ggg@gmail.com\">amnesty.ggg@gmail.com<\/a> &nbsp;melden!<\/p>\n<p>&nbsp;<\/p>\n<p>Quellen: <a href=\"http:\/\/www.amnesty.de\" target=\"_blank\" rel=\"noopener noreferrer\">www.amnesty.de<\/a>, <a href=\"http:\/\/www.wikipedia.de\" target=\"_blank\" rel=\"noopener noreferrer\">www.wikipedia.de<\/a><\/p>\n<p>Emma Desch<\/p>\n","protected":false},"excerpt":{"rendered":"<p>Wir sind die Amnesty International AG! Amnesty International? Was machen die nochmal? Genau diese Frage stellen sich wohl die meisten Sch\u00fcler des GGG, wenn sie Wind von einer unserer Aktionen bekommen. Deshalb stellen wir uns jetzt vor! \u201eAmnesty International setzt sich weltweit f\u00fcr die Durchsetzung aller in der Allgemeinen Erkl\u00e4rung der Menschenrechte formulierten Rechte ein.\u201c [&hellip;]<\/p>\n","protected":false},"author":1,"featured_media":0,"parent":0,"menu_order":0,"comment_status":"closed","ping_status":"closed","template":"","meta":{"advgb_blocks_editor_width":"","advgb_blocks_columns_visual_guide":"","ngg_post_thumbnail":0,"footnotes":""},"class_list":["post-36013","page","type-page","status-publish","hentry"],"coauthors":[],"author_meta":{"author_link":"https:\/\/grimmels.de\/wordpress\/author\/webmaster\/","display_name":"webmaster"},"relative_dates":{"created":"Posted 8\u00a0Jahren ago","modified":"Updated 6\u00a0Jahren ago"},"absolute_dates":{"created":"Posted on 4. November 2017","modified":"Updated on 14. M\u00e4rz 2020"},"absolute_dates_time":{"created":"Posted on 4. November 2017 9:33","modified":"Updated on 14. M\u00e4rz 2020 11:28"},"featured_img_caption":"","featured_img":false,"series_order":"","_links":{"self":[{"href":"https:\/\/grimmels.de\/wordpress\/wp-json\/wp\/v2\/pages\/36013","targetHints":{"allow":["GET"]}}],"collection":[{"href":"https:\/\/grimmels.de\/wordpress\/wp-json\/wp\/v2\/pages"}],"about":[{"href":"https:\/\/grimmels.de\/wordpress\/wp-json\/wp\/v2\/types\/page"}],"author":[{"embeddable":true,"href":"https:\/\/grimmels.de\/wordpress\/wp-json\/wp\/v2\/users\/1"}],"replies":[{"embeddable":true,"href":"https:\/\/grimmels.de\/wordpress\/wp-json\/wp\/v2\/comments?post=36013"}],"version-history":[{"count":3,"href":"https:\/\/grimmels.de\/wordpress\/wp-json\/wp\/v2\/pages\/36013\/revisions"}],"predecessor-version":[{"id":44760,"href":"https:\/\/grimmels.de\/wordpress\/wp-json\/wp\/v2\/pages\/36013\/revisions\/44760"}],"wp:attachment":[{"href":"https:\/\/grimmels.de\/wordpress\/wp-json\/wp\/v2\/media?parent=36013"}],"curies":[{"name":"wp","href":"https:\/\/api.w.org\/{rel}","templated":true}]}}