{"id":36815,"date":"2018-02-05T17:35:56","date_gmt":"2018-02-05T16:35:56","guid":{"rendered":"http:\/\/grimmels.de\/wordpress\/?page_id=36815"},"modified":"2020-11-14T11:59:52","modified_gmt":"2020-11-14T10:59:52","slug":"darstellendes-spiel","status":"publish","type":"page","link":"https:\/\/grimmels.de\/wordpress\/darstellendes-spiel\/","title":{"rendered":"Darstellendes Spiel"},"content":{"rendered":"\n<figure class=\"wp-block-gallery alignleft columns-1 is-cropped wp-block-gallery-1\"><ul class=\"blocks-gallery-grid\"><li class=\"blocks-gallery-item\"><figure><img fetchpriority=\"high\" decoding=\"async\" width=\"793\" height=\"595\" src=\"https:\/\/grimmels.de\/wordpress\/wp-content\/uploads\/2018\/02\/ds1.jpg\" alt=\"\" data-id=\"36816\" data-full-url=\"https:\/\/grimmels.de\/wordpress\/wp-content\/uploads\/2018\/02\/ds1.jpg\" data-link=\"https:\/\/grimmels.de\/wordpress\/darstellendes-spiel\/ds1\/\" class=\"wp-image-36816\" srcset=\"https:\/\/grimmels.de\/wordpress\/wp-content\/uploads\/2018\/02\/ds1.jpg 793w, https:\/\/grimmels.de\/wordpress\/wp-content\/uploads\/2018\/02\/ds1-150x113.jpg 150w, https:\/\/grimmels.de\/wordpress\/wp-content\/uploads\/2018\/02\/ds1-300x225.jpg 300w, https:\/\/grimmels.de\/wordpress\/wp-content\/uploads\/2018\/02\/ds1-768x576.jpg 768w\" sizes=\"(max-width: 793px) 100vw, 793px\" \/><\/figure><\/li><li class=\"blocks-gallery-item\"><figure><img decoding=\"async\" width=\"1024\" height=\"768\" src=\"https:\/\/grimmels.de\/wordpress\/wp-content\/uploads\/2018\/02\/ds2.jpg\" alt=\"\" data-id=\"36817\" data-full-url=\"https:\/\/grimmels.de\/wordpress\/wp-content\/uploads\/2018\/02\/ds2.jpg\" data-link=\"https:\/\/grimmels.de\/wordpress\/darstellendes-spiel\/ds2\/\" class=\"wp-image-36817\" srcset=\"https:\/\/grimmels.de\/wordpress\/wp-content\/uploads\/2018\/02\/ds2.jpg 1024w, https:\/\/grimmels.de\/wordpress\/wp-content\/uploads\/2018\/02\/ds2-150x113.jpg 150w, https:\/\/grimmels.de\/wordpress\/wp-content\/uploads\/2018\/02\/ds2-300x225.jpg 300w, https:\/\/grimmels.de\/wordpress\/wp-content\/uploads\/2018\/02\/ds2-768x576.jpg 768w\" sizes=\"(max-width: 1024px) 100vw, 1024px\" \/><\/figure><\/li><li class=\"blocks-gallery-item\"><figure><img decoding=\"async\" width=\"1024\" height=\"768\" src=\"https:\/\/grimmels.de\/wordpress\/wp-content\/uploads\/2018\/02\/ds3.jpg\" alt=\"\" data-id=\"36818\" data-full-url=\"https:\/\/grimmels.de\/wordpress\/wp-content\/uploads\/2018\/02\/ds3.jpg\" data-link=\"https:\/\/grimmels.de\/wordpress\/darstellendes-spiel\/ds3\/\" class=\"wp-image-36818\" srcset=\"https:\/\/grimmels.de\/wordpress\/wp-content\/uploads\/2018\/02\/ds3.jpg 1024w, https:\/\/grimmels.de\/wordpress\/wp-content\/uploads\/2018\/02\/ds3-150x113.jpg 150w, https:\/\/grimmels.de\/wordpress\/wp-content\/uploads\/2018\/02\/ds3-300x225.jpg 300w, https:\/\/grimmels.de\/wordpress\/wp-content\/uploads\/2018\/02\/ds3-768x576.jpg 768w\" sizes=\"(max-width: 1024px) 100vw, 1024px\" \/><\/figure><\/li><li class=\"blocks-gallery-item\"><figure><img loading=\"lazy\" decoding=\"async\" width=\"642\" height=\"481\" src=\"https:\/\/grimmels.de\/wordpress\/wp-content\/uploads\/2018\/02\/ds5.jpg\" alt=\"\" data-id=\"36819\" data-full-url=\"https:\/\/grimmels.de\/wordpress\/wp-content\/uploads\/2018\/02\/ds5.jpg\" data-link=\"https:\/\/grimmels.de\/wordpress\/darstellendes-spiel\/ds5\/\" class=\"wp-image-36819\" srcset=\"https:\/\/grimmels.de\/wordpress\/wp-content\/uploads\/2018\/02\/ds5.jpg 642w, https:\/\/grimmels.de\/wordpress\/wp-content\/uploads\/2018\/02\/ds5-150x112.jpg 150w, https:\/\/grimmels.de\/wordpress\/wp-content\/uploads\/2018\/02\/ds5-300x225.jpg 300w\" sizes=\"(max-width: 642px) 100vw, 642px\" \/><\/figure><\/li><li class=\"blocks-gallery-item\"><figure><img loading=\"lazy\" decoding=\"async\" width=\"563\" height=\"422\" src=\"https:\/\/grimmels.de\/wordpress\/wp-content\/uploads\/2018\/02\/ds10.jpg\" alt=\"\" data-id=\"36824\" data-full-url=\"https:\/\/grimmels.de\/wordpress\/wp-content\/uploads\/2018\/02\/ds10.jpg\" data-link=\"https:\/\/grimmels.de\/wordpress\/darstellendes-spiel\/ds10\/\" class=\"wp-image-36824\" srcset=\"https:\/\/grimmels.de\/wordpress\/wp-content\/uploads\/2018\/02\/ds10.jpg 563w, https:\/\/grimmels.de\/wordpress\/wp-content\/uploads\/2018\/02\/ds10-150x112.jpg 150w, https:\/\/grimmels.de\/wordpress\/wp-content\/uploads\/2018\/02\/ds10-300x225.jpg 300w\" sizes=\"(max-width: 563px) 100vw, 563px\" \/><\/figure><\/li><li class=\"blocks-gallery-item\"><figure><img loading=\"lazy\" decoding=\"async\" width=\"1024\" height=\"683\" src=\"https:\/\/grimmels.de\/wordpress\/wp-content\/uploads\/2020\/11\/ds2020-13.jpg\" alt=\"\" data-id=\"45488\" data-full-url=\"https:\/\/grimmels.de\/wordpress\/wp-content\/uploads\/2020\/11\/ds2020-13.jpg\" data-link=\"https:\/\/grimmels.de\/wordpress\/darstellendes-spiel\/ds2020-13\/\" class=\"wp-image-45488\" srcset=\"https:\/\/grimmels.de\/wordpress\/wp-content\/uploads\/2020\/11\/ds2020-13.jpg 1024w, https:\/\/grimmels.de\/wordpress\/wp-content\/uploads\/2020\/11\/ds2020-13-300x200.jpg 300w, https:\/\/grimmels.de\/wordpress\/wp-content\/uploads\/2020\/11\/ds2020-13-150x100.jpg 150w, https:\/\/grimmels.de\/wordpress\/wp-content\/uploads\/2020\/11\/ds2020-13-768x512.jpg 768w\" sizes=\"(max-width: 1024px) 100vw, 1024px\" \/><\/figure><\/li><li class=\"blocks-gallery-item\"><figure><img loading=\"lazy\" decoding=\"async\" width=\"1024\" height=\"683\" src=\"https:\/\/grimmels.de\/wordpress\/wp-content\/uploads\/2020\/11\/ds2020-10.jpg\" alt=\"\" data-id=\"45489\" data-full-url=\"https:\/\/grimmels.de\/wordpress\/wp-content\/uploads\/2020\/11\/ds2020-10.jpg\" data-link=\"https:\/\/grimmels.de\/wordpress\/darstellendes-spiel\/ds2020-10\/\" class=\"wp-image-45489\" srcset=\"https:\/\/grimmels.de\/wordpress\/wp-content\/uploads\/2020\/11\/ds2020-10.jpg 1024w, https:\/\/grimmels.de\/wordpress\/wp-content\/uploads\/2020\/11\/ds2020-10-300x200.jpg 300w, https:\/\/grimmels.de\/wordpress\/wp-content\/uploads\/2020\/11\/ds2020-10-150x100.jpg 150w, https:\/\/grimmels.de\/wordpress\/wp-content\/uploads\/2020\/11\/ds2020-10-768x512.jpg 768w\" sizes=\"(max-width: 1024px) 100vw, 1024px\" \/><\/figure><\/li><li class=\"blocks-gallery-item\"><figure><img loading=\"lazy\" decoding=\"async\" width=\"1024\" height=\"683\" src=\"https:\/\/grimmels.de\/wordpress\/wp-content\/uploads\/2020\/11\/ds2020-04.jpg\" alt=\"\" data-id=\"45490\" data-full-url=\"https:\/\/grimmels.de\/wordpress\/wp-content\/uploads\/2020\/11\/ds2020-04.jpg\" data-link=\"https:\/\/grimmels.de\/wordpress\/darstellendes-spiel\/ds2020-04\/\" class=\"wp-image-45490 is-layout-flex wp-block-gallery-is-layout-flex\" srcset=\"https:\/\/grimmels.de\/wordpress\/wp-content\/uploads\/2020\/11\/ds2020-04.jpg 1024w, https:\/\/grimmels.de\/wordpress\/wp-content\/uploads\/2020\/11\/ds2020-04-300x200.jpg 300w, https:\/\/grimmels.de\/wordpress\/wp-content\/uploads\/2020\/11\/ds2020-04-150x100.jpg 150w, https:\/\/grimmels.de\/wordpress\/wp-content\/uploads\/2020\/11\/ds2020-04-768x512.jpg 768w\" sizes=\"(max-width: 1024px) 100vw, 1024px\" \/><\/figure><\/li><\/ul><\/figure>\n\n\n\n<p>Das Fach Darstellendes Spiel ist der j\u00fcngste Fachbereich am Grimmelshausen Gymnasium. Seit 2013 wird Darstellendes Spiel neben Kunst und Musik als drittes musisches Fach unterrichtet, bislang allerdings nur in der Oberstufe. Zur Zeit wird das Fach Darstelllendes Spiel von folgenden Lehrkr\u00e4ften unterrichtet: Paulina Cruz Rubio; Janina Gajewski, Kerstin Geist-Hofmann, Astrid Mitlehner, Katharina Nolde, Christine Heinrich (Fachsprecherin).<\/p>\n\n\n\n<p>Darstellendes Spiel kann ab der E-Phase als Grundkurs, jedoch aufgrund der rechtlichen Vorgaben des HKM nicht als Leistungsfach gew\u00e4hlt werden. &nbsp;Im Abitur kann Darstellendes Spiel als 4. oder 5. Pr\u00fcfungsfach gew\u00e4hlt werden. Voraussetzung daf\u00fcr ist, dass das Fach ab der E-Phase bis einschlie\u00dflich Q4 durchg\u00e4ngig belegt wurde. Als Pr\u00fcfungsformen kommen dabei wahlweise folgende Formen in Frage:<\/p>\n\n\n\n<ul class=\"wp-block-list\"><li>m\u00fcndliche Pr\u00fcfung<\/li><li>Spielpraktische Pr\u00fcfung in Form einer Pr\u00e4sentationspr\u00fcfung<\/li><li>eine besondere Lernleistung<\/li><li>Spielpraktische Pr\u00fcfung mit Gestaltungsaufgabe (mit mindestens 4 w\u00f6chiger Vorbereitungszeit) und m\u00fcndlicher Pr\u00fcfung. <a href=\"https:\/\/kultur.bildung.hessen.de\/kunst\/fachpraktische_pruefung.pdf\">https:\/\/kultur.bildung.hessen.de\/kunst\/fachpraktische_pruefung.pdf<\/a><\/li><\/ul>\n\n\n\n<p>In der Einf\u00fchrungsphase (E1-E2) liegt der Schwerpunkt in der Vermittlung von Grundlagen und Methoden schauspielerischen Arbeitens. Im Mittelpunkt stehen dabei der Spieler und seine Ausdrucksmittel, erste Erfahrungen mit theatralen Zeichensystemen, einfachen dramatischen Strukturen und die Figurenentwicklung. Auch die Grundlagen der Bewegung im theatralen Raum und das Ensemblespiel werden hier vermittelt. W\u00e4hrend einige Sch\u00fclerinnen und Sch\u00fcler bereits aus dem Wahlpflichtunterricht in der Mittelstufe Spielerfahrungen mitbringen, verf\u00fcgt die Mehrzahl zu Beginn der Oberstufe \u00fcber keine tieferen Vorkenntnisse im Fach Darstellenden Spiel. Von daher ist der Unterricht in der Eingangsphase darauf ausgerichtet, f\u00fcr alle gleiche Bedingungen zu schaffen und Freude am Spiel zu f\u00f6rdern.<\/p>\n\n\n\n<p>Im Verlauf der Qualifikationsphase Q1-2 werden im Fach Darstellendes Spiel grundlegende Kenntnisse in Bezug auf Dramaturgie sowie den Einsatz und die Wirkung von theatralen Gestaltungsmitteln und Kompositionsmethoden vermittelt. Die praktische Anwendung und Umsetzung dieser Kenntnisse sollen nicht zuletzt in Q2 im Rahmen einer \u00f6ffentlichen Spielpraktischen Pr\u00fcfung \u00fcberpr\u00fcft und bewertet werden, sondern dienen auch der Hinf\u00fchrung und Vorbereitung der Pr\u00fcfungen im Abitur. Auf der Grundlage eines Themenschwerpunkts oder einer literarischen Vorlage entstehen in Improvisationsprozessen Szenen, die im Laufe des Kurshalbjahres mit theatralen Gestaltungsmitteln und Kompositionsmethoden modifiziert und zu einem Theaterabend zusammengestellt werden.<\/p>\n\n\n\n<p>In den Qualifikationsphasen Q3-Q4 stehen die intensive Besch\u00e4ftigung mit den Merkmalen und Unterschieden des dramatischen und postdramatischen Theaters, die Behandlung verschiedener Theatertheorien (Schwerpunkt 20. Jhd) und die Abfassung von Auff\u00fchrungsrezensionen im Vordergrund.<br>Alle detaillierten Aspekte zum Kerncurriculum Darstellendes Spiel (DS) Gymnasiale Oberstufe finden sich unter folgendem Link:<br><a rel=\"noreferrer noopener\" href=\"https:\/\/kultusministerium.hessen.de\/sites\/default\/files\/media\/kcgo-ds.pdf\" target=\"_blank\">https:\/\/kultusministerium.hessen.de\/sites\/default\/files\/media\/kcgo-ds.pdf<\/a><\/p>\n\n\n\n<p><strong>Verteilung der Klausuren im Fach Darstellendes Spiel<\/strong><\/p>\n\n\n\n<p>In der E-Phase (E1-E2) schreibt man pro Halbjahr jeweils eine Klausur.<br><br>In den Stufen Q1, Q2 und Q3 werden pro Schulhalbjahr jeweils eine Klausur und eine Spielpraktische Pr\u00fcfung als Leistungsnachweis gefordert, wobei die Spielpraktische Pr\u00fcfung in der Q2 als \u00f6ffentliche Auff\u00fchrung pr\u00e4sentiert werden soll. In der Stufe Q4 wird im Zuge des Abiturs nur eine Klausur geschrieben.<br><\/p>\n\n\n\n<p><strong>Fachliteratur in der wissenschaftlichen Bibliothek<\/strong><\/p>\n\n\n\n<p>Zur Aneignung von Fachwissen steht in der Wissenschaftliche B\u00fccherei &nbsp;eine reiche Auswahl an Fachliteratur zur Vorbereitung auf Spielpraktische Pr\u00fcfungen und das Abitur zur Verf\u00fcgung.<\/p>\n\n\n\n<p><strong>Theater AG<\/strong><\/p>\n\n\n\n<p>Zum Fachbereich Darstellendes Spiel geh\u00f6rt auch die Theater AG, die bereits auf eine lange Tradition zur\u00fcckblicken kann. Weitere Informationen finden Sie unter dem folgenden Link:<br><a href=\"https:\/\/grimmels.de\/wordpress\/theater-ag\/\">https:\/\/grimmels.de\/wordpress\/theater-ag\/<\/a><\/p>\n","protected":false},"excerpt":{"rendered":"<p>Das Fach Darstellendes Spiel ist der j\u00fcngste Fachbereich am Grimmelshausen Gymnasium. Seit 2013 wird Darstellendes Spiel neben Kunst und Musik als drittes musisches Fach unterrichtet, bislang allerdings nur in der Oberstufe. Zur Zeit wird das Fach Darstelllendes Spiel von folgenden Lehrkr\u00e4ften unterrichtet: Paulina Cruz Rubio; Janina Gajewski, Kerstin Geist-Hofmann, Astrid Mitlehner, Katharina Nolde, Christine Heinrich [&hellip;]<\/p>\n","protected":false},"author":1,"featured_media":0,"parent":0,"menu_order":0,"comment_status":"closed","ping_status":"closed","template":"","meta":{"advgb_blocks_editor_width":"","advgb_blocks_columns_visual_guide":"","ngg_post_thumbnail":0,"footnotes":""},"class_list":["post-36815","page","type-page","status-publish","hentry"],"coauthors":[],"author_meta":{"author_link":"https:\/\/grimmels.de\/wordpress\/author\/webmaster\/","display_name":"webmaster"},"relative_dates":{"created":"Posted 8\u00a0Jahren ago","modified":"Updated 5\u00a0Jahren ago"},"absolute_dates":{"created":"Posted on 5. Februar 2018","modified":"Updated on 14. November 2020"},"absolute_dates_time":{"created":"Posted on 5. Februar 2018 17:35","modified":"Updated on 14. November 2020 11:59"},"featured_img_caption":"","featured_img":false,"series_order":"","_links":{"self":[{"href":"https:\/\/grimmels.de\/wordpress\/wp-json\/wp\/v2\/pages\/36815","targetHints":{"allow":["GET"]}}],"collection":[{"href":"https:\/\/grimmels.de\/wordpress\/wp-json\/wp\/v2\/pages"}],"about":[{"href":"https:\/\/grimmels.de\/wordpress\/wp-json\/wp\/v2\/types\/page"}],"author":[{"embeddable":true,"href":"https:\/\/grimmels.de\/wordpress\/wp-json\/wp\/v2\/users\/1"}],"replies":[{"embeddable":true,"href":"https:\/\/grimmels.de\/wordpress\/wp-json\/wp\/v2\/comments?post=36815"}],"version-history":[{"count":11,"href":"https:\/\/grimmels.de\/wordpress\/wp-json\/wp\/v2\/pages\/36815\/revisions"}],"predecessor-version":[{"id":45509,"href":"https:\/\/grimmels.de\/wordpress\/wp-json\/wp\/v2\/pages\/36815\/revisions\/45509"}],"wp:attachment":[{"href":"https:\/\/grimmels.de\/wordpress\/wp-json\/wp\/v2\/media?parent=36815"}],"curies":[{"name":"wp","href":"https:\/\/api.w.org\/{rel}","templated":true}]}}