{"id":37688,"date":"2018-05-16T18:01:37","date_gmt":"2018-05-16T16:01:37","guid":{"rendered":"http:\/\/grimmels.de\/wordpress\/?page_id=37688"},"modified":"2019-10-23T18:19:42","modified_gmt":"2019-10-23T16:19:42","slug":"informatik-projekte","status":"publish","type":"page","link":"https:\/\/grimmels.de\/wordpress\/informatik-projekte\/","title":{"rendered":"Informatik-Projekte"},"content":{"rendered":"<p><a href=\"https:\/\/grimmels.de\/wordpress\/arduino-01-start\/\">Arduino-Projekt<\/a> am Tag der Informatik<\/p>\n<p>&nbsp;<\/p>\n<p>Sch\u00fclerinnen und Sch\u00fcler des Informatik-Wahlunterrichts bei Herrn G\u00fcnther setzen neue Ma\u00dfst\u00e4be in der Trickfilmtechnik:<\/p>\n<p>Star Wars &#8211; Blender Animation<br \/>\n<iframe src=\"https:\/\/www.youtube.com\/embed\/2OI39Dv9f_I\" allowfullscreen=\"allowfullscreen\" width=\"560\" height=\"315\" frameborder=\"0\"><\/iframe><\/p>\n<p>Stop Motion &#8211; LKW Crash<br \/>\n<iframe src=\"https:\/\/www.youtube.com\/embed\/wLoedrUn08Y\" allowfullscreen=\"allowfullscreen\" width=\"560\" height=\"315\" frameborder=\"0\"><\/iframe><\/p>\n<p>StopMotion &#8211; Der namenlose Cowboy<br \/>\n<iframe src=\"https:\/\/www.youtube.com\/embed\/sQWHuv7vLNc\" allowfullscreen=\"allowfullscreen\" width=\"560\" height=\"315\" frameborder=\"0\"><\/iframe><\/p>\n<p>Blackbeard im Wlilden Westen<br \/>\n<iframe src=\"https:\/\/www.youtube.com\/embed\/LgGD4QzMurs\" allowfullscreen=\"allowfullscreen\" width=\"560\" height=\"315\" frameborder=\"0\"><\/iframe><\/p>\n<p>Chinesische Multiplikation<br \/>\n<iframe src=\"https:\/\/www.youtube.com\/embed\/arD4nPOcqT0\" allowfullscreen=\"allowfullscreen\" width=\"560\" height=\"315\" frameborder=\"0\"><\/iframe><\/p>\n","protected":false},"excerpt":{"rendered":"<p>Arduino-Projekt am Tag der Informatik &nbsp; Sch\u00fclerinnen und Sch\u00fcler des Informatik-Wahlunterrichts bei Herrn G\u00fcnther setzen neue Ma\u00dfst\u00e4be in der Trickfilmtechnik: Star Wars &#8211; Blender Animation Stop Motion &#8211; LKW Crash StopMotion &#8211; Der namenlose Cowboy Blackbeard im Wlilden Westen Chinesische Multiplikation<\/p>\n","protected":false},"author":1,"featured_media":0,"parent":0,"menu_order":0,"comment_status":"closed","ping_status":"closed","template":"","meta":{"advgb_blocks_editor_width":"","advgb_blocks_columns_visual_guide":"","ngg_post_thumbnail":0,"footnotes":""},"class_list":["post-37688","page","type-page","status-publish","hentry"],"coauthors":[],"author_meta":{"author_link":"https:\/\/grimmels.de\/wordpress\/author\/webmaster\/","display_name":"webmaster"},"relative_dates":{"created":"Posted 8\u00a0Jahren ago","modified":"Updated 6\u00a0Jahren ago"},"absolute_dates":{"created":"Posted on 16. Mai 2018","modified":"Updated on 23. Oktober 2019"},"absolute_dates_time":{"created":"Posted on 16. Mai 2018 18:01","modified":"Updated on 23. Oktober 2019 18:19"},"featured_img_caption":"","featured_img":false,"series_order":"","_links":{"self":[{"href":"https:\/\/grimmels.de\/wordpress\/wp-json\/wp\/v2\/pages\/37688","targetHints":{"allow":["GET"]}}],"collection":[{"href":"https:\/\/grimmels.de\/wordpress\/wp-json\/wp\/v2\/pages"}],"about":[{"href":"https:\/\/grimmels.de\/wordpress\/wp-json\/wp\/v2\/types\/page"}],"author":[{"embeddable":true,"href":"https:\/\/grimmels.de\/wordpress\/wp-json\/wp\/v2\/users\/1"}],"replies":[{"embeddable":true,"href":"https:\/\/grimmels.de\/wordpress\/wp-json\/wp\/v2\/comments?post=37688"}],"version-history":[{"count":2,"href":"https:\/\/grimmels.de\/wordpress\/wp-json\/wp\/v2\/pages\/37688\/revisions"}],"predecessor-version":[{"id":43869,"href":"https:\/\/grimmels.de\/wordpress\/wp-json\/wp\/v2\/pages\/37688\/revisions\/43869"}],"wp:attachment":[{"href":"https:\/\/grimmels.de\/wordpress\/wp-json\/wp\/v2\/media?parent=37688"}],"curies":[{"name":"wp","href":"https:\/\/api.w.org\/{rel}","templated":true}]}}