{"id":43468,"date":"2019-08-26T14:32:46","date_gmt":"2019-08-26T12:32:46","guid":{"rendered":"http:\/\/grimmels.de\/wordpress\/?page_id=43468"},"modified":"2026-02-26T21:15:48","modified_gmt":"2026-02-26T20:15:48","slug":"foerderunterricht","status":"publish","type":"page","link":"https:\/\/grimmels.de\/wordpress\/foerderunterricht\/","title":{"rendered":"F\u00f6rderunterricht"},"content":{"rendered":"\t\t<div data-elementor-type=\"wp-page\" data-elementor-id=\"43468\" class=\"elementor elementor-43468\" data-elementor-post-type=\"page\">\n\t\t\t\t<div class=\"elementor-element elementor-element-e79cf99 e-flex e-con-boxed e-con e-parent\" data-id=\"e79cf99\" data-element_type=\"container\">\n\t\t\t\t\t<div class=\"e-con-inner\">\n\t\t\t\t<div class=\"elementor-element elementor-element-1115974 elementor-widget elementor-widget-heading\" data-id=\"1115974\" data-element_type=\"widget\" data-widget_type=\"heading.default\">\n\t\t\t\t<div class=\"elementor-widget-container\">\n\t\t\t\t\t<h2 class=\"elementor-heading-title elementor-size-default\">F\u00f6rderunterricht<\/h2>\t\t\t\t<\/div>\n\t\t\t\t<\/div>\n\t\t\t\t<div class=\"elementor-element elementor-element-31c9d2a8 elementor-widget elementor-widget-text-editor\" data-id=\"31c9d2a8\" data-element_type=\"widget\" data-widget_type=\"text-editor.default\">\n\t\t\t\t<div class=\"elementor-widget-container\">\n\t\t\t\t\t\t\t\t\t<p>Uns als Grimmelshausen-Gymnasium liegt es am Herzen, Sch\u00fclerinnen und Sch\u00fcler zu unterst\u00fctzen, auch und gerade, wenn nicht die &#8222;befriedigende Leistung&#8220;, die Note 3, erreicht werden konnte. Daher bietet das Grimmels F\u00f6rderunterricht f\u00fcr Sch\u00fclerinnen und Sch\u00fclern in den Hauptf\u00e4chern an. Dieses Angebot ist kostenlos und im Allgemeinen freiwillig.<\/p><p>Ziel des F\u00f6rderunterrichts ist eine Steigerung der Motivation in den betroffenen F\u00e4chern, so dass die Sch\u00fclerinnen und Sch\u00fcler wieder Freude am Unterricht bekommen. Dies wird erreicht, indem Defizite aufgearbeitet werden und die Teilnehmerinnen und Teilnehmer bei der Aneignung aktueller Lerninhalte und der Vorbereitung auf Klassenarbeiten unterst\u00fctzt werden.<\/p><p><strong>Im Schuljahr 2024\/2025 sind folgende F\u00f6rderkurse verf\u00fcgbar:<\/strong><\/p><p>Dar\u00fcber hinaus bieten wir ebenfalls folgende Kurse an:<\/p><ul><li><strong>Deutsch als Zweitsprache <em>(DAZ)<\/em> f\u00fcr alle Jgst.<\/strong><\/li><li><strong>F\u00f6rderkurs f\u00fcr Sch\u00fclerinnen und Sch\u00fcler mit besonderen Schwierigkeiten beim Lesen und Rechtschreiben <em>(LRS)<\/em> f\u00fcr alle Jgst. \u00a0<\/strong><\/li><li><strong>Schwimmen f\u00fcr Jgst. 5<\/strong><\/li><\/ul><p>\u00a0<\/p><p>Die verschiedenen F\u00f6rderkurse finden jeweils einst\u00fcndig an verschiedenen Wochentagen von 13:45 Uhr &#8211; 14:30 Uhr statt. Damit eine Kontinuit\u00e4t des gemeinsamen Lernens gew\u00e4hrleistet ist und die Lerngruppe konzentriert arbeiten kann, ist die Teilnahme ab der Anmeldung f\u00fcr ein Schulhalbjahr verpflichtend.<\/p><p>Die Anmeldungen f\u00fcr die F\u00f6rderkurse erfolgen in diesem Schuljahr zun\u00e4chst auf Vorschlag der Fachlehrerinnen und Fachlehrer der Kinder, d.h. dass diese sich im Bedarfsfall mit den Eltern in Verbindung setzen. Sollten Sie F\u00f6rderbedarf bei Ihrem Kind sehen, k\u00f6nnen Sie sich selbstverst\u00e4ndlich ebenfalls an die Fachlehrerinnen und Fachlehrer wenden, die Ihr Kind ggf. f\u00fcr den F\u00f6rderkurs vorschlagen k\u00f6nnen.<\/p><p>Sollten Sie noch Fragen haben, wenden Sie sich gerne an Herrn Frank Dietz (Frank.Dietz@grimmels.de).<\/p><p>Wir freuen uns, wenn wir Ihrer Tochter\/ Ihrem Sohn mit dieser F\u00f6rderm\u00f6glichkeit helfen k\u00f6nnen.<\/p>\t\t\t\t\t\t\t\t<\/div>\n\t\t\t\t<\/div>\n\t\t\t\t<div class=\"elementor-element elementor-element-54b43ea elementor-widget elementor-widget-image\" data-id=\"54b43ea\" data-element_type=\"widget\" data-widget_type=\"image.default\">\n\t\t\t\t<div class=\"elementor-widget-container\">\n\t\t\t\t\t\t\t\t\t\t\t\t\t\t\t\t<a href=\"https:\/\/grimmels.de\/wordpress\/wp-content\/uploads\/2026\/02\/Aktuell.jpg\" data-elementor-open-lightbox=\"yes\" data-elementor-lightbox-title=\"Aktuell\" data-e-action-hash=\"#elementor-action%3Aaction%3Dlightbox%26settings%3DeyJpZCI6Njk1MTcsInVybCI6Imh0dHBzOlwvXC9ncmltbWVscy5kZVwvd29yZHByZXNzXC93cC1jb250ZW50XC91cGxvYWRzXC8yMDI2XC8wMlwvQWt0dWVsbC5qcGcifQ%3D%3D\">\n\t\t\t\t\t\t\t<img fetchpriority=\"high\" decoding=\"async\" width=\"841\" height=\"595\" src=\"https:\/\/grimmels.de\/wordpress\/wp-content\/uploads\/2026\/02\/Aktuell.jpg\" class=\"attachment-full size-full wp-image-69517\" alt=\"\" srcset=\"https:\/\/grimmels.de\/wordpress\/wp-content\/uploads\/2026\/02\/Aktuell.jpg 841w, https:\/\/grimmels.de\/wordpress\/wp-content\/uploads\/2026\/02\/Aktuell-300x212.jpg 300w, https:\/\/grimmels.de\/wordpress\/wp-content\/uploads\/2026\/02\/Aktuell-150x106.jpg 150w, https:\/\/grimmels.de\/wordpress\/wp-content\/uploads\/2026\/02\/Aktuell-768x543.jpg 768w\" sizes=\"(max-width: 841px) 100vw, 841px\" \/>\t\t\t\t\t\t\t\t<\/a>\n\t\t\t\t\t\t\t\t\t\t\t\t\t\t\t<\/div>\n\t\t\t\t<\/div>\n\t\t\t\t\t<\/div>\n\t\t\t\t<\/div>\n\t\t\t\t<\/div>\n\t\t","protected":false},"excerpt":{"rendered":"<p>F\u00f6rderunterricht Uns als Grimmelshausen-Gymnasium liegt es am Herzen, Sch\u00fclerinnen und Sch\u00fcler zu unterst\u00fctzen, auch und gerade, wenn nicht die &#8222;befriedigende Leistung&#8220;, die Note 3, erreicht werden konnte. Daher bietet das Grimmels F\u00f6rderunterricht f\u00fcr Sch\u00fclerinnen und Sch\u00fclern in den Hauptf\u00e4chern an. Dieses Angebot ist kostenlos und im Allgemeinen freiwillig. Ziel des F\u00f6rderunterrichts ist eine Steigerung der [&hellip;]<\/p>\n","protected":false},"author":1,"featured_media":0,"parent":0,"menu_order":0,"comment_status":"closed","ping_status":"closed","template":"","meta":{"advgb_blocks_editor_width":"","advgb_blocks_columns_visual_guide":"","ngg_post_thumbnail":0,"footnotes":""},"class_list":["post-43468","page","type-page","status-publish","hentry"],"coauthors":[],"author_meta":{"author_link":"https:\/\/grimmels.de\/wordpress\/author\/webmaster\/","display_name":"webmaster"},"relative_dates":{"created":"Posted 7\u00a0Jahren ago","modified":"Updated 2\u00a0Monaten ago"},"absolute_dates":{"created":"Posted on 26. August 2019","modified":"Updated on 26. Februar 2026"},"absolute_dates_time":{"created":"Posted on 26. August 2019 14:32","modified":"Updated on 26. Februar 2026 21:15"},"featured_img_caption":"","featured_img":false,"series_order":"","_links":{"self":[{"href":"https:\/\/grimmels.de\/wordpress\/wp-json\/wp\/v2\/pages\/43468","targetHints":{"allow":["GET"]}}],"collection":[{"href":"https:\/\/grimmels.de\/wordpress\/wp-json\/wp\/v2\/pages"}],"about":[{"href":"https:\/\/grimmels.de\/wordpress\/wp-json\/wp\/v2\/types\/page"}],"author":[{"embeddable":true,"href":"https:\/\/grimmels.de\/wordpress\/wp-json\/wp\/v2\/users\/1"}],"replies":[{"embeddable":true,"href":"https:\/\/grimmels.de\/wordpress\/wp-json\/wp\/v2\/comments?post=43468"}],"version-history":[{"count":27,"href":"https:\/\/grimmels.de\/wordpress\/wp-json\/wp\/v2\/pages\/43468\/revisions"}],"predecessor-version":[{"id":69520,"href":"https:\/\/grimmels.de\/wordpress\/wp-json\/wp\/v2\/pages\/43468\/revisions\/69520"}],"wp:attachment":[{"href":"https:\/\/grimmels.de\/wordpress\/wp-json\/wp\/v2\/media?parent=43468"}],"curies":[{"name":"wp","href":"https:\/\/api.w.org\/{rel}","templated":true}]}}