{"id":43732,"date":"2019-10-13T11:34:20","date_gmt":"2019-10-13T09:34:20","guid":{"rendered":"http:\/\/grimmels.de\/wordpress\/?page_id=43732"},"modified":"2019-10-13T11:43:21","modified_gmt":"2019-10-13T09:43:21","slug":"arduino-01-start","status":"publish","type":"page","link":"https:\/\/grimmels.de\/wordpress\/arduino-01-start\/","title":{"rendered":"Arduino: 01 &#8211; Start"},"content":{"rendered":"<p><a href=\"https:\/\/grimmels.de\/wordpress\/wp-content\/uploads\/2019\/10\/arduino01.gif\"><img fetchpriority=\"high\" decoding=\"async\" class=\"size-medium wp-image-43733 alignright\" src=\"https:\/\/grimmels.de\/wordpress\/wp-content\/uploads\/2019\/10\/arduino01-245x300.gif\" alt=\"\" width=\"245\" height=\"300\" srcset=\"https:\/\/grimmels.de\/wordpress\/wp-content\/uploads\/2019\/10\/arduino01-245x300.gif 245w, https:\/\/grimmels.de\/wordpress\/wp-content\/uploads\/2019\/10\/arduino01-123x150.gif 123w\" sizes=\"(max-width: 245px) 100vw, 245px\" \/><\/a>Entwicklungsumgebung starten<\/p>\n<ol>\n<li style=\"list-style-type: none;\">\n<ol>\n<li>Die Programmiersprache ist an die englische Sprache angelehnt, gut, dass wir das verstehen<\/li>\n<li>Beachte stets Gro\u00df- und Kleinschreibung!<\/li>\n<li>Das Programmger\u00fcst ruft zwei Befehle auf: <em>setup()<\/em> und <em>loop()<\/em>\n<ol>\n<li><em>setup()<\/em> enth\u00e4lt alle Einstellungen, die nur einmalig erfolgen m\u00fcssen<\/li>\n<li><em>loop()<\/em> enth\u00e4lt alle Anweisungen, die st\u00e4ndig wiederholt werden sollen<\/li>\n<\/ol>\n<\/li>\n<li><em>void<\/em> bedeutet leer; <em>sqrt(16)<\/em> liefert im Unterschied dazu eine Antwort, die Zahl 4, <em>loop()<\/em> antwortet nicht, es arbeitet nur<\/li>\n<li>die Klammer hinter einem Befehl bietet die M\u00f6glichkeit, ein Objekt zu Bearbeitung zu \u00fcbergeben, in <em>sqrt(16)<\/em> ist das die Zahl 16, aus der die Wurzel gezogen werden soll<\/li>\n<li>Die geschwungenen Klammern begrenzen die im Zusammenhang mit dem <em>setup()<\/em>&#8211; oder <em>loop()<\/em>-Befehl abzuarbeitenden Anweisungen<\/li>\n<\/ol>\n<\/li>\n<\/ol>\n<p>Hinter dem doppelten Bruchstrich \/\/ steht ein Kommentar, der bei der Ausf\u00fchrung des Programms ignoriert wird<\/p>\n<p>Weiter: <a href=\"https:\/\/grimmels.de\/wordpress\/arduino-02-kommunikation\/\">Kommunikation mit dem Computer<\/a><\/p>\n","protected":false},"excerpt":{"rendered":"<p>Entwicklungsumgebung starten Die Programmiersprache ist an die englische Sprache angelehnt, gut, dass wir das verstehen Beachte stets Gro\u00df- und Kleinschreibung! Das Programmger\u00fcst ruft zwei Befehle auf: setup() und loop() setup() enth\u00e4lt alle Einstellungen, die nur einmalig erfolgen m\u00fcssen loop() enth\u00e4lt alle Anweisungen, die st\u00e4ndig wiederholt werden sollen void bedeutet leer; sqrt(16) liefert im Unterschied dazu [&hellip;]<\/p>\n","protected":false},"author":1,"featured_media":0,"parent":0,"menu_order":0,"comment_status":"closed","ping_status":"closed","template":"","meta":{"advgb_blocks_editor_width":"","advgb_blocks_columns_visual_guide":"","ngg_post_thumbnail":0,"footnotes":""},"class_list":["post-43732","page","type-page","status-publish","hentry"],"coauthors":[],"author_meta":{"author_link":"https:\/\/grimmels.de\/wordpress\/author\/webmaster\/","display_name":"webmaster"},"relative_dates":{"created":"Posted 6\u00a0Jahren ago","modified":"Updated 6\u00a0Jahren ago"},"absolute_dates":{"created":"Posted on 13. Oktober 2019","modified":"Updated on 13. Oktober 2019"},"absolute_dates_time":{"created":"Posted on 13. Oktober 2019 11:34","modified":"Updated on 13. Oktober 2019 11:43"},"featured_img_caption":"","featured_img":false,"series_order":"","_links":{"self":[{"href":"https:\/\/grimmels.de\/wordpress\/wp-json\/wp\/v2\/pages\/43732","targetHints":{"allow":["GET"]}}],"collection":[{"href":"https:\/\/grimmels.de\/wordpress\/wp-json\/wp\/v2\/pages"}],"about":[{"href":"https:\/\/grimmels.de\/wordpress\/wp-json\/wp\/v2\/types\/page"}],"author":[{"embeddable":true,"href":"https:\/\/grimmels.de\/wordpress\/wp-json\/wp\/v2\/users\/1"}],"replies":[{"embeddable":true,"href":"https:\/\/grimmels.de\/wordpress\/wp-json\/wp\/v2\/comments?post=43732"}],"version-history":[{"count":3,"href":"https:\/\/grimmels.de\/wordpress\/wp-json\/wp\/v2\/pages\/43732\/revisions"}],"predecessor-version":[{"id":43741,"href":"https:\/\/grimmels.de\/wordpress\/wp-json\/wp\/v2\/pages\/43732\/revisions\/43741"}],"wp:attachment":[{"href":"https:\/\/grimmels.de\/wordpress\/wp-json\/wp\/v2\/media?parent=43732"}],"curies":[{"name":"wp","href":"https:\/\/api.w.org\/{rel}","templated":true}]}}