{"id":43750,"date":"2019-10-13T13:07:17","date_gmt":"2019-10-13T11:07:17","guid":{"rendered":"http:\/\/grimmels.de\/wordpress\/?page_id=43750"},"modified":"2019-10-23T18:20:47","modified_gmt":"2019-10-23T16:20:47","slug":"arduino-04-aufraeumen","status":"publish","type":"page","link":"https:\/\/grimmels.de\/wordpress\/arduino-04-aufraeumen\/","title":{"rendered":"Arduino: 04 Aufr\u00e4umen"},"content":{"rendered":"<p>Aufr\u00e4umen unserer Schaltung<\/p>\n<ol>\n<li style=\"list-style-type: none;\">\n<ol>\n<li>Damit wir f\u00fcr den letzten Teil unseres Projektes gen\u00fcgend Steckm\u00f6glichkeiten zur Verf\u00fcgung haben, schlie\u00dfen wir einiges an das Breadboard an:\n<ol>\n<li>Das rote Kabel vom Servo kommt auf die rote \u201e+\u201c-Leiste des Breadboards<\/li>\n<li>Das gelbe Kabel vom Servo kommt auf die blaue \u201e-\u201c-Leiste des Breadboards<\/li>\n<li>Das orange Kabel bleibt an Pin3<\/li>\n<li>Vom \u201e5V\u201c-Pin des Arduino legen wir einen roten Draht zur roten \u201e+\u201c-Leiste des Breadboards<\/li>\n<li>Vom \u201eGND\u201c-Pin des Arduino legen wir einen blauen Draht zur blauen \u201e-\u201c-Leiste des Breadboards<\/li>\n<li>Da wir am Programm nichts ge\u00e4ndert haben, sollte der Servo nun wieder wie zuvor arbeiten.<\/li>\n<\/ol>\n<\/li>\n<\/ol>\n<\/li>\n<\/ol>\n<p>Aufr\u00e4umen unseres Programms<\/p>\n<ol>\n<li style=\"list-style-type: none;\">\n<ol>\n<li>F\u00fcr den weiteren Ablauf ben\u00f6tigen wir einiges nicht. Ein Teil davon kann <a href=\"https:\/\/grimmels.de\/wordpress\/wp-content\/uploads\/2019\/10\/arduino04.gif\"><img fetchpriority=\"high\" decoding=\"async\" class=\"size-medium wp-image-43751 alignright\" src=\"https:\/\/grimmels.de\/wordpress\/wp-content\/uploads\/2019\/10\/arduino04-300x197.gif\" alt=\"\" width=\"300\" height=\"197\" srcset=\"https:\/\/grimmels.de\/wordpress\/wp-content\/uploads\/2019\/10\/arduino04-300x197.gif 300w, https:\/\/grimmels.de\/wordpress\/wp-content\/uploads\/2019\/10\/arduino04-150x99.gif 150w\" sizes=\"(max-width: 300px) 100vw, 300px\" \/><\/a>gel\u00f6scht werden\n<ol>\n<li>Im setup()-Teil l\u00f6schen wir den ersten Kommentar:<br \/>\n\/\/ put your setup code here, to run once:<\/li>\n<li>im loop() lassen wir nur die beiden Zeilen mit dem <em>Serial.println()<\/em> und dem <em>delay()<\/em> stehen<\/li>\n<\/ol>\n<\/li>\n<li>Nach dem Hochladen kommt der Motor zum Stillstand.<\/li>\n<\/ol>\n<\/li>\n<\/ol>\n<p><a href=\"https:\/\/grimmels.de\/wordpress\/arduino-05-sensoren-1\/\">Einrichten der Sensoren<\/a><\/p>\n","protected":false},"excerpt":{"rendered":"<p>Aufr\u00e4umen unserer Schaltung Damit wir f\u00fcr den letzten Teil unseres Projektes gen\u00fcgend Steckm\u00f6glichkeiten zur Verf\u00fcgung haben, schlie\u00dfen wir einiges an das Breadboard an: Das rote Kabel vom Servo kommt auf die rote \u201e+\u201c-Leiste des Breadboards Das gelbe Kabel vom Servo kommt auf die blaue \u201e-\u201c-Leiste des Breadboards Das orange Kabel bleibt an Pin3 Vom \u201e5V\u201c-Pin [&hellip;]<\/p>\n","protected":false},"author":1,"featured_media":0,"parent":0,"menu_order":0,"comment_status":"closed","ping_status":"closed","template":"","meta":{"advgb_blocks_editor_width":"","advgb_blocks_columns_visual_guide":"","ngg_post_thumbnail":0,"footnotes":""},"class_list":["post-43750","page","type-page","status-publish","hentry"],"coauthors":[],"author_meta":{"author_link":"https:\/\/grimmels.de\/wordpress\/author\/webmaster\/","display_name":"webmaster"},"relative_dates":{"created":"Posted 6\u00a0Jahren ago","modified":"Updated 6\u00a0Jahren ago"},"absolute_dates":{"created":"Posted on 13. Oktober 2019","modified":"Updated on 23. Oktober 2019"},"absolute_dates_time":{"created":"Posted on 13. Oktober 2019 13:07","modified":"Updated on 23. Oktober 2019 18:20"},"featured_img_caption":"","featured_img":false,"series_order":"","_links":{"self":[{"href":"https:\/\/grimmels.de\/wordpress\/wp-json\/wp\/v2\/pages\/43750","targetHints":{"allow":["GET"]}}],"collection":[{"href":"https:\/\/grimmels.de\/wordpress\/wp-json\/wp\/v2\/pages"}],"about":[{"href":"https:\/\/grimmels.de\/wordpress\/wp-json\/wp\/v2\/types\/page"}],"author":[{"embeddable":true,"href":"https:\/\/grimmels.de\/wordpress\/wp-json\/wp\/v2\/users\/1"}],"replies":[{"embeddable":true,"href":"https:\/\/grimmels.de\/wordpress\/wp-json\/wp\/v2\/comments?post=43750"}],"version-history":[{"count":4,"href":"https:\/\/grimmels.de\/wordpress\/wp-json\/wp\/v2\/pages\/43750\/revisions"}],"predecessor-version":[{"id":43870,"href":"https:\/\/grimmels.de\/wordpress\/wp-json\/wp\/v2\/pages\/43750\/revisions\/43870"}],"wp:attachment":[{"href":"https:\/\/grimmels.de\/wordpress\/wp-json\/wp\/v2\/media?parent=43750"}],"curies":[{"name":"wp","href":"https:\/\/api.w.org\/{rel}","templated":true}]}}