{"id":43858,"date":"2019-10-23T17:41:00","date_gmt":"2019-10-23T15:41:00","guid":{"rendered":"http:\/\/grimmels.de\/wordpress\/?page_id=43858"},"modified":"2019-10-23T18:22:12","modified_gmt":"2019-10-23T16:22:12","slug":"arduino-06-sensoren-2","status":"publish","type":"page","link":"https:\/\/grimmels.de\/wordpress\/arduino-06-sensoren-2\/","title":{"rendered":"Arduino: 06 Sensoren 2"},"content":{"rendered":"<p>Einrichten der Sensoren II<\/p>\n<ol start=\"A\">\n<li style=\"list-style-type: none;\">\n<ol start=\"A\">\n<li>Beide Sensoren zeigen st\u00e4ndig den gr\u00f6\u00dften m\u00f6glichen Wert 1023.<br \/>\nWir m\u00fcssen die Spannung an den Sensoren mit einem Trick reduzieren. Das tun wir im laufenden Betrieb<\/p>\n<ol>\n<li>dazu ben\u00f6tigen wir zwei 330 Ohm Widerst\u00e4nde<\/li>\n<li>mit dem ersten verbinden wir Reihe 30 mit der blauen \u201e-\u201c-Leiste und beobachten den seriellen Monitor<\/li>\n<li>mit dem zweiten verbinden wir Reihe 45 mit der blauen \u201e-\u201c-Leiste und beobachten den seriellen Monitor<\/li>\n<\/ol>\n<\/li>\n<li>Nun k\u00f6nnen wir die Handylampe auf die Sensoren richten und deutliche Ver\u00e4nderungen beobachten<\/li>\n<\/ol>\n<\/li>\n<\/ol>\n<p><a href=\"https:\/\/grimmels.de\/wordpress\/arduino-motornachfuehrung\/\">Abschluss des Projekts<\/a><\/p>\n","protected":false},"excerpt":{"rendered":"<p>Einrichten der Sensoren II Beide Sensoren zeigen st\u00e4ndig den gr\u00f6\u00dften m\u00f6glichen Wert 1023. Wir m\u00fcssen die Spannung an den Sensoren mit einem Trick reduzieren. Das tun wir im laufenden Betrieb dazu ben\u00f6tigen wir zwei 330 Ohm Widerst\u00e4nde mit dem ersten verbinden wir Reihe 30 mit der blauen \u201e-\u201c-Leiste und beobachten den seriellen Monitor mit dem [&hellip;]<\/p>\n","protected":false},"author":1,"featured_media":0,"parent":0,"menu_order":0,"comment_status":"closed","ping_status":"closed","template":"","meta":{"advgb_blocks_editor_width":"","advgb_blocks_columns_visual_guide":"","ngg_post_thumbnail":0,"footnotes":""},"class_list":["post-43858","page","type-page","status-publish","hentry"],"coauthors":[],"author_meta":{"author_link":"https:\/\/grimmels.de\/wordpress\/author\/webmaster\/","display_name":"webmaster"},"relative_dates":{"created":"Posted 6\u00a0Jahren ago","modified":"Updated 6\u00a0Jahren ago"},"absolute_dates":{"created":"Posted on 23. Oktober 2019","modified":"Updated on 23. Oktober 2019"},"absolute_dates_time":{"created":"Posted on 23. Oktober 2019 17:41","modified":"Updated on 23. Oktober 2019 18:22"},"featured_img_caption":"","featured_img":false,"series_order":"","_links":{"self":[{"href":"https:\/\/grimmels.de\/wordpress\/wp-json\/wp\/v2\/pages\/43858","targetHints":{"allow":["GET"]}}],"collection":[{"href":"https:\/\/grimmels.de\/wordpress\/wp-json\/wp\/v2\/pages"}],"about":[{"href":"https:\/\/grimmels.de\/wordpress\/wp-json\/wp\/v2\/types\/page"}],"author":[{"embeddable":true,"href":"https:\/\/grimmels.de\/wordpress\/wp-json\/wp\/v2\/users\/1"}],"replies":[{"embeddable":true,"href":"https:\/\/grimmels.de\/wordpress\/wp-json\/wp\/v2\/comments?post=43858"}],"version-history":[{"count":3,"href":"https:\/\/grimmels.de\/wordpress\/wp-json\/wp\/v2\/pages\/43858\/revisions"}],"predecessor-version":[{"id":43872,"href":"https:\/\/grimmels.de\/wordpress\/wp-json\/wp\/v2\/pages\/43858\/revisions\/43872"}],"wp:attachment":[{"href":"https:\/\/grimmels.de\/wordpress\/wp-json\/wp\/v2\/media?parent=43858"}],"curies":[{"name":"wp","href":"https:\/\/api.w.org\/{rel}","templated":true}]}}