{"id":44901,"date":"2020-05-07T11:40:39","date_gmt":"2020-05-07T09:40:39","guid":{"rendered":"http:\/\/grimmels.de\/wordpress\/?page_id=44901"},"modified":"2024-11-25T18:37:44","modified_gmt":"2024-11-25T17:37:44","slug":"berufs-und-studienorientierung","status":"publish","type":"page","link":"https:\/\/grimmels.de\/wordpress\/berufs-und-studienorientierung\/","title":{"rendered":"Berufliche Orientierung"},"content":{"rendered":"\t\t<div data-elementor-type=\"wp-page\" data-elementor-id=\"44901\" class=\"elementor elementor-44901\" data-elementor-post-type=\"page\">\n\t\t\t\t<div class=\"elementor-element elementor-element-d545280 e-flex e-con-boxed e-con e-parent\" data-id=\"d545280\" data-element_type=\"container\" data-settings=\"{&quot;background_background&quot;:&quot;classic&quot;}\">\n\t\t\t\t\t<div class=\"e-con-inner\">\n\t\t\t\t<div class=\"elementor-element elementor-element-dfda4c3 elementor-widget elementor-widget-heading\" data-id=\"dfda4c3\" data-element_type=\"widget\" data-settings=\"{&quot;motion_fx_motion_fx_scrolling&quot;:&quot;yes&quot;,&quot;motion_fx_translateY_effect&quot;:&quot;yes&quot;,&quot;motion_fx_translateY_affectedRange&quot;:{&quot;unit&quot;:&quot;%&quot;,&quot;size&quot;:&quot;&quot;,&quot;sizes&quot;:{&quot;start&quot;:50,&quot;end&quot;:100}},&quot;motion_fx_translateY_speed&quot;:{&quot;unit&quot;:&quot;px&quot;,&quot;size&quot;:4,&quot;sizes&quot;:[]},&quot;motion_fx_devices&quot;:[&quot;desktop&quot;,&quot;tablet&quot;,&quot;mobile&quot;]}\" data-widget_type=\"heading.default\">\n\t\t\t\t<div class=\"elementor-widget-container\">\n\t\t\t\t\t<h2 class=\"elementor-heading-title elementor-size-default\">Berufliche Orientierung<\/h2>\t\t\t\t<\/div>\n\t\t\t\t<\/div>\n\t\t\t\t\t<\/div>\n\t\t\t\t<\/div>\n\t\t<div class=\"elementor-element elementor-element-2548e74 e-flex e-con-boxed e-con e-parent\" data-id=\"2548e74\" data-element_type=\"container\">\n\t\t\t\t\t<div class=\"e-con-inner\">\n\t\t\t\t<div class=\"elementor-element elementor-element-59d3023 elementor-widget elementor-widget-text-editor\" data-id=\"59d3023\" data-element_type=\"widget\" data-widget_type=\"text-editor.default\">\n\t\t\t\t<div class=\"elementor-widget-container\">\n\t\t\t\t\t\t\t\t\t<p><strong>BO-Programm:\u00a0<\/strong><\/p><ul><li><span data-contrast=\"auto\">Langj\u00e4hrige Erfahrung, regelm\u00e4\u00dfige Evaluation und Anpassung an aktuelle Anforderungen<\/span><span data-ccp-props=\"{&quot;134233117&quot;:true,&quot;134233118&quot;:true,&quot;201341983&quot;:0,&quot;335559740&quot;:240}\">\u00a0<\/span><\/li><li><span data-contrast=\"auto\">Berufsberatung durch Berufserfahrung (Berufeb\u00f6rse):<\/span><span data-ccp-props=\"{&quot;134233117&quot;:true,&quot;134233118&quot;:true,&quot;201341983&quot;:0,&quot;335559740&quot;:240}\">\u00a0<\/span><\/li><li><span data-contrast=\"auto\">Beteiligte: Schulelternbeirat, Verein der Ehemaligen, Oberstufenleitung, BO-Koordinatoren<\/span><span data-ccp-props=\"{&quot;134233117&quot;:true,&quot;134233118&quot;:true,&quot;201341983&quot;:0,&quot;335559740&quot;:240}\">\u00a0<\/span><\/li><li><span data-contrast=\"auto\">Teilnehmende: Betriebe, Universit\u00e4ten, ehemalige Sch\u00fcler\/innen, Eltern, Lehrer\/innen<\/span><span data-ccp-props=\"{&quot;134233117&quot;:true,&quot;134233118&quot;:true,&quot;201341983&quot;:0,&quot;335559740&quot;:240}\">\u00a0<\/span><\/li><li><span data-contrast=\"auto\">Ziel: Praxisnahe Infos zu Berufsfeldern und Betriebspraktika<\/span><span data-ccp-props=\"{&quot;134233117&quot;:true,&quot;134233118&quot;:true,&quot;201341983&quot;:0,&quot;335559740&quot;:240}\">\u00a0<\/span><\/li><li><span data-contrast=\"auto\">Seit 2018 auch f\u00fcr Klasse 10 (E2\/Q2)<\/span><span data-ccp-props=\"{&quot;134233117&quot;:true,&quot;134233118&quot;:true,&quot;201341983&quot;:0,&quot;335559740&quot;:240}\">\u00a0<\/span><\/li><li><span data-contrast=\"none\">Derzeit: \u00dcberarbeitung des Konzeptes; Implementierung ganzj\u00e4hrig in den Vormittag angedacht<\/span><span data-ccp-props=\"{&quot;134233117&quot;:true,&quot;134233118&quot;:true,&quot;201341983&quot;:0,&quot;335559740&quot;:240}\">\u00a0<\/span><\/li><\/ul><p>\u00a0<\/p><p><strong>Bewerbungstraining:\u00a0<\/strong><\/p><ul><li><span data-contrast=\"auto\">Beginn: Klasse 8 in Politik\/Wirtschaft und Deutsch<\/span><span data-ccp-props=\"{&quot;134233117&quot;:true,&quot;134233118&quot;:true,&quot;201341983&quot;:0,&quot;335559740&quot;:240}\">\u00a0<\/span><\/li><li><span data-contrast=\"auto\">Bewerbertrainings in Kooperation mit STRAUSS<\/span><span data-ccp-props=\"{&quot;134233117&quot;:true,&quot;134233118&quot;:true,&quot;201341983&quot;:0,&quot;335559740&quot;:240}\">\u00a0<\/span><\/li><li><span data-contrast=\"auto\">Weiterf\u00fchrung in Klasse 9\/10\/E in Fremdsprachen (Englisch, Franz\u00f6sisch, Spanisch).<\/span><span data-ccp-props=\"{&quot;134233117&quot;:true,&quot;134233118&quot;:true,&quot;201341983&quot;:0,&quot;335559740&quot;:240}\">\u00a0<\/span><\/li><li><span data-contrast=\"auto\">Schwerpunkt: Bewerbungen in Fremdsprachen f\u00fcr europaweite Praktika<\/span><span data-ccp-props=\"{&quot;134233117&quot;:true,&quot;134233118&quot;:true,&quot;201341983&quot;:0,&quot;335559740&quot;:240}\">\u00a0<\/span><\/li><li><span data-contrast=\"auto\">Praktikum in der E-Phase kann au\u00dferhalb Deutschlands stattfinden<\/span><span data-ccp-props=\"{&quot;134233117&quot;:true,&quot;134233118&quot;:true,&quot;201341983&quot;:0,&quot;335559740&quot;:240}\">\u00a0<\/span><\/li><li><span data-contrast=\"auto\">Angebote f\u00fcr die Oberstufe:<\/span><span data-ccp-props=\"{&quot;134233117&quot;:true,&quot;134233118&quot;:true,&quot;201341983&quot;:0,&quot;335559740&quot;:240}\">\u00a0<\/span><\/li><li><span data-contrast=\"auto\">Hochschul- und Ausbildungsbetrieb-Besuche, Berufs- und Studienmessen, Informationsveranstaltungen mit Studierenden am Grimmels<\/span><span data-ccp-props=\"{&quot;134233117&quot;:true,&quot;134233118&quot;:true,&quot;201341983&quot;:0,&quot;335559740&quot;:240}\">\u00a0<\/span><\/li><li><span data-contrast=\"auto\">Infos auf der Homepage (\u201eBO-Angebote\u201c), Oberstufenbrett und per Team<\/span><span data-ccp-props=\"{&quot;134233117&quot;:true,&quot;134233118&quot;:true,&quot;201341983&quot;:0,&quot;335559740&quot;:240}\">\u00a0<\/span><\/li><li><span data-contrast=\"auto\">Derzeit: Planung f\u00fcr einen Workshop zum Thema \u201eErwachsenenleben nach der Schule\u201c in Kooperation mit der Sparkasse<\/span><span data-ccp-props=\"{&quot;134233117&quot;:true,&quot;134233118&quot;:true,&quot;201341983&quot;:0,&quot;335559740&quot;:240}\">\u00a0<\/span><\/li><\/ul><p>\u00a0<\/p><p><strong>Info-Materialien:\u00a0<\/strong><\/p><ul><li><span data-contrast=\"auto\">Stand neben dem Sekretariat: Ausbildungsberufe, Freiwilligendienste, Bewerbungstipps, Stipendien, Unischnuppertag<\/span><span data-contrast=\"auto\">e<\/span><\/li><\/ul><p>\u00a0<\/p><p><strong>Berufsberatung:<\/strong><span data-ccp-props=\"{&quot;134233117&quot;:true,&quot;134233118&quot;:true,&quot;201341983&quot;:0,&quot;335559740&quot;:240}\">\u00a0<\/span><\/p><ul><li><span data-contrast=\"auto\">Ansprechpartnerin: Frau M\u00fcller-Dickert (Bundesagentur f\u00fcr Arbeit), immer donnerstags am Grimmels, Beratungstermine m\u00f6glich<\/span><span data-ccp-props=\"{&quot;134233117&quot;:true,&quot;134233118&quot;:true,&quot;201341983&quot;:0,&quot;335559740&quot;:240}\">\u00a0<\/span><\/li><li><span data-contrast=\"auto\">Klassen-\/Kurstermine j\u00e4hrlich ab Jahrgang 9<\/span><span data-ccp-props=\"{&quot;134233117&quot;:true,&quot;134233118&quot;:true,&quot;201341983&quot;:0,&quot;335559740&quot;:240}\">\u00a0<\/span><\/li><\/ul><p>\u00a0<\/p><p><strong>Betriebspraktika:\u00a0<\/strong><\/p><ul><li><span data-contrast=\"auto\">Infos und Formulare zum Download auf der Schulhomepage<\/span><\/li><\/ul><p><span data-ccp-props=\"{&quot;134233117&quot;:true,&quot;134233118&quot;:true,&quot;201341983&quot;:0,&quot;335559740&quot;:240}\">\u00a0<\/span><\/p><p><strong>Koordinatoren f\u00fcr Berufsorientierung:\u00a0<\/strong><\/p><p><span data-contrast=\"auto\">anna.boss@grimmels.de<\/span><span data-ccp-props=\"{&quot;134233117&quot;:true,&quot;134233118&quot;:true,&quot;201341983&quot;:0,&quot;335559740&quot;:240}\">\u00a0<\/span><\/p><p><span data-contrast=\"auto\">christian.guckes@grimmels.de<\/span><span data-ccp-props=\"{&quot;134233117&quot;:true,&quot;134233118&quot;:true,&quot;201341983&quot;:0,&quot;335559740&quot;:240}\">\u00a0<\/span><\/p>\t\t\t\t\t\t\t\t<\/div>\n\t\t\t\t<\/div>\n\t\t\t\t\t<\/div>\n\t\t\t\t<\/div>\n\t\t\t\t<\/div>\n\t\t","protected":false},"excerpt":{"rendered":"<p>Berufliche Orientierung BO-Programm:\u00a0 Langj\u00e4hrige Erfahrung, regelm\u00e4\u00dfige Evaluation und Anpassung an aktuelle Anforderungen\u00a0 Berufsberatung durch Berufserfahrung (Berufeb\u00f6rse):\u00a0 Beteiligte: Schulelternbeirat, Verein der Ehemaligen, Oberstufenleitung, BO-Koordinatoren\u00a0 Teilnehmende: Betriebe, Universit\u00e4ten, ehemalige Sch\u00fcler\/innen, Eltern, Lehrer\/innen\u00a0 Ziel: Praxisnahe Infos zu Berufsfeldern und Betriebspraktika\u00a0 Seit 2018 auch f\u00fcr Klasse 10 (E2\/Q2)\u00a0 Derzeit: \u00dcberarbeitung des Konzeptes; Implementierung ganzj\u00e4hrig in den Vormittag angedacht\u00a0 \u00a0 [&hellip;]<\/p>\n","protected":false},"author":1,"featured_media":0,"parent":0,"menu_order":0,"comment_status":"closed","ping_status":"closed","template":"","meta":{"advgb_blocks_editor_width":"","advgb_blocks_columns_visual_guide":"","ngg_post_thumbnail":0,"footnotes":""},"class_list":["post-44901","page","type-page","status-publish","hentry"],"coauthors":[],"author_meta":{"author_link":"https:\/\/grimmels.de\/wordpress\/author\/webmaster\/","display_name":"webmaster"},"relative_dates":{"created":"Posted 6\u00a0Jahren ago","modified":"Updated 1\u00a0Jahr ago"},"absolute_dates":{"created":"Posted on 7. Mai 2020","modified":"Updated on 25. November 2024"},"absolute_dates_time":{"created":"Posted on 7. Mai 2020 11:40","modified":"Updated on 25. November 2024 18:37"},"featured_img_caption":"","featured_img":false,"series_order":"","_links":{"self":[{"href":"https:\/\/grimmels.de\/wordpress\/wp-json\/wp\/v2\/pages\/44901","targetHints":{"allow":["GET"]}}],"collection":[{"href":"https:\/\/grimmels.de\/wordpress\/wp-json\/wp\/v2\/pages"}],"about":[{"href":"https:\/\/grimmels.de\/wordpress\/wp-json\/wp\/v2\/types\/page"}],"author":[{"embeddable":true,"href":"https:\/\/grimmels.de\/wordpress\/wp-json\/wp\/v2\/users\/1"}],"replies":[{"embeddable":true,"href":"https:\/\/grimmels.de\/wordpress\/wp-json\/wp\/v2\/comments?post=44901"}],"version-history":[{"count":20,"href":"https:\/\/grimmels.de\/wordpress\/wp-json\/wp\/v2\/pages\/44901\/revisions"}],"predecessor-version":[{"id":61650,"href":"https:\/\/grimmels.de\/wordpress\/wp-json\/wp\/v2\/pages\/44901\/revisions\/61650"}],"wp:attachment":[{"href":"https:\/\/grimmels.de\/wordpress\/wp-json\/wp\/v2\/media?parent=44901"}],"curies":[{"name":"wp","href":"https:\/\/api.w.org\/{rel}","templated":true}]}}