{"id":44908,"date":"2020-05-07T12:03:17","date_gmt":"2020-05-07T10:03:17","guid":{"rendered":"http:\/\/grimmels.de\/wordpress\/?page_id=44908"},"modified":"2022-11-03T18:18:42","modified_gmt":"2022-11-03T17:18:42","slug":"bo-angebote","status":"publish","type":"page","link":"https:\/\/grimmels.de\/wordpress\/berufs-und-studienorientierung\/bo-angebote\/","title":{"rendered":"BO-Angebote"},"content":{"rendered":"<h5>Externe Angebote:<\/h5>\r\n<table style=\"border-collapse: collapse; width: 100%;\">\r\n<tbody>\r\n<tr>\r\n<td style=\"width: 50%;\"><a href=\"https:\/\/grimmels.de\/wordpress\/wp-content\/uploads\/2022\/11\/TVG_Sportjournalist.jpg\"><img fetchpriority=\"high\" decoding=\"async\" class=\"alignleft size-full wp-image-53324\" src=\"https:\/\/grimmels.de\/wordpress\/wp-content\/uploads\/2022\/11\/TVG_Sportjournalist.jpg\" alt=\"\" width=\"300\" height=\"186\" srcset=\"https:\/\/grimmels.de\/wordpress\/wp-content\/uploads\/2022\/11\/TVG_Sportjournalist.jpg 300w, https:\/\/grimmels.de\/wordpress\/wp-content\/uploads\/2022\/11\/TVG_Sportjournalist-150x93.jpg 150w\" sizes=\"(max-width: 300px) 100vw, 300px\" \/><\/a><\/td>\r\n<td style=\"width: 50%; vertical-align: middle;\">\r\n<p>&nbsp;<\/p>\r\n<p><u>Traumberuf Sportjournalist<\/u><\/p>\r\n<p>Du bist sport- und medieninteressiert und m\u00f6chtest ausprobieren, ob Sportjournalist wirklich dein Traumberuf ist? In der Medienabteilung des Handball-Drittligisten TV Gelnhausen kannst du dich unter professioneller Anleitung nach Herzenslust ausprobieren. <a href=\"https:\/\/www.tvgelnhausen-handball.de\/allgemein\/2022\/09\/15\/tv-gelnhausen-sucht-unterstuetzung-bei-der-medienarbeit\/\" target=\"_blank\" rel=\"noopener\">Hier findest du alle weiteren Infos.<\/a><\/p>\r\n<\/td>\r\n<\/tr>\r\n<tr>\r\n<td style=\"width: 50%;\"><img decoding=\"async\" class=\"alignnone size-full wp-image-48514\" src=\"https:\/\/grimmels.de\/wordpress\/wp-content\/uploads\/2021\/11\/umicorelogo.jpg\" alt=\"\" width=\"183\" height=\"102\" srcset=\"https:\/\/grimmels.de\/wordpress\/wp-content\/uploads\/2021\/11\/umicorelogo.jpg 183w, https:\/\/grimmels.de\/wordpress\/wp-content\/uploads\/2021\/11\/umicorelogo-150x84.jpg 150w\" sizes=\"(max-width: 183px) 100vw, 183px\" \/><\/td>\r\n<td style=\"width: 50%; vertical-align: middle;\">\r\n<p><a href=\"https:\/\/www.umicore.de\/de\/karriere\/wir-suchen\/\" target=\"_blank\" rel=\"noopener\">Ausbildung und Duales Studium<\/a> bei Umicore<\/p>\r\n<\/td>\r\n<\/tr>\r\n<tr>\r\n<td style=\"width: 50%;\"><img decoding=\"async\" class=\"alignnone size-medium wp-image-48515\" src=\"https:\/\/grimmels.de\/wordpress\/wp-content\/uploads\/2021\/11\/naumannlogo-300x48.png\" alt=\"\" width=\"300\" height=\"48\" srcset=\"https:\/\/grimmels.de\/wordpress\/wp-content\/uploads\/2021\/11\/naumannlogo-300x48.png 300w, https:\/\/grimmels.de\/wordpress\/wp-content\/uploads\/2021\/11\/naumannlogo-1024x163.png 1024w, https:\/\/grimmels.de\/wordpress\/wp-content\/uploads\/2021\/11\/naumannlogo-150x24.png 150w, https:\/\/grimmels.de\/wordpress\/wp-content\/uploads\/2021\/11\/naumannlogo-768x122.png 768w, https:\/\/grimmels.de\/wordpress\/wp-content\/uploads\/2021\/11\/naumannlogo.png 1278w\" sizes=\"(max-width: 300px) 100vw, 300px\" \/><\/td>\r\n<td style=\"width: 50%; vertical-align: middle;\">\r\n<p>Ausbildung beim <a href=\"https:\/\/www.dpn-media.de\/ausbildung\" target=\"_blank\" rel=\"noopener\">Druck- und Pressehaus Naumann<\/a> in Gelnhausen<\/p>\r\n<\/td>\r\n<\/tr>\r\n<tr>\r\n<td style=\"width: 50%;\"><img loading=\"lazy\" decoding=\"async\" class=\"alignnone size-full wp-image-48518\" src=\"https:\/\/grimmels.de\/wordpress\/wp-content\/uploads\/2021\/11\/pumlogo.jpg\" alt=\"\" width=\"295\" height=\"103\" srcset=\"https:\/\/grimmels.de\/wordpress\/wp-content\/uploads\/2021\/11\/pumlogo.jpg 295w, https:\/\/grimmels.de\/wordpress\/wp-content\/uploads\/2021\/11\/pumlogo-150x52.jpg 150w\" sizes=\"(max-width: 295px) 100vw, 295px\" \/><\/td>\r\n<td style=\"width: 50%; vertical-align: middle;\">\r\n<p>Informations- und Beratungsangebote zur <a href=\"https:\/\/grimmels.de\/wordpress\/wp-content\/uploads\/2021\/11\/Marburg_Uni_Studienorientierung.pdf\" target=\"_blank\" rel=\"noopener\">Studienorientierung an der Philipps Universit\u00e4t Marburg<\/a><\/p>\r\n<\/td>\r\n<\/tr>\r\n<tr>\r\n<td style=\"width: 50%;\"><img loading=\"lazy\" decoding=\"async\" class=\"alignnone size-medium wp-image-48520\" src=\"https:\/\/grimmels.de\/wordpress\/wp-content\/uploads\/2021\/11\/mercedes-300x88.jpg\" alt=\"\" width=\"300\" height=\"88\" srcset=\"https:\/\/grimmels.de\/wordpress\/wp-content\/uploads\/2021\/11\/mercedes-300x88.jpg 300w, https:\/\/grimmels.de\/wordpress\/wp-content\/uploads\/2021\/11\/mercedes-150x44.jpg 150w, https:\/\/grimmels.de\/wordpress\/wp-content\/uploads\/2021\/11\/mercedes.jpg 342w\" sizes=\"(max-width: 300px) 100vw, 300px\" \/><\/td>\r\n<td style=\"width: 50%; vertical-align: middle;\">\r\n<p><a href=\"https:\/\/grimmels.de\/wordpress\/wp-content\/uploads\/2021\/11\/Mercedes_Benz_Duales_Bachelorstudium.pdf\" target=\"_blank\" rel=\"noopener\">Duales Hochschulstudium bei Merzedes-Benz<\/a><\/p>\r\n<\/td>\r\n<\/tr>\r\n<tr>\r\n<td style=\"width: 50%;\"><img loading=\"lazy\" decoding=\"async\" class=\"alignleft size-full wp-image-44977\" src=\"https:\/\/grimmels.de\/wordpress\/wp-content\/uploads\/2020\/06\/hessen.jpg\" alt=\"\" width=\"109\" height=\"127\"><\/td>\r\n<td style=\"width: 50%; vertical-align: middle;\">\r\n<p>Das Land Hessen ben\u00f6tigt stetig qualifizierten Nachwuchs und bietet daher eine Vielzahl an dualen Studieng\u00e4ngen im IT-Bereich in Kooperation mit Hochschulen in ganz Deutschland an:<\/p>\r\n<p>Die Studierenden erwartet eine attraktive Verg\u00fctung, spannende Projekte in einem ambitionierten Team und bei sehr guten \u00dcbernahmechancen vielf\u00e4ltige Karrierem\u00f6glichkeiten.<\/p>\r\n<p>Weitere Informationen hierzu finden Sie unter:<\/p>\r\n<p><a href=\"https:\/\/hzd.hessen.de\/karriere\" target=\"_blank\" rel=\"noopener noreferrer\">https:\/\/hzd.hessen.de\/karriere<\/a><\/p>\r\n<p><a href=\"https:\/\/hcc-karriere.hessen.de\/\" target=\"_blank\" rel=\"noopener noreferrer\">https:\/\/hcc-karriere.hessen.de\/<\/a><\/p>\r\n<p><a href=\"https:\/\/it.hessen.de\" target=\"_blank\" rel=\"noopener noreferrer\">https:\/\/it.hessen.de<\/a><\/p>\r\n<\/td>\r\n<\/tr>\r\n<tr>\r\n<td style=\"width: 50%;\"><em><img loading=\"lazy\" decoding=\"async\" class=\"alignleft size-medium wp-image-44974\" src=\"https:\/\/grimmels.de\/wordpress\/wp-content\/uploads\/2020\/06\/planbock-300x221.jpg\" alt=\"\" width=\"300\" height=\"221\" srcset=\"https:\/\/grimmels.de\/wordpress\/wp-content\/uploads\/2020\/06\/planbock-300x221.jpg 300w, https:\/\/grimmels.de\/wordpress\/wp-content\/uploads\/2020\/06\/planbock-150x110.jpg 150w, https:\/\/grimmels.de\/wordpress\/wp-content\/uploads\/2020\/06\/planbock.jpg 337w\" sizes=\"(max-width: 300px) 100vw, 300px\" \/><\/em><\/td>\r\n<td style=\"width: 50%; vertical-align: middle;\">\r\n<p><a href=\"https:\/\/www.djia.de\/bewerben\/infotage\/\" target=\"_blank\" rel=\"noopener noreferrer\"><strong>Was ist das Diakonische Jahr im Ausland (DJiA)?<\/strong><\/a><\/p>\r\n<p>Wie in einem FSJ k\u00f6nnen junge Erwachsene sich in einem Gap Year Zeit f\u00fcr sich und andere nehmen. Sie engagieren sich in sozial-diakonischen Projekten. Gleichzeitig erleben sie ein unvergessliches Jahr voller Erfahrungen:<\/p>\r\n<p><em>Andere Sprache! <br><\/em><em>Andere Kultur! <br><\/em><em>Ausland hautnah erleben<\/em><\/p>\r\n<\/td>\r\n<\/tr>\r\n<tr>\r\n<td style=\"width: 50%;\"><a href=\"https:\/\/dualeausbildung-hessen.de\/\" target=\"_blank\" rel=\"noopener noreferrer\"><img loading=\"lazy\" decoding=\"async\" class=\"alignleft wp-image-44947 size-medium\" src=\"https:\/\/grimmels.de\/wordpress\/wp-content\/uploads\/2020\/05\/dualonline-300x186.jpg\" alt=\"\" width=\"300\" height=\"186\" srcset=\"https:\/\/grimmels.de\/wordpress\/wp-content\/uploads\/2020\/05\/dualonline-300x186.jpg 300w, https:\/\/grimmels.de\/wordpress\/wp-content\/uploads\/2020\/05\/dualonline-150x93.jpg 150w, https:\/\/grimmels.de\/wordpress\/wp-content\/uploads\/2020\/05\/dualonline.jpg 400w\" sizes=\"(max-width: 300px) 100vw, 300px\" \/><\/a><\/td>\r\n<td style=\"width: 50%; vertical-align: middle;\">\r\n<p style=\"text-align: center;\">Online-Sprechstunde \u201eWie weiter nach der Schule?\u201c<\/p>\r\n<\/td>\r\n<\/tr>\r\n<tr>\r\n<td style=\"width: 50%;\">\r\n<div class=\"wp-block-image\"><a href=\"https:\/\/erleben.h-da.de\/\" target=\"_blank\" rel=\"noopener noreferrer\"><img loading=\"lazy\" decoding=\"async\" class=\"alignleft wp-image-44924 size-full\" src=\"https:\/\/grimmels.de\/wordpress\/wp-content\/uploads\/2020\/05\/bo-campus-da.jpg\" alt=\"\" width=\"205\" height=\"237\" srcset=\"https:\/\/grimmels.de\/wordpress\/wp-content\/uploads\/2020\/05\/bo-campus-da.jpg 205w, https:\/\/grimmels.de\/wordpress\/wp-content\/uploads\/2020\/05\/bo-campus-da-130x150.jpg 130w\" sizes=\"(max-width: 205px) 100vw, 205px\" \/><\/a><\/div>\r\n<\/td>\r\n<td style=\"width: 50%; text-align: center; vertical-align: middle;\">\r\n<p>Campusf\u00fchrungen der <br>Hochschule Darmstadt<br>University of Applied Sciences<\/p>\r\n<\/td>\r\n<\/tr>\r\n<\/tbody>\r\n<\/table>\r\n\r\n\r\n\r\n<p class=\"has-text-align-center\"><br><br><br><br><br><\/p>\r\n\r\n\r\n","protected":false},"excerpt":{"rendered":"<p>Externe Angebote: &nbsp; Traumberuf Sportjournalist Du bist sport- und medieninteressiert und m\u00f6chtest ausprobieren, ob Sportjournalist wirklich dein Traumberuf ist? In der Medienabteilung des Handball-Drittligisten TV Gelnhausen kannst du dich unter professioneller Anleitung nach Herzenslust ausprobieren. Hier findest du alle weiteren Infos. Ausbildung und Duales Studium bei Umicore Ausbildung beim Druck- und Pressehaus Naumann in Gelnhausen [&hellip;]<\/p>\n","protected":false},"author":1,"featured_media":0,"parent":44901,"menu_order":0,"comment_status":"closed","ping_status":"closed","template":"","meta":{"advgb_blocks_editor_width":"","advgb_blocks_columns_visual_guide":"","ngg_post_thumbnail":0,"footnotes":""},"class_list":["post-44908","page","type-page","status-publish","hentry"],"coauthors":[],"author_meta":{"author_link":"https:\/\/grimmels.de\/wordpress\/author\/webmaster\/","display_name":"webmaster"},"relative_dates":{"created":"Posted 6\u00a0Jahren ago","modified":"Updated 3\u00a0Jahren ago"},"absolute_dates":{"created":"Posted on 7. Mai 2020","modified":"Updated on 3. November 2022"},"absolute_dates_time":{"created":"Posted on 7. Mai 2020 12:03","modified":"Updated on 3. November 2022 18:18"},"featured_img_caption":"","featured_img":false,"series_order":"","_links":{"self":[{"href":"https:\/\/grimmels.de\/wordpress\/wp-json\/wp\/v2\/pages\/44908","targetHints":{"allow":["GET"]}}],"collection":[{"href":"https:\/\/grimmels.de\/wordpress\/wp-json\/wp\/v2\/pages"}],"about":[{"href":"https:\/\/grimmels.de\/wordpress\/wp-json\/wp\/v2\/types\/page"}],"author":[{"embeddable":true,"href":"https:\/\/grimmels.de\/wordpress\/wp-json\/wp\/v2\/users\/1"}],"replies":[{"embeddable":true,"href":"https:\/\/grimmels.de\/wordpress\/wp-json\/wp\/v2\/comments?post=44908"}],"version-history":[{"count":39,"href":"https:\/\/grimmels.de\/wordpress\/wp-json\/wp\/v2\/pages\/44908\/revisions"}],"predecessor-version":[{"id":53325,"href":"https:\/\/grimmels.de\/wordpress\/wp-json\/wp\/v2\/pages\/44908\/revisions\/53325"}],"up":[{"embeddable":true,"href":"https:\/\/grimmels.de\/wordpress\/wp-json\/wp\/v2\/pages\/44901"}],"wp:attachment":[{"href":"https:\/\/grimmels.de\/wordpress\/wp-json\/wp\/v2\/media?parent=44908"}],"curies":[{"name":"wp","href":"https:\/\/api.w.org\/{rel}","templated":true}]}}