{"id":44909,"date":"2020-05-07T11:49:36","date_gmt":"2020-05-07T09:49:36","guid":{"rendered":"http:\/\/grimmels.de\/wordpress\/?page_id=44909"},"modified":"2021-11-24T11:34:23","modified_gmt":"2021-11-24T10:34:23","slug":"infos-zu-den-betriebspraktika","status":"publish","type":"page","link":"https:\/\/grimmels.de\/wordpress\/berufs-und-studienorientierung\/infos-zu-den-betriebspraktika\/","title":{"rendered":"Infos zu den Betriebspraktika"},"content":{"rendered":"\n<p><a href=\"https:\/\/grimmels.de\/wordpress\/download\/\">Alle Formulare und Informationsbl\u00e4tter zum Betriebspraktikum finden sie hier.<\/a><\/p>\n\n\n\n<p>Betriebspraktika bilden eine wichtige S\u00e4ule der Beruflichen Orientierung. Mit ihrer Hilfe soll Sch\u00fclerinnen und Sch\u00fclern die M\u00f6glichkeit gegeben werden, \u201eexemplarische Einsichten in das Arbeits-, Berufs- und Wirtschaftsleben zu erhalten. Eigene Erfahrungen der betrieblichen Praxis, Gespr\u00e4che mit Betriebsangeh\u00f6rigen und Erkundungen des betrieblichen Umfeldes vermitteln den Sch\u00fclerinnen und Sch\u00fclern wichtige Erkenntnisse f\u00fcr ihre Berufliche Orientierung und f\u00f6rdern den Einstieg in die Berufsausbildung und Berufst\u00e4tigkeit\u201c (Verordnung f\u00fcr Berufliche Orientierung in Schulen (VOBO) vom 17. Juli 2018).<\/p>\n\n\n\n<p>Am Grimmelshausen-Gymnasium findet jeweils in der 9. Jahrgangsstufe und in der E-Phase ein Betriebspraktikum statt. Die beiden Betriebspraktika unterscheiden sich ein wenig in ihrer Ausrichtung.<\/p>\n\n\n\n<p>In der <strong>Jahrgangsstufe 9<\/strong> handelt es sich um ein \u201eBetriebserkundungspraktikum\u201c, in dessen Mittelpunkt sowohl die Erfahrungen, die man \u00fcber sich selbst macht, als auch der Praktikums<strong>betrieb <\/strong>stehen. Der Betrieb im Wirtschaftsgeschehen wird genauer untersucht, wobei sich z.B. folgende Fragen stellen: \u201eWelche Produkte stellt der Betrieb her bzw. verkauft er oder welche Dienstleistungen bietet er an? Vor welchen Herausforderungen steht der Betrieb? Wie wirken sich Konjunktur und Wettbewerb auf den Betrieb aus? Wieweit ist die Digitalisierung im Betrieb vorangeschritten? Wie nachhaltig arbeitet der Betrieb?\u201c. Anhand dieser Auflistung wird deutlich, dass einige Praktikumspl\u00e4tze eher ungeeignet sind f\u00fcr die Wahl des Betriebspraktikums in der Jahrgangsstufe 9.<\/p>\n\n\n\n<p>In der <strong>E-Phase<\/strong> findet ein Praktikum mit <strong>beruflichem <\/strong>Schwerpunkt statt. Im Mittelpunkt stehen folglich die Berufe, die in den ausgew\u00e4hlten Unternehmen bzw. Institutionen angeboten werden. Daher eignen sich z.B. auch \u00f6ffentliche Verwaltungen, Schulen, Kinderg\u00e4rten und Polizei besser f\u00fcr dieses Praktikum als f\u00fcr das in der Jahrgangsstufe 9. Die Sch\u00fclerinnen und Sch\u00fcler erhalten die M\u00f6glichkeit, ihre Vorstellungen zu den angebotenen Berufen mit der Realit\u00e4t abzugleichen. Falls sich das Interesse an einem bestimmten Beruf verfestigt, k\u00f6nnen sie weitere \u00dcberlegungen starten, z.B.: \u201eWelche Qualifikationen muss ich zum Erlangen dieses Berufs mitbringen? (Ausbildung oder abgeschlossenes Hochschulstudium bzw. Duales Studium?) Wo werden die Ausbildung bzw. das Studium angeboten und wie lange dauert es?\u201c. &nbsp;<\/p>\n\n\n\n<p>Im Unterricht findet eine f\u00e4cherverbindende Vor- und Nachbereitung der Betriebspraktika statt. Unterst\u00fctzung bei der spannenden Frage: \u201e<em>Welcher Praktikumsplatz passt zu mir<\/em>?\u201c erhalten die Sch\u00fclerinnen und Sch\u00fcler durch den <strong>Berufswahlpass<\/strong>, auf den u.a. zur Erstellung eines St\u00e4rken- und Interessenprofils zur\u00fcckgegriffen wird. Zudem nimmt das Grimmelshausen-Gymnasium an der Pilotierung von <strong>KomPoG <\/strong>teil, einem vom Land Hessen sowie dem Bundesministerium f\u00fcr Bildung und Forschung finanzierten Projekt, das gymnasialen Sch\u00fclerinnen und Sch\u00fcler dabei hilft, ihre schulisch-beruflichen Interessen zu erkunden. Wenn die Sch\u00fclerinnen und Sch\u00fcler herausgefunden haben, in welchem Bereich oder Berufsfeld sie gerne ihr Praktikum absolvieren m\u00f6chten, begeben sie sich auf die Suche. Empfehlenswert sind hierbei Betriebe, Unternehmen und Institutionen, die auch ausbilden (vorhandenes Ausbildungskonzept, Erfahrung im Umgang mit jungen Menschen, M\u00f6glichkeit die Auszubildenden bez\u00fcglich ihrer Erfahrungen zu interviewen). Das Verfassen von Bewerbungen f\u00e4llt Sch\u00fclerinnen und Sch\u00fclern erfahrungsgem\u00e4\u00df schwer, da ihnen in der Regel die notwendige Routine fehlt. Deshalb wird im Unterricht das Erstellen von Bewerbungen inkl. Lebensl\u00e4ufen intensiv einge\u00fcbt.<\/p>\n\n\n","protected":false},"excerpt":{"rendered":"<p>Alle Formulare und Informationsbl\u00e4tter zum Betriebspraktikum finden sie hier. Betriebspraktika bilden eine wichtige S\u00e4ule der Beruflichen Orientierung. Mit ihrer Hilfe soll Sch\u00fclerinnen und Sch\u00fclern die M\u00f6glichkeit gegeben werden, \u201eexemplarische Einsichten in das Arbeits-, Berufs- und Wirtschaftsleben zu erhalten. Eigene Erfahrungen der betrieblichen Praxis, Gespr\u00e4che mit Betriebsangeh\u00f6rigen und Erkundungen des betrieblichen Umfeldes vermitteln den Sch\u00fclerinnen und [&hellip;]<\/p>\n","protected":false},"author":1,"featured_media":0,"parent":44901,"menu_order":0,"comment_status":"closed","ping_status":"closed","template":"","meta":{"advgb_blocks_editor_width":"","advgb_blocks_columns_visual_guide":"","ngg_post_thumbnail":0,"footnotes":""},"class_list":["post-44909","page","type-page","status-publish","hentry"],"coauthors":[],"author_meta":{"author_link":"https:\/\/grimmels.de\/wordpress\/author\/webmaster\/","display_name":"webmaster"},"relative_dates":{"created":"Posted 6\u00a0Jahren ago","modified":"Updated 4\u00a0Jahren ago"},"absolute_dates":{"created":"Posted on 7. Mai 2020","modified":"Updated on 24. November 2021"},"absolute_dates_time":{"created":"Posted on 7. Mai 2020 11:49","modified":"Updated on 24. November 2021 11:34"},"featured_img_caption":"","featured_img":false,"series_order":"","_links":{"self":[{"href":"https:\/\/grimmels.de\/wordpress\/wp-json\/wp\/v2\/pages\/44909","targetHints":{"allow":["GET"]}}],"collection":[{"href":"https:\/\/grimmels.de\/wordpress\/wp-json\/wp\/v2\/pages"}],"about":[{"href":"https:\/\/grimmels.de\/wordpress\/wp-json\/wp\/v2\/types\/page"}],"author":[{"embeddable":true,"href":"https:\/\/grimmels.de\/wordpress\/wp-json\/wp\/v2\/users\/1"}],"replies":[{"embeddable":true,"href":"https:\/\/grimmels.de\/wordpress\/wp-json\/wp\/v2\/comments?post=44909"}],"version-history":[{"count":12,"href":"https:\/\/grimmels.de\/wordpress\/wp-json\/wp\/v2\/pages\/44909\/revisions"}],"predecessor-version":[{"id":48510,"href":"https:\/\/grimmels.de\/wordpress\/wp-json\/wp\/v2\/pages\/44909\/revisions\/48510"}],"up":[{"embeddable":true,"href":"https:\/\/grimmels.de\/wordpress\/wp-json\/wp\/v2\/pages\/44901"}],"wp:attachment":[{"href":"https:\/\/grimmels.de\/wordpress\/wp-json\/wp\/v2\/media?parent=44909"}],"curies":[{"name":"wp","href":"https:\/\/api.w.org\/{rel}","templated":true}]}}