{"id":45429,"date":"2020-11-06T14:29:50","date_gmt":"2020-11-06T13:29:50","guid":{"rendered":"http:\/\/grimmels.de\/wordpress\/?page_id=45429"},"modified":"2024-11-16T12:51:16","modified_gmt":"2024-11-16T11:51:16","slug":"schulseelsorge","status":"publish","type":"page","link":"https:\/\/grimmels.de\/wordpress\/schulseelsorge\/","title":{"rendered":"Schulseelsorge"},"content":{"rendered":"\t\t<div data-elementor-type=\"wp-page\" data-elementor-id=\"45429\" class=\"elementor elementor-45429\" data-elementor-post-type=\"page\">\n\t\t\t\t<div class=\"elementor-element elementor-element-d8792fa e-con-full e-flex e-con e-parent\" data-id=\"d8792fa\" data-element_type=\"container\" data-settings=\"{&quot;background_background&quot;:&quot;classic&quot;}\">\n\t\t\t\t<div class=\"elementor-element elementor-element-ce6865d elementor-widget elementor-widget-heading\" data-id=\"ce6865d\" data-element_type=\"widget\" data-settings=\"{&quot;motion_fx_motion_fx_scrolling&quot;:&quot;yes&quot;,&quot;motion_fx_translateY_effect&quot;:&quot;yes&quot;,&quot;motion_fx_translateY_affectedRange&quot;:{&quot;unit&quot;:&quot;%&quot;,&quot;size&quot;:&quot;&quot;,&quot;sizes&quot;:{&quot;start&quot;:50,&quot;end&quot;:100}},&quot;motion_fx_translateY_speed&quot;:{&quot;unit&quot;:&quot;px&quot;,&quot;size&quot;:4,&quot;sizes&quot;:[]},&quot;motion_fx_devices&quot;:[&quot;desktop&quot;,&quot;tablet&quot;,&quot;mobile&quot;]}\" data-widget_type=\"heading.default\">\n\t\t\t\t<div class=\"elementor-widget-container\">\n\t\t\t\t\t<h2 class=\"elementor-heading-title elementor-size-default\">Schulseelsorge<\/h2>\t\t\t\t<\/div>\n\t\t\t\t<\/div>\n\t\t\t\t<\/div>\n\t\t<div class=\"elementor-element elementor-element-3b7adfe0 e-flex e-con-boxed e-con e-parent\" data-id=\"3b7adfe0\" data-element_type=\"container\">\n\t\t\t\t\t<div class=\"e-con-inner\">\n\t\t\t\t<div class=\"elementor-element elementor-element-63ba8da5 elementor-widget elementor-widget-text-editor\" data-id=\"63ba8da5\" data-element_type=\"widget\" data-widget_type=\"text-editor.default\">\n\t\t\t\t<div class=\"elementor-widget-container\">\n\t\t\t\t\t\t\t\t\t\n<p><strong>Schulseelsorge &#8211; Was ist das denn?<\/strong><\/p>\n\n\n\n<p>Irgendwo hin gehen k\u00f6nnen, wenn du Fragen oder Probleme hast und jemanden suchst, der einfach zuh\u00f6rt oder mit dir eine L\u00f6sung sucht&#8230;&nbsp;&nbsp;&nbsp;&nbsp;<\/p>\n\n\n\n<p>Egal, was dir Schwierigkeiten macht, ob Schule, Eltern oder Freunde&#8230; oder nur du selbst?<\/p>\n\n\n\n<p>Wenn du nicht weiter wei\u00dft, und das Gef\u00fchl hast, dich im Kreis zu drehen, dann kommen wir vielleicht gemeinsam auf neue Ideen.<\/p>\n\n\n\n<p>&nbsp;<\/p>\n<table style=\"border-collapse: collapse; width: 100%;\">\n<tbody>\n<tr>\n<td style=\"width: 50%;\"><a class=\"fbx-link fbx-instance\" href=\"https:\/\/grimmels.de\/wordpress\/wp-content\/uploads\/2020\/11\/winkler.jpg\"><img fetchpriority=\"high\" decoding=\"async\" class=\"alignleft size-medium wp-image-45431\" src=\"https:\/\/grimmels.de\/wordpress\/wp-content\/uploads\/2020\/11\/winkler-233x300.jpg\" alt=\"\" width=\"233\" height=\"300\" srcset=\"https:\/\/grimmels.de\/wordpress\/wp-content\/uploads\/2020\/11\/winkler-233x300.jpg 233w, https:\/\/grimmels.de\/wordpress\/wp-content\/uploads\/2020\/11\/winkler-117x150.jpg 117w, https:\/\/grimmels.de\/wordpress\/wp-content\/uploads\/2020\/11\/winkler-768x988.jpg 768w, https:\/\/grimmels.de\/wordpress\/wp-content\/uploads\/2020\/11\/winkler.jpg 796w\" sizes=\"(max-width: 233px) 100vw, 233px\" \/><\/a><\/td>\n<td style=\"width: 50%; vertical-align: middle;\">Ich hei\u00dfe Hartmut Winkler und leite die Kinder- und Jugendarbeit der ev. Kirchengemeinde Gelnhausen. Einige von euch kennen mich sicher aus dem Jugendhaus \u201cSteitz\u201d.<\/td>\n<\/tr>\n<tr>\n<td style=\"width: 50%; vertical-align: middle;\">Ich hei\u00dfe Daniel Stehling, bin kath. Theologe und arbeite als Religionslehrer hier am Grimmels.<\/td>\n<td style=\"width: 50%;\"><a class=\"fbx-link fbx-instance\" href=\"https:\/\/grimmels.de\/wordpress\/wp-content\/uploads\/2020\/11\/stehling.jpg\"><img decoding=\"async\" class=\"alignleft size-medium wp-image-45432\" src=\"https:\/\/grimmels.de\/wordpress\/wp-content\/uploads\/2020\/11\/stehling-203x300.jpg\" alt=\"\" width=\"203\" height=\"300\" srcset=\"https:\/\/grimmels.de\/wordpress\/wp-content\/uploads\/2020\/11\/stehling-203x300.jpg 203w, https:\/\/grimmels.de\/wordpress\/wp-content\/uploads\/2020\/11\/stehling-101x150.jpg 101w, https:\/\/grimmels.de\/wordpress\/wp-content\/uploads\/2020\/11\/stehling.jpg 692w\" sizes=\"(max-width: 203px) 100vw, 203px\" \/><\/a><\/td>\n<\/tr>\n<\/tbody>\n<\/table>\n\n\n\n<p>Gemeinsam mit unserem Schulerteam betreuen wir die Ansprechbar und sind die Schulseelsorger am Grimmels. Als Schulseelsorger unterliegen wir der Schweigepflicht.&nbsp; Das hei\u00dft, du kannst dich drauf verlassen, dass deine Probleme nicht weiter erz\u00e4hlt werden, ohne dass du das willst.<\/p>\n\n\n\n<p>(\u00dcbrigens: Es spielt keine Rolle, ob oder was du glaubst.)<\/p>\n\n\n\n<p>Euer Hartmut Winkler und Daniel Stehling<\/p>\n\n\n\n<p>Ihr erreicht uns in den Pausen&nbsp; in der Ansprechbar oder schreibt uns kurz eine Mail:<\/p>\n\n\n\n<p><a href=\"mailto:Hartmut.winkler@ekkw.de\">Hartmut.winkler@ekkw.de<\/a> oder <a href=\"mailto:daniel.stehling@grimmels.de\">daniel.stehling@grimmels.de<\/a><\/p>\n\t\t\t\t\t\t\t\t<\/div>\n\t\t\t\t<\/div>\n\t\t\t\t\t<\/div>\n\t\t\t\t<\/div>\n\t\t\t\t<\/div>\n\t\t","protected":false},"excerpt":{"rendered":"<p>Schulseelsorge Schulseelsorge &#8211; Was ist das denn? Irgendwo hin gehen k\u00f6nnen, wenn du Fragen oder Probleme hast und jemanden suchst, der einfach zuh\u00f6rt oder mit dir eine L\u00f6sung sucht&#8230;&nbsp;&nbsp;&nbsp;&nbsp; Egal, was dir Schwierigkeiten macht, ob Schule, Eltern oder Freunde&#8230; oder nur du selbst? Wenn du nicht weiter wei\u00dft, und das Gef\u00fchl hast, dich im Kreis [&hellip;]<\/p>\n","protected":false},"author":1,"featured_media":0,"parent":0,"menu_order":0,"comment_status":"closed","ping_status":"closed","template":"","meta":{"advgb_blocks_editor_width":"","advgb_blocks_columns_visual_guide":"","ngg_post_thumbnail":0,"footnotes":""},"class_list":["post-45429","page","type-page","status-publish","hentry"],"coauthors":[],"author_meta":{"author_link":"https:\/\/grimmels.de\/wordpress\/author\/webmaster\/","display_name":"webmaster"},"relative_dates":{"created":"Posted 5\u00a0Jahren ago","modified":"Updated 1\u00a0Jahr ago"},"absolute_dates":{"created":"Posted on 6. November 2020","modified":"Updated on 16. November 2024"},"absolute_dates_time":{"created":"Posted on 6. November 2020 14:29","modified":"Updated on 16. November 2024 12:51"},"featured_img_caption":"","featured_img":false,"series_order":"","_links":{"self":[{"href":"https:\/\/grimmels.de\/wordpress\/wp-json\/wp\/v2\/pages\/45429","targetHints":{"allow":["GET"]}}],"collection":[{"href":"https:\/\/grimmels.de\/wordpress\/wp-json\/wp\/v2\/pages"}],"about":[{"href":"https:\/\/grimmels.de\/wordpress\/wp-json\/wp\/v2\/types\/page"}],"author":[{"embeddable":true,"href":"https:\/\/grimmels.de\/wordpress\/wp-json\/wp\/v2\/users\/1"}],"replies":[{"embeddable":true,"href":"https:\/\/grimmels.de\/wordpress\/wp-json\/wp\/v2\/comments?post=45429"}],"version-history":[{"count":6,"href":"https:\/\/grimmels.de\/wordpress\/wp-json\/wp\/v2\/pages\/45429\/revisions"}],"predecessor-version":[{"id":61408,"href":"https:\/\/grimmels.de\/wordpress\/wp-json\/wp\/v2\/pages\/45429\/revisions\/61408"}],"wp:attachment":[{"href":"https:\/\/grimmels.de\/wordpress\/wp-json\/wp\/v2\/media?parent=45429"}],"curies":[{"name":"wp","href":"https:\/\/api.w.org\/{rel}","templated":true}]}}