{"id":45491,"date":"2020-11-14T11:29:12","date_gmt":"2020-11-14T10:29:12","guid":{"rendered":"http:\/\/grimmels.de\/wordpress\/?page_id=45491"},"modified":"2020-11-14T11:29:12","modified_gmt":"2020-11-14T10:29:12","slug":"technik-ag","status":"publish","type":"page","link":"https:\/\/grimmels.de\/wordpress\/technik-ag\/","title":{"rendered":"Technik-AG"},"content":{"rendered":"<p>Die Technik AG des GGG ist eine eigenst\u00e4ndige AG, die jedoch eng mit der Theater AG verbunden ist. Sie wird von einem Team bereits erfahrener Sch\u00fclerinnen und Sch\u00fcler geleitet, die nachr\u00fcckende Mitglieder im Umgang mit Veranstaltungstechnik (Licht, Bild, z.B. Videoprojektion, sowie Ton) anlernen. Eine wichtige Aufgabe der Technik AG ist die Betreuung und Wartung der relativ gut ausgestatteten Licht- und Tonanlage der Schule, die vor allem durch die von der Theater AG erzielten Spenden- und Preisgelder sowie mithilfe der Zusch\u00fcsse des Elternvereins und des Ehemaligenvereins finanziert werden konnte. Das Team der Technik AG steht f\u00fcr Schulveranstaltungen allen Fachbereichen gleicherma\u00dfen zur Verf\u00fcgung und stellt daher eine sehr wichtige Einrichtung am Grimmels dar.<\/p>\n","protected":false},"excerpt":{"rendered":"<p>Die Technik AG des GGG ist eine eigenst\u00e4ndige AG, die jedoch eng mit der Theater AG verbunden ist. Sie wird von einem Team bereits erfahrener Sch\u00fclerinnen und Sch\u00fcler geleitet, die nachr\u00fcckende Mitglieder im Umgang mit Veranstaltungstechnik (Licht, Bild, z.B. Videoprojektion, sowie Ton) anlernen. Eine wichtige Aufgabe der Technik AG ist die Betreuung und Wartung der [&hellip;]<\/p>\n","protected":false},"author":1,"featured_media":0,"parent":0,"menu_order":0,"comment_status":"closed","ping_status":"closed","template":"","meta":{"advgb_blocks_editor_width":"","advgb_blocks_columns_visual_guide":"","ngg_post_thumbnail":0,"footnotes":""},"class_list":["post-45491","page","type-page","status-publish","hentry"],"coauthors":[],"author_meta":{"author_link":"https:\/\/grimmels.de\/wordpress\/author\/webmaster\/","display_name":"webmaster"},"relative_dates":{"created":"Posted 5\u00a0Jahren ago","modified":"Updated 5\u00a0Jahren ago"},"absolute_dates":{"created":"Posted on 14. November 2020","modified":"Updated on 14. November 2020"},"absolute_dates_time":{"created":"Posted on 14. November 2020 11:29","modified":"Updated on 14. November 2020 11:29"},"featured_img_caption":"","featured_img":false,"series_order":"","_links":{"self":[{"href":"https:\/\/grimmels.de\/wordpress\/wp-json\/wp\/v2\/pages\/45491","targetHints":{"allow":["GET"]}}],"collection":[{"href":"https:\/\/grimmels.de\/wordpress\/wp-json\/wp\/v2\/pages"}],"about":[{"href":"https:\/\/grimmels.de\/wordpress\/wp-json\/wp\/v2\/types\/page"}],"author":[{"embeddable":true,"href":"https:\/\/grimmels.de\/wordpress\/wp-json\/wp\/v2\/users\/1"}],"replies":[{"embeddable":true,"href":"https:\/\/grimmels.de\/wordpress\/wp-json\/wp\/v2\/comments?post=45491"}],"version-history":[{"count":2,"href":"https:\/\/grimmels.de\/wordpress\/wp-json\/wp\/v2\/pages\/45491\/revisions"}],"predecessor-version":[{"id":45493,"href":"https:\/\/grimmels.de\/wordpress\/wp-json\/wp\/v2\/pages\/45491\/revisions\/45493"}],"wp:attachment":[{"href":"https:\/\/grimmels.de\/wordpress\/wp-json\/wp\/v2\/media?parent=45491"}],"curies":[{"name":"wp","href":"https:\/\/api.w.org\/{rel}","templated":true}]}}