{"id":45499,"date":"2020-11-14T11:53:00","date_gmt":"2020-11-14T10:53:00","guid":{"rendered":"http:\/\/grimmels.de\/wordpress\/?page_id=45499"},"modified":"2021-11-12T15:20:29","modified_gmt":"2021-11-12T14:20:29","slug":"theater-ag","status":"publish","type":"page","link":"https:\/\/grimmels.de\/wordpress\/theater-ag\/","title":{"rendered":"Theater-AG"},"content":{"rendered":"\n<figure class=\"wp-block-gallery columns-1 is-cropped wp-block-gallery-1\"><ul class=\"blocks-gallery-grid\"><li class=\"blocks-gallery-item\"><figure><a href=\"https:\/\/grimmels.de\/wordpress\/wp-content\/uploads\/2021\/11\/theaterag.jpg\"><img fetchpriority=\"high\" decoding=\"async\" width=\"1024\" height=\"485\" src=\"https:\/\/grimmels.de\/wordpress\/wp-content\/uploads\/2021\/11\/theaterag.jpg\" alt=\"\" data-id=\"48282\" data-full-url=\"https:\/\/grimmels.de\/wordpress\/wp-content\/uploads\/2021\/11\/theaterag.jpg\" data-link=\"https:\/\/grimmels.de\/wordpress\/theater-ag\/theaterag\/\" class=\"wp-image-48282 is-layout-flex wp-block-gallery-is-layout-flex\" srcset=\"https:\/\/grimmels.de\/wordpress\/wp-content\/uploads\/2021\/11\/theaterag.jpg 1024w, https:\/\/grimmels.de\/wordpress\/wp-content\/uploads\/2021\/11\/theaterag-300x142.jpg 300w, https:\/\/grimmels.de\/wordpress\/wp-content\/uploads\/2021\/11\/theaterag-150x71.jpg 150w, https:\/\/grimmels.de\/wordpress\/wp-content\/uploads\/2021\/11\/theaterag-768x364.jpg 768w\" sizes=\"(max-width: 1024px) 100vw, 1024px\" \/><\/a><\/figure><\/li><\/ul><\/figure>\n\n\n\n<p>Die Theater AG ist ein wichtiger Bestandteil unseres kulturellen Angebots. Nach langer und erfolgreicher Tradition der Theater AG der Jahrgangsstufen 8-Q4 freuen wir uns \u00fcber die gro\u00dfe Nachfrage auch in den Jahrg\u00e4ngen 5-7, sodass wir seit dem Schuljahr 2020\/21 durchgehend allen Jahrg\u00e4ngen unserer Schulgemeinde die M\u00f6glichkeit bieten k\u00f6nnen, ihre Freude am Theaterspielen auszuleben.<br>Dabei zeigt sich konstant die Kreativit\u00e4t unserer jungen Schauspieler<em>innen, die Freude neue Dinge zu entdecken, sich immer wieder in neue Rollen hinein zu f\u00fchlen und gleichzeitig viele neue Theater Grundkenntnisse zu erproben. Die Grimmelstheater-AG (5-7) trifft sich jeden Mittwoch und widmet sich unter der Leitung von Paulina Cruz neuen Themen und Herausforderungen. Auch in Zeiten von Corona l\u00e4sst sich die Theater AG nicht abschrecken und erprobt sich trotz Maskenpflicht in Themen wie Gestik und Mimik und bleibt dabei ausdrucksstark. In den folgenden Collagen unserer Spieler<\/em>innen k\u00f6nnt Ihr einen kleinen Eindruck in diese Thematik gewinnen und euer Theaterwissen testen ;):<\/p>\n\n\n<p>[h5p id=&#8220;1&#8243;]<\/p>\n\n\n\n<p><\/p>\n","protected":false},"excerpt":{"rendered":"<p>Die Theater AG ist ein wichtiger Bestandteil unseres kulturellen Angebots. Nach langer und erfolgreicher Tradition der Theater AG der Jahrgangsstufen 8-Q4 freuen wir uns \u00fcber die gro\u00dfe Nachfrage auch in den Jahrg\u00e4ngen 5-7, sodass wir seit dem Schuljahr 2020\/21 durchgehend allen Jahrg\u00e4ngen unserer Schulgemeinde die M\u00f6glichkeit bieten k\u00f6nnen, ihre Freude am Theaterspielen auszuleben.Dabei zeigt sich [&hellip;]<\/p>\n","protected":false},"author":1,"featured_media":0,"parent":0,"menu_order":0,"comment_status":"closed","ping_status":"closed","template":"","meta":{"advgb_blocks_editor_width":"","advgb_blocks_columns_visual_guide":"","ngg_post_thumbnail":0,"footnotes":""},"class_list":["post-45499","page","type-page","status-publish","hentry"],"coauthors":[],"author_meta":{"author_link":"https:\/\/grimmels.de\/wordpress\/author\/webmaster\/","display_name":"webmaster"},"relative_dates":{"created":"Posted 5\u00a0Jahren ago","modified":"Updated 4\u00a0Jahren ago"},"absolute_dates":{"created":"Posted on 14. November 2020","modified":"Updated on 12. November 2021"},"absolute_dates_time":{"created":"Posted on 14. November 2020 11:53","modified":"Updated on 12. November 2021 15:20"},"featured_img_caption":"","featured_img":false,"series_order":"","_links":{"self":[{"href":"https:\/\/grimmels.de\/wordpress\/wp-json\/wp\/v2\/pages\/45499","targetHints":{"allow":["GET"]}}],"collection":[{"href":"https:\/\/grimmels.de\/wordpress\/wp-json\/wp\/v2\/pages"}],"about":[{"href":"https:\/\/grimmels.de\/wordpress\/wp-json\/wp\/v2\/types\/page"}],"author":[{"embeddable":true,"href":"https:\/\/grimmels.de\/wordpress\/wp-json\/wp\/v2\/users\/1"}],"replies":[{"embeddable":true,"href":"https:\/\/grimmels.de\/wordpress\/wp-json\/wp\/v2\/comments?post=45499"}],"version-history":[{"count":5,"href":"https:\/\/grimmels.de\/wordpress\/wp-json\/wp\/v2\/pages\/45499\/revisions"}],"predecessor-version":[{"id":48285,"href":"https:\/\/grimmels.de\/wordpress\/wp-json\/wp\/v2\/pages\/45499\/revisions\/48285"}],"wp:attachment":[{"href":"https:\/\/grimmels.de\/wordpress\/wp-json\/wp\/v2\/media?parent=45499"}],"curies":[{"name":"wp","href":"https:\/\/api.w.org\/{rel}","templated":true}]}}