{"id":45930,"date":"2021-01-26T13:46:37","date_gmt":"2021-01-26T12:46:37","guid":{"rendered":"http:\/\/grimmels.de\/wordpress\/?page_id=45930"},"modified":"2021-01-27T11:20:42","modified_gmt":"2021-01-27T10:20:42","slug":"widerstand-im-nationalsozialismus","status":"publish","type":"page","link":"https:\/\/grimmels.de\/wordpress\/widerstand-im-nationalsozialismus\/","title":{"rendered":"Widerstand im Nationalsozialismus"},"content":{"rendered":"\n<h3 class=\"has-text-align-left wp-block-heading\">Stolpersteine,\n\nJ\u00fcdische Maler,\n\nWiderstand gegen den Nationalsozialismus<\/h3>\n\n\n\n<p>Einige Multimediale Produkte von Sch\u00fcler*innen der 10.5 aus dem Distanzunterricht Geschichte sollen hier pr\u00e4sentiert werden.<\/p>\n\n\n\n<p><strong>Antonia Butzmann<\/strong> (hat ausgehend von dem Bildband <em>Zeugnisse des Holocaust, hg. Von Bella Guttermann u.a., G\u00f6ttingen 2006<\/em>) einen Film zum Maler Felix Nussbaum erstellt.<\/p>\n\n\n\n<figure class=\"wp-block-embed is-type-video is-provider-youtube wp-block-embed-youtube wp-embed-aspect-16-9 wp-has-aspect-ratio\"><div class=\"wp-block-embed__wrapper\">\n<iframe hcb-fetch-image-from=\"https:\/\/www.youtube.com\/watch?v=LiZ1_DAuIdU\" title=\"Felix Nussbaum\" width=\"800\" height=\"450\" src=\"https:\/\/www.youtube.com\/embed\/LiZ1_DAuIdU?feature=oembed\" frameborder=\"0\" allow=\"accelerometer; autoplay; clipboard-write; encrypted-media; gyroscope; picture-in-picture; web-share\" referrerpolicy=\"strict-origin-when-cross-origin\" allowfullscreen><\/iframe>\n<\/div><\/figure>\n\n\n\n<p><strong>Sarah Schum<\/strong> hat ihre Recherche zum Projekt der Stolpersteine mit einer Kurzgeschichte erweitert, in der sie sich literarisch mit dem Schicksal von Ludwig Pappenheim auseinandersetzt.<\/p>\n\n\n\n<figure class=\"wp-block-embed is-type-video is-provider-youtube wp-block-embed-youtube wp-embed-aspect-16-9 wp-has-aspect-ratio\"><div class=\"wp-block-embed__wrapper\">\n<iframe hcb-fetch-image-from=\"https:\/\/www.youtube.com\/watch?v=PomiYEK56oo\" title=\"Ludwig Pappenheim Pra\u0308sentation\" width=\"800\" height=\"450\" src=\"https:\/\/www.youtube.com\/embed\/PomiYEK56oo?feature=oembed\" frameborder=\"0\" allow=\"accelerometer; autoplay; clipboard-write; encrypted-media; gyroscope; picture-in-picture; web-share\" referrerpolicy=\"strict-origin-when-cross-origin\" allowfullscreen><\/iframe>\n<\/div><\/figure>\n\n\n\n<blockquote>\n<p><strong><u>Ludwig Pappenheim<br><\/u><\/strong><em>Teil 1: Die Geschichte, Ludwig Pappenheims<br><\/em>Ein Schlag, dann ein zweiter und dann ein dritter. Ist es denn \u00fcberhaupt der dritte, oder schon der hundertste? Ich wei\u00df es nicht, ich wei\u00df nicht einmal, wie sp\u00e4t es ist, oder, wo oben und unten ist. In meinem Kopf dreht sich die Welt und ein Wirbel aus bunten Punkten liegt \u00fcber allem, was ich durch meine verquollenen kleinen Augen erkennen kann. Einige Minuten oder Stunden sp\u00e4ter schleifen sie mich endlich zur\u00fcck, mein R\u00fccken rei\u00dft durch den harten Stein auf, aber ich sp\u00fcre es kaum. Erst, als sie mich gegen die Innenwand meiner Zelle schmettern, keuche ich vor Schmerz auf und kr\u00fcmme mich auf dem Boden zusammen&#8230;.&nbsp; <a href=\"https:\/\/grimmels.de\/wordpress\/ludwig-pappenheim\/\">&#8211; weiterlesen &#8211;<\/a><\/p>\n<\/blockquote>\n\n\n\n<p><strong>Alexandra Theodorakis<\/strong> hat sich dem Stolperstein Pfarrer Wilhelm Engels (Holzgasse, Gelnhausen) gewidmet und dazu eine <a href=\"https:\/\/grimmels.de\/wordpress\/wp-content\/uploads\/2021\/01\/PfrEngels.mp3\">englischsprachige Audiodatei <\/a>erstellt. Damit m\u00f6chte sie die Idee, Geschichte auch bilingual anzubieten, unterst\u00fctzen.<\/p>\n\n\n\n<p>Mit dem Widerstand gegen den Nationalsozialismus hat sich <strong>Marit Weing\u00e4rtner<\/strong> in ihrer audiogest\u00fctzten Powerpointpr\u00e4sentation besch\u00e4ftigt.<\/p>\n\n\n\n<figure class=\"wp-block-embed is-type-video is-provider-youtube wp-block-embed-youtube wp-embed-aspect-16-9 wp-has-aspect-ratio\"><div class=\"wp-block-embed__wrapper\">\n<iframe hcb-fetch-image-from=\"https:\/\/www.youtube.com\/watch?v=WE69bJCEgLs\" title=\"Die Wei\u00dfe Rose Marit\" width=\"800\" height=\"450\" src=\"https:\/\/www.youtube.com\/embed\/WE69bJCEgLs?feature=oembed\" frameborder=\"0\" allow=\"accelerometer; autoplay; clipboard-write; encrypted-media; gyroscope; picture-in-picture; web-share\" referrerpolicy=\"strict-origin-when-cross-origin\" allowfullscreen><\/iframe>\n<\/div><\/figure>\n","protected":false},"excerpt":{"rendered":"<p>Stolpersteine, J\u00fcdische Maler, Widerstand gegen den Nationalsozialismus Einige Multimediale Produkte von Sch\u00fcler*innen der 10.5 aus dem Distanzunterricht Geschichte sollen hier pr\u00e4sentiert werden. Antonia Butzmann (hat ausgehend von dem Bildband Zeugnisse des Holocaust, hg. Von Bella Guttermann u.a., G\u00f6ttingen 2006) einen Film zum Maler Felix Nussbaum erstellt. Sarah Schum hat ihre Recherche zum Projekt der Stolpersteine [&hellip;]<\/p>\n","protected":false},"author":1,"featured_media":0,"parent":0,"menu_order":0,"comment_status":"closed","ping_status":"closed","template":"","meta":{"advgb_blocks_editor_width":"","advgb_blocks_columns_visual_guide":"","ngg_post_thumbnail":0,"footnotes":""},"class_list":["post-45930","page","type-page","status-publish","hentry"],"coauthors":[],"author_meta":{"author_link":"https:\/\/grimmels.de\/wordpress\/author\/webmaster\/","display_name":"webmaster"},"relative_dates":{"created":"Posted 5\u00a0Jahren ago","modified":"Updated 5\u00a0Jahren ago"},"absolute_dates":{"created":"Posted on 26. Januar 2021","modified":"Updated on 27. Januar 2021"},"absolute_dates_time":{"created":"Posted on 26. Januar 2021 13:46","modified":"Updated on 27. Januar 2021 11:20"},"featured_img_caption":"","featured_img":false,"series_order":"","_links":{"self":[{"href":"https:\/\/grimmels.de\/wordpress\/wp-json\/wp\/v2\/pages\/45930","targetHints":{"allow":["GET"]}}],"collection":[{"href":"https:\/\/grimmels.de\/wordpress\/wp-json\/wp\/v2\/pages"}],"about":[{"href":"https:\/\/grimmels.de\/wordpress\/wp-json\/wp\/v2\/types\/page"}],"author":[{"embeddable":true,"href":"https:\/\/grimmels.de\/wordpress\/wp-json\/wp\/v2\/users\/1"}],"replies":[{"embeddable":true,"href":"https:\/\/grimmels.de\/wordpress\/wp-json\/wp\/v2\/comments?post=45930"}],"version-history":[{"count":7,"href":"https:\/\/grimmels.de\/wordpress\/wp-json\/wp\/v2\/pages\/45930\/revisions"}],"predecessor-version":[{"id":45946,"href":"https:\/\/grimmels.de\/wordpress\/wp-json\/wp\/v2\/pages\/45930\/revisions\/45946"}],"wp:attachment":[{"href":"https:\/\/grimmels.de\/wordpress\/wp-json\/wp\/v2\/media?parent=45930"}],"curies":[{"name":"wp","href":"https:\/\/api.w.org\/{rel}","templated":true}]}}