{"id":46082,"date":"2021-03-22T13:35:57","date_gmt":"2021-03-22T12:35:57","guid":{"rendered":"http:\/\/grimmels.de\/wordpress\/?page_id=46082"},"modified":"2022-09-14T12:33:17","modified_gmt":"2022-09-14T10:33:17","slug":"deutsch-als-zweitsprache","status":"publish","type":"page","link":"https:\/\/grimmels.de\/wordpress\/deutsch-als-zweitsprache\/","title":{"rendered":"Deutsch als Zweitsprache"},"content":{"rendered":"<p><strong><u>Deutsch als Zweitsprache (DaZ) am Grimmelshausen-Gymnasium Gelnhausen<\/u><\/strong><\/p>\n<p><a href=\"https:\/\/grimmels.de\/wordpress\/wp-content\/uploads\/2021\/03\/daz1.png\"><img fetchpriority=\"high\" decoding=\"async\" class=\"alignleft size-medium wp-image-46083\" src=\"https:\/\/grimmels.de\/wordpress\/wp-content\/uploads\/2021\/03\/daz1-300x200.png\" alt=\"\" width=\"300\" height=\"200\" srcset=\"https:\/\/grimmels.de\/wordpress\/wp-content\/uploads\/2021\/03\/daz1-300x200.png 300w, https:\/\/grimmels.de\/wordpress\/wp-content\/uploads\/2021\/03\/daz1-150x100.png 150w, https:\/\/grimmels.de\/wordpress\/wp-content\/uploads\/2021\/03\/daz1.png 626w\" sizes=\"(max-width: 300px) 100vw, 300px\" \/><\/a><\/p>\n<p>Seit Beginn des Jahres 2022 werden Sch\u00fclerinnen und Sch\u00fcler verschiedener Nationalit\u00e4ten, die die deutsche Sprache neu erlernen, in Intensivklassen des Grimmelshausen-Gymnasiums Gelnhausen beschult. In der Regel besuchen Lernende eine Intensivklasse \u00fcber einen Zeitraum von zwei Jahren.<\/p>\n<p>Sch\u00fclerinnen und Sch\u00fcler, die in unserem Hause oder in einer anderen Schule bereits erfolgreich eine Intensivma\u00dfnahme besucht haben, k\u00f6nnen anschlie\u00dfend in eine Regelklasse integriert werden. Damit der \u00dcbergang bestm\u00f6glich gelingt, erhalten die Lernenden weiterhin Sprachunterricht in DaZ-F\u00f6rderkursen. Diese finden zweist\u00fcndig, in Ausnahmef\u00e4llen auch vierst\u00fcndig, statt und werden am Grimmelshausen-Gymnasium bereits seit dem Schuljahr 2019\/20 angeboten. Der Besuch der DaZ-F\u00f6rderkurse ist f\u00fcr die Sch\u00fclerinnen und Sch\u00fcler, die von der Klassenkonferenz nach Beratung durch eine DaZ-Lehrkraft hierf\u00fcr empfohlen wurden, verpflichtend.<\/p>\n<p>\u00dcber den F\u00f6rderunterricht hinaus k\u00f6nnen Sch\u00fclerinnen und Sch\u00fcler, die Deutsch als Zweitsprache erlernen, durch Beschl\u00fcsse der Klassenkonferenz \u00fcber Nachteilsausgleiche und Abweichungen von Ma\u00dfnahmen der Leistungsfeststellung und \u2013 f\u00fcr eine bestimmte Zeit &#8211; Leistungsbewertung in einzelnen oder in allen F\u00e4chern unterst\u00fctzt werden. Voraussetzung f\u00fcr die Gew\u00e4hrung dieser Ausgleiche ist der Besuch eines F\u00f6rderkurses.<a href=\"https:\/\/grimmels.de\/wordpress\/wp-content\/uploads\/2021\/03\/daz2.png\"><img decoding=\"async\" class=\"size-medium wp-image-46084 alignright\" src=\"https:\/\/grimmels.de\/wordpress\/wp-content\/uploads\/2021\/03\/daz2-300x199.png\" alt=\"\" width=\"300\" height=\"199\" srcset=\"https:\/\/grimmels.de\/wordpress\/wp-content\/uploads\/2021\/03\/daz2-300x199.png 300w, https:\/\/grimmels.de\/wordpress\/wp-content\/uploads\/2021\/03\/daz2-150x100.png 150w, https:\/\/grimmels.de\/wordpress\/wp-content\/uploads\/2021\/03\/daz2.png 725w\" sizes=\"(max-width: 300px) 100vw, 300px\" \/><\/a><\/p>\n<p>Neben der individuellen F\u00f6rderung im m\u00fcndlichen und schriftlichen Sprachgebrauch, deren Ziele in einem F\u00f6rderplan festgeschrieben werden, legen wir Wert auf die Schulung der interkulturellen Kompetenz all unserer Sch\u00fclerinnen und Sch\u00fcler. So bietet z.B. das Tandem-Projekt, in dem Sch\u00fclerinnen und Sch\u00fcler, die eine Intensivma\u00dfnahme besuchen, Lernenden, die eine Regelklasse besuchen, begegnen, zahlreiche M\u00f6glichkeiten zum Austausch.<\/p>\n<p>Ebenso bieten viele Zusatzangebote unserer Schule, etwa die P\u00e4dagogische Mittagsbetreuung und die Ansprechbar und die Kooperation mit \u00f6rtlichen Vereinen die M\u00f6glichkeit, \u00fcber die F\u00f6rderkurse hinaus auf vielf\u00e4ltige Weise mit der deutschen Sprache in Kontakt zu kommen.<\/p>\n<p>Gerne stehen wir Ihnen als Ansprechpartner zur Verf\u00fcgung:<\/p>\n<p><a href=\"mailto:Iris.Schubert@grimmels.de\">Iris.Schubert@schule.hessen.de<\/a>, <a href=\"mailto:Peter.Malz@grimmels.de\">Peter.Malz@schule.hessen.de<\/a><\/p>\n<p>&nbsp;<\/p>\n","protected":false},"excerpt":{"rendered":"<p>Deutsch als Zweitsprache (DaZ) am Grimmelshausen-Gymnasium Gelnhausen Seit Beginn des Jahres 2022 werden Sch\u00fclerinnen und Sch\u00fcler verschiedener Nationalit\u00e4ten, die die deutsche Sprache neu erlernen, in Intensivklassen des Grimmelshausen-Gymnasiums Gelnhausen beschult. In der Regel besuchen Lernende eine Intensivklasse \u00fcber einen Zeitraum von zwei Jahren. Sch\u00fclerinnen und Sch\u00fcler, die in unserem Hause oder in einer anderen Schule [&hellip;]<\/p>\n","protected":false},"author":1,"featured_media":0,"parent":0,"menu_order":0,"comment_status":"closed","ping_status":"closed","template":"","meta":{"advgb_blocks_editor_width":"","advgb_blocks_columns_visual_guide":"","ngg_post_thumbnail":0,"footnotes":""},"class_list":["post-46082","page","type-page","status-publish","hentry"],"coauthors":[],"author_meta":{"author_link":"https:\/\/grimmels.de\/wordpress\/author\/webmaster\/","display_name":"webmaster"},"relative_dates":{"created":"Posted 5\u00a0Jahren ago","modified":"Updated 4\u00a0Jahren ago"},"absolute_dates":{"created":"Posted on 22. M\u00e4rz 2021","modified":"Updated on 14. September 2022"},"absolute_dates_time":{"created":"Posted on 22. M\u00e4rz 2021 13:35","modified":"Updated on 14. September 2022 12:33"},"featured_img_caption":"","featured_img":false,"series_order":"","_links":{"self":[{"href":"https:\/\/grimmels.de\/wordpress\/wp-json\/wp\/v2\/pages\/46082","targetHints":{"allow":["GET"]}}],"collection":[{"href":"https:\/\/grimmels.de\/wordpress\/wp-json\/wp\/v2\/pages"}],"about":[{"href":"https:\/\/grimmels.de\/wordpress\/wp-json\/wp\/v2\/types\/page"}],"author":[{"embeddable":true,"href":"https:\/\/grimmels.de\/wordpress\/wp-json\/wp\/v2\/users\/1"}],"replies":[{"embeddable":true,"href":"https:\/\/grimmels.de\/wordpress\/wp-json\/wp\/v2\/comments?post=46082"}],"version-history":[{"count":3,"href":"https:\/\/grimmels.de\/wordpress\/wp-json\/wp\/v2\/pages\/46082\/revisions"}],"predecessor-version":[{"id":52923,"href":"https:\/\/grimmels.de\/wordpress\/wp-json\/wp\/v2\/pages\/46082\/revisions\/52923"}],"wp:attachment":[{"href":"https:\/\/grimmels.de\/wordpress\/wp-json\/wp\/v2\/media?parent=46082"}],"curies":[{"name":"wp","href":"https:\/\/api.w.org\/{rel}","templated":true}]}}