{"id":48339,"date":"2021-11-12T16:21:36","date_gmt":"2021-11-12T15:21:36","guid":{"rendered":"http:\/\/grimmels.de\/wordpress\/?page_id=48339"},"modified":"2021-11-12T16:27:17","modified_gmt":"2021-11-12T15:27:17","slug":"latein-informationen-q-phase","status":"publish","type":"page","link":"https:\/\/grimmels.de\/wordpress\/tag-der-offenen-tuer-2021\/latein-informationen-q-phase\/","title":{"rendered":"Latein: Informationen Q-Phase"},"content":{"rendered":"\r\n<p><strong><em>Darum Latein in der Q-Phase!&nbsp;<\/em><\/strong><\/p>\r\n\r\n\r\n\r\n<figure class=\"wp-block-table\">\r\n<table>\r\n<tbody>\r\n<tr>\r\n<td><strong>Quis?&nbsp;&nbsp;&nbsp;&nbsp;&nbsp;&nbsp;&nbsp;&nbsp;<\/strong>&nbsp;<\/td>\r\n<td>discipulae et discipuli, die ihr Latinum erworben haben &nbsp; &nbsp;<\/td>\r\n<\/tr>\r\n<tr>\r\n<td><strong>Quid?<\/strong> <strong>&nbsp;<\/strong>&nbsp;<\/td>\r\n<td>\r\n<p>Lekt\u00fcre und Interpretation von Texten antiker Autoren mit ganz unterschiedlichen Themen:<\/p>\r\n<ul>\r\n<li>Philosophie (als Lehre und Lebenshilfe)<\/li>\r\n<li>Lateinische Dichtung<\/li>\r\n<li>Rhetorik in Theorie und Praxis<\/li>\r\n<li>Der Mensch und die Politik<\/li>\r\n<li>Roms Erbe Europa &nbsp;<\/li>\r\n<\/ul>\r\n<\/td>\r\n<\/tr>\r\n<tr>\r\n<td><strong>Quibus auxiliis?&nbsp;&nbsp;&nbsp;<\/strong>&nbsp;<\/td>\r\n<td>mit einem W\u00f6rterbuch, der erlernten Grammatik und einem wachen und kritischen Geist &nbsp; &nbsp;<\/td>\r\n<\/tr>\r\n<tr>\r\n<td><strong>Cur?&nbsp;&nbsp;&nbsp;&nbsp;&nbsp;&nbsp;&nbsp;<\/strong>&nbsp;<strong>&nbsp;&nbsp;&nbsp;&nbsp;&nbsp;&nbsp;&nbsp;&nbsp;&nbsp;&nbsp;&nbsp;&nbsp;&nbsp;&nbsp;&nbsp;&nbsp;&nbsp;&nbsp;&nbsp;&nbsp;&nbsp;&nbsp;&nbsp; <\/strong> <strong>&nbsp;<\/strong> <strong>&nbsp;<\/strong> <strong>&nbsp;<\/strong> <strong>&nbsp;<\/strong> <strong>&nbsp;<\/strong>&nbsp;<\/td>\r\n<td>\r\n<ul>\r\n<li>Ihr werdet in den antiken Texten Antworten auf Fragen finden, die unser Menschsein im 21. Jahrhundert betreffen.<\/li>\r\n<li>Ihr baut eure Sprachkompetenzen weiter aus \u2013 und Sprache ist ein so m\u00e4chtiges Instrument&nbsp; &nbsp;<\/li>\r\n<li>nach dem Latinum lernt ihr grammatikalisch nichts Neues<\/li>\r\n<li>Latein in der Q-Phase oder als Pr\u00fcfungsfach im Abitur ist somit berechenbar!&nbsp; &nbsp;<\/li>\r\n<li>das gemeinsame Arbeiten an lateinischen Texten und ihren Inhalten ist typisch f\u00fcr das Fach und wenn Ihr gerne analytisch vorgeht, seid ihr hier genau richtig &nbsp;<\/li>\r\n<li>Ihr verbessert eure (deutsche) Sprachkompetenz und k\u00f6nnt romanische Fremdsprachen leichter erlernen &nbsp;<\/li>\r\n<li>Ihr trainiert Soft Skills, die auch f\u00fcr eure Ausbildung, ein Studium, bzw. Euren sp\u00e4teren Beruf n\u00fctzlich sind, wie z.B. Ausdauer, Genauigkeit, fokussiertes und analytisches Arbeiten, Lesekompetenz, &#8230; &nbsp;<\/li>\r\n<li>Latein begegnet euch auch aktuell, z.B. in Lateinischen Videos, Sprichw\u00f6rtern, Fachbegriffen, &#8230; &nbsp;<\/li>\r\n<li>Latein ist keine Kommunikationssprache, d.h. dass ihr keine komplizierte Aussprache \u00fcben m\u00fcsst &nbsp; &nbsp;<\/li>\r\n<\/ul>\r\n<\/td>\r\n<\/tr>\r\n<tr>\r\n<td><strong>Quomodo?&nbsp;&nbsp;&nbsp;&nbsp;&nbsp;&nbsp;&nbsp;&nbsp;<\/strong> <strong>&nbsp;<\/strong>&nbsp; <strong>&nbsp;<\/strong> <strong>&nbsp;&nbsp; <br><\/strong><\/td>\r\n<td>\r\n<ul>\r\n<li>Arbeiten in Einzel-, Partner-, oder Gruppenarbeit (wie aus Sek I bekannt)<\/li>\r\n<li>Textinterpretation mit Gegenwartsbezug \u2013 dazu geh\u00f6ren auch kreative und szenische Interpretationen&nbsp;<\/li>\r\n<li>in der Q-Phase kann je Halbjahr eine Klausur durch eine (kreative) Ersatzleistung ersetzt werden &nbsp;<\/li>\r\n<\/ul>\r\n<\/td>\r\n<\/tr>\r\n<\/tbody>\r\n<\/table>\r\n<\/figure>\r\n","protected":false},"excerpt":{"rendered":"<p>Darum Latein in der Q-Phase!&nbsp; Quis?&nbsp;&nbsp;&nbsp;&nbsp;&nbsp;&nbsp;&nbsp;&nbsp;&nbsp; discipulae et discipuli, die ihr Latinum erworben haben &nbsp; &nbsp; Quid? &nbsp;&nbsp; Lekt\u00fcre und Interpretation von Texten antiker Autoren mit ganz unterschiedlichen Themen: Philosophie (als Lehre und Lebenshilfe) Lateinische Dichtung Rhetorik in Theorie und Praxis Der Mensch und die Politik Roms Erbe Europa &nbsp; Quibus auxiliis?&nbsp;&nbsp;&nbsp;&nbsp; mit einem W\u00f6rterbuch, [&hellip;]<\/p>\n","protected":false},"author":1,"featured_media":0,"parent":48297,"menu_order":0,"comment_status":"closed","ping_status":"closed","template":"","meta":{"advgb_blocks_editor_width":"","advgb_blocks_columns_visual_guide":"","ngg_post_thumbnail":0,"footnotes":""},"class_list":["post-48339","page","type-page","status-publish","hentry"],"coauthors":[],"author_meta":{"author_link":"https:\/\/grimmels.de\/wordpress\/author\/webmaster\/","display_name":"webmaster"},"relative_dates":{"created":"Posted 4\u00a0Jahren ago","modified":"Updated 4\u00a0Jahren ago"},"absolute_dates":{"created":"Posted on 12. November 2021","modified":"Updated on 12. November 2021"},"absolute_dates_time":{"created":"Posted on 12. November 2021 16:21","modified":"Updated on 12. November 2021 16:27"},"featured_img_caption":"","featured_img":false,"series_order":"","_links":{"self":[{"href":"https:\/\/grimmels.de\/wordpress\/wp-json\/wp\/v2\/pages\/48339","targetHints":{"allow":["GET"]}}],"collection":[{"href":"https:\/\/grimmels.de\/wordpress\/wp-json\/wp\/v2\/pages"}],"about":[{"href":"https:\/\/grimmels.de\/wordpress\/wp-json\/wp\/v2\/types\/page"}],"author":[{"embeddable":true,"href":"https:\/\/grimmels.de\/wordpress\/wp-json\/wp\/v2\/users\/1"}],"replies":[{"embeddable":true,"href":"https:\/\/grimmels.de\/wordpress\/wp-json\/wp\/v2\/comments?post=48339"}],"version-history":[{"count":4,"href":"https:\/\/grimmels.de\/wordpress\/wp-json\/wp\/v2\/pages\/48339\/revisions"}],"predecessor-version":[{"id":48345,"href":"https:\/\/grimmels.de\/wordpress\/wp-json\/wp\/v2\/pages\/48339\/revisions\/48345"}],"up":[{"embeddable":true,"href":"https:\/\/grimmels.de\/wordpress\/wp-json\/wp\/v2\/pages\/48297"}],"wp:attachment":[{"href":"https:\/\/grimmels.de\/wordpress\/wp-json\/wp\/v2\/media?parent=48339"}],"curies":[{"name":"wp","href":"https:\/\/api.w.org\/{rel}","templated":true}]}}