{"id":48524,"date":"2021-11-28T15:35:18","date_gmt":"2021-11-28T14:35:18","guid":{"rendered":"http:\/\/grimmels.de\/wordpress\/?page_id=48524"},"modified":"2024-11-14T14:41:03","modified_gmt":"2024-11-14T13:41:03","slug":"leitbild","status":"publish","type":"page","link":"https:\/\/grimmels.de\/wordpress\/leitbild\/","title":{"rendered":"Leitbild"},"content":{"rendered":"\t\t<div data-elementor-type=\"wp-page\" data-elementor-id=\"48524\" class=\"elementor elementor-48524\" data-elementor-post-type=\"page\">\n\t\t\t\t<div class=\"elementor-element elementor-element-32c68ad e-flex e-con-boxed e-con e-parent\" data-id=\"32c68ad\" data-element_type=\"container\">\n\t\t\t\t\t<div class=\"e-con-inner\">\n\t\t\t\t<div class=\"elementor-element elementor-element-633195f elementor-widget elementor-widget-heading\" data-id=\"633195f\" data-element_type=\"widget\" data-widget_type=\"heading.default\">\n\t\t\t\t<div class=\"elementor-widget-container\">\n\t\t\t\t\t<h2 class=\"elementor-heading-title elementor-size-default\">Leitbild<\/h2>\t\t\t\t<\/div>\n\t\t\t\t<\/div>\n\t\t\t\t\t<\/div>\n\t\t\t\t<\/div>\n\t\t<div class=\"elementor-element elementor-element-4cac3f8 e-flex e-con-boxed e-con e-parent\" data-id=\"4cac3f8\" data-element_type=\"container\">\n\t\t\t\t\t<div class=\"e-con-inner\">\n\t\t\t\t<div class=\"elementor-element elementor-element-1b34d52 elementor-widget elementor-widget-text-editor\" data-id=\"1b34d52\" data-element_type=\"widget\" data-widget_type=\"text-editor.default\">\n\t\t\t\t<div class=\"elementor-widget-container\">\n\t\t\t\t\t\t\t\t\t<p><em>Nichts ist so best\u00e4ndig wie der Wandel.<\/em><\/p><p><strong>Heraklit von Ephesus, 535-475 v. Chr.<\/strong><\/p>\t\t\t\t\t\t\t\t<\/div>\n\t\t\t\t<\/div>\n\t\t\t\t\t<\/div>\n\t\t\t\t<\/div>\n\t\t<div class=\"elementor-element elementor-element-e5d7df2 e-flex e-con-boxed e-con e-parent\" data-id=\"e5d7df2\" data-element_type=\"container\">\n\t\t\t\t\t<div class=\"e-con-inner\">\n\t\t\t\t<div class=\"elementor-element elementor-element-2adca3c elementor-widget elementor-widget-text-editor\" data-id=\"2adca3c\" data-element_type=\"widget\" data-widget_type=\"text-editor.default\">\n\t\t\t\t<div class=\"elementor-widget-container\">\n\t\t\t\t\t\t\t\t\t<p>Das Grimmelshausen-Gymnasium Gelnhausen ist ein Ort der Bildung in humanistischer Tradition seit 1909. Dabei unterst\u00fctzt und f\u00f6rdert die ganze Schulgemeinschaft die Lern- und Pers\u00f6nlichkeitsentwicklung der Lernenden und arbeitet aktiv an der Weiterentwicklung eines zukunftsorientierten Schulalltags. In diesem Kontext hat Bildung zum Ziel, den Lernenden in den Mittelpunkt zu stellen und ihn zu bef\u00e4higen, sich selbst zu erkennen und eigene Ideen zu entwickeln, um <strong>Verantwortung<\/strong> nicht nur f\u00fcr sich, sondern auch f\u00fcr die Gesellschaft engagiert, kritisch und aktiv wahrzunehmen.<\/p><p>Bildung am Grimmels soll frei nach Kant den Menschen dazu f\u00fchren, sich mutig seines Verstandes zu bedienen. Die Wege dorthin sind <strong>vielf\u00e4ltig<\/strong> \u2013 genauso wie die Bildung am Grimmels. Die Angebote, die den Lernenden an unserer Schule gemacht werden, spiegeln die <strong>Diversit\u00e4t <\/strong>unserer Schulgemeinde wider und sollen die Motivation und Neugierde als Basis f\u00fcr den Lernwillen f\u00f6rdern. Dazu z\u00e4hlen:<\/p><ul><li>ein breites Sprachangebot inklusive eines aktiven internationalen Schulaustausches;<\/li><li>Nutzung und Mitentwicklung digitaler Kommunikation und Unterrichtsangebote sowie Lernmethoden;<\/li><li>\u00c4sthetische Bildung mit Schwerpunkten auf der bildenden Kunst, der Musik und szenischen Darstellungen;<\/li><li>bilinguale Unterrichtsangebote und individuelle Interessenf\u00f6rderungen durch ein umfangreiches Angebot an Arbeitsgemeinschaften und im Wahlunterricht;<\/li><li>vielf\u00e4ltige Projekte im MINT-Bereich und Teilnahmem\u00f6glichkeiten an Wettbewerben und Kooperationen;<\/li><li>ein umfangreiches Sportangebot, auch mit au\u00dferschulischen Kooperationspartnern;<\/li><li>M\u00f6glichkeiten des sozialen, politischen, gesellschaftlichen Engagements;<\/li><li>verantwortungsvolle und innovative Mitgestaltung des Schulalltags durch Arbeitsgruppen, Aussch\u00fcssen und in F\u00f6rdervereinen;<\/li><li>individuelle F\u00f6rderung nach F\u00e4higkeiten und Fertigkeiten, die neben den anspruchsvollen Bildungsinhalten auch zu Selbst\u00e4ndigkeit, Teamf\u00e4higkeit, Toleranz, Wertsch\u00e4tzung und Sozialkompetenz f\u00fchren.<\/li><\/ul><p>Damit bietet unsere Schule in allen Fachbereichen der schulischen Bildung den Lernenden die Chance, <strong>individuell<\/strong> und <strong>eigenst\u00e4ndig<\/strong> Schwerpunkte auszuw\u00e4hlen, Diversit\u00e4t kennenzulernen und sich f\u00fcr Vertiefungsangebote zu entscheiden. Insofern werden Kompetenzen auf dem Weg zum Abitur und f\u00fcr den eigenen Lebensweg ebenso vermittelt, wie eine gymnasiale Ausbildung und ein breites Fachwissen.<\/p><p>Die Schulgemeinschaft f\u00fchlt sich den Prinzipien der demokratischen Grundordnung besonders verpflichtet und unterst\u00fctzt deren Umsetzung im Schulalltag.<\/p><p>Das Grimmelshausen-Gymnasium f\u00fchlt sich der Tradition der Schule verpflichtet und stellt sich den schulischen Herausforderungen des 21. Jahrhunderts. Wir sind <strong>offen<\/strong> f\u00fcr Ver\u00e4nderungen und Alternativen und gehen <strong>respektvoll<\/strong> miteinander um. <strong>Gemeinsam<\/strong> zu arbeiten, sich gegenseitig zu st\u00e4rken und aktiv zuzuh\u00f6ren, pr\u00e4gt die kooperative Haltung aller Menschen, die am Grimmelshausen-Gymnasium wirken. Wir freuen uns, dass viele Ehemalige sich auch nach dem Ende der Schulzeit unserer Schule zugeh\u00f6rig f\u00fchlen.<\/p><p>Beschlossen von der Schulkonferenz am 03.03.2022<\/p>\t\t\t\t\t\t\t\t<\/div>\n\t\t\t\t<\/div>\n\t\t\t\t\t<\/div>\n\t\t\t\t<\/div>\n\t\t\t\t<\/div>\n\t\t","protected":false},"excerpt":{"rendered":"<p>Leitbild Nichts ist so best\u00e4ndig wie der Wandel. Heraklit von Ephesus, 535-475 v. Chr. Das Grimmelshausen-Gymnasium Gelnhausen ist ein Ort der Bildung in humanistischer Tradition seit 1909. Dabei unterst\u00fctzt und f\u00f6rdert die ganze Schulgemeinschaft die Lern- und Pers\u00f6nlichkeitsentwicklung der Lernenden und arbeitet aktiv an der Weiterentwicklung eines zukunftsorientierten Schulalltags. In diesem Kontext hat Bildung zum [&hellip;]<\/p>\n","protected":false},"author":1,"featured_media":0,"parent":0,"menu_order":0,"comment_status":"closed","ping_status":"closed","template":"","meta":{"advgb_blocks_editor_width":"","advgb_blocks_columns_visual_guide":"","ngg_post_thumbnail":0,"footnotes":""},"class_list":["post-48524","page","type-page","status-publish","hentry"],"coauthors":[],"author_meta":{"author_link":"https:\/\/grimmels.de\/wordpress\/author\/webmaster\/","display_name":"webmaster"},"relative_dates":{"created":"Posted 4\u00a0Jahren ago","modified":"Updated 1\u00a0Jahr ago"},"absolute_dates":{"created":"Posted on 28. November 2021","modified":"Updated on 14. November 2024"},"absolute_dates_time":{"created":"Posted on 28. November 2021 15:35","modified":"Updated on 14. November 2024 14:41"},"featured_img_caption":"","featured_img":false,"series_order":"","_links":{"self":[{"href":"https:\/\/grimmels.de\/wordpress\/wp-json\/wp\/v2\/pages\/48524","targetHints":{"allow":["GET"]}}],"collection":[{"href":"https:\/\/grimmels.de\/wordpress\/wp-json\/wp\/v2\/pages"}],"about":[{"href":"https:\/\/grimmels.de\/wordpress\/wp-json\/wp\/v2\/types\/page"}],"author":[{"embeddable":true,"href":"https:\/\/grimmels.de\/wordpress\/wp-json\/wp\/v2\/users\/1"}],"replies":[{"embeddable":true,"href":"https:\/\/grimmels.de\/wordpress\/wp-json\/wp\/v2\/comments?post=48524"}],"version-history":[{"count":63,"href":"https:\/\/grimmels.de\/wordpress\/wp-json\/wp\/v2\/pages\/48524\/revisions"}],"predecessor-version":[{"id":61300,"href":"https:\/\/grimmels.de\/wordpress\/wp-json\/wp\/v2\/pages\/48524\/revisions\/61300"}],"wp:attachment":[{"href":"https:\/\/grimmels.de\/wordpress\/wp-json\/wp\/v2\/media?parent=48524"}],"curies":[{"name":"wp","href":"https:\/\/api.w.org\/{rel}","templated":true}]}}