{"id":510,"date":"2014-07-03T16:25:39","date_gmt":"2014-07-03T14:25:39","guid":{"rendered":"?page_id=510"},"modified":"2025-09-08T16:27:54","modified_gmt":"2025-09-08T14:27:54","slug":"oberstufe-2","status":"publish","type":"page","link":"https:\/\/grimmels.de\/wordpress\/oberstufe-2\/","title":{"rendered":"Gymnasiale Oberstufe"},"content":{"rendered":"\t\t<div data-elementor-type=\"wp-page\" data-elementor-id=\"510\" class=\"elementor elementor-510\" data-elementor-post-type=\"page\">\n\t\t\t\t<div class=\"elementor-element elementor-element-4bbc5409 e-con-full e-flex e-con e-parent\" data-id=\"4bbc5409\" data-element_type=\"container\" data-settings=\"{&quot;background_background&quot;:&quot;slideshow&quot;,&quot;background_slideshow_gallery&quot;:[{&quot;id&quot;:59090,&quot;url&quot;:&quot;https:\\\/\\\/grimmels.de\\\/wordpress\\\/wp-content\\\/uploads\\\/2024\\\/10\\\/cropped-DJI_0270-Kopie-1.png&quot;},{&quot;id&quot;:58863,&quot;url&quot;:&quot;https:\\\/\\\/grimmels.de\\\/wordpress\\\/wp-content\\\/uploads\\\/2024\\\/09\\\/cropped-DSC05545-scaled-1.jpeg&quot;}],&quot;background_slideshow_loop&quot;:&quot;yes&quot;,&quot;background_slideshow_slide_duration&quot;:5000,&quot;background_slideshow_slide_transition&quot;:&quot;fade&quot;,&quot;background_slideshow_transition_duration&quot;:500}\">\n\t\t\t\t<div class=\"elementor-element elementor-element-6dde705f elementor-widget elementor-widget-heading\" data-id=\"6dde705f\" data-element_type=\"widget\" data-widget_type=\"heading.default\">\n\t\t\t\t<div class=\"elementor-widget-container\">\n\t\t\t\t\t<h2 class=\"elementor-heading-title elementor-size-default\">GYMNASIALE OBERSTUFE<\/h2>\t\t\t\t<\/div>\n\t\t\t\t<\/div>\n\t\t\t\t<\/div>\n\t\t<div class=\"elementor-element elementor-element-d3f1455 e-con-full e-flex e-con e-parent\" data-id=\"d3f1455\" data-element_type=\"container\">\n\t\t<div class=\"elementor-element elementor-element-ef4fbe5 e-con-full e-flex e-con e-child\" data-id=\"ef4fbe5\" data-element_type=\"container\">\n\t\t\t\t<div class=\"elementor-element elementor-element-9f0fa96 elementor-widget elementor-widget-heading\" data-id=\"9f0fa96\" data-element_type=\"widget\" data-widget_type=\"heading.default\">\n\t\t\t\t<div class=\"elementor-widget-container\">\n\t\t\t\t\t<h2 class=\"elementor-heading-title elementor-size-default\">Welche Voraussetzungen m\u00fcssen zu einer Aufnahme in die gymnasiale Oberstufe erf\u00fcllt sein?<\/h2>\t\t\t\t<\/div>\n\t\t\t\t<\/div>\n\t\t\t\t<div class=\"elementor-element elementor-element-0bf8c6e elementor-widget elementor-widget-text-editor\" data-id=\"0bf8c6e\" data-element_type=\"widget\" data-widget_type=\"text-editor.default\">\n\t\t\t\t<div class=\"elementor-widget-container\">\n\t\t\t\t\t\t\t\t\t<p style=\"font-weight: 400;\">In die Einf\u00fchrungsphase der gymnasialen Oberstufe wird aufgenommen, wer<\/p><ul style=\"font-weight: 400;\"><li>in die Einf\u00fchrungsphase der gymnasialen Oberstufe versetzt wurde bzw.<\/li><li>den qualifizierenden Realschulabschluss erworben hat.<\/li><\/ul><p style=\"font-weight: 400;\">Sch\u00fclerinnen und Sch\u00fcler, die den mittleren Abschluss erreicht haben, der nicht den Anforderungen des qualifizierenden Realschulabschlusses entspricht, ben\u00f6tigen ein Gutachten der abgebenden Schule, das sie als geeignet f\u00fcr die gymnasiale Oberstufe ausweist und m\u00fcssen den mittleren Schulabschluss mit einer Durchschnittsnote von besser als befriedigend in den F\u00e4chern Deutsch, Mathematik, erste Fremdsprache und einer Naturwissenschaft sowie in den \u00fcbrigen F\u00e4chern gleichfalls mit einer Durchschnittsnote von besser als befriedigend erreicht haben.<\/p><p style=\"font-weight: 400;\"><strong>Anmeldefristen\u00a0<\/strong>(nur f\u00fcr externe Sch\u00fcler\/innen):<\/p><p style=\"font-weight: 400;\">Der Aufnahmeantrag wird von den Eltern\u00a0<strong>sp\u00e4testens bis zwei Wochen nach Beginn des 2. Schulhalbjahres<\/strong>\u00a0\u00fcber die abgebende Schule an die aufnehmende Schule gestellt.<\/p>\t\t\t\t\t\t\t\t<\/div>\n\t\t\t\t<\/div>\n\t\t\t\t<\/div>\n\t\t<div class=\"elementor-element elementor-element-275c5c6 e-con-full e-flex e-con e-child\" data-id=\"275c5c6\" data-element_type=\"container\">\n\t\t\t\t<div class=\"elementor-element elementor-element-0579c2b elementor-widget elementor-widget-heading\" data-id=\"0579c2b\" data-element_type=\"widget\" data-widget_type=\"heading.default\">\n\t\t\t\t<div class=\"elementor-widget-container\">\n\t\t\t\t\t<h2 class=\"elementor-heading-title elementor-size-default\">Die Gliederung der gymnasialen Oberstufe<\/h2>\t\t\t\t<\/div>\n\t\t\t\t<\/div>\n\t\t\t\t<div class=\"elementor-element elementor-element-8dd423d elementor-widget elementor-widget-text-editor\" data-id=\"8dd423d\" data-element_type=\"widget\" data-widget_type=\"text-editor.default\">\n\t\t\t\t<div class=\"elementor-widget-container\">\n\t\t\t\t\t\t\t\t\t<p style=\"font-weight: 400;\">In der\u00a0<strong>Einf\u00fchrungsphase<\/strong>\u00a0werden die Sch\u00fclerinnen und Sch\u00fcler am GGG in Orientierungs- und Grundkursen unterrichtet.<\/p><p style=\"font-weight: 400;\">F\u00fcr G8-Sch\u00fcler ist die Einf\u00fchrungsphase die Jahrgangsstufe 10, f\u00fcr G9-Sch\u00fcler die Jahrgangsstufe 11.<\/p><p style=\"font-weight: 400;\"><a href=\"applewebdata:\/\/A245512A-000D-43ED-B1A8-BE70862CD767?page_id=9535\">N\u00e4here Informationen zur Einf\u00fchrungsphase<\/a><\/p><p style=\"font-weight: 400;\">Die\u00a0<strong>Qualifikationsphase<\/strong>\u00a0umfasst die letzten beiden Jahrgangsstufen vor der Abiturpr\u00fcfung. Unterricht findet in Grund- und Leistungskursen statt.<\/p><p style=\"font-weight: 400;\">Die in der Qualifikationsphase erbrachten Leistungen z\u00e4hlen von Anfang an zur Berechnung des Abiturdurchschnitts.<\/p><p style=\"font-weight: 400;\"><a href=\"applewebdata:\/\/A245512A-000D-43ED-B1A8-BE70862CD767?page_id=9559\">N\u00e4here Informationen zur Qualifikationsphase<\/a><\/p>\t\t\t\t\t\t\t\t<\/div>\n\t\t\t\t<\/div>\n\t\t\t\t<\/div>\n\t\t\t\t<\/div>\n\t\t<div class=\"elementor-element elementor-element-a36a742 e-flex e-con-boxed e-con e-parent\" data-id=\"a36a742\" data-element_type=\"container\" data-settings=\"{&quot;background_background&quot;:&quot;classic&quot;}\">\n\t\t\t\t\t<div class=\"e-con-inner\">\n\t\t\t\t<div class=\"elementor-element elementor-element-90ba8d4 elementor-widget elementor-widget-heading\" data-id=\"90ba8d4\" data-element_type=\"widget\" data-widget_type=\"heading.default\">\n\t\t\t\t<div class=\"elementor-widget-container\">\n\t\t\t\t\t<h2 class=\"elementor-heading-title elementor-size-default\">Alle Informationen zum Download:<\/h2>\t\t\t\t<\/div>\n\t\t\t\t<\/div>\n\t\t\t\t\t<\/div>\n\t\t\t\t<\/div>\n\t\t<div class=\"elementor-element elementor-element-43209c9 e-flex e-con-boxed e-con e-parent\" data-id=\"43209c9\" data-element_type=\"container\" data-settings=\"{&quot;background_background&quot;:&quot;classic&quot;}\">\n\t\t\t\t\t<div class=\"e-con-inner\">\n\t\t\t\t<div class=\"elementor-element elementor-element-a05e275 elementor-widget elementor-widget-button\" data-id=\"a05e275\" data-element_type=\"widget\" data-widget_type=\"button.default\">\n\t\t\t\t<div class=\"elementor-widget-container\">\n\t\t\t\t\t\t\t\t\t<div class=\"elementor-button-wrapper\">\n\t\t\t\t\t<a class=\"elementor-button elementor-button-link elementor-size-sm\" href=\"https:\/\/grimmels.de\/wordpress\/wp-content\/uploads\/2025\/09\/Informationen-zur-Einfuehrungsphase_Elternabend-der-E1-am-02.09.2025.pdf\">\n\t\t\t\t\t\t<span class=\"elementor-button-content-wrapper\">\n\t\t\t\t\t\t\t\t\t<span class=\"elementor-button-text\">Informationen zur Einf\u00fchrungsphase<\/span>\n\t\t\t\t\t<\/span>\n\t\t\t\t\t<\/a>\n\t\t\t\t<\/div>\n\t\t\t\t\t\t\t\t<\/div>\n\t\t\t\t<\/div>\n\t\t\t\t<div class=\"elementor-element elementor-element-ed6a2bf elementor-widget elementor-widget-button\" data-id=\"ed6a2bf\" data-element_type=\"widget\" data-widget_type=\"button.default\">\n\t\t\t\t<div class=\"elementor-widget-container\">\n\t\t\t\t\t\t\t\t\t<div class=\"elementor-button-wrapper\">\n\t\t\t\t\t<a class=\"elementor-button elementor-button-link elementor-size-sm\" href=\"https:\/\/grimmels.de\/wordpress\/wp-content\/uploads\/2025\/09\/Informationen-zur-Qualifikationsphase-und-zum-Abitur_Elternabend-der-Q1-am-02.09.2025.pdf\">\n\t\t\t\t\t\t<span class=\"elementor-button-content-wrapper\">\n\t\t\t\t\t\t\t\t\t<span class=\"elementor-button-text\">Informationen zur Qualifikationsphase und zum Abitur<\/span>\n\t\t\t\t\t<\/span>\n\t\t\t\t\t<\/a>\n\t\t\t\t<\/div>\n\t\t\t\t\t\t\t\t<\/div>\n\t\t\t\t<\/div>\n\t\t\t\t\t<\/div>\n\t\t\t\t<\/div>\n\t\t<div class=\"elementor-element elementor-element-7851673 e-flex e-con-boxed e-con e-parent\" data-id=\"7851673\" data-element_type=\"container\">\n\t\t\t\t\t<div class=\"e-con-inner\">\n\t\t\t\t<div class=\"elementor-element elementor-element-163fa85 elementor-widget elementor-widget-text-editor\" data-id=\"163fa85\" data-element_type=\"widget\" data-widget_type=\"text-editor.default\">\n\t\t\t\t<div class=\"elementor-widget-container\">\n\t\t\t\t\t\t\t\t\t<p>Grundlage f\u00fcr alle hier ver\u00f6ffentlichten Informationen ist die <strong>&#8222;<a href=\"https:\/\/www.rv.hessenrecht.hessen.de\/bshe\/document\/hevr-OSt_AbiVHErahmen\">Oberstufen- und Abiturverordnung OAVO<\/a>&#8222;<\/strong><\/p>\t\t\t\t\t\t\t\t<\/div>\n\t\t\t\t<\/div>\n\t\t\t\t\t<\/div>\n\t\t\t\t<\/div>\n\t\t\t\t<\/div>\n\t\t","protected":false},"excerpt":{"rendered":"<p>GYMNASIALE OBERSTUFE Welche Voraussetzungen m\u00fcssen zu einer Aufnahme in die gymnasiale Oberstufe erf\u00fcllt sein? In die Einf\u00fchrungsphase der gymnasialen Oberstufe wird aufgenommen, wer in die Einf\u00fchrungsphase der gymnasialen Oberstufe versetzt wurde bzw. den qualifizierenden Realschulabschluss erworben hat. Sch\u00fclerinnen und Sch\u00fcler, die den mittleren Abschluss erreicht haben, der nicht den Anforderungen des qualifizierenden Realschulabschlusses entspricht, ben\u00f6tigen [&hellip;]<\/p>\n","protected":false},"author":3,"featured_media":0,"parent":0,"menu_order":0,"comment_status":"closed","ping_status":"closed","template":"","meta":{"advgb_blocks_editor_width":"","advgb_blocks_columns_visual_guide":"","ngg_post_thumbnail":0,"footnotes":""},"class_list":["post-510","page","type-page","status-publish","hentry"],"coauthors":[],"author_meta":{"author_link":"https:\/\/grimmels.de\/wordpress\/author\/renate-wichert\/","display_name":"Renate Wichert"},"relative_dates":{"created":"Posted 12\u00a0Jahren ago","modified":"Updated 8\u00a0Monaten ago"},"absolute_dates":{"created":"Posted on 3. Juli 2014","modified":"Updated on 8. September 2025"},"absolute_dates_time":{"created":"Posted on 3. Juli 2014 16:25","modified":"Updated on 8. September 2025 16:27"},"featured_img_caption":"","featured_img":false,"series_order":"","_links":{"self":[{"href":"https:\/\/grimmels.de\/wordpress\/wp-json\/wp\/v2\/pages\/510","targetHints":{"allow":["GET"]}}],"collection":[{"href":"https:\/\/grimmels.de\/wordpress\/wp-json\/wp\/v2\/pages"}],"about":[{"href":"https:\/\/grimmels.de\/wordpress\/wp-json\/wp\/v2\/types\/page"}],"author":[{"embeddable":true,"href":"https:\/\/grimmels.de\/wordpress\/wp-json\/wp\/v2\/users\/3"}],"replies":[{"embeddable":true,"href":"https:\/\/grimmels.de\/wordpress\/wp-json\/wp\/v2\/comments?post=510"}],"version-history":[{"count":25,"href":"https:\/\/grimmels.de\/wordpress\/wp-json\/wp\/v2\/pages\/510\/revisions"}],"predecessor-version":[{"id":66248,"href":"https:\/\/grimmels.de\/wordpress\/wp-json\/wp\/v2\/pages\/510\/revisions\/66248"}],"wp:attachment":[{"href":"https:\/\/grimmels.de\/wordpress\/wp-json\/wp\/v2\/media?parent=510"}],"curies":[{"name":"wp","href":"https:\/\/api.w.org\/{rel}","templated":true}]}}