{"id":512,"date":"2014-07-03T16:25:58","date_gmt":"2014-07-03T14:25:58","guid":{"rendered":"?page_id=512"},"modified":"2021-01-13T18:23:45","modified_gmt":"2021-01-13T17:23:45","slug":"deutsch","status":"publish","type":"page","link":"https:\/\/grimmels.de\/wordpress\/deutsch\/","title":{"rendered":"Deutsch"},"content":{"rendered":"<h4><strong>Das Fach Deutsch am GGG<\/strong><\/h4>\n<p>In der Unterstufe liegt der Schwerpunkt im Fach Deutsch zun\u00e4chst in der Vermittlung von grundlegenden Kenntnissen in Grammatik, Orthografie und Zeichensetzung. Da die Sch\u00fcler\/innen von verschiedenen Grundschulen mit teilweise unterschiedlichen p\u00e4dagogischen Konzepten kommen, dient vor allem der Deutschunterricht in der Jahrgangsstufe 5 der Angleichung des Lernstandes im Bereich Lesen und Schreiben auf ein gemeinsames Niveau. Neben der Wissenschaftlichen Bibliothek, die vor allem f\u00fcr die Sch\u00fcler der Oberstufe gedacht ist, steht den Sch\u00fclern\/innen der Unter- und Mittelstufe das \u201eGrimmels-Buchland\u201c mit einem gro\u00dfen Angebot an Kinder- und Jugendliteratur offen.<\/p>\n<p>Im Verlauf der Mittelstufe (8. bis 10.Klasse) sollen den Sch\u00fclern\/innen grundlegende methodische Kenntnisse zur schriftlichen und m\u00fcndlichen Analyse von literarischen Texten sowie Sachtexten vermittelt werden. Ein besonderer Schwerpunkt an unserer Schule liegt in der Entwicklung der rhetorischen F\u00e4higkeiten. Aus diesem Grund nimmt die Schule regelm\u00e4\u00dfig an \u201eJugend debattiert\u201c teil und richtet seit vielen Jahren den Kreisentscheid dieses bundesweiten Wettbewerbs aus.<\/p>\n<p>Vor allem in Hinblick auf jene F\u00e4cher, welche die schriftliche oder m\u00fcndliche Analyse oder Er\u00f6rterung von Texten voraussetzen, sollen die Sch\u00fcler\/innen in der Eingangsphase der Oberstufe in die Grundlagen des wissenschaftlichen Arbeitens eingef\u00fchrt werden. Sie sollen sich allerdings nicht nur mit der rein gedanklichen Erschlie\u00dfung fremder Texte befassen, sondern zugleich zum eigenst\u00e4ndigen, kreativen Umgang mit Literatur angeregt werden. Aus diesem Grund gibt es schon seit einigen Jahren f\u00fcr alle Jahrgangsstufen einen literarischen Schreibwettbewerb, an dem viele Sch\u00fcler und Sch\u00fclerinnen unserer Schule teilnehmen.<\/p>\n<p>&nbsp;<\/p>\n<h4><strong>Ausstattung des Fachbereichs<\/strong><\/h4>\n<p><strong>Das Grimmels-Buchland<\/strong><\/p>\n<p>Seit Jahren haben wir an unserer Schule eine B\u00fccherei, die sich speziell an j\u00fcngere Leser und Leserinnen ab Jahrgangsstufe 5 richtet. Begeisterte B\u00fccherw\u00fcrmer k\u00f6nnen hier interessante Romane von Harry Potter, \u00fcber Gregs Tagebuch, mein Lotta-Leben bis hin zu Kinder- und Jugendbuchklassikern finden. Nat\u00fcrlich k\u00f6nnen alle B\u00fccher ausgeliehen und mit nach Hause genommen werden, um dort ungest\u00f6rt darin zu schm\u00f6kern und in die Welt der Fantasie abzutauchen. Durch zahlreiche Buch- und Elternspenden haben wir inzwischen eine recht interessante Auswahl f\u00fcr unsere begeisterten Leseratten im Alter zwischen 10 und 16 Jahren. Auch verschiedene H\u00f6rb\u00fccher k\u00f6nnt ihr bei uns ausleihen.<\/p>\n<p>Auch in Corona-Zeiten muss keiner auf spannende Erz\u00e4hlungen und Romane verzichten. \u00dcber den OPAC-Katalog <a href=\"https:\/\/gymnasium-grimmelshausen.web-opac.de\/search\">https:\/\/gymnasium-grimmelshausen.web-opac.de\/search<\/a> k\u00f6nnt ihr euch von jedem Computer, Tablet oder Smartphone ansehen, welche B\u00fccher ihr aus ausleihen wollt. Vor der B\u00fccherei (Raum 300) k\u00f6nnt ihr euren B\u00fccherwunsch in den \u201eBriefkasten\u201c werfen und unser Buchlandteam bringt die Bestellung direkt in euren Klassenraum.<\/p>\n<p>Unsere Buchland AG gibt Euch zus\u00e4tzlich die M\u00f6glichkeit noch tiefer in die Welt der B\u00fccher einzudringen. Dort k\u00f6nnt ihr lernen, wie man mit professionellen Bibliotheksprogrammen umgeht, B\u00fccher einbindet und digitalisiert.<\/p>\n<p>Nach Fertigstellung der Bauarbeiten im Erdgeschoss werden wir in neue, gr\u00f6\u00dfere R\u00e4umlichkeiten umziehen und ihr k\u00f6nnt euch schon auf die modernisierte Bibliothek freuen, die auch einen Lesebereich bieten wird.<\/p>\n<p>Das Buchland-Team und Frau J\u00e4ger freuen sich auf euren Besuch.<\/p>\n<p>&nbsp;<\/p>\n<p><a href=\"https:\/\/grimmels.de\/wordpress\/bibliothek-buchland\/\"><strong>Die Wissenschaftliche Bibliothek<\/strong><\/a><\/p>\n<p>&nbsp;<\/p>\n<h4><strong>Leistungskurse <\/strong><\/h4>\n<p>Im Fach Deutsch werden in der Qualifikationsphase fortlaufend ein bis zwei Leistungskurse pro Jahrgangsstufe angeboten. Seit dem Schuljahr 2020 bietet der Fachbereich f\u00fcr die Jahrgangsstufe 11 einen Orientierungskurs f\u00fcr Sch\u00fclerinnen und Sch\u00fcler an, die sich f\u00fcr einen Leistungskurs Deutsch interessieren.&nbsp;<\/p>\n<p>&nbsp;<\/p>\n<h4>Wettbewerbe und Literaturveranstaltungen am Grimmels<\/h4>\n<p><strong>Vorlesewettbewerb&nbsp;<\/strong><\/p>\n<p>Zielgruppe: Jahrgangsstufe 6<\/p>\n<p>Wie \u201eZauberzungen\u201c literarische Welten lebendig werden lassen k\u00f6nnen, zeigen Sch\u00fclerinnen und Sch\u00fcler&nbsp;der Jahrgangsstufe 6 beim Vorlesewettbewerb,&nbsp;der&nbsp;unter der&nbsp;Schirmherrschaft des Bundespr\u00e4sidenten&nbsp;steht,&nbsp;deutschlandweit&nbsp;mit Klassen- und Schulentscheiden&nbsp;im Oktober\/November beginnt&nbsp;und&nbsp;im Juni mit dem Bundesfinale in Berlin endet. Lesefreude&nbsp;und die Begeisterung an Literatur stehen&nbsp;bei dieser Veranstaltung im&nbsp;Mittelpunkt. Beim Schulentscheid treten die Klassensiegerin und Klassensieger miteinander an und verleihen \u2013 erst jeder&nbsp;f\u00fcr sich und dann alle gemeinsam&nbsp;\u2013&nbsp;B\u00fcchern ihre Stimme.<\/p>\n<p>Als Besucher sind insbesondere&nbsp;6. Kl\u00e4ssler&nbsp;sowie Eltern, Geschwister und Gro\u00dfeltern herzlich eingeladen. Meist&nbsp;pr\u00e4sentieren einzelne Klassen B\u00fccherausstellungen, fordern die G\u00e4ste mit&nbsp;Quizfragen heraus und verw\u00f6hnen sie mit K\u00f6stlichkeiten von Muffins bis zur Zuckerwatte.<\/p>\n<p>Der Vorlesewettbewerb ist gesellschaftlich eingebunden, indem&nbsp;die Jury&nbsp;\u00fcber die Schule hinaus&nbsp;auch&nbsp;aus MitarbeiterInnen&nbsp;der Bibliotheken und des \u00f6rtlichen Buchhandels besteht.<\/p>\n<p>Welttag des Buches<\/p>\n<p>Zielgruppe: Jahrgangsstufe 5<\/p>\n<p>Auch diese Veranstaltung feiert das Lesen. Zum Welttag des Buches&nbsp;am 23. April&nbsp;laden die&nbsp;Gelnh\u00e4user&nbsp;Buchhandlungen Brentano Buchhandlung und&nbsp;Grimmelshausenbuchhandlung&nbsp;die 5. Klassen ein, gemeinsam&nbsp;spannende B\u00fccher kennenzulernen.&nbsp;Mit dem \u00dcberraschungsband \u201eIch schenk dir eine Geschichte\u201c erh\u00e4lt jeder&nbsp;ein kleines Geschenk<\/p>\n<p>&nbsp;<\/p>\n<p><strong>\u201e Kreaworth\u201c \u2013 unser Schreibwettbewerb f\u00fcr kreative K\u00f6pfe. <\/strong><\/p>\n<p>Du bist fantasievoll und hast den Kopf voller toller Ideen? Dann bist du bei uns genau richtig. Seit Jahren f\u00fchrt das GGG den kreativen Schreibwettbewerb durch, der dir die M\u00f6glichkeit gibt, zu einem ausgew\u00e4hlten Thema eine Geschichte, ein Gedicht oder auch ein Comic anzufertigen. Jedes Jahr gibt es neue Themen, die sich an alle Jahrgangsstufen von Klasse 5 bis zu den Abschlussjahrg\u00e4ngen richten. Die Juroren lesen all eure Texte und ermitteln f\u00fcr jeden Jahrgang die 3 au\u00dfergew\u00f6hnlichsten Texte, Gedichte oder Zeichnungen. Bei der Preisverleihung erhalten die Gewinner Buchpreise und jeder Teilnehmer zus\u00e4tzlich eine Urkunde. Die aktuellen Themen und den Abgabeschluss findet ihr auf unserer Homepage. Wir freuen uns auf eure Beitr\u00e4ge. Also: Ran an die Stifte!<\/p>\n<p>&nbsp;<\/p>\n<p><strong>\u201eJugend debattiert\u201c (in der Mittelstufe ab Klasse 8; Oberstufe)<\/strong><\/p>\n<p>&nbsp;<\/p>\n<p><strong>\u201ePreisverd\u00e4chtig\u201c<\/strong><\/p>\n<p>Zielgruppe: 7-Q3<\/p>\n<p>Termin: Woche vor den Herbstferien<\/p>\n<p>Im Rahmen der Frankfurter Buchmesse wird jedes Jahr der Jugendliteraturpreis verliehen.&nbsp;Vorab f\u00fchren wir am&nbsp;Grimmels&nbsp;mit <a href=\"https:\/\/grimmels.de\/wordpress\/preisverdaechtig\/\">\u201ePreisverd\u00e4chtig\u201c<\/a> ein Preview dieser Veranstaltung&nbsp;durch.&nbsp;Leserinnen und Leser aus der Sch\u00fcler-, Lehrer- und Elternschaft sind eingeladen, ein in den Sparten \u201eJugendbuch\u201c und \u201ePreis der Jugendjury\u201c&nbsp;nominiertes Buch zu lesen und bei der Veranstaltung vorzustellen. Die Teilnehmer haben dann die Gelegenheit, selbst die Rolle von Juroren einzunehmen&nbsp;und gemeinsam die Frage durchzuspielen: Welches Buch w\u00fcrden wir mit dem Jugendliteraturpreis auszeichnen?<\/p>\n<p>Die Veranstaltung bietet spannende Einblicke in literarische Neuerscheinungen und einen lebendigen Austausch \u00fcber Literatur&nbsp;\u2013 im Idealfall \u00fcber die Altersgrenzen hinweg&nbsp;und macht neugierig auf die Preisverleihung. Diese kann dann ggf. auch gemeinsam&nbsp;besucht werden.<\/p>\n<p>&nbsp;<\/p>\n<h4>F\u00f6rderunterricht<\/h4>\n<p><strong>F\u00f6rderkurse in der Klasse 5 und 6<\/strong><\/p>\n<p><a href=\"https:\/\/grimmels.de\/wordpress\/lrs-foerderkurse\/\"><strong>F\u00f6rderkurs f\u00fcr Sch\u00fclerinnen und Sch\u00fcler mit besonderen Problemen beim Lesen und Rechtschreiben <\/strong><\/a><\/p>\n<p><strong>Deutsch als Zweitsprache<\/strong><\/p>\n<p>In unserer Schule werden Kinder, Jugendliche und junge Erwachsene, die die Deutsche Sprache als Zweitsprache erlernen und dem Regelunterricht in Grundz\u00fcgen folgen k\u00f6nnen, in Regelklassen verschiedener Jahrg\u00e4nge beschult. Begleitend hierzu werden sie auf Beschluss der Klassenkonferenz hin in DaZ-F\u00f6rderkursen, die bis zu vier zus\u00e4tzliche Wochenstunden \/ Sch\u00fcler umfassen, von Fachkr\u00e4ften zus\u00e4tzlich gef\u00f6rdert, um den sprachlichen Anforderungen des Regelunterrichts und der Allgemeinen Hochschulreife schriftlich, m\u00fcndlich und die Lesekompetenz betreffend gewachsen zu sein. Dies geschieht durch die Schulung der Kompetenzen der Sch\u00fclerinnen und Sch\u00fcler in allen den Spracherwerb betreffenden relevanten Bereichen (Wortschatz, Grammatik H\u00f6ren\/Aussprache, Sprachen, Lesen und Schreiben). Besonders wichtig ist uns hierbei der Auf- bzw. Ausbau einer soliden Bildungssprache. Daneben wird die interkulturelle Kompetenz der Sch\u00fclerinnen und Sch\u00fcler geschult. Zahlreiche Zusatzangebote, etwa die P\u00e4dagogische Mittagsbetreuung&nbsp;und die Ansprechbar und die Kooperation mit \u00f6rtlichen Vereinen bieten die M\u00f6glichkeit, dar\u00fcber hinaus auf vielf\u00e4ltige Weise mit der Deutschen Sprache in Kontakt zu kommen.<\/p>\n<p>&nbsp;<\/p>\n<p><strong>Arbeitsgemeinschaften und besondere Veranstaltungen:<\/strong><\/p>\n<p>&#8211; Theater AG (ab Klasse 9)<\/p>\n<p>&#8211; M\u00e4rchentheater in der 5.Jahrgangsstufe<\/p>\n<p>&#8211; Besuch von Theatervorstellungen (in der Oberstufe in Zusammenarbeit mit dem Fach DS)<\/p>\n<p>&#8211; Veranstaltungen zum Thema Literatur am \u201eTag des Buches\u201c<\/p>\n<p><strong>Vergleichsarbeiten:<\/strong><\/p>\n<p>&#8211; Klasse 6: 2.Halbjahr (Schwerpunkt Grammatik)<\/p>\n<p>&#8211; Klasse 8: 2.Halbjahr (Inhaltsangabe)<\/p>\n<p>&#8211; Q2: 1. oder 2.Halbjahr (Themenstellung wird bestimmt durch die jeweils g\u00fcltige Liste von Pflichtlekt\u00fcren f\u00fcr das Abitur)<\/p>\n<p><strong>Stundentafel und Anzahl der Arbeiten:<\/strong><\/p>\n<table border=\"1\">\n<tbody>\n<tr>\n<td width=\"61\">Klasse:<\/td>\n<td width=\"61\">5<\/td>\n<td width=\"61\">6<\/td>\n<td width=\"61\">7<\/td>\n<td width=\"61\">8<\/td>\n<td width=\"61\">9<\/td>\n<td width=\"61\">10<\/td>\n<td width=\"61\">E<\/td>\n<td width=\"61\">Q1-2 Gk\/Lk<\/td>\n<td width=\"61\">Q3-4 Gk\/Lk<\/td>\n<\/tr>\n<tr>\n<td width=\"61\">Stundenzahl<\/td>\n<td width=\"61\">5<\/td>\n<td width=\"61\">4<\/td>\n<td width=\"61\">4<\/td>\n<td width=\"61\">3<\/td>\n<td width=\"61\">4<\/td>\n<td width=\"61\">4<\/td>\n<td width=\"61\">3<\/td>\n<td width=\"61\">4\/5<\/td>\n<td width=\"61\">4\/5<\/td>\n<\/tr>\n<tr>\n<td width=\"61\">Anzahl der schriftlichen Arbeiten<\/td>\n<td width=\"61\">5<\/td>\n<td width=\"61\">5<\/td>\n<td width=\"61\">4<\/td>\n<td width=\"61\">4<\/td>\n<td width=\"61\">4<\/td>\n<td width=\"61\">4<\/td>\n<td width=\"61\">4<\/td>\n<td width=\"61\">4<\/td>\n<td width=\"61\">4<\/td>\n<\/tr>\n<\/tbody>\n<\/table>\n<p>&nbsp;<\/p>\n","protected":false},"excerpt":{"rendered":"<p>Das Fach Deutsch am GGG In der Unterstufe liegt der Schwerpunkt im Fach Deutsch zun\u00e4chst in der Vermittlung von grundlegenden Kenntnissen in Grammatik, Orthografie und Zeichensetzung. Da die Sch\u00fcler\/innen von verschiedenen Grundschulen mit teilweise unterschiedlichen p\u00e4dagogischen Konzepten kommen, dient vor allem der Deutschunterricht in der Jahrgangsstufe 5 der Angleichung des Lernstandes im Bereich Lesen und [&hellip;]<\/p>\n","protected":false},"author":3,"featured_media":0,"parent":0,"menu_order":0,"comment_status":"closed","ping_status":"closed","template":"","meta":{"advgb_blocks_editor_width":"","advgb_blocks_columns_visual_guide":"","ngg_post_thumbnail":0,"footnotes":""},"class_list":["post-512","page","type-page","status-publish","hentry"],"coauthors":[],"author_meta":{"author_link":"https:\/\/grimmels.de\/wordpress\/author\/renate-wichert\/","display_name":"Renate Wichert"},"relative_dates":{"created":"Posted 12\u00a0Jahren ago","modified":"Updated 5\u00a0Jahren ago"},"absolute_dates":{"created":"Posted on 3. Juli 2014","modified":"Updated on 13. Januar 2021"},"absolute_dates_time":{"created":"Posted on 3. Juli 2014 16:25","modified":"Updated on 13. Januar 2021 18:23"},"featured_img_caption":"","featured_img":false,"series_order":"","_links":{"self":[{"href":"https:\/\/grimmels.de\/wordpress\/wp-json\/wp\/v2\/pages\/512","targetHints":{"allow":["GET"]}}],"collection":[{"href":"https:\/\/grimmels.de\/wordpress\/wp-json\/wp\/v2\/pages"}],"about":[{"href":"https:\/\/grimmels.de\/wordpress\/wp-json\/wp\/v2\/types\/page"}],"author":[{"embeddable":true,"href":"https:\/\/grimmels.de\/wordpress\/wp-json\/wp\/v2\/users\/3"}],"replies":[{"embeddable":true,"href":"https:\/\/grimmels.de\/wordpress\/wp-json\/wp\/v2\/comments?post=512"}],"version-history":[{"count":6,"href":"https:\/\/grimmels.de\/wordpress\/wp-json\/wp\/v2\/pages\/512\/revisions"}],"predecessor-version":[{"id":45828,"href":"https:\/\/grimmels.de\/wordpress\/wp-json\/wp\/v2\/pages\/512\/revisions\/45828"}],"wp:attachment":[{"href":"https:\/\/grimmels.de\/wordpress\/wp-json\/wp\/v2\/media?parent=512"}],"curies":[{"name":"wp","href":"https:\/\/api.w.org\/{rel}","templated":true}]}}