{"id":518,"date":"2014-07-03T16:27:14","date_gmt":"2014-07-03T14:27:14","guid":{"rendered":"?page_id=518"},"modified":"2020-10-15T12:28:39","modified_gmt":"2020-10-15T10:28:39","slug":"fachberich-2","status":"publish","type":"page","link":"https:\/\/grimmels.de\/wordpress\/fachberich-2\/","title":{"rendered":"Fachbereich 2"},"content":{"rendered":"<p>&nbsp;<\/p>\n<table style=\"width: 90%;\">\n<tbody>\n<tr>\n<td style=\"width: 50%;\">\n<h3>F\u00e4cher<\/h3>\n<\/td>\n<td style=\"width: 50%;\">\n<h3>Angebote<\/h3>\n<\/td>\n<\/tr>\n<tr>\n<td style=\"vertical-align: top;\">\n<ul>\n<li><a href=\"?page_id=32187\">Erdkunde<\/a><\/li>\n<li><a href=\"?page_id=31794\">Geschichte<\/a><\/li>\n<li><a href=\"https:\/\/grimmels.de\/wordpress\/politik-und-wirtschaft-am-ggg\/\">Politik und Wirtschaft (PW)<\/a><\/li>\n<li><a href=\"https:\/\/grimmels.de\/wordpress\/religion-ev\/\">Religion ev.<\/a><\/li>\n<li><a href=\"?page_id=31809\">Religion kath.<\/a><\/li>\n<li><a href=\"https:\/\/grimmels.de\/wordpress\/ethik\/\">Ethik<\/a><\/li>\n<li><a href=\"?page_id=30250\">Rechtskunde<\/a><\/li>\n<\/ul>\n<\/td>\n<td style=\"vertical-align: top;\">\n<ul>\n<li>Fachspezifische Wettbewerbe und Praktika\n<ul style=\"list-style-type: circle;\">\n<li>Jugend debattiert (Kl. 8 \u2013 Q4)<\/li>\n<li>Bester Praktikumsbericht (Kl. 9 und E)<\/li>\n<li>zweiw\u00f6chiges Betriebspraktikum in Klasse 9<\/li>\n<li>zweiw\u00f6chiges Betriebspraktikum in der E-Phase<\/li>\n<\/ul>\n<\/li>\n<li><a href=\"?page_id=32104\">Fachspezifische Projekte<\/a><\/li>\n<li>weitere Fachbereichsaktivit\u00e4ten\n<ul style=\"list-style-type: circle;\">\n<li>Plant-for-the-Planet (Jetzt retten die Kinder die Welt\/Umweltorganisation) (Kl. 5-Q4)<\/li>\n<li>Jahrbuchgestaltung inklusive einer Jahrbuch-AG (Kl. 9 \u2013 Q4)<\/li>\n<li>AG Jugend debattiert (Kl. 8 \u2013 Q 4)<\/li>\n<\/ul>\n<\/li>\n<\/ul>\n<\/td>\n<\/tr>\n<\/tbody>\n<\/table>\n<p>&nbsp;<\/p>\n","protected":false},"excerpt":{"rendered":"<p>&nbsp; F\u00e4cher Angebote Erdkunde Geschichte Politik und Wirtschaft (PW) Religion ev. Religion kath. Ethik Rechtskunde Fachspezifische Wettbewerbe und Praktika Jugend debattiert (Kl. 8 \u2013 Q4) Bester Praktikumsbericht (Kl. 9 und E) zweiw\u00f6chiges Betriebspraktikum in Klasse 9 zweiw\u00f6chiges Betriebspraktikum in der E-Phase Fachspezifische Projekte weitere Fachbereichsaktivit\u00e4ten Plant-for-the-Planet (Jetzt retten die Kinder die Welt\/Umweltorganisation) (Kl. 5-Q4) Jahrbuchgestaltung [&hellip;]<\/p>\n","protected":false},"author":1,"featured_media":0,"parent":0,"menu_order":0,"comment_status":"closed","ping_status":"closed","template":"","meta":{"advgb_blocks_editor_width":"","advgb_blocks_columns_visual_guide":"","ngg_post_thumbnail":0,"footnotes":""},"class_list":["post-518","page","type-page","status-publish","hentry"],"coauthors":[],"author_meta":{"author_link":"https:\/\/grimmels.de\/wordpress\/author\/webmaster\/","display_name":"webmaster"},"relative_dates":{"created":"Posted 12\u00a0Jahren ago","modified":"Updated 6\u00a0Jahren ago"},"absolute_dates":{"created":"Posted on 3. Juli 2014","modified":"Updated on 15. Oktober 2020"},"absolute_dates_time":{"created":"Posted on 3. Juli 2014 16:27","modified":"Updated on 15. Oktober 2020 12:28"},"featured_img_caption":"","featured_img":false,"series_order":"","_links":{"self":[{"href":"https:\/\/grimmels.de\/wordpress\/wp-json\/wp\/v2\/pages\/518","targetHints":{"allow":["GET"]}}],"collection":[{"href":"https:\/\/grimmels.de\/wordpress\/wp-json\/wp\/v2\/pages"}],"about":[{"href":"https:\/\/grimmels.de\/wordpress\/wp-json\/wp\/v2\/types\/page"}],"author":[{"embeddable":true,"href":"https:\/\/grimmels.de\/wordpress\/wp-json\/wp\/v2\/users\/1"}],"replies":[{"embeddable":true,"href":"https:\/\/grimmels.de\/wordpress\/wp-json\/wp\/v2\/comments?post=518"}],"version-history":[{"count":13,"href":"https:\/\/grimmels.de\/wordpress\/wp-json\/wp\/v2\/pages\/518\/revisions"}],"predecessor-version":[{"id":45245,"href":"https:\/\/grimmels.de\/wordpress\/wp-json\/wp\/v2\/pages\/518\/revisions\/45245"}],"wp:attachment":[{"href":"https:\/\/grimmels.de\/wordpress\/wp-json\/wp\/v2\/media?parent=518"}],"curies":[{"name":"wp","href":"https:\/\/api.w.org\/{rel}","templated":true}]}}