{"id":528,"date":"2014-07-03T16:29:32","date_gmt":"2014-07-03T14:29:32","guid":{"rendered":"?page_id=528"},"modified":"2020-10-22T18:27:07","modified_gmt":"2020-10-22T16:27:07","slug":"mathematik","status":"publish","type":"page","link":"https:\/\/grimmels.de\/wordpress\/mathematik\/","title":{"rendered":"Mathematik"},"content":{"rendered":"<h3>Ausstattung des Fachbereichs:<\/h3>\n<p>Neben einer umfangreichen Sammlung methodischer Hilfsmittel kann die Mathematik auch auf eine Vielzahl fachbezogener Programme im vollst\u00e4ndig vernetzten Computersystem zur\u00fcckgreifen. H\u00e4ufig findet Mathematikunterricht auch in einem der vier Computerr\u00e4ume statt.<\/p>\n<h3>Leistungskurse:<\/h3>\n<p>Selbstverst\u00e4ndlich werden in Mathematik stets Leistungskurse eingerichtet.<\/p>\n<h3>Wettbewerbe:<\/h3>\n<ul>\n<li>K\u00e4nguru-Wettbewerb (Klassen 5 &#8211; E)<\/li>\n<li>Mathematikwettbewerb des Landes Hessen (Klasse 8)<\/li>\n<li>Mathematikwettbewerb des Zentrums f\u00fcr Mathematik (Klasse E)<\/li>\n<li>Mathematikolympiade (5 bis Q)<\/li>\n<li>Bolyai-Wettbewerb<\/li>\n<li>Mathe-im Advent<\/li>\n<\/ul>\n<h3>F\u00f6rderunterricht:<\/h3>\n<p>Bei entsprechender Nachfrage k\u00f6nnen Sch\u00fcler\/innen der Sekundarstufe 1&nbsp;auf eigenes Betreiben oder auf Empfehlung der Fachlehrer am F\u00f6rderunterricht teilnehmen.<\/p>\n<h3>Arbeitsgemeinschaften:<\/h3>\n<p>Derzeit findet eine Mathematik-AG f\u00fcr Sch\u00fcler\/innen der Sekundarstufe 1 statt.<\/p>\n<h3>Vergleichsarbeiten:<\/h3>\n<ul>\n<li>Klasse 6: zweites Halbjahr, Themen nach Absprache<\/li>\n<li>Klasse 8: Landeswettbewerb Mathematik<\/li>\n<li>Q2: Lineare Algebra \/ Analytische Geometrie<\/li>\n<\/ul>\n<h3>Stundentafel und Anzahl der Arbeiten:<\/h3>\n<table class=\"aligncenter\" cellpadding=\"10\" border=\"1\">\n<tbody>\n<tr>\n<td>Klasse<\/td>\n<td style=\"width: 40px;\">5<\/td>\n<td style=\"width: 40px;\">6<\/td>\n<td style=\"width: 40px;\">7<\/td>\n<td style=\"width: 40px;\">8<\/td>\n<td style=\"width: 40px;\">9<\/td>\n<td style=\"width: 40px;\">10<\/td>\n<td style=\"width: 40px;\">E<\/td>\n<td>Q1-2 GK\/LK<\/td>\n<td>Q3-4 GK\/LK<\/td>\n<\/tr>\n<tr>\n<td>Stundenzahl<\/td>\n<td>4<\/td>\n<td>4<\/td>\n<td>4<\/td>\n<td>4<\/td>\n<td>4<\/td>\n<td>4<\/td>\n<td>4<\/td>\n<td>4\/5<\/td>\n<td>4\/5<\/td>\n<\/tr>\n<tr>\n<td>Anzahl der schriftl. Arbeiten<\/td>\n<td>5<\/td>\n<td>5<\/td>\n<td>4<\/td>\n<td>4<\/td>\n<td>4<\/td>\n<td>4<\/td>\n<td>4<\/td>\n<td>4<\/td>\n<td>4<\/td>\n<\/tr>\n<\/tbody>\n<\/table>\n","protected":false},"excerpt":{"rendered":"<p>Ausstattung des Fachbereichs: Neben einer umfangreichen Sammlung methodischer Hilfsmittel kann die Mathematik auch auf eine Vielzahl fachbezogener Programme im vollst\u00e4ndig vernetzten Computersystem zur\u00fcckgreifen. H\u00e4ufig findet Mathematikunterricht auch in einem der vier Computerr\u00e4ume statt. Leistungskurse: Selbstverst\u00e4ndlich werden in Mathematik stets Leistungskurse eingerichtet. Wettbewerbe: K\u00e4nguru-Wettbewerb (Klassen 5 &#8211; E) Mathematikwettbewerb des Landes Hessen (Klasse 8) Mathematikwettbewerb des [&hellip;]<\/p>\n","protected":false},"author":3,"featured_media":0,"parent":0,"menu_order":0,"comment_status":"closed","ping_status":"closed","template":"","meta":{"advgb_blocks_editor_width":"","advgb_blocks_columns_visual_guide":"","ngg_post_thumbnail":0,"footnotes":""},"class_list":["post-528","page","type-page","status-publish","hentry"],"coauthors":[],"author_meta":{"author_link":"https:\/\/grimmels.de\/wordpress\/author\/renate-wichert\/","display_name":"Renate Wichert"},"relative_dates":{"created":"Posted 12\u00a0Jahren ago","modified":"Updated 5\u00a0Jahren ago"},"absolute_dates":{"created":"Posted on 3. Juli 2014","modified":"Updated on 22. Oktober 2020"},"absolute_dates_time":{"created":"Posted on 3. Juli 2014 16:29","modified":"Updated on 22. Oktober 2020 18:27"},"featured_img_caption":"","featured_img":false,"series_order":"","_links":{"self":[{"href":"https:\/\/grimmels.de\/wordpress\/wp-json\/wp\/v2\/pages\/528","targetHints":{"allow":["GET"]}}],"collection":[{"href":"https:\/\/grimmels.de\/wordpress\/wp-json\/wp\/v2\/pages"}],"about":[{"href":"https:\/\/grimmels.de\/wordpress\/wp-json\/wp\/v2\/types\/page"}],"author":[{"embeddable":true,"href":"https:\/\/grimmels.de\/wordpress\/wp-json\/wp\/v2\/users\/3"}],"replies":[{"embeddable":true,"href":"https:\/\/grimmels.de\/wordpress\/wp-json\/wp\/v2\/comments?post=528"}],"version-history":[{"count":4,"href":"https:\/\/grimmels.de\/wordpress\/wp-json\/wp\/v2\/pages\/528\/revisions"}],"predecessor-version":[{"id":45286,"href":"https:\/\/grimmels.de\/wordpress\/wp-json\/wp\/v2\/pages\/528\/revisions\/45286"}],"wp:attachment":[{"href":"https:\/\/grimmels.de\/wordpress\/wp-json\/wp\/v2\/media?parent=528"}],"curies":[{"name":"wp","href":"https:\/\/api.w.org\/{rel}","templated":true}]}}