{"id":534,"date":"2014-07-03T16:30:39","date_gmt":"2014-07-03T14:30:39","guid":{"rendered":"?page_id=534"},"modified":"2022-09-14T12:26:06","modified_gmt":"2022-09-14T10:26:06","slug":"wahlunterricht-ags","status":"publish","type":"page","link":"https:\/\/grimmels.de\/wordpress\/wahlunterricht-ags\/","title":{"rendered":"Arbeitsgemeinschaften\/ AGs"},"content":{"rendered":"\n<div class=\"wp-block-group advgb-dyn-7be8ecdc\"><div class=\"wp-block-group__inner-container is-layout-flow wp-block-group-is-layout-flow\">\n<figure class=\"wp-block-gallery alignleft has-nested-images columns-1 is-cropped wp-block-gallery-1 is-layout-flex wp-block-gallery-is-layout-flex advgb-dyn-b5f38462\">\n<figure class=\"wp-block-image size-large\"><a href=\"https:\/\/grimmels.de\/wordpress\/wp-content\/uploads\/2020\/11\/ags02.jpg\"><img fetchpriority=\"high\" decoding=\"async\" width=\"1024\" height=\"768\" data-id=\"45440\" src=\"https:\/\/grimmels.de\/wordpress\/wp-content\/uploads\/2020\/11\/ags02.jpg\" alt=\"\" class=\"wp-image-45440\" srcset=\"https:\/\/grimmels.de\/wordpress\/wp-content\/uploads\/2020\/11\/ags02.jpg 1024w, https:\/\/grimmels.de\/wordpress\/wp-content\/uploads\/2020\/11\/ags02-300x225.jpg 300w, https:\/\/grimmels.de\/wordpress\/wp-content\/uploads\/2020\/11\/ags02-150x113.jpg 150w, https:\/\/grimmels.de\/wordpress\/wp-content\/uploads\/2020\/11\/ags02-768x576.jpg 768w\" sizes=\"(max-width: 1024px) 100vw, 1024px\" \/><\/a><\/figure>\n\n\n\n<figure class=\"wp-block-image size-large\"><a href=\"https:\/\/grimmels.de\/wordpress\/wp-content\/uploads\/2020\/11\/ags03.jpg\"><img decoding=\"async\" width=\"1024\" height=\"689\" data-id=\"45444\" src=\"https:\/\/grimmels.de\/wordpress\/wp-content\/uploads\/2020\/11\/ags03.jpg\" alt=\"\" class=\"wp-image-45444\" srcset=\"https:\/\/grimmels.de\/wordpress\/wp-content\/uploads\/2020\/11\/ags03.jpg 1024w, https:\/\/grimmels.de\/wordpress\/wp-content\/uploads\/2020\/11\/ags03-300x202.jpg 300w, https:\/\/grimmels.de\/wordpress\/wp-content\/uploads\/2020\/11\/ags03-150x101.jpg 150w, https:\/\/grimmels.de\/wordpress\/wp-content\/uploads\/2020\/11\/ags03-768x517.jpg 768w\" sizes=\"(max-width: 1024px) 100vw, 1024px\" \/><\/a><\/figure>\n\n\n\n<figure class=\"wp-block-image size-large\"><a href=\"https:\/\/grimmels.de\/wordpress\/wp-content\/uploads\/2020\/11\/ags01.jpg\"><img decoding=\"async\" width=\"1024\" height=\"765\" data-id=\"45441\" src=\"https:\/\/grimmels.de\/wordpress\/wp-content\/uploads\/2020\/11\/ags01.jpg\" alt=\"\" class=\"wp-image-45441\" srcset=\"https:\/\/grimmels.de\/wordpress\/wp-content\/uploads\/2020\/11\/ags01.jpg 1024w, https:\/\/grimmels.de\/wordpress\/wp-content\/uploads\/2020\/11\/ags01-300x224.jpg 300w, https:\/\/grimmels.de\/wordpress\/wp-content\/uploads\/2020\/11\/ags01-150x112.jpg 150w, https:\/\/grimmels.de\/wordpress\/wp-content\/uploads\/2020\/11\/ags01-768x574.jpg 768w\" sizes=\"(max-width: 1024px) 100vw, 1024px\" \/><\/a><\/figure>\n<\/figure>\n\n\n\n<p>Am Grimmelshausen-Gymnasium gibt es eine Vielzahl unterschiedlichster AGs, die den verschiedenen Fachbereichen zugeordnet werden k\u00f6nnen oder fach\u00fcbergreifend arbeiten. Das Angebot ist abh\u00e4ngig von der Zuweisung von Lehrkr\u00e4ftestunden und den Einwahlzahlen.<\/p>\n\n\n\n<p>Der Unterricht findet im Rahmen des Ganztagsprogramms in den Nachmittagsstunden oder nach individueller Absprache statt.<\/p>\n\n\n\n<p>Die Teilnahme an AGs ist freiwillig, nach der Einwahl in eine AG aber verbindlich f\u00fcr ein Schuljahr, da nur so eine kontinuierliche Arbeit gew\u00e4hrleistet werden kann.<\/p>\n\n\n\n<p>Fragen richten Sie bitte per E-Mail an die Koordinatorin f\u00fcr Wahlunterricht und Arbeitsgemeinschaften:&nbsp; <a href=\"mailto:Andrea.Bechtold-Zwiener@grimmels.de\">Andrea.Bechtold-Zwiener@grimmels.de<\/a><\/p>\n\n\n\n<p><strong>\u00dcbersicht der AGs im Schuljahr 2022\/2023:<\/strong><\/p>\n\n\n\n<ul class=\"wp-block-list\"><li><strong>Fachbereich I<\/strong> (Sprachen, Darstellendes Spiel, Musik, Kunst)<\/li><li>Digitales Storytelling<\/li><li>DELF<\/li><li>DELE<\/li><li>Spektrum Sch\u00fclerzeitung<\/li><li>Grimmels-Buchland<\/li><li>Latein AG<\/li><li>Bella Italia<\/li><li>Theater AG<\/li><li>Theater AG 5-7<\/li><li>Fundus AG<\/li><li>Technik AG\/Stagecrew<\/li><li>Schulorchester<\/li><li>Popchor<\/li><li>Schulband<\/li><li>Youngstars<\/li><\/ul>\n\n\n\n<p><strong>Fachbereich II<\/strong> (Gesellschaftswissenschaften)<\/p>\n\n\n\n<ul class=\"wp-block-list\"><li>N\u00e4h-Upcycling AG<\/li><li>Plant for the Planet<\/li><li>Ansprechbar<\/li><li>Caf\u00e9haus<\/li><\/ul>\n\n\n\n<p><strong>Fachbereich III <\/strong>(Naturwissenschaften, Informatik)<\/p>\n\n\n\n<ul class=\"wp-block-list\"><li>Erfinderclub<\/li><li>Roboter-AG<\/li><li>Elvis-Robotics<\/li><li>Scratch AG f\u00fcr Klasse 5<\/li><li>Essbar\/Pausenverkauf<\/li><li>Kochwerkstatt<\/li><li>Garten AG<\/li><li>Imkerei AG\/Bienenpflege<\/li><li>Schulsanit\u00e4tsdienst<\/li><\/ul>\n\n\n\n<p><strong>Sport<\/strong><\/p>\n\n\n\n<ul class=\"wp-block-list\"><li>Tischtennis AG<\/li><li>Tanz AG<\/li><\/ul>\n<\/div><\/div>\n","protected":false},"excerpt":{"rendered":"<p>Am Grimmelshausen-Gymnasium gibt es eine Vielzahl unterschiedlichster AGs, die den verschiedenen Fachbereichen zugeordnet werden k\u00f6nnen oder fach\u00fcbergreifend arbeiten. Das Angebot ist abh\u00e4ngig von der Zuweisung von Lehrkr\u00e4ftestunden und den Einwahlzahlen. Der Unterricht findet im Rahmen des Ganztagsprogramms in den Nachmittagsstunden oder nach individueller Absprache statt. Die Teilnahme an AGs ist freiwillig, nach der Einwahl in [&hellip;]<\/p>\n","protected":false},"author":3,"featured_media":0,"parent":0,"menu_order":0,"comment_status":"closed","ping_status":"closed","template":"","meta":{"advgb_blocks_editor_width":"","advgb_blocks_columns_visual_guide":"","ngg_post_thumbnail":0,"footnotes":""},"class_list":["post-534","page","type-page","status-publish","hentry"],"coauthors":[],"author_meta":{"author_link":"https:\/\/grimmels.de\/wordpress\/author\/renate-wichert\/","display_name":"Renate Wichert"},"relative_dates":{"created":"Posted 12\u00a0Jahren ago","modified":"Updated 4\u00a0Jahren ago"},"absolute_dates":{"created":"Posted on 3. Juli 2014","modified":"Updated on 14. September 2022"},"absolute_dates_time":{"created":"Posted on 3. Juli 2014 16:30","modified":"Updated on 14. September 2022 12:26"},"featured_img_caption":"","featured_img":false,"series_order":"","_links":{"self":[{"href":"https:\/\/grimmels.de\/wordpress\/wp-json\/wp\/v2\/pages\/534","targetHints":{"allow":["GET"]}}],"collection":[{"href":"https:\/\/grimmels.de\/wordpress\/wp-json\/wp\/v2\/pages"}],"about":[{"href":"https:\/\/grimmels.de\/wordpress\/wp-json\/wp\/v2\/types\/page"}],"author":[{"embeddable":true,"href":"https:\/\/grimmels.de\/wordpress\/wp-json\/wp\/v2\/users\/3"}],"replies":[{"embeddable":true,"href":"https:\/\/grimmels.de\/wordpress\/wp-json\/wp\/v2\/comments?post=534"}],"version-history":[{"count":18,"href":"https:\/\/grimmels.de\/wordpress\/wp-json\/wp\/v2\/pages\/534\/revisions"}],"predecessor-version":[{"id":52920,"href":"https:\/\/grimmels.de\/wordpress\/wp-json\/wp\/v2\/pages\/534\/revisions\/52920"}],"wp:attachment":[{"href":"https:\/\/grimmels.de\/wordpress\/wp-json\/wp\/v2\/media?parent=534"}],"curies":[{"name":"wp","href":"https:\/\/api.w.org\/{rel}","templated":true}]}}