{"id":536,"date":"2014-07-03T16:31:02","date_gmt":"2014-07-03T14:31:02","guid":{"rendered":"?page_id=536"},"modified":"2023-06-17T10:10:48","modified_gmt":"2023-06-17T08:10:48","slug":"sport","status":"publish","type":"page","link":"https:\/\/grimmels.de\/wordpress\/sport\/","title":{"rendered":"Sport"},"content":{"rendered":"\n<h3 class=\"wp-block-heading\">Das Grimmels &#8211; Eine Schule in Bewegung<\/h3>\n\n\n\n<p><em>\u201eSport kann eine wichtige Rolle f\u00fcr die Verbesserung des Lebens jedes Einzelnen spielen, ja nicht nur des Einzelnen, sondern von ganzen Gesellschaften.\u201c<br>(Kofi Annan, UNO-Generalsekret\u00e4r, Jahr des Sports uns der Sporterziehung 2005)<\/em><\/p>\n\n\n\n<p>Das Grimmels hat sich zum Ziel gesetzt, das eigene Sportprofil auszubauen, um den Sch\u00fclerinnen und Sch\u00fclern unserer Schule ein hohes Ma\u00df an Bewegungs- und Sportm\u00f6glichkeiten zu erm\u00f6glichen. Wir sind \u00fcberzeugt, dass Bewegung f\u00fcr eine ganzheitliche Entwicklung, die Gesundheit und die Unterst\u00fctzung des Lernens untrennbar mit der Lebenswelt Grimmels verbunden sind.<\/p>\n\n\n\n<p>Daf\u00fcr umfasst unser Sportprofil vier Sportstunden pro Woche in den Jahrgangsstufen 5 bis 7, Wahlunterricht* mit sportlichem Schwerpunkt in den Jahrgangsstufen 9 und 10, zus\u00e4tzliche Bewegungs- und Sportangebote (HighFive und Sport-AGs), die bewegte Pause, F\u00f6rderung sportlich talentierter Sch\u00fclerinnen und Sch\u00fcler in Sportklassen, sowie die M\u00f6glichkeit in der Oberstufe sportliche Schwerpunkte setzen zu k\u00f6nnen.<\/p>\n\n\n\n<p>Derzeit unterrichten 20 Sportlehrkr\u00e4fte mit Begeisterung das Fach Sport. Schulsportleiter ist Peter Jambor.<\/p>\n\n\n\n<p>*ab dem Schuljahr 2024\/25<\/p>\n\n\n\n<h3 class=\"wp-block-heading\">1.&nbsp; Sportunterricht<\/h3>\n\n\n\n<h4 class=\"wp-block-heading\">Vierst\u00fcndiger Sportunterricht in den Jahrgangsstufen 5 bis 7<\/h4>\n\n\n\n<p>Am Grimmels werden von der 5. bis zur 7. Klasse durchg\u00e4ngig vier Stunden Sportunterricht erteilt. Dies kommt in besonderer Weise dem Bewegungsdrang der Sch\u00fclerinnen und Sch\u00fcler entgehen und f\u00f6rdert neben dem sportlichen Bereich zugleich Konzentration und Aufmerksamkeit.<\/p>\n\n\n\n<h4 class=\"wp-block-heading\">Inhaltliche Schwerpunkte in der Mittelstufe<\/h4>\n\n\n\n<p>In jeder Jahrgangsstufe wird neben den Bewegungsfeldern Laufen, Werfen, Springen, Bewegen an Ger\u00e4ten und Schwimmen schwerpunktm\u00e4\u00dfig eine Ballsportart durchgef\u00fchrt:<\/p>\n\n\n\n<ul class=\"wp-block-list\">\n<li>Klasse 8: Schwerpunkt Basketball<\/li>\n\n\n\n<li>Klasse 9: Schwerpunkt Handball<\/li>\n\n\n\n<li>Klasse 10: Schwerpunkt Volleyball<\/li>\n<\/ul>\n\n\n\n<h4 class=\"wp-block-heading\">Jahrgangsturniere<\/h4>\n\n\n\n<p>Pro Schuljahr gibt es zwei Jahrgangsturniere. In der Klasse 6 findet ein V\u00f6lkerballturnier statt, in der Klasse 9 ein Fu\u00dfballturnier.<\/p>\n\n\n\n<h4 class=\"wp-block-heading\">Skikurs in Jahrgangsstufe 8<\/h4>\n\n\n\n<p>In der Jahrgangsstufe 8 findet eine Klassenfahrt mit sportlichem Schwerpunkt statt. Dies erf\u00fcllt das im Lehrplan der Mittelstufe verankerte Bewegungsfeld \u201eRollen, Gleiten, Fahren\u201c. Traditionell f\u00e4hrt das Grimmelshausen Gymnasium zu Beginn des neuen Kalenderjahres in die Berge, wo die Sch\u00fclerinnen und Sch\u00fcler das Skifahren erlernen oder vertiefen k\u00f6nnen.<\/p>\n\n\n\n<h4 class=\"wp-block-heading\">Kursprofile in der E-Phase<\/h4>\n\n\n\n<p>Die Sch\u00fclerinnen und Sch\u00fcler w\u00e4hlen sich im Vorfeld f\u00fcr bestimmte Sportarten ein. Durch diese sch\u00fclerorientierte Einwahl kann in besonderer Weise auf ihre Interessen eingegangen werden.<\/p>\n\n\n\n<h4 class=\"wp-block-heading\">Orientierungskurse in der E-Phase<\/h4>\n\n\n\n<p>Abh\u00e4ngig von den Einwahlen der Sch\u00fclerinnen und Sch\u00fcler gibt es einen Orientierungskurs Sport. Dieser findet 3-st\u00fcndig pro Woche statt (1 Stunde Theorie, 2 Stunden Praxis) und bietet die M\u00f6glichkeit, sich auf den Sport-Leistungskurs vorzubereiten. &nbsp;<\/p>\n\n\n\n<h4 class=\"wp-block-heading\">Kursprofile in der Q-Phase<\/h4>\n\n\n\n<p>Die Sch\u00fclerinnen und Sch\u00fcler w\u00e4hlen sich im Vorfeld f\u00fcr bestimmte Sportarten ein. Durch diese sch\u00fclerorientierte Einwahl kann in besonderer Weise auf ihre Interessen eingegangen werden.<\/p>\n\n\n\n<h4 class=\"wp-block-heading\">3-st\u00fcndiger Sportkurs mit Theorie<\/h4>\n\n\n\n<p>Zus\u00e4tzlich zum Grundkurs Sport gibt es den 3-st\u00fcndigen Sportkurs, bei dem zus\u00e4tzlich zu zwei Praxisstunden w\u00f6chentlich eine Theoriestunde erteilt wird, in der wichtige Grundlagen der Sporttheorie (Trainingslehre, Bewegungslehre, Sportphysiologie, Sportsoziologie und Sportpsychologie) vermittelt werden. Die Sch\u00fclerinnen und Sch\u00fcler k\u00f6nnen Sport als 5. Pr\u00fcfungsfach w\u00e4hlen und in Sport eine m\u00fcndliche Abitur-Pr\u00fcfung ablegen.<\/p>\n\n\n\n<h4 class=\"wp-block-heading\">Sport-Leistungskurs<\/h4>\n\n\n\n<p>Der Sport-Leistungskurs setzt sich zusammen aus zwei Praxis- und drei Theoriestunden. In den Theoriestunden werden die Themenbereiche Trainingslehre, Bewegungslehre, Sportphysiologie, Sportsoziologie und Sportpsychologie vertiefend behandelt. In den Praxisstunden werden \u00fcber die Q-Phase verteilt meist vier unterschiedliche Sportarten umgesetzt, die vom Kurs selbst gew\u00e4hlt werden.<\/p>\n\n\n\n<p>Ebenfalls Bestandteil des Leistungskurses sind eint\u00e4gige Ausfl\u00fcge mit sportlichem Schwerpunkt (Klettern, Trampolinhalle, Stand-up Paddling, Kanufahren, Beachvolleyball, etc.)<\/p>\n\n\n\n<h4 class=\"wp-block-heading\">Bundesjugendspiele<\/h4>\n\n\n\n<p>Die Bundesjugendspiele finden im Fr\u00fchsommer an zwei aufeinanderfolgenden Tagen statt (an einem Tag finden die Bundesjugendspiele f\u00fcr die Jahrgangsstufen 8-10 statt, an darauffolgenden Tag f\u00fcr die Jahrgangsstufen 8-10).<\/p>\n\n\n\n<p>!Wird zur Zeit \u00fcberarbeitet und neu organisiert!<\/p>\n\n\n\n<h3 class=\"wp-block-heading\">2.&nbsp; Sportliche F\u00f6rderung<\/h3>\n\n\n\n<p>Sport und Bewegung ist ein wesentlicher Bestandteil unserer Schulkultur. Daf\u00fcr haben wir uns auf den Weg gemacht, das Sportprofil der Schule auszubauen und breit aufzustellen:<\/p>\n\n\n\n<ol class=\"wp-block-list\" type=\"1\">\n<li>4 Stunden Sportunterricht in den Jahrgangsstufen 5 bis 7.<\/li>\n\n\n\n<li>Zus\u00e4tzliches Bewegungsangebote wie \u201eHigh Five\u201c und weitere Sport-AGs (wird in den kommenden Jahren weiter ausgebaut).<\/li>\n\n\n\n<li>Sportklassen in den Jahrgangsstufen 5 und 6 (ab dem Schuljahr 23\/24 auch in der Jahrgangsstufe 7)<\/li>\n\n\n\n<li>Wahlunterricht mit sportlichem Schwerpunkt in den Jahrgangsstufen 9 und 10 ab dem Schuljahr 24\/25<\/li>\n\n\n\n<li>Talentf\u00f6rdertraining am Vormittag f\u00fcr Leichtathletik-Talente.<\/li>\n\n\n\n<li>Eine Schulhofausleihe mit vielf\u00e4ltigen Bewegungsmaterialien f\u00fcr eine bewegte Pause und bewegte Vertretungsstunden.<\/li>\n\n\n\n<li>Orientierungskurse in der E-Phase, mit einer zus\u00e4tzlichen Theoriestunde zur Vorbereitung auf die Leistungskurse in der Q-Phase.<\/li>\n\n\n\n<li>Leistungskurs-Sport oder 3-st\u00fcndiger Grundkurs in der Q-Phase.<\/li>\n<\/ol>\n\n\n\n<h4 class=\"wp-block-heading\"><a id=\"sportklasse\">Die Sportklassen<\/a><\/h4>\n\n\n\n<p><strong>Das Ziel der Sportklasse ist es motivierten und talentierten Sch\u00fclerinnen und Sch\u00fclern die M\u00f6glichkeit zu geben ihr sportliches Engagement mit einer erfolgreichen schulischen Laufbahn zusammenzuf\u00fchren.<\/strong><\/p>\n\n\n\n<p>In vier Stunden Sport pro Woche (5. bis 7. Klasse) wird der Unterricht ausgeweitet auf ein sportart\u00fcbergreifendes, leistungsorientiertes Grundlagentraining zur Verbesserung koordinativer und konditioneller F\u00e4higkeiten.<\/p>\n\n\n\n<p>Dabei kooperieren wir mit Partnervereinen, die uns ein bis zweimal pro Woche vormittags im Sportunterricht unterst\u00fctzen. So kann die Sportlehrkraft zusammen mit den Trainern und \u00dcbungsleitern einen differenzierten Sportunterricht in kleineren Gruppen gestalten.<\/p>\n\n\n\n<p>Sch\u00fclerinnen und Sch\u00fcler die sportlich besonders ambitioniert sind, stehen h\u00e4ufig vor der Aufgabe sowohl schulische als auch sportliche Herausforderungen zusammen zu meistern. Am Grimmels stehen wir mit der Sportklasse bereit die Kinder entsprechend p\u00e4dagogisch zu betreuen. Weiter k\u00f6nnen die Kinder \u00fcber die Mittagsbetreuung ein Mittagessen, Hausaufgaben-Betreuung und Ruhephasen erhalten. Ben\u00f6tigen sie weitere schulische Unterst\u00fctzung besteht die M\u00f6glichkeit zur Teilnahme am F\u00f6rderunterricht f\u00fcr verschiedene F\u00e4cher. Grundlegende organisatorische Abstimmungen bez\u00fcglich Wettk\u00e4mpfen, Lehrg\u00e4ngen, Auswahl-Ma\u00dfnahmen, Klausuren, etc. k\u00f6nnen \u00fcber die Sportlehrer mit der Stufenleitung und der Schulleitung kommuniziert werden.<\/p>\n\n\n\n<p>Die Teilnahme an Schulsport-Wettbewerben (Jugend trainiert f\u00fcr Olympia), sowie eint\u00e4gigen Ausfl\u00fcgen und Klassenfahrten mit sportlichem Schwerpunkt (bspw. Schlitten- oder Schlittschuhfahren, Radtouren, Wanderungen, Kanufahren, etc.) sind ebenfalls Bestandteil der Sportklasse.<\/p>\n\n\n\n<p>Anmeldung f\u00fcr die Sportklasse:<\/p>\n\n\n\n<p>\u00dcber das Anmeldeformular des Grimmelshausen Gymnasiums k\u00f6nnen Sie das Profil \u201eSportklasse\u201c ankreuzen. Dazu k\u00f6nnen Sie angeben, welche Sportart(en) Ihr Kind bereits aus\u00fcbt und wie oft es pro Woche trainiert. Im Zeitraum Mai laden wir alle f\u00fcr die Sportklasse angemeldeten Kinder zu einem Sporttag ein, an dem wir sie im sportlichen Setting kennenlernen k\u00f6nnen.<\/p>\n\n\n\n<p>Wir betonen, dass vor allem die Motivation und ein grundlegendes motorisches Talent f\u00fcr die Einteilung in die Sportklasse im Vordergrund stehen und nicht ausschlie\u00dflich bereits erreichte sportliche Leistungen.<\/p>\n\n\n\n<p>Die Anmeldezahlen der letzten Jahre lassen erwarten, dass wir leider nicht allen Kinder einen Platz in der Sportklasse garantieren k\u00f6nnen. Das Interesse der Eltern und Kinder ging deutlich \u00fcber die zur Verf\u00fcgung stehenden Pl\u00e4tze hinaus. Die finale Entscheidung \u00fcber die Einteilung in die Sportklasse trifft die Schulleitung.<\/p>\n\n\n\n<p>Bei weiteren Fragen rund um die Sportklasse k\u00f6nnen sie sich an auch an folgende Kontakte wenden:<\/p>\n\n\n\n<p>Peter Jambor \u2013 Schulsportleiter<\/p>\n\n\n\n<p><a href=\"mailto:Peter.jambor@grimmels.de\">Peter.jambor@grimmels.de<\/a><\/p>\n\n\n\n<p>Reiner Schinzel \u2013 Sportlehrer der Sportklassen<\/p>\n\n\n\n<p><a href=\"mailto:Reiner.schinzel@grimmels.de\">Reiner.schinzel@grimmels.de<\/a><\/p>\n\n\n\n<h4 class=\"wp-block-heading\">Kooperationspartner<\/h4>\n\n\n\n<p>Folgende Partnervereine aus der Region kooperieren mit dem Grimmels und bringen ihr Know-how und Personal ein, um sich f\u00fcr unsere Sch\u00fclerinnen und Sch\u00fcler zu engagieren:<\/p>\n\n\n\n<p>TV Gelnhausen &#8211; Handball<\/p>\n\n\n\n<p>TV Gelnhausen &#8211; Leichtathletik<\/p>\n\n\n\n<p>Schwimm Verein Gelnhausen (zuk\u00fcnftig eingebunden)<\/p>\n\n\n\n<p>TV Lieblos Turnen<\/p>\n\n\n\n<h4 class=\"wp-block-heading\">Talentf\u00f6rderung<\/h4>\n\n\n\n<p>Neben der Sportklasse besteht aktuell ein Talentf\u00f6rdertraining f\u00fcr Leichtathleten. An mehreren Vormittagen erhalten sie unter der Leitung eines Lehrer-Trainers f\u00fcr Leichtathletik zus\u00e4tzliche Trainingseinheiten.<\/p>\n\n\n\n<h4 class=\"wp-block-heading\">Jugend trainiert f\u00fcr Olympia<\/h4>\n\n\n\n<p>Das Grimmelshausen Gymnasium ist bei den schulsportlichen Wettk\u00e4mpfen \u201eJugend trainiert f\u00fcr Olympia\u201c in vielen Sportarten vertreten (Leichtathletik, Turnen, Schwimmen, Volleyball, Handball, Fu\u00dfball, Basketball, Golf). Es wurden sogar bereits mehrfach der Einzug in das Bundesfinale erreicht.<\/p>\n\n\n\n<h3 class=\"wp-block-heading\">3.&nbsp; Bewegte Pause und Vertretungsstunden<\/h3>\n\n\n\n<p>Vielf\u00e4ltige Bewegungsm\u00f6glichkeiten im Schul-Alltag sind wichtige Faktoren f\u00fcr optimales Lernen, eine positive Schulatmosph\u00e4re und die F\u00f6rderung der Gesundheit unserer Sch\u00fclerinnen und Sch\u00fcler. Das Grimmels bietet daher in einer Schulhofausleihe verschiedene Bewegungsmaterialien. Die Materialien werden nicht nur in den gro\u00dfen Pausen genutzt, sondern auch w\u00e4hrend der Unterrichtszeit als Ausgleich oder aktive Pause zwischen den Unterrichtsinhalten bzw. in den Vertretungsstunden.<\/p>\n\n\n\n<p>Materialien:<\/p>\n\n\n\n<p>Verschiedene B\u00e4lle, Waveboards, Roller, Geschicklichkeitsspiele, Sprungseile, Stelzen, Pedalos, Gummi-Twists, Wurfspiele, Speedminton, Volleyballnetze, Tischtennisschl\u00e4ger, Spikeball-Sets, \u2026<\/p>\n\n\n\n<h3 class=\"wp-block-heading\">4.&nbsp; Fit f\u00fcrs Leben<\/h3>\n\n\n\n<h4 class=\"wp-block-heading\">Schwimmen lernen<\/h4>\n\n\n\n<p>In Klasse 5 wird ein Schwimmf\u00f6rderunterricht f\u00fcr Sch\u00fclerinnen und Sch\u00fcler mit F\u00f6rderbedarf im Schwimmen angeboten. Dieser erfolgt ab den Herbstferien nach Anmeldung und wird im Hallenbad Gelnhausen durchgef\u00fchrt.<\/p>\n\n\n\n<h4 class=\"wp-block-heading\">High Five<\/h4>\n\n\n\n<p>Haben die Sch\u00fclerinnen und Sch\u00fcler immer noch nicht genug Bewegung gehabt k\u00f6nnen sie sich in das Nachmittagsangebot \u201eHigh Five\u201c einw\u00e4hlen. Hier erhalten sie zum regul\u00e4ren Sportunterricht eine weitere Doppelstunden Bewegung dazu, die durch unsere Lehrkr\u00e4fte begleitet wird. Im Mittelpunkt steht hier die zus\u00e4tzliche Bewegungszeit, das Sammeln von Bewegungserfahrungen in vielf\u00e4ltigen Bewegungslandschaften, die F\u00f6rderung koordinativer F\u00e4higkeiten und allgemein Freude an der Bewegung ohne Notendruck.<\/p>\n\n\n\n<h3 class=\"wp-block-heading\">5.&nbsp; Sportst\u00e4tten<\/h3>\n\n\n\n<p>Der Sportunterricht am Grimmels findet an drei verschiedenen Standorten statt (Grimmelshalle mit Gymnastikraum, 4-Felder-Gro\u00dfsporthalle, 3-Felder-Gro\u00dfsporthalle).<\/p>\n\n\n\n<p>Von Fr\u00fchling bis Herbst findet der Sportunterricht auch auf dem Au\u00dfengel\u00e4nde mit Kunstrasenplatz und Tartanbahn statt. F\u00fcr den Schwimmunterricht stehen das Hallenbad und das Freibad Gelnhausen zur Verf\u00fcgung, welche jeweils in kurzer Zeit zu Fu\u00df zu erreichen sind.<\/p>\n\n\n\n<h3 class=\"wp-block-heading\">6.&nbsp; Lehrersport<\/h3>\n\n\n\n<p>Regelm\u00e4\u00dfig findet am Grimmels Kollegensport statt.<\/p>\n\n\n\n<p>Volleyball: Mittwoch, 16:45 Uhr -18:30 Uhr, Grimmelshalle<\/p>\n\n\n\n<p>Fu\u00dfball: Donnerstag, 16:45 Uhr -18:30 Uhr, Grimmelshalle<\/p>\n","protected":false},"excerpt":{"rendered":"<p>Das Grimmels &#8211; Eine Schule in Bewegung \u201eSport kann eine wichtige Rolle f\u00fcr die Verbesserung des Lebens jedes Einzelnen spielen, ja nicht nur des Einzelnen, sondern von ganzen Gesellschaften.\u201c(Kofi Annan, UNO-Generalsekret\u00e4r, Jahr des Sports uns der Sporterziehung 2005) Das Grimmels hat sich zum Ziel gesetzt, das eigene Sportprofil auszubauen, um den Sch\u00fclerinnen und Sch\u00fclern unserer [&hellip;]<\/p>\n","protected":false},"author":3,"featured_media":0,"parent":0,"menu_order":0,"comment_status":"closed","ping_status":"closed","template":"","meta":{"advgb_blocks_editor_width":"","advgb_blocks_columns_visual_guide":"","ngg_post_thumbnail":0,"footnotes":""},"class_list":["post-536","page","type-page","status-publish","hentry"],"coauthors":[],"author_meta":{"author_link":"https:\/\/grimmels.de\/wordpress\/author\/renate-wichert\/","display_name":"Renate Wichert"},"relative_dates":{"created":"Posted 12\u00a0Jahren ago","modified":"Updated 3\u00a0Jahren ago"},"absolute_dates":{"created":"Posted on 3. Juli 2014","modified":"Updated on 17. Juni 2023"},"absolute_dates_time":{"created":"Posted on 3. Juli 2014 16:31","modified":"Updated on 17. Juni 2023 10:10"},"featured_img_caption":"","featured_img":false,"series_order":"","_links":{"self":[{"href":"https:\/\/grimmels.de\/wordpress\/wp-json\/wp\/v2\/pages\/536","targetHints":{"allow":["GET"]}}],"collection":[{"href":"https:\/\/grimmels.de\/wordpress\/wp-json\/wp\/v2\/pages"}],"about":[{"href":"https:\/\/grimmels.de\/wordpress\/wp-json\/wp\/v2\/types\/page"}],"author":[{"embeddable":true,"href":"https:\/\/grimmels.de\/wordpress\/wp-json\/wp\/v2\/users\/3"}],"replies":[{"embeddable":true,"href":"https:\/\/grimmels.de\/wordpress\/wp-json\/wp\/v2\/comments?post=536"}],"version-history":[{"count":9,"href":"https:\/\/grimmels.de\/wordpress\/wp-json\/wp\/v2\/pages\/536\/revisions"}],"predecessor-version":[{"id":55080,"href":"https:\/\/grimmels.de\/wordpress\/wp-json\/wp\/v2\/pages\/536\/revisions\/55080"}],"wp:attachment":[{"href":"https:\/\/grimmels.de\/wordpress\/wp-json\/wp\/v2\/media?parent=536"}],"curies":[{"name":"wp","href":"https:\/\/api.w.org\/{rel}","templated":true}]}}