{"id":544,"date":"2014-07-03T16:32:42","date_gmt":"2014-07-03T14:32:42","guid":{"rendered":"?page_id=544"},"modified":"2026-02-24T12:21:47","modified_gmt":"2026-02-24T11:21:47","slug":"bibliothek-buchland","status":"publish","type":"page","link":"https:\/\/grimmels.de\/wordpress\/bibliothek-buchland\/","title":{"rendered":"Bibliothek"},"content":{"rendered":"\t\t<div data-elementor-type=\"wp-page\" data-elementor-id=\"544\" class=\"elementor elementor-544\" data-elementor-post-type=\"page\">\n\t\t\t\t<div class=\"elementor-element elementor-element-3c8d22b e-con-full elementor-hidden-mobile e-flex e-con e-parent\" data-id=\"3c8d22b\" data-element_type=\"container\" data-settings=\"{&quot;background_background&quot;:&quot;slideshow&quot;,&quot;background_slideshow_gallery&quot;:[{&quot;id&quot;:69471,&quot;url&quot;:&quot;https:\\\/\\\/grimmels.de\\\/wordpress\\\/wp-content\\\/uploads\\\/2026\\\/02\\\/Foto-2.jpeg&quot;},{&quot;id&quot;:69472,&quot;url&quot;:&quot;https:\\\/\\\/grimmels.de\\\/wordpress\\\/wp-content\\\/uploads\\\/2026\\\/02\\\/Foto-5.jpeg&quot;},{&quot;id&quot;:69473,&quot;url&quot;:&quot;https:\\\/\\\/grimmels.de\\\/wordpress\\\/wp-content\\\/uploads\\\/2026\\\/02\\\/Foto-1.jpeg&quot;},{&quot;id&quot;:69474,&quot;url&quot;:&quot;https:\\\/\\\/grimmels.de\\\/wordpress\\\/wp-content\\\/uploads\\\/2026\\\/02\\\/Foto-6.jpeg&quot;},{&quot;id&quot;:69475,&quot;url&quot;:&quot;https:\\\/\\\/grimmels.de\\\/wordpress\\\/wp-content\\\/uploads\\\/2026\\\/02\\\/Foto-4.jpeg&quot;},{&quot;id&quot;:69476,&quot;url&quot;:&quot;https:\\\/\\\/grimmels.de\\\/wordpress\\\/wp-content\\\/uploads\\\/2026\\\/02\\\/Foto-7.jpeg&quot;},{&quot;id&quot;:69470,&quot;url&quot;:&quot;https:\\\/\\\/grimmels.de\\\/wordpress\\\/wp-content\\\/uploads\\\/2026\\\/02\\\/Foto-3.jpeg&quot;}],&quot;background_slideshow_loop&quot;:&quot;yes&quot;,&quot;background_slideshow_slide_duration&quot;:5000,&quot;background_slideshow_slide_transition&quot;:&quot;fade&quot;,&quot;background_slideshow_transition_duration&quot;:500}\">\n\t\t\t\t<div class=\"elementor-element elementor-element-39dac84 elementor-widget elementor-widget-heading\" data-id=\"39dac84\" data-element_type=\"widget\" data-settings=\"{&quot;motion_fx_motion_fx_scrolling&quot;:&quot;yes&quot;,&quot;motion_fx_translateY_effect&quot;:&quot;yes&quot;,&quot;motion_fx_translateY_affectedRange&quot;:{&quot;unit&quot;:&quot;%&quot;,&quot;size&quot;:&quot;&quot;,&quot;sizes&quot;:{&quot;start&quot;:51,&quot;end&quot;:100}},&quot;motion_fx_translateY_speed&quot;:{&quot;unit&quot;:&quot;px&quot;,&quot;size&quot;:4,&quot;sizes&quot;:[]},&quot;motion_fx_devices&quot;:[&quot;desktop&quot;,&quot;tablet&quot;,&quot;mobile&quot;]}\" data-widget_type=\"heading.default\">\n\t\t\t\t<div class=\"elementor-widget-container\">\n\t\t\t\t\t<h2 class=\"elementor-heading-title elementor-size-default\">WISSENSCHAFTLICHE<\/h2>\t\t\t\t<\/div>\n\t\t\t\t<\/div>\n\t\t\t\t<div class=\"elementor-element elementor-element-1a15220 elementor-widget elementor-widget-text-editor\" data-id=\"1a15220\" data-element_type=\"widget\" data-settings=\"{&quot;motion_fx_motion_fx_scrolling&quot;:&quot;yes&quot;,&quot;motion_fx_translateY_effect&quot;:&quot;yes&quot;,&quot;motion_fx_translateY_affectedRange&quot;:{&quot;unit&quot;:&quot;%&quot;,&quot;size&quot;:&quot;&quot;,&quot;sizes&quot;:{&quot;start&quot;:50,&quot;end&quot;:100}},&quot;motion_fx_translateY_speed&quot;:{&quot;unit&quot;:&quot;px&quot;,&quot;size&quot;:4,&quot;sizes&quot;:[]},&quot;motion_fx_devices&quot;:[&quot;desktop&quot;,&quot;tablet&quot;,&quot;mobile&quot;]}\" data-widget_type=\"text-editor.default\">\n\t\t\t\t<div class=\"elementor-widget-container\">\n\t\t\t\t\t\t\t\t\t<p>BIBLIOTHEK<\/p>\t\t\t\t\t\t\t\t<\/div>\n\t\t\t\t<\/div>\n\t\t\t\t<div class=\"elementor-element elementor-element-ef9bc4f elementor-align-center elementor-widget elementor-widget-button\" data-id=\"ef9bc4f\" data-element_type=\"widget\" data-settings=\"{&quot;motion_fx_motion_fx_scrolling&quot;:&quot;yes&quot;,&quot;motion_fx_translateY_effect&quot;:&quot;yes&quot;,&quot;motion_fx_translateY_affectedRange&quot;:{&quot;unit&quot;:&quot;%&quot;,&quot;size&quot;:&quot;&quot;,&quot;sizes&quot;:{&quot;start&quot;:51,&quot;end&quot;:100}},&quot;motion_fx_translateY_speed&quot;:{&quot;unit&quot;:&quot;px&quot;,&quot;size&quot;:4,&quot;sizes&quot;:[]},&quot;motion_fx_devices&quot;:[&quot;desktop&quot;,&quot;tablet&quot;,&quot;mobile&quot;]}\" data-widget_type=\"button.default\">\n\t\t\t\t<div class=\"elementor-widget-container\">\n\t\t\t\t\t\t\t\t\t<div class=\"elementor-button-wrapper\">\n\t\t\t\t\t<a class=\"elementor-button elementor-button-link elementor-size-sm\" href=\"https:\/\/mkk2302.kat.hebib.de\">\n\t\t\t\t\t\t<span class=\"elementor-button-content-wrapper\">\n\t\t\t\t\t\t\t\t\t<span class=\"elementor-button-text\">Online Katalog der Bibliothek<\/span>\n\t\t\t\t\t<\/span>\n\t\t\t\t\t<\/a>\n\t\t\t\t<\/div>\n\t\t\t\t\t\t\t\t<\/div>\n\t\t\t\t<\/div>\n\t\t\t\t<\/div>\n\t\t<div class=\"elementor-element elementor-element-1c6e1b0 e-con-full e-flex e-con e-parent\" data-id=\"1c6e1b0\" data-element_type=\"container\">\n\t\t<div class=\"elementor-element elementor-element-edc780d e-con-full e-flex e-con e-child\" data-id=\"edc780d\" data-element_type=\"container\">\n\t\t\t\t<div class=\"elementor-element elementor-element-4e3b762 elementor-widget elementor-widget-text-editor\" data-id=\"4e3b762\" data-element_type=\"widget\" data-widget_type=\"text-editor.default\">\n\t\t\t\t<div class=\"elementor-widget-container\">\n\t\t\t\t\t\t\t\t\t<p style=\"font-weight: 400;\">Hier finden Sch\u00fclerinnen und Sch\u00fcler ab der 7. Klasse eine gro\u00dfe Auswahl an B\u00fcchern, Zeitschriften und Nachschlagewerken \u2013 zum Recherchieren, f\u00fcr Referate, f\u00fcr Abiturvorbereitungen, oder nur zum Schm\u00f6ckern.<\/p><p style=\"font-weight: 400;\">Neben den klassischen Medien stehen auch PCs und Laptops mit Internetzugang zur Verf\u00fcgung. Sie k\u00f6nnen f\u00fcr Hausaufgaben, Pr\u00e4sentationen oder die gezielte Informationssuche genutzt werden. Druck \u2013 und Kopierm\u00f6glichkeiten erg\u00e4nzen das Angebot.<\/p><p style=\"font-weight: 400;\">Damit alle in einer angenehmen Umgebung arbeiten k\u00f6nnen, gibt es verschiedene Bereiche: ruhige Pl\u00e4tze f\u00fcr konzentriertes Lernen, Arbeitspl\u00e4tze f\u00fcr Gruppenarbeiten und gem\u00fctliche Leseecken.<\/p><p style=\"font-weight: 400;\">Die Bibliothek arbeitet mit dem aktuellen LitteraRe Programm und hat auch dar\u00fcber hinaus einen web.OPAC(Onlinekatalog).\u00a0<\/p><p style=\"font-weight: 400;\">Die Bibliothek bietet damit nicht nur Zugang zu Wissen, sondern auch Raum f\u00fcr Zusammenarbeit, Kreativit\u00e4t und neue Ideen.<\/p><p style=\"font-weight: 400;\">Die Leitung der Bibliothek liegt in den H\u00e4nden von Frau Elena Serdjuk, doch ohne die finanzielle Unterst\u00fctzung des SEB und dem ehrenamtlichen Einsatz freiwilliger Mitarbeiterinnen k\u00f6nnte die hohe Qualit\u00e4t der Registrierung, Beratung und Ausleihe nicht gew\u00e4hrleistet werden.<\/p>\t\t\t\t\t\t\t\t<\/div>\n\t\t\t\t<\/div>\n\t\t\t\t<\/div>\n\t\t<div class=\"elementor-element elementor-element-958b65e e-con-full e-flex e-con e-child\" data-id=\"958b65e\" data-element_type=\"container\">\n\t\t\t\t<div class=\"elementor-element elementor-element-adaa3a1 elementor-widget elementor-widget-image\" data-id=\"adaa3a1\" data-element_type=\"widget\" data-widget_type=\"image.default\">\n\t\t\t\t<div class=\"elementor-widget-container\">\n\t\t\t\t\t\t\t\t\t\t\t\t\t\t\t\t<a href=\"https:\/\/grimmels.de\/wordpress\/wp-content\/uploads\/2026\/02\/Unbenannt-2.jpg\" data-elementor-open-lightbox=\"yes\" data-elementor-lightbox-title=\"Unbenannt\" data-e-action-hash=\"#elementor-action%3Aaction%3Dlightbox%26settings%3DeyJpZCI6Njk0NTksInVybCI6Imh0dHBzOlwvXC9ncmltbWVscy5kZVwvd29yZHByZXNzXC93cC1jb250ZW50XC91cGxvYWRzXC8yMDI2XC8wMlwvVW5iZW5hbm50LTIuanBnIn0%3D\">\n\t\t\t\t\t\t\t<img fetchpriority=\"high\" decoding=\"async\" width=\"797\" height=\"797\" src=\"https:\/\/grimmels.de\/wordpress\/wp-content\/uploads\/2026\/02\/Unbenannt-2.jpg\" class=\"attachment-full size-full wp-image-69459\" alt=\"\" srcset=\"https:\/\/grimmels.de\/wordpress\/wp-content\/uploads\/2026\/02\/Unbenannt-2.jpg 797w, https:\/\/grimmels.de\/wordpress\/wp-content\/uploads\/2026\/02\/Unbenannt-2-300x300.jpg 300w, https:\/\/grimmels.de\/wordpress\/wp-content\/uploads\/2026\/02\/Unbenannt-2-150x150.jpg 150w, https:\/\/grimmels.de\/wordpress\/wp-content\/uploads\/2026\/02\/Unbenannt-2-768x768.jpg 768w\" sizes=\"(max-width: 797px) 100vw, 797px\" \/>\t\t\t\t\t\t\t\t<\/a>\n\t\t\t\t\t\t\t\t\t\t\t\t\t\t\t<\/div>\n\t\t\t\t<\/div>\n\t\t\t\t<\/div>\n\t\t\t\t<\/div>\n\t\t<div class=\"elementor-element elementor-element-dcc3a02 e-flex e-con-boxed e-con e-parent\" data-id=\"dcc3a02\" data-element_type=\"container\" data-settings=\"{&quot;background_background&quot;:&quot;classic&quot;}\">\n\t\t\t\t\t<div class=\"e-con-inner\">\n\t\t\t\t<div class=\"elementor-element elementor-element-7c5f61c elementor-widget elementor-widget-heading\" data-id=\"7c5f61c\" data-element_type=\"widget\" data-widget_type=\"heading.default\">\n\t\t\t\t<div class=\"elementor-widget-container\">\n\t\t\t\t\t<h2 class=\"elementor-heading-title elementor-size-default\">\u00d6ffnungszeiten<\/h2>\t\t\t\t<\/div>\n\t\t\t\t<\/div>\n\t\t\t\t<div class=\"elementor-element elementor-element-c3998d5 elementor-widget elementor-widget-text-editor\" data-id=\"c3998d5\" data-element_type=\"widget\" data-widget_type=\"text-editor.default\">\n\t\t\t\t<div class=\"elementor-widget-container\">\n\t\t\t\t\t\t\t\t\t<p>Mo. &#8211; Do.: 08:00 Uhr &#8211; 13:45 Uhr<\/p><p>Fr: 08:00 Uhr &#8211; 13:00 Uhr<\/p>\t\t\t\t\t\t\t\t<\/div>\n\t\t\t\t<\/div>\n\t\t\t\t\t<\/div>\n\t\t\t\t<\/div>\n\t\t\t\t<\/div>\n\t\t","protected":false},"excerpt":{"rendered":"<p>WISSENSCHAFTLICHE BIBLIOTHEK Online Katalog der Bibliothek Hier finden Sch\u00fclerinnen und Sch\u00fcler ab der 7. Klasse eine gro\u00dfe Auswahl an B\u00fcchern, Zeitschriften und Nachschlagewerken \u2013 zum Recherchieren, f\u00fcr Referate, f\u00fcr Abiturvorbereitungen, oder nur zum Schm\u00f6ckern. Neben den klassischen Medien stehen auch PCs und Laptops mit Internetzugang zur Verf\u00fcgung. Sie k\u00f6nnen f\u00fcr Hausaufgaben, Pr\u00e4sentationen oder die gezielte [&hellip;]<\/p>\n","protected":false},"author":3,"featured_media":0,"parent":0,"menu_order":0,"comment_status":"closed","ping_status":"closed","template":"","meta":{"advgb_blocks_editor_width":"","advgb_blocks_columns_visual_guide":"","ngg_post_thumbnail":0,"footnotes":""},"class_list":["post-544","page","type-page","status-publish","hentry"],"coauthors":[],"author_meta":{"author_link":"https:\/\/grimmels.de\/wordpress\/author\/renate-wichert\/","display_name":"Renate Wichert"},"relative_dates":{"created":"Posted 12\u00a0Jahren ago","modified":"Updated 2\u00a0Monaten ago"},"absolute_dates":{"created":"Posted on 3. Juli 2014","modified":"Updated on 24. Februar 2026"},"absolute_dates_time":{"created":"Posted on 3. Juli 2014 16:32","modified":"Updated on 24. Februar 2026 12:21"},"featured_img_caption":"","featured_img":false,"series_order":"","_links":{"self":[{"href":"https:\/\/grimmels.de\/wordpress\/wp-json\/wp\/v2\/pages\/544","targetHints":{"allow":["GET"]}}],"collection":[{"href":"https:\/\/grimmels.de\/wordpress\/wp-json\/wp\/v2\/pages"}],"about":[{"href":"https:\/\/grimmels.de\/wordpress\/wp-json\/wp\/v2\/types\/page"}],"author":[{"embeddable":true,"href":"https:\/\/grimmels.de\/wordpress\/wp-json\/wp\/v2\/users\/3"}],"replies":[{"embeddable":true,"href":"https:\/\/grimmels.de\/wordpress\/wp-json\/wp\/v2\/comments?post=544"}],"version-history":[{"count":23,"href":"https:\/\/grimmels.de\/wordpress\/wp-json\/wp\/v2\/pages\/544\/revisions"}],"predecessor-version":[{"id":69479,"href":"https:\/\/grimmels.de\/wordpress\/wp-json\/wp\/v2\/pages\/544\/revisions\/69479"}],"wp:attachment":[{"href":"https:\/\/grimmels.de\/wordpress\/wp-json\/wp\/v2\/media?parent=544"}],"curies":[{"name":"wp","href":"https:\/\/api.w.org\/{rel}","templated":true}]}}