{"id":55396,"date":"2023-07-18T09:05:48","date_gmt":"2023-07-18T07:05:48","guid":{"rendered":"https:\/\/grimmels.de\/wordpress\/?page_id=55396"},"modified":"2024-10-31T14:30:48","modified_gmt":"2024-10-31T13:30:48","slug":"schulwegeplan","status":"publish","type":"page","link":"https:\/\/grimmels.de\/wordpress\/schulwegeplan\/","title":{"rendered":"Schulwegeplan"},"content":{"rendered":"\t\t<div data-elementor-type=\"wp-page\" data-elementor-id=\"55396\" class=\"elementor elementor-55396\" data-elementor-post-type=\"page\">\n\t\t\t\t<div class=\"elementor-element elementor-element-e72b60c e-flex e-con-boxed elementor-invisible e-con e-parent\" data-id=\"e72b60c\" data-element_type=\"container\" data-settings=\"{&quot;background_background&quot;:&quot;classic&quot;,&quot;animation&quot;:&quot;fadeInDown&quot;}\">\n\t\t\t\t\t<div class=\"e-con-inner\">\n\t\t\t\t<div class=\"elementor-element elementor-element-68b87f49 elementor-widget elementor-widget-heading\" data-id=\"68b87f49\" data-element_type=\"widget\" data-widget_type=\"heading.default\">\n\t\t\t\t<div class=\"elementor-widget-container\">\n\t\t\t\t\t<h2 class=\"elementor-heading-title elementor-size-default\">SCHULWEGPLAN<\/h2>\t\t\t\t<\/div>\n\t\t\t\t<\/div>\n\t\t\t\t\t<\/div>\n\t\t\t\t<\/div>\n\t\t<div class=\"elementor-element elementor-element-d955f92 e-flex e-con-boxed e-con e-parent\" data-id=\"d955f92\" data-element_type=\"container\">\n\t\t\t\t\t<div class=\"e-con-inner\">\n\t\t\t\t<div class=\"elementor-element elementor-element-ae587c3 elementor-widget elementor-widget-heading\" data-id=\"ae587c3\" data-element_type=\"widget\" data-widget_type=\"heading.default\">\n\t\t\t\t<div class=\"elementor-widget-container\">\n\t\t\t\t\t<h2 class=\"elementor-heading-title elementor-size-default\">Schulweg f\u00fcr Fu\u00dfg\u00e4nger<\/h2>\t\t\t\t<\/div>\n\t\t\t\t<\/div>\n\t\t\t\t<div class=\"elementor-element elementor-element-514bd94 elementor-widget elementor-widget-text-editor\" data-id=\"514bd94\" data-element_type=\"widget\" data-widget_type=\"text-editor.default\">\n\t\t\t\t<div class=\"elementor-widget-container\">\n\t\t\t\t\t\t\t\t\t<table>\n<tbody>\n<tr>\n<td><strong><em>aus Richtung<\/em><\/strong><\/td>\n<td>\u00a0<\/td>\n<\/tr>\n<tr>\n<td><strong><em>Taubengarten<\/em><\/strong> <strong><em>Kr\u00f6tenbad<\/em><\/strong> <strong><em>Friesenborn<\/em><\/strong><\/td>\n<td>Langer Steg \u2013 Alte Leipziger Stra\u00dfe \u2013 Untere Haitzer Gasse \u2013 Untermarkt \u2013 Langgasse (Fu\u00dfg\u00e4ngerzone) \u2013 Ampel Berliner Stra\u00dfe \u2013 Berliner Stra\u00dfe \u2013 Philipp Reis Stra\u00dfe &#8211; Bollenweg<\/td>\n<\/tr>\n<tr>\n<td><strong><em>D\u00fcrichweg<\/em><\/strong> <strong><em>Kapellenweg<\/em><\/strong><\/td>\n<td>Sch\u00fctzengraben \u2013 Ampel Berliner Stra\u00dfe \u2013 Berliner Stra\u00dfe \u2013 Philipp Reis Stra\u00dfe &#8211; Bollenweg<\/td>\n<\/tr>\n<tr>\n<td><strong><em>Buchenweg<\/em><\/strong> <strong><em>Im Setzling<\/em><\/strong><\/td>\n<td>Wilhelm-Sch\u00f6ffer-Stra\u00dfe \u2013 Herzbachweg \u2013 Br\u00fcder Fischinger Stra\u00dfe &#8211; Ampel Berliner Stra\u00dfe (bei Elektro-Euler) \u2013 In der Aue<\/td>\n<\/tr>\n<tr>\n<td><strong><em>M\u00fchlbachweg<\/em><\/strong> <strong><em>Grimmelshausenstr.<\/em><\/strong><\/td>\n<td>Herzbachweg \u2013 Parkstra\u00dfe \u2013 Ampel Frankfurter Stra\u00dfe \u2013 Lohm\u00fchlenweg<\/td>\n<\/tr>\n<tr>\n<td><strong><em>Bereich Galgenfeld<\/em><\/strong><\/td>\n<td>Dammstra\u00dfe\/An der Pfingstweide \u2013 Unterf\u00fchrung Uferweg \u2013 Lohm\u00fchlenweg<\/td>\n<\/tr>\n<tr>\n<td><strong><em>\u00a0<\/em><\/strong> <strong><em>Altenha\u00dflau<\/em><\/strong> <strong><em>\u00a0<\/em><\/strong> <strong><em>Busbahnhof<\/em><\/strong><\/td>\n<td>\u00a0 Bahn\u00fcbergang \u2013 Altenha\u00dflauer Stra\u00dfe \u2013 Bahnhofstra\u00dfe \u2013 Clamecystra\u00dfe \u2013 Am Seegrasen &#8211; Kinzigbr\u00fccke \u2013 Uferweg \u2013 Lohm\u00fchlenweg<\/td>\n<\/tr>\n<tr>\n<td><strong><em>\u00a0<\/em><\/strong><\/td>\n<td><strong><em>Nach M\u00f6glichkeit sind stets die durch Ampeln oder Zebrastreifen gesicherten \u00dcberwege zu benutzen!<\/em><\/strong><\/td>\n<\/tr>\n<\/tbody>\n<\/table>\t\t\t\t\t\t\t\t<\/div>\n\t\t\t\t<\/div>\n\t\t\t\t\t<\/div>\n\t\t\t\t<\/div>\n\t\t<div class=\"elementor-element elementor-element-ebe4ead e-flex e-con-boxed e-con e-parent\" data-id=\"ebe4ead\" data-element_type=\"container\">\n\t\t\t\t\t<div class=\"e-con-inner\">\n\t\t\t\t<div class=\"elementor-element elementor-element-e71ff12 elementor-widget elementor-widget-heading\" data-id=\"e71ff12\" data-element_type=\"widget\" data-widget_type=\"heading.default\">\n\t\t\t\t<div class=\"elementor-widget-container\">\n\t\t\t\t\t<h2 class=\"elementor-heading-title elementor-size-default\">Schulweg f\u00fcr Radfahrer<\/h2>\t\t\t\t<\/div>\n\t\t\t\t<\/div>\n\t\t\t\t<div class=\"elementor-element elementor-element-8e91ee4 elementor-widget elementor-widget-text-editor\" data-id=\"8e91ee4\" data-element_type=\"widget\" data-widget_type=\"text-editor.default\">\n\t\t\t\t<div class=\"elementor-widget-container\">\n\t\t\t\t\t\t\t\t\t<table>\n<tbody>\n<tr>\n<td><strong><em>aus Richtung<\/em><\/strong><\/td>\n<td>\u00a0<\/td>\n<\/tr>\n<tr>\n<td><strong><em>Gr\u00fcndau<\/em><\/strong><\/td>\n<td>Der Radweg neben der Landesstra\u00dfe 333 ist in beiden Richtungen f\u00fcr Zweiradfahrer benutzbar \u2013 Frankfurter Stra\u00dfe \u2013 an der Ampel Freigerichter Stra\u00dfe (Westspange) rechts abbiegen\u00a0 (oder Zebrastreifen benutzen) \u2013 links in den Lohm\u00fchlenweg einbiegen<\/td>\n<\/tr>\n<tr>\n<td><strong><em>Haitz und H\u00f6chst<\/em><\/strong><\/td>\n<td>Ortsverbindung nach Haitz \u2013 Birsteiner Stra\u00dfe\/ Barbarossastra\u00dfe \u2013 links Burgstra\u00dfe \u2013 M\u00fcllerwiese &#8211; \u00a0Ziegelhaus &#8211; nach Eisdiele links (Parkplatz am Escher \u2013 Parkplatz An der Bleiche) \u2013 Uferweg \u2013 Lohm\u00fchlenweg. <strong>Achtung: Keinesfalls die enge Landesstra\u00dfe bis zur Stadthalle benutzen und erst dort links abbiegen!<\/strong><\/td>\n<\/tr>\n<tr>\n<td><strong><em>Altenha\u00dflau<\/em><\/strong><\/td>\n<td>Gelnh\u00e4user Stra\u00dfe\/Stadtweg \u2013 Bahnunterf\u00fchrung Lagerhausstra\u00dfe \u2013 Altenha\u00dflauer Stra\u00dfe \u2013 Ziegelhaus \u2013 nach Eisdiele links (Parkplatz am Escher \u2013 Parkplatz An der Bleiche) &#8211; Uferweg \u2013Lohm\u00fchlenweg<\/td>\n<\/tr>\n<tr>\n<td><strong><em>Hailer\/Meerholz<\/em><\/strong><\/td>\n<td>Fahrradweg entlang Untere Jahnstra\u00dfe (Radweg) &#8211; B43 bis zur Ampel Westspange \u2013 \u00dcberquerung der Westspange bis zur Verkehrsinsel \u2013 dort <strong>unbedingt Gr\u00fcnlicht in Richtung Gelnhausen abwarten<\/strong> \u2013 Rad-\/Fu\u00dfweg rechts der Freigerichter Stra\u00dfe &#8211; Lohm\u00fchlenweg<\/td>\n<\/tr>\n<\/tbody>\n<\/table>\n<p>Der Schulwegplan wurde in Kooperation mit Parents for Future Gelnhausen und dem ADFC Gelnhausen erstellt.<\/p>\n<p>Gefahrenbereiche sind in den Anlagen rot markiert.<\/p>\t\t\t\t\t\t\t\t<\/div>\n\t\t\t\t<\/div>\n\t\t\t\t\t<\/div>\n\t\t\t\t<\/div>\n\t\t<div class=\"elementor-element elementor-element-3337ddc e-flex e-con-boxed e-con e-parent\" data-id=\"3337ddc\" data-element_type=\"container\" data-settings=\"{&quot;background_background&quot;:&quot;classic&quot;}\">\n\t\t\t\t\t<div class=\"e-con-inner\">\n\t\t\t\t<div class=\"elementor-element elementor-element-6840b71 elementor-widget elementor-widget-gallery\" data-id=\"6840b71\" data-element_type=\"widget\" data-settings=\"{&quot;gap&quot;:{&quot;unit&quot;:&quot;px&quot;,&quot;size&quot;:20,&quot;sizes&quot;:[]},&quot;lazyload&quot;:&quot;yes&quot;,&quot;gallery_layout&quot;:&quot;grid&quot;,&quot;columns&quot;:4,&quot;columns_tablet&quot;:2,&quot;columns_mobile&quot;:1,&quot;gap_tablet&quot;:{&quot;unit&quot;:&quot;px&quot;,&quot;size&quot;:10,&quot;sizes&quot;:[]},&quot;gap_mobile&quot;:{&quot;unit&quot;:&quot;px&quot;,&quot;size&quot;:10,&quot;sizes&quot;:[]},&quot;link_to&quot;:&quot;file&quot;,&quot;aspect_ratio&quot;:&quot;3:2&quot;,&quot;overlay_background&quot;:&quot;yes&quot;,&quot;content_hover_animation&quot;:&quot;fade-in&quot;}\" data-widget_type=\"gallery.default\">\n\t\t\t\t<div class=\"elementor-widget-container\">\n\t\t\t\t\t\t\t<div class=\"elementor-gallery__container\">\n\t\t\t\t\t\t\t<a class=\"e-gallery-item elementor-gallery-item elementor-animated-content\" href=\"https:\/\/grimmels.de\/wordpress\/wp-content\/uploads\/2023\/07\/Radwegplan_Hoechst.jpg\" data-elementor-open-lightbox=\"yes\" data-elementor-lightbox-slideshow=\"6840b71\" data-elementor-lightbox-title=\"Radwegplan_Hoechst\" data-e-action-hash=\"#elementor-action%3Aaction%3Dlightbox%26settings%3DeyJpZCI6NTU0MDAsInVybCI6Imh0dHBzOlwvXC9ncmltbWVscy5kZVwvd29yZHByZXNzXC93cC1jb250ZW50XC91cGxvYWRzXC8yMDIzXC8wN1wvUmFkd2VncGxhbl9Ib2VjaHN0LmpwZyIsInNsaWRlc2hvdyI6IjY4NDBiNzEifQ%3D%3D\">\n\t\t\t\t\t<div class=\"e-gallery-image elementor-gallery-item__image\" data-thumbnail=\"https:\/\/grimmels.de\/wordpress\/wp-content\/uploads\/2023\/07\/Radwegplan_Hoechst-1024x602.jpg\" data-width=\"800\" data-height=\"470\" aria-label=\"\" role=\"img\" ><\/div>\n\t\t\t\t\t\t\t\t\t\t\t<div class=\"elementor-gallery-item__overlay\"><\/div>\n\t\t\t\t\t\t\t\t\t\t\t\t\t\t<\/a>\n\t\t\t\t\t\t\t<a class=\"e-gallery-item elementor-gallery-item elementor-animated-content\" href=\"https:\/\/grimmels.de\/wordpress\/wp-content\/uploads\/2023\/07\/Radwegplan_Hailer.jpg\" data-elementor-open-lightbox=\"yes\" data-elementor-lightbox-slideshow=\"6840b71\" data-elementor-lightbox-title=\"Radwegplan_Hailer\" data-e-action-hash=\"#elementor-action%3Aaction%3Dlightbox%26settings%3DeyJpZCI6NTUzOTksInVybCI6Imh0dHBzOlwvXC9ncmltbWVscy5kZVwvd29yZHByZXNzXC93cC1jb250ZW50XC91cGxvYWRzXC8yMDIzXC8wN1wvUmFkd2VncGxhbl9IYWlsZXIuanBnIiwic2xpZGVzaG93IjoiNjg0MGI3MSJ9\">\n\t\t\t\t\t<div class=\"e-gallery-image elementor-gallery-item__image\" data-thumbnail=\"https:\/\/grimmels.de\/wordpress\/wp-content\/uploads\/2023\/07\/Radwegplan_Hailer-1024x602.jpg\" data-width=\"800\" data-height=\"470\" aria-label=\"\" role=\"img\" ><\/div>\n\t\t\t\t\t\t\t\t\t\t\t<div class=\"elementor-gallery-item__overlay\"><\/div>\n\t\t\t\t\t\t\t\t\t\t\t\t\t\t<\/a>\n\t\t\t\t\t\t\t<a class=\"e-gallery-item elementor-gallery-item elementor-animated-content\" href=\"https:\/\/grimmels.de\/wordpress\/wp-content\/uploads\/2023\/07\/Radwegplan_Gruendau.jpg\" data-elementor-open-lightbox=\"yes\" data-elementor-lightbox-slideshow=\"6840b71\" data-elementor-lightbox-title=\"Radwegplan_Gruendau\" data-e-action-hash=\"#elementor-action%3Aaction%3Dlightbox%26settings%3DeyJpZCI6NTUzOTgsInVybCI6Imh0dHBzOlwvXC9ncmltbWVscy5kZVwvd29yZHByZXNzXC93cC1jb250ZW50XC91cGxvYWRzXC8yMDIzXC8wN1wvUmFkd2VncGxhbl9HcnVlbmRhdS5qcGciLCJzbGlkZXNob3ciOiI2ODQwYjcxIn0%3D\">\n\t\t\t\t\t<div class=\"e-gallery-image elementor-gallery-item__image\" data-thumbnail=\"https:\/\/grimmels.de\/wordpress\/wp-content\/uploads\/2023\/07\/Radwegplan_Gruendau-1024x602.jpg\" data-width=\"800\" data-height=\"470\" aria-label=\"\" role=\"img\" ><\/div>\n\t\t\t\t\t\t\t\t\t\t\t<div class=\"elementor-gallery-item__overlay\"><\/div>\n\t\t\t\t\t\t\t\t\t\t\t\t\t\t<\/a>\n\t\t\t\t\t\t\t<a class=\"e-gallery-item elementor-gallery-item elementor-animated-content\" href=\"https:\/\/grimmels.de\/wordpress\/wp-content\/uploads\/2023\/07\/Radwegplan_Altenhasslau.jpg\" data-elementor-open-lightbox=\"yes\" data-elementor-lightbox-slideshow=\"6840b71\" data-elementor-lightbox-title=\"Radwegplan_Altenhasslau\" data-e-action-hash=\"#elementor-action%3Aaction%3Dlightbox%26settings%3DeyJpZCI6NTUzOTcsInVybCI6Imh0dHBzOlwvXC9ncmltbWVscy5kZVwvd29yZHByZXNzXC93cC1jb250ZW50XC91cGxvYWRzXC8yMDIzXC8wN1wvUmFkd2VncGxhbl9BbHRlbmhhc3NsYXUuanBnIiwic2xpZGVzaG93IjoiNjg0MGI3MSJ9\">\n\t\t\t\t\t<div class=\"e-gallery-image elementor-gallery-item__image\" data-thumbnail=\"https:\/\/grimmels.de\/wordpress\/wp-content\/uploads\/2023\/07\/Radwegplan_Altenhasslau-1024x602.jpg\" data-width=\"800\" data-height=\"470\" aria-label=\"\" role=\"img\" ><\/div>\n\t\t\t\t\t\t\t\t\t\t\t<div class=\"elementor-gallery-item__overlay\"><\/div>\n\t\t\t\t\t\t\t\t\t\t\t\t\t\t<\/a>\n\t\t\t\t\t<\/div>\n\t\t\t\t\t<\/div>\n\t\t\t\t<\/div>\n\t\t\t\t\t<\/div>\n\t\t\t\t<\/div>\n\t\t\t\t<\/div>\n\t\t","protected":false},"excerpt":{"rendered":"<p>SCHULWEGPLAN Schulweg f\u00fcr Fu\u00dfg\u00e4nger aus Richtung \u00a0 Taubengarten Kr\u00f6tenbad Friesenborn Langer Steg \u2013 Alte Leipziger Stra\u00dfe \u2013 Untere Haitzer Gasse \u2013 Untermarkt \u2013 Langgasse (Fu\u00dfg\u00e4ngerzone) \u2013 Ampel Berliner Stra\u00dfe \u2013 Berliner Stra\u00dfe \u2013 Philipp Reis Stra\u00dfe &#8211; Bollenweg D\u00fcrichweg Kapellenweg Sch\u00fctzengraben \u2013 Ampel Berliner Stra\u00dfe \u2013 Berliner Stra\u00dfe \u2013 Philipp Reis Stra\u00dfe &#8211; Bollenweg Buchenweg [&hellip;]<\/p>\n","protected":false},"author":1,"featured_media":0,"parent":0,"menu_order":0,"comment_status":"closed","ping_status":"closed","template":"","meta":{"advgb_blocks_editor_width":"","advgb_blocks_columns_visual_guide":"","ngg_post_thumbnail":0,"footnotes":""},"class_list":["post-55396","page","type-page","status-publish","hentry"],"coauthors":[],"author_meta":{"author_link":"https:\/\/grimmels.de\/wordpress\/author\/webmaster\/","display_name":"webmaster"},"relative_dates":{"created":"Posted 3\u00a0Jahren ago","modified":"Updated 1\u00a0Jahr ago"},"absolute_dates":{"created":"Posted on 18. Juli 2023","modified":"Updated on 31. Oktober 2024"},"absolute_dates_time":{"created":"Posted on 18. Juli 2023 9:05","modified":"Updated on 31. Oktober 2024 14:30"},"featured_img_caption":"","featured_img":false,"series_order":"","_links":{"self":[{"href":"https:\/\/grimmels.de\/wordpress\/wp-json\/wp\/v2\/pages\/55396","targetHints":{"allow":["GET"]}}],"collection":[{"href":"https:\/\/grimmels.de\/wordpress\/wp-json\/wp\/v2\/pages"}],"about":[{"href":"https:\/\/grimmels.de\/wordpress\/wp-json\/wp\/v2\/types\/page"}],"author":[{"embeddable":true,"href":"https:\/\/grimmels.de\/wordpress\/wp-json\/wp\/v2\/users\/1"}],"replies":[{"embeddable":true,"href":"https:\/\/grimmels.de\/wordpress\/wp-json\/wp\/v2\/comments?post=55396"}],"version-history":[{"count":21,"href":"https:\/\/grimmels.de\/wordpress\/wp-json\/wp\/v2\/pages\/55396\/revisions"}],"predecessor-version":[{"id":60802,"href":"https:\/\/grimmels.de\/wordpress\/wp-json\/wp\/v2\/pages\/55396\/revisions\/60802"}],"wp:attachment":[{"href":"https:\/\/grimmels.de\/wordpress\/wp-json\/wp\/v2\/media?parent=55396"}],"curies":[{"name":"wp","href":"https:\/\/api.w.org\/{rel}","templated":true}]}}