{"id":55417,"date":"2023-07-18T12:13:27","date_gmt":"2023-07-18T10:13:27","guid":{"rendered":"https:\/\/grimmels.de\/wordpress\/?page_id=55417"},"modified":"2025-09-01T13:39:04","modified_gmt":"2025-09-01T11:39:04","slug":"fssj","status":"publish","type":"page","link":"https:\/\/grimmels.de\/wordpress\/fssj\/","title":{"rendered":"FSSJ"},"content":{"rendered":"\t\t<div data-elementor-type=\"wp-page\" data-elementor-id=\"55417\" class=\"elementor elementor-55417\" data-elementor-post-type=\"page\">\n\t\t\t\t<div class=\"elementor-element elementor-element-2eecbda9 e-con-full e-flex e-con e-parent\" data-id=\"2eecbda9\" data-element_type=\"container\" data-settings=\"{&quot;background_background&quot;:&quot;slideshow&quot;,&quot;background_slideshow_gallery&quot;:[{&quot;id&quot;:59009,&quot;url&quot;:&quot;https:\\\/\\\/grimmels.de\\\/wordpress\\\/wp-content\\\/uploads\\\/2024\\\/10\\\/cropped-cropped-DJI_0270-Kopie.png&quot;}],&quot;background_slideshow_loop&quot;:&quot;yes&quot;,&quot;background_slideshow_slide_duration&quot;:5000,&quot;background_slideshow_slide_transition&quot;:&quot;fade&quot;,&quot;background_slideshow_transition_duration&quot;:500}\">\n\t\t\t\t<div class=\"elementor-element elementor-element-139ecc9d elementor-widget elementor-widget-heading\" data-id=\"139ecc9d\" data-element_type=\"widget\" data-widget_type=\"heading.default\">\n\t\t\t\t<div class=\"elementor-widget-container\">\n\t\t\t\t\t<h2 class=\"elementor-heading-title elementor-size-default\">FREIWILLIGES SOZIALES SCHULJAHR HESSEN<\/h2>\t\t\t\t<\/div>\n\t\t\t\t<\/div>\n\t\t\t\t<\/div>\n\t\t<div class=\"elementor-element elementor-element-5c3e0de6 e-con-full e-flex e-con e-parent\" data-id=\"5c3e0de6\" data-element_type=\"container\">\n\t\t<div class=\"elementor-element elementor-element-63ee950a e-con-full e-flex e-con e-child\" data-id=\"63ee950a\" data-element_type=\"container\">\n\t\t\t\t<div class=\"elementor-element elementor-element-607bf43f elementor-widget elementor-widget-text-editor\" data-id=\"607bf43f\" data-element_type=\"widget\" data-widget_type=\"text-editor.default\">\n\t\t\t\t<div class=\"elementor-widget-container\">\n\t\t\t\t\t\t\t\t\t<p style=\"font-weight: 400;\">Als <strong>FSSJH-Schule<\/strong> unterst\u00fctzt das Grimmels das freiwillige Engagement ihrer Sch\u00fclerinnen und Sch\u00fcler. Am Grimmels stehen den teilnehmenden Sch\u00fclerinnen und Sch\u00fclern <strong>Hartmut Winkler<\/strong> und <strong>Frau Hofmann<\/strong> als Ansprechpartner\/innen f\u00fcr das Freiwillige Soziale Schuljahr Hessen (FSSJH) zur Verf\u00fcgung.<\/p>\t\t\t\t\t\t\t\t<\/div>\n\t\t\t\t<\/div>\n\t\t\t\t<\/div>\n\t\t<div class=\"elementor-element elementor-element-67ad5900 e-con-full e-flex e-con e-child\" data-id=\"67ad5900\" data-element_type=\"container\">\n\t\t\t\t<div class=\"elementor-element elementor-element-36f30dc elementor-widget elementor-widget-image\" data-id=\"36f30dc\" data-element_type=\"widget\" data-widget_type=\"image.default\">\n\t\t\t\t<div class=\"elementor-widget-container\">\n\t\t\t\t\t\t\t\t\t\t\t\t\t\t\t<img fetchpriority=\"high\" decoding=\"async\" width=\"800\" height=\"520\" src=\"https:\/\/grimmels.de\/wordpress\/wp-content\/uploads\/2023\/07\/FSSJH-1024x666.png\" class=\"attachment-large size-large wp-image-55406\" alt=\"\" srcset=\"https:\/\/grimmels.de\/wordpress\/wp-content\/uploads\/2023\/07\/FSSJH-1024x666.png 1024w, https:\/\/grimmels.de\/wordpress\/wp-content\/uploads\/2023\/07\/FSSJH-300x195.png 300w, https:\/\/grimmels.de\/wordpress\/wp-content\/uploads\/2023\/07\/FSSJH-150x98.png 150w, https:\/\/grimmels.de\/wordpress\/wp-content\/uploads\/2023\/07\/FSSJH-768x500.png 768w, https:\/\/grimmels.de\/wordpress\/wp-content\/uploads\/2023\/07\/FSSJH.png 1408w\" sizes=\"(max-width: 800px) 100vw, 800px\" \/>\t\t\t\t\t\t\t\t\t\t\t\t\t\t\t<\/div>\n\t\t\t\t<\/div>\n\t\t\t\t<\/div>\n\t\t\t\t<\/div>\n\t\t<div class=\"elementor-element elementor-element-f6938f0 e-flex e-con-boxed e-con e-parent\" data-id=\"f6938f0\" data-element_type=\"container\">\n\t\t\t\t\t<div class=\"e-con-inner\">\n\t\t\t\t<div class=\"elementor-element elementor-element-a10dc15 elementor-widget elementor-widget-button\" data-id=\"a10dc15\" data-element_type=\"widget\" data-widget_type=\"button.default\">\n\t\t\t\t<div class=\"elementor-widget-container\">\n\t\t\t\t\t\t\t\t\t<div class=\"elementor-button-wrapper\">\n\t\t\t\t\t<a class=\"elementor-button elementor-button-link elementor-size-sm\" href=\"https:\/\/grimmels.de\/wordpress\/wp-content\/uploads\/2025\/09\/4.40.20-006-001-FSSJH-Flyer-dinA5_weP019496500.pdf\">\n\t\t\t\t\t\t<span class=\"elementor-button-content-wrapper\">\n\t\t\t\t\t\t\t\t\t<span class=\"elementor-button-text\">Info-Brosch\u00fcre des MKK<\/span>\n\t\t\t\t\t<\/span>\n\t\t\t\t\t<\/a>\n\t\t\t\t<\/div>\n\t\t\t\t\t\t\t\t<\/div>\n\t\t\t\t<\/div>\n\t\t\t\t<div class=\"elementor-element elementor-element-ff843bc elementor-widget elementor-widget-button\" data-id=\"ff843bc\" data-element_type=\"widget\" data-widget_type=\"button.default\">\n\t\t\t\t<div class=\"elementor-widget-container\">\n\t\t\t\t\t\t\t\t\t<div class=\"elementor-button-wrapper\">\n\t\t\t\t\t<a class=\"elementor-button elementor-button-link elementor-size-sm\" href=\"https:\/\/grimmels.de\/wordpress\/wp-content\/uploads\/2025\/09\/2025_2026-FSSJH_Info_Eltern_Grimmels.pdf\">\n\t\t\t\t\t\t<span class=\"elementor-button-content-wrapper\">\n\t\t\t\t\t\t\t\t\t<span class=\"elementor-button-text\">Elterninformation<\/span>\n\t\t\t\t\t<\/span>\n\t\t\t\t\t<\/a>\n\t\t\t\t<\/div>\n\t\t\t\t\t\t\t\t<\/div>\n\t\t\t\t<\/div>\n\t\t\t\t<div class=\"elementor-element elementor-element-ef55d96 elementor-widget elementor-widget-button\" data-id=\"ef55d96\" data-element_type=\"widget\" data-widget_type=\"button.default\">\n\t\t\t\t<div class=\"elementor-widget-container\">\n\t\t\t\t\t\t\t\t\t<div class=\"elementor-button-wrapper\">\n\t\t\t\t\t<a class=\"elementor-button elementor-button-link elementor-size-sm\" href=\"https:\/\/grimmels.de\/wordpress\/wp-content\/uploads\/2025\/09\/4.40.20-006-017-Vermittlungsbogen_RaP019442365.pdf\">\n\t\t\t\t\t\t<span class=\"elementor-button-content-wrapper\">\n\t\t\t\t\t\t\t\t\t<span class=\"elementor-button-text\">Anmeldebogen<\/span>\n\t\t\t\t\t<\/span>\n\t\t\t\t\t<\/a>\n\t\t\t\t<\/div>\n\t\t\t\t\t\t\t\t<\/div>\n\t\t\t\t<\/div>\n\t\t\t\t\t<\/div>\n\t\t\t\t<\/div>\n\t\t\t\t<\/div>\n\t\t","protected":false},"excerpt":{"rendered":"<p>FREIWILLIGES SOZIALES SCHULJAHR HESSEN Als FSSJH-Schule unterst\u00fctzt das Grimmels das freiwillige Engagement ihrer Sch\u00fclerinnen und Sch\u00fcler. Am Grimmels stehen den teilnehmenden Sch\u00fclerinnen und Sch\u00fclern Hartmut Winkler und Frau Hofmann als Ansprechpartner\/innen f\u00fcr das Freiwillige Soziale Schuljahr Hessen (FSSJH) zur Verf\u00fcgung. Info-Brosch\u00fcre des MKK Elterninformation Anmeldebogen<\/p>\n","protected":false},"author":1,"featured_media":0,"parent":0,"menu_order":0,"comment_status":"closed","ping_status":"closed","template":"","meta":{"advgb_blocks_editor_width":"","advgb_blocks_columns_visual_guide":"","ngg_post_thumbnail":0,"footnotes":""},"class_list":["post-55417","page","type-page","status-publish","hentry"],"coauthors":[],"author_meta":{"author_link":"https:\/\/grimmels.de\/wordpress\/author\/webmaster\/","display_name":"webmaster"},"relative_dates":{"created":"Posted 3\u00a0Jahren ago","modified":"Updated 7\u00a0Monaten ago"},"absolute_dates":{"created":"Posted on 18. Juli 2023","modified":"Updated on 1. September 2025"},"absolute_dates_time":{"created":"Posted on 18. Juli 2023 12:13","modified":"Updated on 1. September 2025 13:39"},"featured_img_caption":"","featured_img":false,"series_order":"","_links":{"self":[{"href":"https:\/\/grimmels.de\/wordpress\/wp-json\/wp\/v2\/pages\/55417","targetHints":{"allow":["GET"]}}],"collection":[{"href":"https:\/\/grimmels.de\/wordpress\/wp-json\/wp\/v2\/pages"}],"about":[{"href":"https:\/\/grimmels.de\/wordpress\/wp-json\/wp\/v2\/types\/page"}],"author":[{"embeddable":true,"href":"https:\/\/grimmels.de\/wordpress\/wp-json\/wp\/v2\/users\/1"}],"replies":[{"embeddable":true,"href":"https:\/\/grimmels.de\/wordpress\/wp-json\/wp\/v2\/comments?post=55417"}],"version-history":[{"count":21,"href":"https:\/\/grimmels.de\/wordpress\/wp-json\/wp\/v2\/pages\/55417\/revisions"}],"predecessor-version":[{"id":66074,"href":"https:\/\/grimmels.de\/wordpress\/wp-json\/wp\/v2\/pages\/55417\/revisions\/66074"}],"wp:attachment":[{"href":"https:\/\/grimmels.de\/wordpress\/wp-json\/wp\/v2\/media?parent=55417"}],"curies":[{"name":"wp","href":"https:\/\/api.w.org\/{rel}","templated":true}]}}