{"id":55682,"date":"2023-09-07T13:00:48","date_gmt":"2023-09-07T11:00:48","guid":{"rendered":"https:\/\/grimmels.de\/wordpress\/?page_id=55682"},"modified":"2023-09-07T13:02:10","modified_gmt":"2023-09-07T11:02:10","slug":"begabungsfoerderung-am-grimmels","status":"publish","type":"page","link":"https:\/\/grimmels.de\/wordpress\/begabungsfoerderung-am-grimmels\/","title":{"rendered":"Begabungsf\u00f6rderung am Grimmels"},"content":{"rendered":"<div class=\"wp-block-image\">\n<figure class=\"alignright size-full is-resized\"><img fetchpriority=\"high\" decoding=\"async\" src=\"https:\/\/grimmels.de\/wordpress\/wp-content\/uploads\/2023\/09\/begabung.jpg\" alt=\"\" class=\"wp-image-55681\" width=\"437\" height=\"343\" srcset=\"https:\/\/grimmels.de\/wordpress\/wp-content\/uploads\/2023\/09\/begabung.jpg 873w, https:\/\/grimmels.de\/wordpress\/wp-content\/uploads\/2023\/09\/begabung-300x235.jpg 300w, https:\/\/grimmels.de\/wordpress\/wp-content\/uploads\/2023\/09\/begabung-150x118.jpg 150w, https:\/\/grimmels.de\/wordpress\/wp-content\/uploads\/2023\/09\/begabung-768x603.jpg 768w\" sizes=\"(max-width: 437px) 100vw, 437px\" \/><\/figure>\n<\/div>\n\n\n<p>Jedes Kind hat das Recht auf schulische und au\u00dferschulische Bildung zur bestm\u00f6glichen Entfaltung seiner individuellen Pers\u00f6nlichkeit. Dieser gesellschaftliche Auftrag, allen Kindern m\u00f6glichst gerecht zu werden, schlie\u00dft auch die Gruppe der Sch\u00fclerinnen und Sch\u00fcler mit \u201ebesonderer Begabung und Leistungsst\u00e4rke\u201c (BBL-Status) mit ein. Seit dem Schuljahr 2023\/24 bietet das Grimmelshausen-Gymnasium allen Sch\u00fclerinnen und Sch\u00fclern, denen die Klassenkonferenz diesen Status zugebilligt hat, eine Beratung an, bei der gemeinsam mit dem Sch\u00fcler\/der Sch\u00fclerin und den Eltern, m\u00f6gliche F\u00f6rderma\u00dfnahmen, wie etwa die Teilnahme an der \u201eDigitalen Dreht\u00fcr\u201c (<a href=\"https:\/\/kultusministerium.hessen.de\/unterricht\/begabungs-und-begabtenfoerderung\/digitale-drehtuer-hessen\" target=\"_blank\" rel=\"noreferrer noopener\">https:\/\/kultusministerium.hessen.de\/unterricht\/begabungs-und-begabtenfoerderung\/digitale-drehtuer-hessen<\/a> ) oder andere inner- und au\u00dferschulischen F\u00f6rderprogramme vorgestellt und er\u00f6rtert werden.<\/p>\n\n\n\n<p>Ansprechpartner: Michael Stubbig<\/p>\n","protected":false},"excerpt":{"rendered":"<p>Jedes Kind hat das Recht auf schulische und au\u00dferschulische Bildung zur bestm\u00f6glichen Entfaltung seiner individuellen Pers\u00f6nlichkeit. Dieser gesellschaftliche Auftrag, allen Kindern m\u00f6glichst gerecht zu werden, schlie\u00dft auch die Gruppe der Sch\u00fclerinnen und Sch\u00fcler mit \u201ebesonderer Begabung und Leistungsst\u00e4rke\u201c (BBL-Status) mit ein. Seit dem Schuljahr 2023\/24 bietet das Grimmelshausen-Gymnasium allen Sch\u00fclerinnen und Sch\u00fclern, denen die Klassenkonferenz [&hellip;]<\/p>\n","protected":false},"author":1,"featured_media":0,"parent":0,"menu_order":0,"comment_status":"closed","ping_status":"closed","template":"","meta":{"advgb_blocks_editor_width":"","advgb_blocks_columns_visual_guide":"","ngg_post_thumbnail":0,"footnotes":""},"class_list":["post-55682","page","type-page","status-publish","hentry"],"coauthors":[],"author_meta":{"author_link":"https:\/\/grimmels.de\/wordpress\/author\/webmaster\/","display_name":"webmaster"},"relative_dates":{"created":"Posted 3\u00a0Jahren ago","modified":"Updated 3\u00a0Jahren ago"},"absolute_dates":{"created":"Posted on 7. September 2023","modified":"Updated on 7. September 2023"},"absolute_dates_time":{"created":"Posted on 7. September 2023 13:00","modified":"Updated on 7. September 2023 13:02"},"featured_img_caption":"","featured_img":false,"series_order":"","_links":{"self":[{"href":"https:\/\/grimmels.de\/wordpress\/wp-json\/wp\/v2\/pages\/55682","targetHints":{"allow":["GET"]}}],"collection":[{"href":"https:\/\/grimmels.de\/wordpress\/wp-json\/wp\/v2\/pages"}],"about":[{"href":"https:\/\/grimmels.de\/wordpress\/wp-json\/wp\/v2\/types\/page"}],"author":[{"embeddable":true,"href":"https:\/\/grimmels.de\/wordpress\/wp-json\/wp\/v2\/users\/1"}],"replies":[{"embeddable":true,"href":"https:\/\/grimmels.de\/wordpress\/wp-json\/wp\/v2\/comments?post=55682"}],"version-history":[{"count":2,"href":"https:\/\/grimmels.de\/wordpress\/wp-json\/wp\/v2\/pages\/55682\/revisions"}],"predecessor-version":[{"id":55685,"href":"https:\/\/grimmels.de\/wordpress\/wp-json\/wp\/v2\/pages\/55682\/revisions\/55685"}],"wp:attachment":[{"href":"https:\/\/grimmels.de\/wordpress\/wp-json\/wp\/v2\/media?parent=55682"}],"curies":[{"name":"wp","href":"https:\/\/api.w.org\/{rel}","templated":true}]}}