{"id":559,"date":"2014-07-03T16:38:08","date_gmt":"2014-07-03T14:38:08","guid":{"rendered":"?page_id=559"},"modified":"2020-12-01T14:14:59","modified_gmt":"2020-12-01T13:14:59","slug":"schulsanitatsdienst","status":"publish","type":"page","link":"https:\/\/grimmels.de\/wordpress\/schulsanitatsdienst\/","title":{"rendered":"Schulsanit\u00e4tsdienst"},"content":{"rendered":"\n<p><strong>Bei ca. 1400 Sch\u00fclern und Sch\u00fclerinnen kommt es hin und wieder zu kleineren und gr\u00f6\u00dferen Verletzungen. Gut, wenn man dann Menschen an der Schule hat, die sich f\u00fcr andere einsetzen und sich gegenseitig helfen.<\/strong><\/p>\n\n\n\n<p>Das Grimmelshausen Gymnasium Gelnhausen kann sich derzeit \u00fcber ein starkes Schulsanit\u00e4ts-Team bestehend aus 26 Sch\u00fcler\/innen der Oberstufe ab Klasse 10 freuen.<\/p>\n\n\n\n<p><strong>Einblicke in die Arbeit:<\/strong><\/p>\n\n\n\n<figure class=\"wp-block-gallery columns-4 is-cropped wp-block-gallery-1\"><ul class=\"blocks-gallery-grid\"><li class=\"blocks-gallery-item\"><figure><a href=\"https:\/\/grimmels.de\/wordpress\/wp-content\/uploads\/2020\/12\/saniag-01.jpg\"><img fetchpriority=\"high\" decoding=\"async\" width=\"768\" height=\"1024\" src=\"https:\/\/grimmels.de\/wordpress\/wp-content\/uploads\/2020\/12\/saniag-01.jpg\" alt=\"\" data-id=\"45600\" data-full-url=\"https:\/\/grimmels.de\/wordpress\/wp-content\/uploads\/2020\/12\/saniag-01.jpg\" data-link=\"https:\/\/grimmels.de\/wordpress\/schulsanitatsdienst\/saniag-01\/\" class=\"wp-image-45600\" srcset=\"https:\/\/grimmels.de\/wordpress\/wp-content\/uploads\/2020\/12\/saniag-01.jpg 768w, https:\/\/grimmels.de\/wordpress\/wp-content\/uploads\/2020\/12\/saniag-01-225x300.jpg 225w, https:\/\/grimmels.de\/wordpress\/wp-content\/uploads\/2020\/12\/saniag-01-113x150.jpg 113w\" sizes=\"(max-width: 768px) 100vw, 768px\" \/><\/a><\/figure><\/li><li class=\"blocks-gallery-item\"><figure><a href=\"https:\/\/grimmels.de\/wordpress\/wp-content\/uploads\/2020\/12\/saniag-05.jpg\"><img decoding=\"async\" width=\"768\" height=\"1024\" src=\"https:\/\/grimmels.de\/wordpress\/wp-content\/uploads\/2020\/12\/saniag-05.jpg\" alt=\"\" data-id=\"45597\" data-full-url=\"https:\/\/grimmels.de\/wordpress\/wp-content\/uploads\/2020\/12\/saniag-05.jpg\" data-link=\"https:\/\/grimmels.de\/wordpress\/schulsanitatsdienst\/saniag-05\/\" class=\"wp-image-45597\" srcset=\"https:\/\/grimmels.de\/wordpress\/wp-content\/uploads\/2020\/12\/saniag-05.jpg 768w, https:\/\/grimmels.de\/wordpress\/wp-content\/uploads\/2020\/12\/saniag-05-225x300.jpg 225w, https:\/\/grimmels.de\/wordpress\/wp-content\/uploads\/2020\/12\/saniag-05-113x150.jpg 113w\" sizes=\"(max-width: 768px) 100vw, 768px\" \/><\/a><\/figure><\/li><li class=\"blocks-gallery-item\"><figure><a href=\"https:\/\/grimmels.de\/wordpress\/wp-content\/uploads\/2020\/12\/saniag-02.jpg\"><img decoding=\"async\" width=\"1024\" height=\"768\" src=\"https:\/\/grimmels.de\/wordpress\/wp-content\/uploads\/2020\/12\/saniag-02.jpg\" alt=\"\" data-id=\"45599\" data-full-url=\"https:\/\/grimmels.de\/wordpress\/wp-content\/uploads\/2020\/12\/saniag-02.jpg\" data-link=\"https:\/\/grimmels.de\/wordpress\/schulsanitatsdienst\/saniag-02\/\" class=\"wp-image-45599\" srcset=\"https:\/\/grimmels.de\/wordpress\/wp-content\/uploads\/2020\/12\/saniag-02.jpg 1024w, https:\/\/grimmels.de\/wordpress\/wp-content\/uploads\/2020\/12\/saniag-02-300x225.jpg 300w, https:\/\/grimmels.de\/wordpress\/wp-content\/uploads\/2020\/12\/saniag-02-150x113.jpg 150w, https:\/\/grimmels.de\/wordpress\/wp-content\/uploads\/2020\/12\/saniag-02-768x576.jpg 768w\" sizes=\"(max-width: 1024px) 100vw, 1024px\" \/><\/a><\/figure><\/li><li class=\"blocks-gallery-item\"><figure><a href=\"https:\/\/grimmels.de\/wordpress\/wp-content\/uploads\/2020\/12\/saniag-04.jpg\"><img loading=\"lazy\" decoding=\"async\" width=\"768\" height=\"1024\" src=\"https:\/\/grimmels.de\/wordpress\/wp-content\/uploads\/2020\/12\/saniag-04.jpg\" alt=\"\" data-id=\"45598\" data-full-url=\"https:\/\/grimmels.de\/wordpress\/wp-content\/uploads\/2020\/12\/saniag-04.jpg\" data-link=\"https:\/\/grimmels.de\/wordpress\/schulsanitatsdienst\/saniag-04\/\" class=\"wp-image-45598 is-layout-flex wp-block-gallery-is-layout-flex\" srcset=\"https:\/\/grimmels.de\/wordpress\/wp-content\/uploads\/2020\/12\/saniag-04.jpg 768w, https:\/\/grimmels.de\/wordpress\/wp-content\/uploads\/2020\/12\/saniag-04-225x300.jpg 225w, https:\/\/grimmels.de\/wordpress\/wp-content\/uploads\/2020\/12\/saniag-04-113x150.jpg 113w\" sizes=\"(max-width: 768px) 100vw, 768px\" \/><\/a><\/figure><\/li><\/ul><\/figure>\n\n\n\n<p>In unserem neuen Raum, der von au\u00dfen vom Rettungswagen erreicht werden kann, k\u00f6nnen wir den Sch\u00fclern einen gesch\u00fctzten Ort bieten, an dem die Erstversorgung stattfinden kann. Dort treffen unsere Sch\u00fcler\/innen Schulsanit\u00e4ter\/innen, die f\u00fcr sie da sind, an die sie sich wenden k\u00f6nnen, wenn es ihnen nicht gut geht. So ist das Team \u00fcber das Sekretariat mithilfe unserer Walkie-Talkies auch au\u00dferhalb der Pausen w\u00e4hrend der Unterrichtszeit erreichbar. Nat\u00fcrlich werden die Schulsanit\u00e4ter\/innen hierf\u00fcr durch Schulungen des Roten Kreuzes und die neuen Mitglieder auch durch den Austausch in AG-Stunden oder Projekten ausgebildet. Au\u00dferdem ist das Team bei allen gro\u00dfen Veranstaltungen des GGGs vor Ort, um zu helfen.<\/p>\n\n\n\n<figure class=\"wp-block-image size-large\"><img loading=\"lazy\" decoding=\"async\" width=\"1024\" height=\"683\" src=\"https:\/\/grimmels.de\/wordpress\/wp-content\/uploads\/2020\/12\/saniag-06.jpg\" alt=\"\" class=\"wp-image-45601\" srcset=\"https:\/\/grimmels.de\/wordpress\/wp-content\/uploads\/2020\/12\/saniag-06.jpg 1024w, https:\/\/grimmels.de\/wordpress\/wp-content\/uploads\/2020\/12\/saniag-06-300x200.jpg 300w, https:\/\/grimmels.de\/wordpress\/wp-content\/uploads\/2020\/12\/saniag-06-150x100.jpg 150w, https:\/\/grimmels.de\/wordpress\/wp-content\/uploads\/2020\/12\/saniag-06-768x512.jpg 768w\" sizes=\"(max-width: 1024px) 100vw, 1024px\" \/><\/figure>\n\n\n\n<p><strong>\u00dcber den Tellerrand schauen&#8230;<\/strong><\/p>\n\n\n\n<p>Die Mitglieder sind durch ihr soziales Engagement ein Gewinn f\u00fcr unsere Schulgemeinde, ganz nebenbei gewinnen sie aber auch bei ihrer T\u00e4tigkeit unterschiedliche Einblicke in die verschiedensten Berufe. So sind sie jetzt schon<\/p>\n\n\n\n<ul class=\"wp-block-list\"><li>Manager von Diensten und von dem Materialbestand in beispielsweise Erste Hilfe K\u00e4sten oder Ausflugstaschen<\/li><li>Medizinische Erstversorger<\/li><li>Experten f\u00fcr Einsatzprotokolle<\/li><li>Vertrauenspersonen, die Hilfe anbieten<\/li><li>im Austausch mit Experten wie unserer Schulpsychologin sind Einblicke in soziale Berufe m\u00f6glich geworden<\/li><\/ul>\n\n\n\n<p><strong>Erste Hilfe-Wissen weitergeben &#8230; aus einer wurden 17<\/strong><\/p>\n\n\n\n<figure class=\"wp-block-gallery alignleft columns-1 is-cropped wp-block-gallery-2\"><ul class=\"blocks-gallery-grid\"><li class=\"blocks-gallery-item\"><figure><a href=\"https:\/\/grimmels.de\/wordpress\/wp-content\/uploads\/2020\/12\/saniag-07.jpg\"><img loading=\"lazy\" decoding=\"async\" width=\"683\" height=\"1024\" src=\"https:\/\/grimmels.de\/wordpress\/wp-content\/uploads\/2020\/12\/saniag-07.jpg\" alt=\"\" data-id=\"45602\" data-full-url=\"https:\/\/grimmels.de\/wordpress\/wp-content\/uploads\/2020\/12\/saniag-07.jpg\" data-link=\"https:\/\/grimmels.de\/wordpress\/schulsanitatsdienst\/saniag-07\/\" class=\"wp-image-45602 is-layout-flex wp-block-gallery-is-layout-flex\" srcset=\"https:\/\/grimmels.de\/wordpress\/wp-content\/uploads\/2020\/12\/saniag-07.jpg 683w, https:\/\/grimmels.de\/wordpress\/wp-content\/uploads\/2020\/12\/saniag-07-200x300.jpg 200w, https:\/\/grimmels.de\/wordpress\/wp-content\/uploads\/2020\/12\/saniag-07-100x150.jpg 100w\" sizes=\"(max-width: 683px) 100vw, 683px\" \/><\/a><\/figure><\/li><\/ul><\/figure>\n\n\n\n<p>Auch entstand im Rahmen der AG eine Idee, wie man m\u00f6glichst viele Personen die Angst vor Erster Hilfe nimmt und regelm\u00e4\u00dfig \u00fcben l\u00e4sst, so dass sich das Team stark gemacht hat, um selbst eine Wiederbelebungspuppe anschaffen zu k\u00f6nnen. Gl\u00fccklicherweise hat sich diese Wiederbelebungspuppe durch die Finanzierung des Vereins der Ehemaligen um ein Vielfaches vervielf\u00e4ltigt, so dass ganze Klassen des GGGs beispielsweise in Vertretungsstunden vor der Corona Situation Wiederbelebung \u00fcben konnten und hoffentlich wieder bald k\u00f6nnen.<\/p>\n\n\n\n<p>Bleibt gesund,<br>Euer Sani-Team mit der Sani-AG-Leiterin Katharina Nolde<\/p>\n","protected":false},"excerpt":{"rendered":"<p>Bei ca. 1400 Sch\u00fclern und Sch\u00fclerinnen kommt es hin und wieder zu kleineren und gr\u00f6\u00dferen Verletzungen. Gut, wenn man dann Menschen an der Schule hat, die sich f\u00fcr andere einsetzen und sich gegenseitig helfen. Das Grimmelshausen Gymnasium Gelnhausen kann sich derzeit \u00fcber ein starkes Schulsanit\u00e4ts-Team bestehend aus 26 Sch\u00fcler\/innen der Oberstufe ab Klasse 10 freuen. [&hellip;]<\/p>\n","protected":false},"author":3,"featured_media":0,"parent":0,"menu_order":0,"comment_status":"closed","ping_status":"closed","template":"","meta":{"advgb_blocks_editor_width":"","advgb_blocks_columns_visual_guide":"","ngg_post_thumbnail":0,"footnotes":""},"class_list":["post-559","page","type-page","status-publish","hentry"],"coauthors":[],"author_meta":{"author_link":"https:\/\/grimmels.de\/wordpress\/author\/renate-wichert\/","display_name":"Renate Wichert"},"relative_dates":{"created":"Posted 12\u00a0Jahren ago","modified":"Updated 5\u00a0Jahren ago"},"absolute_dates":{"created":"Posted on 3. Juli 2014","modified":"Updated on 1. Dezember 2020"},"absolute_dates_time":{"created":"Posted on 3. Juli 2014 16:38","modified":"Updated on 1. Dezember 2020 14:14"},"featured_img_caption":"","featured_img":false,"series_order":"","_links":{"self":[{"href":"https:\/\/grimmels.de\/wordpress\/wp-json\/wp\/v2\/pages\/559","targetHints":{"allow":["GET"]}}],"collection":[{"href":"https:\/\/grimmels.de\/wordpress\/wp-json\/wp\/v2\/pages"}],"about":[{"href":"https:\/\/grimmels.de\/wordpress\/wp-json\/wp\/v2\/types\/page"}],"author":[{"embeddable":true,"href":"https:\/\/grimmels.de\/wordpress\/wp-json\/wp\/v2\/users\/3"}],"replies":[{"embeddable":true,"href":"https:\/\/grimmels.de\/wordpress\/wp-json\/wp\/v2\/comments?post=559"}],"version-history":[{"count":10,"href":"https:\/\/grimmels.de\/wordpress\/wp-json\/wp\/v2\/pages\/559\/revisions"}],"predecessor-version":[{"id":45604,"href":"https:\/\/grimmels.de\/wordpress\/wp-json\/wp\/v2\/pages\/559\/revisions\/45604"}],"wp:attachment":[{"href":"https:\/\/grimmels.de\/wordpress\/wp-json\/wp\/v2\/media?parent=559"}],"curies":[{"name":"wp","href":"https:\/\/api.w.org\/{rel}","templated":true}]}}