{"id":561,"date":"2014-07-03T16:38:31","date_gmt":"2014-07-03T14:38:31","guid":{"rendered":"?page_id=561"},"modified":"2020-12-30T11:41:19","modified_gmt":"2020-12-30T10:41:19","slug":"schulsportnebenzentrum","status":"publish","type":"page","link":"https:\/\/grimmels.de\/wordpress\/schulsportnebenzentrum\/","title":{"rendered":"Schulsportnebenzentrum"},"content":{"rendered":"<p><img fetchpriority=\"high\" decoding=\"async\" class=\"alignleft wp-image-13195 size-full\" src=\"https:\/\/grimmels.de\/wordpress\/wp-content\/uploads\/2014\/07\/schulsportlogo.gif\" alt=\" \" width=\"200\" height=\"267\">Das Programm zur Talentsuche und Talentf\u00f6rderung, in dessen Mittelpunkt Kinder und Jugendliche stehen, die nach sportlichem Erfolg streben, soll f\u00fcr diese Talente g\u00fcnstige Voraussetzungen schaffen, den Einstieg in ein leistungsorientiertes Training verantwortbar zu gestalten. Die Umsetzung dieses F\u00f6rderkonzepts erfolgt durch die Einrichtung von Talentaufbaugruppen (TAG), Talentf\u00f6rdergruppen (TFG) und durch Angebote von Spezialtraining f\u00fcr Leistungsgruppen. Koordinations- und Steuerungsstellen sind die Schulsportzentren (SSZ) und Schulsportnebenzentren.<\/p>\n<p>Ausf\u00fchrlichere Informationen zum Handballtalentf\u00f6rderprogramm am Grimmelshausen Gymnasium Gelnhausen erhalten Sie auf folgender Homepage: <a href=\"http:\/\/www.die-handballakademie.de\" target=\"_blank\" rel=\"noopener\">www.die-handballakademie.de<\/a><\/p>\n<p><b>Talentaufbaugruppen (TAG)<br \/>\n<\/b>Durch die Einrichtung von Talentaufbaugruppen (TAG) wird sichergestellt, dass Grundschulkinder eine qualifizierte alters- und kindgem\u00e4\u00dfe sportart\u00fcbergreifende F\u00f6rderung erhalten und ein m\u00f6glichst breiter Unterbau entsteht, der als angemessene Basis f\u00fcr die \u00dcberg\u00e4nge in die Talentf\u00f6rdergruppe (TFG) dienen kann.<\/p>\n<p><b>Talentf\u00f6rdergruppen (TFG) und Leistungsgruppen (LG)<br \/>\n<\/b>Im Rahmen der sportartspezifischen F\u00f6rderung ist der Schwerpunkt bei den Talentf\u00f6rdergruppen (4. bis 6. Klasse) zu legen.<\/p>\n<p>Weiterf\u00fchrende schulische Trainingsma\u00dfnahmen in Leistungsgruppen werden nur an Standorten mit Lehrer-Trainer-Stellen eingerichtet. Sie sollen ein gezieltes, m\u00f6glichst in den Stundenplan integriertes, sportartgerichtetes Training erg\u00e4nzend zu den Ma\u00dfnahmen der Vereine und der Landesfachverb\u00e4nde erm\u00f6glichen.<\/p>\n<p>Gleichzeitig ist eine angemessene p\u00e4dagogische Unterst\u00fctzung und Betreuung f\u00fcr die im Schulprojekt trainierenden Jugendlichen sicherzustellen, um m\u00f6glichen trainings- und wettkampfbedingten schulischen Leistungseinbu\u00dfen vorzubeugen bzw. diese auszugleichen.<\/p>\n<p><b>Schulsportzentren (SSZ)<br \/>\n<\/b>In einem Schulsportzentrum kooperieren die Grund- und Mittelstufenschulen Schulen und die Schule mit gymnasialer Oberstufe, an denen Talentaufbau-, Talentf\u00f6rder- bzw. Leistungsgruppen eingerichtet sind. Aus organisatorischen Gr\u00fcnden (r\u00e4umliche Entfernung, Ballungsgebiet) kann es erforderlich sein, Schulsportnebenzentren (SNZ) zu bilden. Diese Nebenzentren sind auch Bestandteil des Schulsportzentrums. Die Federf\u00fchrung liegt bei der &#8222;Partnerschule des Leistungssports&#8220;, einer weiterf\u00fchrenden Schule mit i.d.R. gymnasialer Oberstufe, an der das Leistungskursfach Sport angeboten wird.<\/p>\n<p><b>Bewerbung als Partnerschule des Leistungssports<br \/>\n<\/b>Neben der Koordination aller sportlichen F\u00f6rderma\u00dfnahmen des Schulsportzentrums (und ggf. der angeschlossenen Schulsportnebenzentren) besteht die Hauptaufgabe einer \u201ePartnerschule des Leistungssports\u201c darin, die p\u00e4dagogische Unterst\u00fctzung von Kindern und Jugendlichen, die eine qualifizierte schulische Ausbildung und leistungssportliches Training miteinander verbinden wollen, aktiv zu sichern.<\/p>\n<p>Im Schulprogramm dieser Schule m\u00fcssen p\u00e4dagogische Unterst\u00fctzungsma\u00dfnahmen f\u00fcr die leistungssportlich trainierenden Jugendlichen verankert sein. Unverzichtbar sind Einrichtung von Sportklassen, Tagesbetreuungsangebote und St\u00fctz- und Nachf\u00fchrunterricht.<\/p>\n<p>In Hessen hat das Hessische Kultusministerium z. Zt. folgenden 27 federf\u00fchrenden Schulen der Schulsportzentren das G\u00fctesiegel &#8222;Partnerschulen des Leistungssports&#8220; verliehen. Diese Schulen halten spezifische Angebote f\u00fcr besonders begabte Kinder und Jugendliche in Kooperation mit den hessischen Sportfachverb\u00e4nden vor.<\/p>\n<p>Auch die Kooperation mit dem TVG Gelnhausen ist zentral f\u00fcr diese angestrebte Entwicklung unserer Schule.<\/p>\n<p>N\u00e4here Informationen zu den einzelnen Sportarten bekommen Sie auf der Internetseite <a href=\"http:\/\/www.talentfoerderung-in-hessen.de\/index_2.htm\" target=\"_blank\" rel=\"noopener\">&#8222;Verein zur F\u00f6rderung sportlicher Talente in den hessischen Schulen e.V.&#8220;<\/a>.<\/p>\n","protected":false},"excerpt":{"rendered":"<p>Das Programm zur Talentsuche und Talentf\u00f6rderung, in dessen Mittelpunkt Kinder und Jugendliche stehen, die nach sportlichem Erfolg streben, soll f\u00fcr diese Talente g\u00fcnstige Voraussetzungen schaffen, den Einstieg in ein leistungsorientiertes Training verantwortbar zu gestalten. Die Umsetzung dieses F\u00f6rderkonzepts erfolgt durch die Einrichtung von Talentaufbaugruppen (TAG), Talentf\u00f6rdergruppen (TFG) und durch Angebote von Spezialtraining f\u00fcr Leistungsgruppen. Koordinations- [&hellip;]<\/p>\n","protected":false},"author":3,"featured_media":0,"parent":0,"menu_order":0,"comment_status":"closed","ping_status":"closed","template":"","meta":{"advgb_blocks_editor_width":"","advgb_blocks_columns_visual_guide":"","ngg_post_thumbnail":0,"footnotes":""},"class_list":["post-561","page","type-page","status-publish","hentry"],"coauthors":[],"author_meta":{"author_link":"https:\/\/grimmels.de\/wordpress\/author\/renate-wichert\/","display_name":"Renate Wichert"},"relative_dates":{"created":"Posted 12\u00a0Jahren ago","modified":"Updated 5\u00a0Jahren ago"},"absolute_dates":{"created":"Posted on 3. Juli 2014","modified":"Updated on 30. Dezember 2020"},"absolute_dates_time":{"created":"Posted on 3. Juli 2014 16:38","modified":"Updated on 30. Dezember 2020 11:41"},"featured_img_caption":"","featured_img":false,"series_order":"","_links":{"self":[{"href":"https:\/\/grimmels.de\/wordpress\/wp-json\/wp\/v2\/pages\/561","targetHints":{"allow":["GET"]}}],"collection":[{"href":"https:\/\/grimmels.de\/wordpress\/wp-json\/wp\/v2\/pages"}],"about":[{"href":"https:\/\/grimmels.de\/wordpress\/wp-json\/wp\/v2\/types\/page"}],"author":[{"embeddable":true,"href":"https:\/\/grimmels.de\/wordpress\/wp-json\/wp\/v2\/users\/3"}],"replies":[{"embeddable":true,"href":"https:\/\/grimmels.de\/wordpress\/wp-json\/wp\/v2\/comments?post=561"}],"version-history":[{"count":2,"href":"https:\/\/grimmels.de\/wordpress\/wp-json\/wp\/v2\/pages\/561\/revisions"}],"predecessor-version":[{"id":45779,"href":"https:\/\/grimmels.de\/wordpress\/wp-json\/wp\/v2\/pages\/561\/revisions\/45779"}],"wp:attachment":[{"href":"https:\/\/grimmels.de\/wordpress\/wp-json\/wp\/v2\/media?parent=561"}],"curies":[{"name":"wp","href":"https:\/\/api.w.org\/{rel}","templated":true}]}}