{"id":56484,"date":"2023-11-01T16:48:31","date_gmt":"2023-11-01T15:48:31","guid":{"rendered":"https:\/\/grimmels.de\/wordpress\/?page_id=56484"},"modified":"2023-11-01T16:57:06","modified_gmt":"2023-11-01T15:57:06","slug":"informationen-zur-gymnasialen-oberstufe-am-grimmels","status":"publish","type":"page","link":"https:\/\/grimmels.de\/wordpress\/informationen-zur-gymnasialen-oberstufe-am-grimmels\/","title":{"rendered":"Informationen zur gymnasialen Oberstufe am Grimmels"},"content":{"rendered":"\n<p><strong>Liebe Sch\u00fclerinnen und Sch\u00fcler der Jahrgangsstufe 10, <\/strong><br><strong>liebe Eltern,<\/strong><\/p>\n\n\n\n<p>nach der Jahrgangsstufe 10 steht f\u00fcr die meisten unserer Sch\u00fclerinnen und Sch\u00fcler die Weiterf\u00fchrung ihrer Schullaufbahn in der gymnasialen Oberstufe an.<\/p>\n\n\n\n<p>Aber auch Sch\u00fclerinnen und Sch\u00fcler anderer Schulen, die keine eigene Oberstufe haben, kommen zu Beginn der Einf\u00fchrungsphase zu uns.<\/p>\n\n\n\n<p>F\u00fcr alle entstehen vor dem Besuch der gymnasialen Oberstufe Fragen, z.B., wie die Oberstufe am Grimmels aufgebaut ist, welche Wahlm\u00f6glichkeiten es bei den Orientierungs- und Grundkursen gibt und wie sich die Schullaufbahn bis zum Abitur gestalten wird. <a href=\"https:\/\/grimmels.de\/wordpress\/wp-content\/uploads\/2023\/11\/Information_GO_10_2024-25.pdf\" target=\"_blank\" rel=\"noreferrer noopener\">(Informationsblatt gibt es hier)<\/a><\/p>\n\n\n\n<p>Wir bieten deswegen allen Sch\u00fclerinnen und Sch\u00fclern und auch den Eltern verschiedene M\u00f6glichkeiten an, um sich \u00fcber das Angebot am Grimmels zu informieren.<\/p>\n\n\n\n<p><strong>Am 25.11.2023 findet von 10 \u2013 13 Uhr unser Tag der offenen T\u00fcr am Grimmels statt, an dem es auch Informationen zur Oberstufe und Schulf\u00fchrungen f\u00fcr zuk\u00fcnftige Oberstufensch\u00fclerinnen und Oberstufensch\u00fcler gibt.<\/strong> <\/p>\n\n\n\n<p><strong>F\u00fcr die Sch\u00fclerinnen und Sch\u00fcler, die bereits die Unter- und Mittelstufe bei uns verbracht haben, <\/strong>wird es eine <strong>Informationsveranstaltung am 17.01.2024 in unserer Aula <\/strong>geben (10.1, 10.2 und 10.3 in der 3.\/4. Stunde; 10.4, 10.5 und 10.6 in der 5.\/6. Stunde).<\/p>\n\n\n\n<p><strong>F\u00fcr die Eltern wird ein Elternabend am 19.01.2024 angeboten<\/strong>, f\u00fcr die Eltern der Klassen 10.1, 10.2 und 10.3 um 18.30 Uhr, f\u00fcr die Eltern der 10.4, 10.5 und 10.6 um 20.00 Uhr. Der Elternabend findet in der Aula des Grimmelshausen-Gymnasiums statt.<\/p>\n\n\n\n<p>Zu diesem Elternabend k\u00f6nnen auch gerne Eltern dazukommen, deren Kinder momentan eine andere Schule besuchen und die sich f\u00fcr die Oberstufe des Grimmels interessieren.<\/p>\n\n\n\n<p>Des Weiteren findet f\u00fcr die Sch\u00fclerinnen und Sch\u00fcler unserer Schule eine Vorstellung der m\u00f6glichen Orientierungskurse am 16. und 19.02.2024 (jeweils 1. \u2013 6. Stunde) statt.<\/p>\n\n\n\n<p>F\u00fcr die Sch\u00fclerinnen und Sch\u00fcler anderer Schulen gibt es die M\u00f6glichkeit, an einem unserer Schnuppertage (19. und 22.02.2024) teilzunehmen. Beim Schnuppertag begleitet ihr Sch\u00fclerinnen und Sch\u00fcler des Grimmelshausen-Gymnasiums in ihren Unterricht und k\u00f6nnt euch so ein Bild von unserer Schule machen. Bitte meldet euch dazu bei uns an, damit wir wissen, wie viele Sch\u00fclerinnen und Sch\u00fcler uns besuchen m\u00f6chten. Das <a href=\"https:\/\/grimmels.de\/wordpress\/wp-content\/uploads\/2023\/11\/Anmeldung_Schnuppertag.pdf\" target=\"_blank\" rel=\"noreferrer noopener\">Anmeldeformular<\/a> findet ihr ebenfalls auch der Homepage des Grimmels (grimmels.de).<\/p>\n\n\n\n<p>Einen <a href=\"https:\/\/grimmels.de\/wordpress\/wp-content\/uploads\/2023\/11\/Aufnahmeantrag-GO_Neu.pdf\" target=\"_blank\" rel=\"noreferrer noopener\">Aufnahmeantrag f\u00fcr das Grimmels finden Sie hier.<\/a><\/p>\n","protected":false},"excerpt":{"rendered":"<p>Liebe Sch\u00fclerinnen und Sch\u00fcler der Jahrgangsstufe 10, liebe Eltern, nach der Jahrgangsstufe 10 steht f\u00fcr die meisten unserer Sch\u00fclerinnen und Sch\u00fcler die Weiterf\u00fchrung ihrer Schullaufbahn in der gymnasialen Oberstufe an. Aber auch Sch\u00fclerinnen und Sch\u00fcler anderer Schulen, die keine eigene Oberstufe haben, kommen zu Beginn der Einf\u00fchrungsphase zu uns. F\u00fcr alle entstehen vor dem Besuch [&hellip;]<\/p>\n","protected":false},"author":1,"featured_media":0,"parent":0,"menu_order":0,"comment_status":"closed","ping_status":"closed","template":"","meta":{"advgb_blocks_editor_width":"","advgb_blocks_columns_visual_guide":"","ngg_post_thumbnail":0,"footnotes":""},"class_list":["post-56484","page","type-page","status-publish","hentry"],"coauthors":[],"author_meta":{"author_link":"https:\/\/grimmels.de\/wordpress\/author\/webmaster\/","display_name":"webmaster"},"relative_dates":{"created":"Posted 2\u00a0Jahren ago","modified":"Updated 2\u00a0Jahren ago"},"absolute_dates":{"created":"Posted on 1. November 2023","modified":"Updated on 1. November 2023"},"absolute_dates_time":{"created":"Posted on 1. November 2023 16:48","modified":"Updated on 1. November 2023 16:57"},"featured_img_caption":"","featured_img":false,"series_order":"","_links":{"self":[{"href":"https:\/\/grimmels.de\/wordpress\/wp-json\/wp\/v2\/pages\/56484","targetHints":{"allow":["GET"]}}],"collection":[{"href":"https:\/\/grimmels.de\/wordpress\/wp-json\/wp\/v2\/pages"}],"about":[{"href":"https:\/\/grimmels.de\/wordpress\/wp-json\/wp\/v2\/types\/page"}],"author":[{"embeddable":true,"href":"https:\/\/grimmels.de\/wordpress\/wp-json\/wp\/v2\/users\/1"}],"replies":[{"embeddable":true,"href":"https:\/\/grimmels.de\/wordpress\/wp-json\/wp\/v2\/comments?post=56484"}],"version-history":[{"count":2,"href":"https:\/\/grimmels.de\/wordpress\/wp-json\/wp\/v2\/pages\/56484\/revisions"}],"predecessor-version":[{"id":56491,"href":"https:\/\/grimmels.de\/wordpress\/wp-json\/wp\/v2\/pages\/56484\/revisions\/56491"}],"wp:attachment":[{"href":"https:\/\/grimmels.de\/wordpress\/wp-json\/wp\/v2\/media?parent=56484"}],"curies":[{"name":"wp","href":"https:\/\/api.w.org\/{rel}","templated":true}]}}