{"id":571,"date":"2014-07-03T16:40:04","date_gmt":"2014-07-03T14:40:04","guid":{"rendered":"?page_id=571"},"modified":"2026-03-04T00:06:09","modified_gmt":"2026-03-03T23:06:09","slug":"download","status":"publish","type":"page","link":"https:\/\/grimmels.de\/wordpress\/download\/","title":{"rendered":"Downloadbereich"},"content":{"rendered":"\t\t<div data-elementor-type=\"wp-page\" data-elementor-id=\"571\" class=\"elementor elementor-571\" data-elementor-post-type=\"page\">\n\t\t\t\t<div class=\"elementor-element elementor-element-b2e6eca e-flex e-con-boxed e-con e-parent\" data-id=\"b2e6eca\" data-element_type=\"container\">\n\t\t\t\t\t<div class=\"e-con-inner\">\n\t\t\t\t<div class=\"elementor-element elementor-element-df7d933 elementor-widget elementor-widget-heading\" data-id=\"df7d933\" data-element_type=\"widget\" data-widget_type=\"heading.default\">\n\t\t\t\t<div class=\"elementor-widget-container\">\n\t\t\t\t\t<h2 class=\"elementor-heading-title elementor-size-default\">DOWNLOADS<\/h2>\t\t\t\t<\/div>\n\t\t\t\t<\/div>\n\t\t\t\t\t<\/div>\n\t\t\t\t<\/div>\n\t\t<div class=\"elementor-element elementor-element-b075181 e-flex e-con-boxed e-con e-parent\" data-id=\"b075181\" data-element_type=\"container\">\n\t\t\t\t\t<div class=\"e-con-inner\">\n\t\t\t\t<div class=\"elementor-element elementor-element-2f06d46 e-n-tabs-mobile elementor-widget elementor-widget-n-tabs\" data-id=\"2f06d46\" data-element_type=\"widget\" data-settings=\"{&quot;tabs_justify_horizontal&quot;:&quot;center&quot;,&quot;horizontal_scroll&quot;:&quot;disable&quot;}\" data-widget_type=\"nested-tabs.default\">\n\t\t\t\t<div class=\"elementor-widget-container\">\n\t\t\t\t\t\t\t<div class=\"e-n-tabs\" data-widget-number=\"49311046\" aria-label=\"Tabs. Open items with Enter or Space, close with Escape and navigate using the Arrow keys.\">\n\t\t\t<div class=\"e-n-tabs-heading\" role=\"tablist\">\n\t\t\t\t\t<button id=\"e-n-tab-title-493110461\" class=\"e-n-tab-title\" aria-selected=\"true\" data-tab-index=\"1\" role=\"tab\" tabindex=\"0\" aria-controls=\"e-n-tab-content-493110461\" style=\"--n-tabs-title-order: 1;\">\n\t\t\t\t\t\t<span class=\"e-n-tab-title-text\">\n\t\t\t\tInformationen f\u00fcr die Schulgemeinde\t\t\t<\/span>\n\t\t<\/button>\n\t\t\t\t<button id=\"e-n-tab-title-493110462\" class=\"e-n-tab-title\" aria-selected=\"false\" data-tab-index=\"2\" role=\"tab\" tabindex=\"-1\" aria-controls=\"e-n-tab-content-493110462\" style=\"--n-tabs-title-order: 2;\">\n\t\t\t\t\t\t<span class=\"e-n-tab-title-text\">\n\t\t\t\tInterne Formulare zur Organisation\t\t\t<\/span>\n\t\t<\/button>\n\t\t\t\t<button id=\"e-n-tab-title-493110463\" class=\"e-n-tab-title\" aria-selected=\"false\" data-tab-index=\"3\" role=\"tab\" tabindex=\"-1\" aria-controls=\"e-n-tab-content-493110463\" style=\"--n-tabs-title-order: 3;\">\n\t\t\t\t\t\t<span class=\"e-n-tab-title-text\">\n\t\t\t\tBerufsorientierung\t\t\t<\/span>\n\t\t<\/button>\n\t\t\t\t<button id=\"e-n-tab-title-493110464\" class=\"e-n-tab-title\" aria-selected=\"false\" data-tab-index=\"4\" role=\"tab\" tabindex=\"-1\" aria-controls=\"e-n-tab-content-493110464\" style=\"--n-tabs-title-order: 4;\">\n\t\t\t\t\t\t<span class=\"e-n-tab-title-text\">\n\t\t\t\tBetriebspraktikum\t\t\t<\/span>\n\t\t<\/button>\n\t\t\t\t<button id=\"e-n-tab-title-493110465\" class=\"e-n-tab-title\" aria-selected=\"false\" data-tab-index=\"5\" role=\"tab\" tabindex=\"-1\" aria-controls=\"e-n-tab-content-493110465\" style=\"--n-tabs-title-order: 5;\">\n\t\t\t\t\t\t<span class=\"e-n-tab-title-text\">\n\t\t\t\tInformationsmaterial\t\t\t<\/span>\n\t\t<\/button>\n\t\t\t\t<button id=\"e-n-tab-title-493110466\" class=\"e-n-tab-title\" aria-selected=\"false\" data-tab-index=\"6\" role=\"tab\" tabindex=\"-1\" aria-controls=\"e-n-tab-content-493110466\" style=\"--n-tabs-title-order: 6;\">\n\t\t\t\t\t\t<span class=\"e-n-tab-title-text\">\n\t\t\t\tProjektwoche\t\t\t<\/span>\n\t\t<\/button>\n\t\t\t\t\t<\/div>\n\t\t\t<div class=\"e-n-tabs-content\">\n\t\t\t\t<div id=\"e-n-tab-content-493110461\" role=\"tabpanel\" aria-labelledby=\"e-n-tab-title-493110461\" data-tab-index=\"1\" style=\"--n-tabs-title-order: 1;\" class=\"e-active elementor-element elementor-element-4d45584 e-con-full e-flex e-con e-child\" data-id=\"4d45584\" data-element_type=\"container\">\n\t\t<div class=\"elementor-element elementor-element-284776b e-flex e-con-boxed e-con e-child\" data-id=\"284776b\" data-element_type=\"container\">\n\t\t\t\t\t<div class=\"e-con-inner\">\n\t\t<div class=\"elementor-element elementor-element-f30ee74 e-con-full e-flex e-con e-child\" data-id=\"f30ee74\" data-element_type=\"container\" data-settings=\"{&quot;background_background&quot;:&quot;classic&quot;}\">\n\t\t\t\t<div class=\"elementor-element elementor-element-11c34ad elementor-widget elementor-widget-text-editor\" data-id=\"11c34ad\" data-element_type=\"widget\" data-widget_type=\"text-editor.default\">\n\t\t\t\t<div class=\"elementor-widget-container\">\n\t\t\t\t\t\t\t\t\t<ul><li><a href=\"https:\/\/grimmels.de\/wordpress\/wp-content\/uploads\/2025\/11\/TOP_3-5_Digitale_Endgeraete.pdf\">Konzept zur Nutzung digitaler Endger\u00e4te<\/a><\/li><li><a href=\"https:\/\/grimmels.de\/wordpress\/wp-content\/uploads\/2025\/11\/TOP_3-2_Kommunikationskonzept_Grimmels_Stand_04.11.2025.pdf\">Kommunikationskonzept<\/a><\/li><li><a href=\"https:\/\/grimmels.de\/wordpress\/wp-content\/uploads\/2023\/08\/Fehlzeiten_Beurlaubungen_Oberstufe.pdf\">Fehlzeiten und Beurlaubungen in der gymnasialen Oberstufe<\/a><\/li><li><a href=\"https:\/\/grimmels.de\/wordpress\/wp-content\/uploads\/2025\/11\/TOP_3-1_Hausordnung-Grimmels_Stand-04.11.2025.pdf\" target=\"_blank\" rel=\"noopener\">Hausordnung<\/a><\/li><li><a href=\"https:\/\/grimmels.de\/wordpress\/wp-content\/uploads\/2023\/09\/InformationenInfektionsschutz.pdf\" target=\"_blank\" rel=\"noopener\">Information zum Infektionsschutzgesetz<\/a><\/li><li><a href=\"https:\/\/grimmels.de\/wordpress\/wp-content\/uploads\/2023\/09\/DatenschutzhinweiseLUSD.pdf\" target=\"_blank\" rel=\"noopener\">Datenschutzhinweise im Zusammenhang mit der Lehrer- und Sch\u00fclerdatenbank LUSD<\/a><\/li><li><a href=\"http:\/\/grimmels.de\/wordpress\/wp-content\/uploads\/static\/DSAllgemein.pdf\" target=\"_blank\" rel=\"noopener\">Information \u00fcber die Verarbeitung und Ver\u00f6ffentlichung personenbezogener Daten_Fotos_Videos<\/a><\/li><li><a href=\"https:\/\/grimmels.de\/wordpress\/wp-content\/uploads\/2023\/09\/Datenschutz_und_Nutzungsordnung_Eltern_SuS.pdf\" target=\"_blank\" rel=\"noopener\">Informationen zur Verarbeitung personenbezogener Daten mit Hilfe von Microsoft Office365 und Nutzungsordnung Office365<\/a><\/li><li><a href=\"https:\/\/grimmels.de\/wordpress\/wp-content\/uploads\/2025\/08\/Elternbrief-E_Genehmigungen-und-Kenntnisnahme.pdf\">Oberstufe Genehmigung und Kenntnisnahme<\/a><\/li><li><a href=\"https:\/\/grimmels.de\/wordpress\/wp-content\/uploads\/2025\/08\/Merkblatt-Unterrichtsversaeumnisse-2025-26.pdf\">Merkblatt Unterrichtsvers\u00e4umnisse und Freistellungen<\/a><\/li><\/ul>\t\t\t\t\t\t\t\t<\/div>\n\t\t\t\t<\/div>\n\t\t\t\t<\/div>\n\t\t\t\t\t<\/div>\n\t\t\t\t<\/div>\n\t\t\t\t<\/div>\n\t\t<div id=\"e-n-tab-content-493110462\" role=\"tabpanel\" aria-labelledby=\"e-n-tab-title-493110462\" data-tab-index=\"2\" style=\"--n-tabs-title-order: 2;\" class=\" elementor-element elementor-element-e453a27 e-con-full e-flex e-con e-child\" data-id=\"e453a27\" data-element_type=\"container\">\n\t\t<div class=\"elementor-element elementor-element-ac14212 e-con-full e-flex e-con e-child\" data-id=\"ac14212\" data-element_type=\"container\" data-settings=\"{&quot;background_background&quot;:&quot;classic&quot;}\">\n\t\t\t\t<div class=\"elementor-element elementor-element-4a7f9d8 elementor-widget elementor-widget-text-editor\" data-id=\"4a7f9d8\" data-element_type=\"widget\" data-widget_type=\"text-editor.default\">\n\t\t\t\t<div class=\"elementor-widget-container\">\n\t\t\t\t\t\t\t\t\t<ul>\n<li>Anmelden einer Veranstaltung (<a href=\"https:\/\/grimmels.de\/wordpress\/wp-content\/uploads\/static\/Anmeldung-einer-Veranstaltung.pdf\" target=\"_blank\" rel=\"noopener noreferrer\">Anmeldung einer Veranstaltung<\/a>)<\/li>\n<li>Anmeldung einer Konferenz oder eines Fachtags (<a href=\"https:\/\/grimmels.de\/wordpress\/wp-content\/uploads\/static\/Anmeldung-Fachkonferenz.pdf\" target=\"_blank\" rel=\"noopener noreferrer\">Anmeldung Fachkonferenz<\/a>)<\/li>\n<li>Formular zur Anmeldung eines Unterrichtsbesuchs (<a href=\"https:\/\/grimmels.de\/wordpress\/wp-content\/uploads\/static\/Anmeldung-UB-2.pdf\" target=\"_blank\" rel=\"noopener noreferrer\">Anmeldung UB<\/a>)<\/li>\n<li>Antrag auf Dienst- oder Unterrichtsbefreiung (<a href=\"https:\/\/grimmels.de\/wordpress\/wp-content\/uploads\/static\/Dienst-Unterrichtsbefreiung.pdf\" target=\"_blank\" rel=\"noopener noreferrer\">Dienst-\/Unterrichtsbefreiung<\/a>)<\/li>\n<li>Formular zur Vorbereitung von Vertretungsunterricht (<a href=\"https:\/\/grimmels.de\/wordpress\/wp-content\/uploads\/static\/Vertretungsunterricht.pdf\" target=\"_blank\" rel=\"noopener noreferrer\">Vertretungsunterricht<\/a>)<\/li>\n<\/ul>\t\t\t\t\t\t\t\t<\/div>\n\t\t\t\t<\/div>\n\t\t\t\t<\/div>\n\t\t\t\t<\/div>\n\t\t<div id=\"e-n-tab-content-493110463\" role=\"tabpanel\" aria-labelledby=\"e-n-tab-title-493110463\" data-tab-index=\"3\" style=\"--n-tabs-title-order: 3;\" class=\" elementor-element elementor-element-93cdbce e-con-full e-flex e-con e-child\" data-id=\"93cdbce\" data-element_type=\"container\">\n\t\t<div class=\"elementor-element elementor-element-d7ee9aa e-con-full e-flex e-con e-child\" data-id=\"d7ee9aa\" data-element_type=\"container\" data-settings=\"{&quot;background_background&quot;:&quot;classic&quot;}\">\n\t\t\t\t<div class=\"elementor-element elementor-element-2a3fba1 elementor-widget elementor-widget-text-editor\" data-id=\"2a3fba1\" data-element_type=\"widget\" data-widget_type=\"text-editor.default\">\n\t\t\t\t<div class=\"elementor-widget-container\">\n\t\t\t\t\t\t\t\t\t<ul>\n<li>Agentur f\u00fcr Arbeit: <a href=\"https:\/\/grimmels.de\/wordpress\/wp-content\/uploads\/static\/Anm_BB_Sek_II.pdf\" target=\"_blank\" rel=\"noopener noreferrer\">Anmeldung (Sekundarstufe II):Beratung Studien- und Berufswahl, Vermittlung in Ausbildung und \/ oder duales Studium<\/a><\/li>\n<\/ul>\t\t\t\t\t\t\t\t<\/div>\n\t\t\t\t<\/div>\n\t\t\t\t<\/div>\n\t\t\t\t<\/div>\n\t\t<div id=\"e-n-tab-content-493110464\" role=\"tabpanel\" aria-labelledby=\"e-n-tab-title-493110464\" data-tab-index=\"4\" style=\"--n-tabs-title-order: 4;\" class=\" elementor-element elementor-element-64a15de e-flex e-con-boxed e-con e-child\" data-id=\"64a15de\" data-element_type=\"container\">\n\t\t\t\t\t<div class=\"e-con-inner\">\n\t\t<div class=\"elementor-element elementor-element-b0c96bf e-con-full e-flex e-con e-child\" data-id=\"b0c96bf\" data-element_type=\"container\" data-settings=\"{&quot;background_background&quot;:&quot;classic&quot;}\">\n\t\t\t\t<div class=\"elementor-element elementor-element-9b5886d elementor-widget elementor-widget-text-editor\" data-id=\"9b5886d\" data-element_type=\"widget\" data-widget_type=\"text-editor.default\">\n\t\t\t\t<div class=\"elementor-widget-container\">\n\t\t\t\t\t\t\t\t\t<div><p><strong>Allgemeine Informationen<\/strong><\/p><ul><li><a href=\"https:\/\/grimmels.de\/wordpress\/wp-content\/uploads\/praktikum\/FlyerBetriebspraktikum-HinweiseSchueler.pdf\" target=\"_blank\" rel=\"noopener noreferrer\">Flyer des Landes Hessen zum Sch\u00fclerbetriebspraktikum &#8211; Hinweise f\u00fcr Sch\u00fclerinnen und Sch\u00fcler<\/a><\/li><li><a href=\"https:\/\/grimmels.de\/wordpress\/wp-content\/uploads\/praktikum\/FlyerBetriebspraktikum-HinweiseUnternehmen.pdf\" target=\"_blank\" rel=\"noopener noreferrer\">Flyer des Landes Hessen zum Betriebspraktikum &#8211; Hinweise f\u00fcr Eltern, Schulen und Unternehmen<\/a><\/li><li><a href=\"https:\/\/grimmels.de\/wordpress\/wp-content\/uploads\/praktikum\/FlyerArbeitsschutz.pdf\" target=\"_blank\" rel=\"noopener noreferrer\">Flyer des Landes Hessen zum Kinder- und Jugendarbeitsschutz<\/a><\/li><li><a href=\"https:\/\/grimmels.de\/wordpress\/wp-content\/uploads\/praktikum\/FlyerInfektion.pdf\" target=\"_blank\" rel=\"noopener noreferrer\">Flyer des Landes Hessen- Information zur Infektionsgef\u00e4hrdung bei Kurzpraktika in der vorschulischen Kinderbetreuung<\/a><\/li><li><a href=\"https:\/\/grimmels.de\/wordpress\/wp-content\/uploads\/praktikum\/Durchfuehrung.pdf\" target=\"_blank\" rel=\"noopener noreferrer\">Durchf\u00fchrungshinweise zum Sch\u00fclerbetriebspraktikum<\/a><\/li><\/ul><p>\u00a0<\/p><p><em><strong>Erstes Praktikum &#8211; Klasse 9 &#8211; Schuljahr 2026\/27<\/strong><\/em><\/p><ul><li>Die <a href=\"https:\/\/grimmels.de\/wordpress\/wp-content\/uploads\/2025\/09\/Bestaetigung-des-Betriebs_2026_27_9.-Klasse.pdf\">Best\u00e4tigung des Praktikumsplatzes<\/a> durch den Betrieb<\/li><li>Die <a href=\"https:\/\/grimmels.de\/wordpress\/wp-content\/uploads\/2024\/09\/Datenschutzerklaerung-2.pdf\">Datenschutzerkl\u00e4rung<\/a><\/li><li>Die Beauftragung der <a href=\"https:\/\/grimmels.de\/wordpress\/wp-content\/uploads\/2024\/09\/Beauftragung-eines-Betreuers-im-Betrieb-2.pdf\">Praktikumsbetreuer<\/a><\/li><\/ul><p>\u00a0<\/p><p><strong><em>Erstes Praktikum \u2013 Klasse 9 \u2013 Schuljahr 2025\/26<\/em><\/strong><\/p><ul><li>Die <a href=\"https:\/\/grimmels.de\/wordpress\/wp-content\/uploads\/2024\/09\/Bestaetigung-des-Betriebs_2025_26_9.-Klasse.pdf\" target=\"_blank\" rel=\"noopener noreferrer\">Best\u00e4tigung des Praktikumsplatzes<\/a> durch den Betrieb<\/li><li>Die <a href=\"https:\/\/grimmels.de\/wordpress\/wp-content\/uploads\/2024\/09\/Datenschutzerklaerung.pdf\" target=\"_blank\" rel=\"noopener noreferrer\">Datenschutzerkl\u00e4rung<\/a><\/li><li>Die <a href=\"https:\/\/grimmels.de\/wordpress\/wp-content\/uploads\/2024\/09\/Beauftragung-eines-Betreuers-im-Betrieb.pdf\" target=\"_blank\" rel=\"noopener noreferrer\">Beauftragung der Praktikumsbetreuer<\/a><\/li><li>Das <a href=\"https:\/\/grimmels.de\/wordpress\/wp-content\/uploads\/praktikum\/Durchf\u00fchrungshinweise9-23.pdf\" target=\"_blank\" rel=\"noopener noreferrer\">Merkblatt<\/a> zum Praktikum im 9. Schuljahr<\/li><\/ul><\/div><div><p>\u00a0<\/p><p><em><strong>Zweites Praktikum &#8211; Einf\u00fchrungsphase &#8211; Schuljahr 2026\/27<\/strong><\/em><\/p><ul><li>Die <a href=\"https:\/\/grimmels.de\/wordpress\/wp-content\/uploads\/2025\/09\/Bestaetigung-des-Betriebs_2026_27_E-Phase.pdf\">Best\u00e4tigung des Praktikumsplatzes<\/a> durch den Betrieb<\/li><li>Die <a href=\"https:\/\/grimmels.de\/wordpress\/wp-content\/uploads\/2024\/09\/Datenschutzerklaerung-3.pdf\">Datenschutzerkl\u00e4rung<\/a><\/li><li>Die <a href=\"https:\/\/grimmels.de\/wordpress\/wp-content\/uploads\/2024\/09\/Beauftragung-eines-Betreuers-im-Betrieb-3.pdf\">Beauftragung der Praktikumsbetreuer<\/a><\/li><\/ul><p>\u00a0<\/p><p><em><strong>Zweites Praktikum &#8211; Einf\u00fchrungsphase &#8211; Schuljahr 2025\/26<br \/><\/strong><\/em><\/p><ul><li>Das <a href=\"https:\/\/grimmels.de\/wordpress\/wp-content\/uploads\/praktikum\/E4-MerkblattPraktikum.pdf\" target=\"_blank\" rel=\"noopener noreferrer\">Merkblatt<\/a> zum Praktikum der Einf\u00fchrungsphase<\/li><li>Die <a href=\"https:\/\/grimmels.de\/wordpress\/wp-content\/uploads\/2024\/09\/Bestaetigung-des-Betriebs_E-Phase_25_26.pdf\" target=\"_blank\" rel=\"noopener noreferrer\">Best\u00e4tigung des Praktikumsplatzes<\/a> durch den Betrieb<\/li><li>Die <a href=\"https:\/\/grimmels.de\/wordpress\/wp-content\/uploads\/2024\/09\/Datenschutzerklaerung-1.pdf\" target=\"_blank\" rel=\"noopener noreferrer\">Datenschutzerkl\u00e4rung<\/a><\/li><li>Die <a href=\"https:\/\/grimmels.de\/wordpress\/wp-content\/uploads\/2024\/09\/Beauftragung-eines-Betreuers-im-Betrieb-1.pdf\" target=\"_blank\" rel=\"noopener noreferrer\">Beauftragung der Praktikumsbetreuer<\/a><\/li><\/ul><\/div>\t\t\t\t\t\t\t\t<\/div>\n\t\t\t\t<\/div>\n\t\t\t\t<\/div>\n\t\t\t\t\t<\/div>\n\t\t\t\t<\/div>\n\t\t<div id=\"e-n-tab-content-493110465\" role=\"tabpanel\" aria-labelledby=\"e-n-tab-title-493110465\" data-tab-index=\"5\" style=\"--n-tabs-title-order: 5;\" class=\" elementor-element elementor-element-407d65e e-flex e-con-boxed e-con e-child\" data-id=\"407d65e\" data-element_type=\"container\">\n\t\t\t\t\t<div class=\"e-con-inner\">\n\t\t<div class=\"elementor-element elementor-element-3edfc04 e-con-full e-flex e-con e-child\" data-id=\"3edfc04\" data-element_type=\"container\" data-settings=\"{&quot;background_background&quot;:&quot;classic&quot;}\">\n\t\t\t\t<div class=\"elementor-element elementor-element-62008e2 elementor-widget elementor-widget-text-editor\" data-id=\"62008e2\" data-element_type=\"widget\" data-widget_type=\"text-editor.default\">\n\t\t\t\t<div class=\"elementor-widget-container\">\n\t\t\t\t\t\t\t\t\t<ul><li>Informationsbrosch\u00fcre des Kultusministeriums &#8222;<a href=\"https:\/\/kultusministerium.hessen.de\/sites\/default\/files\/media\/hkm\/abitur_in_hessen.pdf\" target=\"_blank\" rel=\"noopener noreferrer\">Abitur in Hessen<\/a>&#8222;<\/li><li>Vorlage zur <a href=\"https:\/\/grimmels.de\/wordpress\/wp-content\/uploads\/static\/Abiberechnung.pdf\" target=\"_blank\" rel=\"noopener noreferrer\">Berechnung der Abiturnote<\/a> (Gesamtqualifikation)<\/li><li><a href=\"https:\/\/grimmels.de\/wordpress\/wp-content\/uploads\/static\/info_ephase.pdf\" target=\"_blank\" rel=\"noopener noreferrer\">Information der Schulleitung \u00fcber die Einf\u00fchrungsphase<\/a><\/li><li><a href=\"https:\/\/grimmels.de\/wordpress\/wp-content\/uploads\/static\/Info_Bestimmungen_OAVO_Q.pdf\">Informationen der Schulleitung \u00fcber die Qualifikationsphase<\/a><\/li><li><a href=\"https:\/\/grimmels.de\/wordpress\/oberstufe-2\/\" target=\"_blank\" rel=\"noopener noreferrer\">Flyer des GGG zur gymnasialen Oberstufe<\/a><\/li><li><a href=\"https:\/\/grimmels.de\/wordpress\/wp-content\/uploads\/2022\/12\/Flyer_GGG_Jahrgangsstufe_5_2022.pdf\" target=\"_blank\" rel=\"noopener noreferrer\">Flyer des GGG zur Jahrgangsstufe 5<\/a><\/li><li><a href=\"https:\/\/grimmels.de\/wordpress\/wp-content\/uploads\/2026\/03\/WU-26-27.pdf\">Pr\u00e4sentation Wahlunterricht (Klasse 9) ab Schuljahr 26\/27<\/a><\/li><li><a href=\"https:\/\/grimmels.de\/wordpress\/wp-content\/uploads\/2025\/08\/Klausuren-in-der-Gymnasialen-Oberstufe-am-GGG-2025-26.pdf\">Klausuren in der Oberstufe<\/a><\/li><\/ul>\t\t\t\t\t\t\t\t<\/div>\n\t\t\t\t<\/div>\n\t\t\t\t<\/div>\n\t\t\t\t\t<\/div>\n\t\t\t\t<\/div>\n\t\t<div id=\"e-n-tab-content-493110466\" role=\"tabpanel\" aria-labelledby=\"e-n-tab-title-493110466\" data-tab-index=\"6\" style=\"--n-tabs-title-order: 6;\" class=\" elementor-element elementor-element-53ed9c4 e-flex e-con-boxed e-con e-child\" data-id=\"53ed9c4\" data-element_type=\"container\">\n\t\t\t\t\t<div class=\"e-con-inner\">\n\t\t<div class=\"elementor-element elementor-element-49103ac e-con-full e-flex e-con e-child\" data-id=\"49103ac\" data-element_type=\"container\" data-settings=\"{&quot;background_background&quot;:&quot;classic&quot;}\">\n\t\t\t\t<div class=\"elementor-element elementor-element-c339d2b elementor-widget elementor-widget-text-editor\" data-id=\"c339d2b\" data-element_type=\"widget\" data-widget_type=\"text-editor.default\">\n\t\t\t\t<div class=\"elementor-widget-container\">\n\t\t\t\t\t\t\t\t\t<ul><li><a href=\"https:\/\/grimmels.de\/wordpress\/wp-content\/uploads\/2025\/12\/Anschreiben-Projektwoche-der-Nachhaltigkeit.pdf\">Anschreiben Projektwoche der Nachhaltigkeit<\/a><\/li><li><a href=\"https:\/\/grimmels.de\/wordpress\/wp-content\/uploads\/2025\/12\/Anmeldeformular-Projektwoche.docx\">Anmeldeformular Projektwoche<\/a><\/li><\/ul>\t\t\t\t\t\t\t\t<\/div>\n\t\t\t\t<\/div>\n\t\t\t\t<\/div>\n\t\t\t\t\t<\/div>\n\t\t\t\t<\/div>\n\t\t\t\t\t<\/div>\n\t\t<\/div>\n\t\t\t\t\t\t<\/div>\n\t\t\t\t<\/div>\n\t\t\t\t\t<\/div>\n\t\t\t\t<\/div>\n\t\t\t\t<\/div>\n\t\t","protected":false},"excerpt":{"rendered":"<p>DOWNLOADS Informationen f\u00fcr die Schulgemeinde Interne Formulare zur Organisation Berufsorientierung Betriebspraktikum Informationsmaterial Projektwoche Konzept zur Nutzung digitaler Endger\u00e4te Kommunikationskonzept Fehlzeiten und Beurlaubungen in der gymnasialen Oberstufe Hausordnung Information zum Infektionsschutzgesetz Datenschutzhinweise im Zusammenhang mit der Lehrer- und Sch\u00fclerdatenbank LUSD Information \u00fcber die Verarbeitung und Ver\u00f6ffentlichung personenbezogener Daten_Fotos_Videos Informationen zur Verarbeitung personenbezogener Daten mit Hilfe von [&hellip;]<\/p>\n","protected":false},"author":1,"featured_media":0,"parent":0,"menu_order":0,"comment_status":"closed","ping_status":"closed","template":"","meta":{"advgb_blocks_editor_width":"","advgb_blocks_columns_visual_guide":"","ngg_post_thumbnail":0,"footnotes":""},"class_list":["post-571","page","type-page","status-publish","hentry"],"coauthors":[],"author_meta":{"author_link":"https:\/\/grimmels.de\/wordpress\/author\/webmaster\/","display_name":"webmaster"},"relative_dates":{"created":"Posted 12\u00a0Jahren ago","modified":"Updated 1\u00a0Monat ago"},"absolute_dates":{"created":"Posted on 3. Juli 2014","modified":"Updated on 4. M\u00e4rz 2026"},"absolute_dates_time":{"created":"Posted on 3. Juli 2014 16:40","modified":"Updated on 4. M\u00e4rz 2026 0:06"},"featured_img_caption":"","featured_img":false,"series_order":"","_links":{"self":[{"href":"https:\/\/grimmels.de\/wordpress\/wp-json\/wp\/v2\/pages\/571","targetHints":{"allow":["GET"]}}],"collection":[{"href":"https:\/\/grimmels.de\/wordpress\/wp-json\/wp\/v2\/pages"}],"about":[{"href":"https:\/\/grimmels.de\/wordpress\/wp-json\/wp\/v2\/types\/page"}],"author":[{"embeddable":true,"href":"https:\/\/grimmels.de\/wordpress\/wp-json\/wp\/v2\/users\/1"}],"replies":[{"embeddable":true,"href":"https:\/\/grimmels.de\/wordpress\/wp-json\/wp\/v2\/comments?post=571"}],"version-history":[{"count":130,"href":"https:\/\/grimmels.de\/wordpress\/wp-json\/wp\/v2\/pages\/571\/revisions"}],"predecessor-version":[{"id":69540,"href":"https:\/\/grimmels.de\/wordpress\/wp-json\/wp\/v2\/pages\/571\/revisions\/69540"}],"wp:attachment":[{"href":"https:\/\/grimmels.de\/wordpress\/wp-json\/wp\/v2\/media?parent=571"}],"curies":[{"name":"wp","href":"https:\/\/api.w.org\/{rel}","templated":true}]}}