{"id":57399,"date":"2024-02-20T16:24:11","date_gmt":"2024-02-20T15:24:11","guid":{"rendered":"https:\/\/grimmels.de\/wordpress\/?page_id=57399"},"modified":"2024-02-20T16:31:43","modified_gmt":"2024-02-20T15:31:43","slug":"musikklasse","status":"publish","type":"page","link":"https:\/\/grimmels.de\/wordpress\/musikklasse\/","title":{"rendered":"Musikklasse"},"content":{"rendered":"\n<h3 class=\"wp-block-heading\">NEU AM GRIMMELS!<br>DIE GESANGSKLASSE \u2013 ab dem SJ 24\/25<\/h3>\n\n\n\n<figure class=\"wp-block-gallery alignleft has-nested-images columns-1 is-cropped wp-block-gallery-1 is-layout-flex wp-block-gallery-is-layout-flex\">\n<figure class=\"wp-block-image size-large\"><a href=\"https:\/\/grimmels.de\/wordpress\/wp-content\/uploads\/2024\/02\/muklappt2.jpg\"><img fetchpriority=\"high\" decoding=\"async\" width=\"1024\" height=\"768\" data-id=\"57402\" src=\"https:\/\/grimmels.de\/wordpress\/wp-content\/uploads\/2024\/02\/muklappt2-1024x768.jpg\" alt=\"\" class=\"wp-image-57402\" srcset=\"https:\/\/grimmels.de\/wordpress\/wp-content\/uploads\/2024\/02\/muklappt2-1024x768.jpg 1024w, https:\/\/grimmels.de\/wordpress\/wp-content\/uploads\/2024\/02\/muklappt2-300x225.jpg 300w, https:\/\/grimmels.de\/wordpress\/wp-content\/uploads\/2024\/02\/muklappt2-150x113.jpg 150w, https:\/\/grimmels.de\/wordpress\/wp-content\/uploads\/2024\/02\/muklappt2-768x576.jpg 768w, https:\/\/grimmels.de\/wordpress\/wp-content\/uploads\/2024\/02\/muklappt2-1536x1152.jpg 1536w, https:\/\/grimmels.de\/wordpress\/wp-content\/uploads\/2024\/02\/muklappt2.jpg 1600w\" sizes=\"(max-width: 1024px) 100vw, 1024px\" \/><\/a><\/figure>\n\n\n\n<figure class=\"wp-block-image size-large\"><a href=\"https:\/\/grimmels.de\/wordpress\/wp-content\/uploads\/2024\/02\/muklappt3.jpg\"><img decoding=\"async\" width=\"1024\" height=\"768\" data-id=\"57401\" src=\"https:\/\/grimmels.de\/wordpress\/wp-content\/uploads\/2024\/02\/muklappt3-1024x768.jpg\" alt=\"\" class=\"wp-image-57401\" srcset=\"https:\/\/grimmels.de\/wordpress\/wp-content\/uploads\/2024\/02\/muklappt3-1024x768.jpg 1024w, https:\/\/grimmels.de\/wordpress\/wp-content\/uploads\/2024\/02\/muklappt3-300x225.jpg 300w, https:\/\/grimmels.de\/wordpress\/wp-content\/uploads\/2024\/02\/muklappt3-150x113.jpg 150w, https:\/\/grimmels.de\/wordpress\/wp-content\/uploads\/2024\/02\/muklappt3-768x576.jpg 768w, https:\/\/grimmels.de\/wordpress\/wp-content\/uploads\/2024\/02\/muklappt3-1536x1152.jpg 1536w, https:\/\/grimmels.de\/wordpress\/wp-content\/uploads\/2024\/02\/muklappt3.jpg 1600w\" sizes=\"(max-width: 1024px) 100vw, 1024px\" \/><\/a><\/figure>\n\n\n\n<figure class=\"wp-block-image size-large\"><a href=\"https:\/\/grimmels.de\/wordpress\/wp-content\/uploads\/2024\/02\/muklappt4.jpg\"><img decoding=\"async\" width=\"1024\" height=\"768\" data-id=\"57400\" src=\"https:\/\/grimmels.de\/wordpress\/wp-content\/uploads\/2024\/02\/muklappt4-1024x768.jpg\" alt=\"\" class=\"wp-image-57400\" srcset=\"https:\/\/grimmels.de\/wordpress\/wp-content\/uploads\/2024\/02\/muklappt4-1024x768.jpg 1024w, https:\/\/grimmels.de\/wordpress\/wp-content\/uploads\/2024\/02\/muklappt4-300x225.jpg 300w, https:\/\/grimmels.de\/wordpress\/wp-content\/uploads\/2024\/02\/muklappt4-150x113.jpg 150w, https:\/\/grimmels.de\/wordpress\/wp-content\/uploads\/2024\/02\/muklappt4-768x576.jpg 768w, https:\/\/grimmels.de\/wordpress\/wp-content\/uploads\/2024\/02\/muklappt4-1536x1152.jpg 1536w, https:\/\/grimmels.de\/wordpress\/wp-content\/uploads\/2024\/02\/muklappt4.jpg 1600w\" sizes=\"(max-width: 1024px) 100vw, 1024px\" \/><\/a><\/figure>\n\n\n\n<figure class=\"wp-block-image size-large\"><a href=\"https:\/\/grimmels.de\/wordpress\/wp-content\/uploads\/2024\/02\/muklappt1.jpg\"><img loading=\"lazy\" decoding=\"async\" width=\"1024\" height=\"768\" data-id=\"57403\" src=\"https:\/\/grimmels.de\/wordpress\/wp-content\/uploads\/2024\/02\/muklappt1-1024x768.jpg\" alt=\"\" class=\"wp-image-57403\" srcset=\"https:\/\/grimmels.de\/wordpress\/wp-content\/uploads\/2024\/02\/muklappt1-1024x768.jpg 1024w, https:\/\/grimmels.de\/wordpress\/wp-content\/uploads\/2024\/02\/muklappt1-300x225.jpg 300w, https:\/\/grimmels.de\/wordpress\/wp-content\/uploads\/2024\/02\/muklappt1-150x113.jpg 150w, https:\/\/grimmels.de\/wordpress\/wp-content\/uploads\/2024\/02\/muklappt1-768x576.jpg 768w, https:\/\/grimmels.de\/wordpress\/wp-content\/uploads\/2024\/02\/muklappt1-1536x1152.jpg 1536w, https:\/\/grimmels.de\/wordpress\/wp-content\/uploads\/2024\/02\/muklappt1.jpg 1600w\" sizes=\"(max-width: 1024px) 100vw, 1024px\" \/><\/a><\/figure>\n<\/figure>\n\n\n\n<p>Liebe Sch\u00fclerinnen und Sch\u00fcler der Jahrgangsstufe 4,<\/p>\n\n\n\n<p>wir freuen uns Euch mitteilen zu k\u00f6nnen, dass das Grimmels ab dem Schuljahr 2024\/25 eine Musikklasse mit dem Themenschwerpunkt Gesang in der Jahrgangsstufe 5&amp;6 einrichten wird. Vorausgesetzt ist nat\u00fcrlich, dass es hierf\u00fcr gen\u00fcgend Anmeldungen zur Gesangsklasse gibt. Um Euch, liebe Sch\u00fclerinnen und Sch\u00fcler, davon \u00fcberzeugen zu k\u00f6nnen, dass die Gesangsklasse f\u00fcr euch eine super Wahl sein kann, haben wir hier die wichtigsten Informationen \u00fcbersichtlich zusammengestellt. Nat\u00fcrlich gibt es auch einige Information, die f\u00fcr eure Eltern interessant und wichtig sind. Es ist also sinnvoll, wenn ihr mit euren Eltern die nachfolgenden Informationen lest und dann gemeinsam entscheidet, ob ihr euch verbindlich f\u00fcr die Gesangsklasse anmelden wollt (das hoffen wir doch).<\/p>\n\n\n\n<p><strong>Zielsetzung \u2013 Oder: Warum richten wir in der Jahrgangsstufe 5 &amp; 6 eine Musikklasse mit Schwerpunkt Gesang ein?<\/strong><\/p>\n\n\n\n<p>Musik machen ist etwas unfassbar Sch\u00f6nes! Besonders, wenn man sie mit seinen Mitsch\u00fclerinnen und Mitsch\u00fclern in der Klasse erleben kann. Und das Instrument, welches wir alle immer bei uns haben, ist unsere Stimme! Die F\u00e4higkeiten der eigenen Stimme zu entdecken und zu formen ist f\u00fcr jede S\u00e4ngerin und jeden S\u00e4nger eine ganz eigene und besondere Erfahrung. Aber eins haben alle Menschen gemeinsam: Jeder Mensch, der eine Stimme hat, kann auch singen! Und wir, die Lehrerinnen und Lehrer der Fachschaft Musik, zeigen euch, wie das geht! Au\u00dferdem zeigen wir euch auch, dass das gemeinsame Singen unglaublich viel Spa\u00df macht und euch dabei hilft, eine starke Klassengemeinschaft zu bilden!<\/p>\n\n\n\n<p><strong>Welche Vorteile bietet mir die Gesangsklasse im Vergleich zum regul\u00e4ren Musikunterricht? <\/strong><\/p>\n\n\n\n<p>Neben den oben genannten Vorteilen, bietet euch die Gesangsklasse viele weitere Vorteile! Bei der Entwicklung eurer Singstimme achten wir auch auf einen sicheren Stand und eine gute, gesunde Atmung. So k\u00f6nnt ihr euch z.B. besser mit eurer Stimme in einer Gruppe durchzusetzen oder bei Pr\u00e4sentationen deutlicher sprechen und besser mit eurer Aufregung zurechtkommen. Ihr werdet auch deutliche Verbesserungen beim H\u00f6ren von Musik feststellen, da ihr von uns darin geschult werdet Musik differenzierter, also genauer, zu h\u00f6ren. Ebenso st\u00e4rkt das Singen bei Auff\u00fchrungen und Konzerten euer Selbstbewusstsein. Und wer selbstbewusst durch\u2019s Leben l\u00e4uft, kann sich immer auf sich verlassen. Auch die Inhalte im Fach Musik werden durch das Musikmachen besser und vor allem leichter verstanden. Zudem schafft das Singen einen wichtigen Ausgleich zu dem regul\u00e4ren Unterrichtsalltag.<\/p>\n\n\n\n<p><strong>Wie ist der Unterricht in der Gesangsklasse aufgebaut?<\/strong><\/p>\n\n\n\n<p>Ihr habt jede Woche insgesamt zwei Stunden Musikunterricht am Vormittag, plus eins bis zwei Stunden Stimmbildung am Nachmittag (je nach Gruppeneinteilung).<br>Der Schwerpunkt am Vormittag liegt auf dem Singen und dem Erlernen der Solmisation nach dem langj\u00e4hrig erprobten Gesangsklassenkonzept nach Bolender\/M\u00fcller. Dies bildet einerseits die Singstimme aus, bereitet andererseits eine sichere Basis f\u00fcr das Verst\u00e4ndnis von Musiktheorie und komplexeren (umfassenden) musikalischen Strukturen. In jedem Halbjahr gibt es einen thematischen Schwerpunkt im Bereich Gesang, welcher um die Inhaltsfelder des Hessischen Kerncurriculums erweitert wird.<br>Im Nachmittagsunterricht wird eure Singf\u00e4higkeit individuell gef\u00f6rdert und trainiert. Daher wird die Klasse im Stimmbildungsunterricht in kleine Gruppen aufgeteilt.<br>Ihr lernt also euer musikalisches Potenzial voll auszusch\u00f6pfen und \u00fcber das saubere einstimmige Singen bis zur \u00fcberzeugenden Mehrstimmigkeit hochwertig mit eurer Stimme zu musizieren.<\/p>\n\n\n\n<p><strong>Welche Voraussetzungen muss ich f\u00fcr die Gesangsklasse mitbringen?<\/strong><\/p>\n\n\n\n<p>Da jede Sch\u00fclerin und jeder Sch\u00fcler singen lernen kann, ist die Antwort darauf recht leicht: Ihr solltet vor allem Spa\u00df an der Besch\u00e4ftigung mit Musik haben und gerne Singen bzw. das \u201erichtige\u201c Singen erlernen wollen. Wenn ihr z.B. bereits ein Instrument spielt, ist dies nat\u00fcrlich eine super Sache, \u00fcber die wir Musiklehrerinnen und Musiklehrer uns sehr freuen, aber es ist keine Bedingung, um an einer Gesangsklasse teilzunehmen!<\/p>\n\n\n\n<p><strong>Was muss ich bei der Schulanmeldung beachten, wenn ich in die Gesangsklasse m\u00f6chte?<\/strong><\/p>\n\n\n\n<p>Wenn man in die Gesangsklasse m\u00f6chte, ist es <strong>sehr wichtig,<\/strong> dass die Wahl der Gesangsklasse die oberste Priorit\u00e4t auf dem Schulanmeldeformular des Grimmels hat! Denn nur so k\u00f6nnen wir euch auch sicher zur Gesangsklasse zuweisen. Der \u201eFreundeswunsch\u201c muss also eine untergeordnete Rolle spielen. Wobei es ja auch ein Weg sein kann, dass sich die Freundin\/der Freund ebenfalls zur Gesangsklasse anmeldet\u2026<\/p>\n\n\n\n<p><strong>Werde ich mit der Gesangsklasse auch auf der B\u00fchne stehen? <\/strong><\/p>\n\n\n<div class=\"wp-block-image\">\n<figure class=\"alignleft size-full is-resized\"><a href=\"https:\/\/grimmels.de\/wordpress\/wp-content\/uploads\/2024\/02\/musikklasse02.jpg\"><img loading=\"lazy\" decoding=\"async\" src=\"https:\/\/grimmels.de\/wordpress\/wp-content\/uploads\/2024\/02\/musikklasse02.jpg\" alt=\"\" class=\"wp-image-57406\" width=\"320\" height=\"228\" srcset=\"https:\/\/grimmels.de\/wordpress\/wp-content\/uploads\/2024\/02\/musikklasse02.jpg 640w, https:\/\/grimmels.de\/wordpress\/wp-content\/uploads\/2024\/02\/musikklasse02-300x214.jpg 300w, https:\/\/grimmels.de\/wordpress\/wp-content\/uploads\/2024\/02\/musikklasse02-150x107.jpg 150w\" sizes=\"(max-width: 320px) 100vw, 320px\" \/><\/a><\/figure>\n<\/div>\n\n\n<p>Aber selbstverst\u00e4ndlich werden wir mit Euch auf die B\u00fchne gehen! Und es ist ein einmaliges, tolles Gef\u00fchl f\u00fcr seine Leistung bejubelt zu werden! Nat\u00fcrlich erst, wenn ihr euch daf\u00fcr als Klasse bereit f\u00fchlt! Euch erwarten gro\u00dfartige Konzerte in der Schule, wie z.B. das Sommerkonzert der Fachschaft Musik oder das gro\u00dfe Adventskonzert in der Marienkirche in Gelnhausen. Dar\u00fcber hinaus nehmen wir mit dem Grimmels an dem einmaligen und gigantischen Live-Konzert \u201e6k-United!\u201c teil. Hier werdet ihr also gemeinsam mit rund 6000 singende Sch\u00fclerinnen und Sch\u00fcler anderer Schulen und einer Profi-Rock-Band in der SAP-Arena in Mannheim ein Konzert geben! Eine unvergessliche Live-Show mit zahlreichen Spezialeffekten.<\/p>\n\n\n\n<p><strong>Ist die Teilnahme an der Gesangsklasse mit Kosten verbunden?<\/strong><\/p>\n\n\n\n<p>Wir, die Fachschaft Musik, sind bem\u00fcht, die Kosten f\u00fcr die Eltern so gering wie m\u00f6glich zu halten. Nach dem aktuellen Planungsstand fallen einmalig 13\u20ac f\u00fcr das Unterrichtsmaterial an und ein halbj\u00e4hriger Unkostenbeitrag von ca. 60\u20ac pro Sch\u00fcler\/-in. Dieser Betrag dient zur Finanzierung einer professionellen Gesangslehrkraft, die euch am Nachmittag in der Stimmbildung unterrichtet.<\/p>\n\n\n\n<p>Sicherlich gibt es noch Fragen, die wir hier nicht oder nicht umfassend genug beantwortet haben. Solltet ihr weitere Fragen haben, scheut euch also nicht, eine Mail zu schreiben an: <a href=\"mailto:thomas.reutzel@grimmels.de\">thomas.reutzel@grimmels.de<\/a><\/p>\n\n\n\n<p>Wir hoffen, dass ihr euch f\u00fcr das Grimmels und vor allem f\u00fcr die Gesangsklasse entscheidet und wir euch bald begr\u00fc\u00dfen d\u00fcrfen!<\/p>\n\n\n\n<p>Herzliche Gr\u00fc\u00dfe<\/p>\n\n\n\n<p>Die Fachschaft Musik<\/p>\n","protected":false},"excerpt":{"rendered":"<p>NEU AM GRIMMELS!DIE GESANGSKLASSE \u2013 ab dem SJ 24\/25 Liebe Sch\u00fclerinnen und Sch\u00fcler der Jahrgangsstufe 4, wir freuen uns Euch mitteilen zu k\u00f6nnen, dass das Grimmels ab dem Schuljahr 2024\/25 eine Musikklasse mit dem Themenschwerpunkt Gesang in der Jahrgangsstufe 5&amp;6 einrichten wird. Vorausgesetzt ist nat\u00fcrlich, dass es hierf\u00fcr gen\u00fcgend Anmeldungen zur Gesangsklasse gibt. Um Euch, [&hellip;]<\/p>\n","protected":false},"author":1,"featured_media":0,"parent":0,"menu_order":0,"comment_status":"closed","ping_status":"closed","template":"","meta":{"advgb_blocks_editor_width":"","advgb_blocks_columns_visual_guide":"","ngg_post_thumbnail":0,"footnotes":""},"class_list":["post-57399","page","type-page","status-publish","hentry"],"coauthors":[],"author_meta":{"author_link":"https:\/\/grimmels.de\/wordpress\/author\/webmaster\/","display_name":"webmaster"},"relative_dates":{"created":"Posted 2\u00a0Jahren ago","modified":"Updated 2\u00a0Jahren ago"},"absolute_dates":{"created":"Posted on 20. Februar 2024","modified":"Updated on 20. Februar 2024"},"absolute_dates_time":{"created":"Posted on 20. Februar 2024 16:24","modified":"Updated on 20. Februar 2024 16:31"},"featured_img_caption":"","featured_img":false,"series_order":"","_links":{"self":[{"href":"https:\/\/grimmels.de\/wordpress\/wp-json\/wp\/v2\/pages\/57399","targetHints":{"allow":["GET"]}}],"collection":[{"href":"https:\/\/grimmels.de\/wordpress\/wp-json\/wp\/v2\/pages"}],"about":[{"href":"https:\/\/grimmels.de\/wordpress\/wp-json\/wp\/v2\/types\/page"}],"author":[{"embeddable":true,"href":"https:\/\/grimmels.de\/wordpress\/wp-json\/wp\/v2\/users\/1"}],"replies":[{"embeddable":true,"href":"https:\/\/grimmels.de\/wordpress\/wp-json\/wp\/v2\/comments?post=57399"}],"version-history":[{"count":4,"href":"https:\/\/grimmels.de\/wordpress\/wp-json\/wp\/v2\/pages\/57399\/revisions"}],"predecessor-version":[{"id":57410,"href":"https:\/\/grimmels.de\/wordpress\/wp-json\/wp\/v2\/pages\/57399\/revisions\/57410"}],"wp:attachment":[{"href":"https:\/\/grimmels.de\/wordpress\/wp-json\/wp\/v2\/media?parent=57399"}],"curies":[{"name":"wp","href":"https:\/\/api.w.org\/{rel}","templated":true}]}}