{"id":58052,"date":"2024-07-31T09:59:03","date_gmt":"2024-07-31T07:59:03","guid":{"rendered":"https:\/\/grimmels.de\/wordpress\/?page_id=58052"},"modified":"2026-02-12T15:55:48","modified_gmt":"2026-02-12T14:55:48","slug":"mint-podcast","status":"publish","type":"page","link":"https:\/\/grimmels.de\/wordpress\/mint-freundliche-schule\/mint-podcast\/","title":{"rendered":"MINT-Podcast"},"content":{"rendered":"\t\t<div data-elementor-type=\"wp-page\" data-elementor-id=\"58052\" class=\"elementor elementor-58052\" data-elementor-post-type=\"page\">\n\t\t\t\t<div class=\"elementor-element elementor-element-4f817992 e-con-full e-flex e-con e-parent\" data-id=\"4f817992\" data-element_type=\"container\" data-settings=\"{&quot;background_background&quot;:&quot;slideshow&quot;,&quot;background_slideshow_gallery&quot;:[{&quot;id&quot;:58588,&quot;url&quot;:&quot;https:\\\/\\\/grimmels.de\\\/wordpress\\\/wp-content\\\/uploads\\\/2024\\\/08\\\/Podcast_Logo.png&quot;}],&quot;background_slideshow_loop&quot;:&quot;yes&quot;,&quot;background_slideshow_slide_duration&quot;:5000,&quot;background_slideshow_slide_transition&quot;:&quot;fade&quot;,&quot;background_slideshow_transition_duration&quot;:500}\">\n\t\t\t\t<div class=\"elementor-element elementor-element-4c28e2c2 elementor-widget elementor-widget-heading\" data-id=\"4c28e2c2\" data-element_type=\"widget\" data-widget_type=\"heading.default\">\n\t\t\t\t<div class=\"elementor-widget-container\">\n\t\t\t\t\t<h2 class=\"elementor-heading-title elementor-size-default\">CHRISTOFFEL CAST<\/h2>\t\t\t\t<\/div>\n\t\t\t\t<\/div>\n\t\t\t\t<\/div>\n\t\t<div class=\"elementor-element elementor-element-07fa7e1 e-con-full e-flex e-con e-parent\" data-id=\"07fa7e1\" data-element_type=\"container\">\n\t\t\t\t<div class=\"elementor-element elementor-element-56e1ec9 elementor-widget elementor-widget-heading\" data-id=\"56e1ec9\" data-element_type=\"widget\" data-widget_type=\"heading.default\">\n\t\t\t\t<div class=\"elementor-widget-container\">\n\t\t\t\t\t<h2 class=\"elementor-heading-title elementor-size-default\">Ein Podcast der MINT-F\u00e4cher des Grimmelshausen-Gymnasiums<\/h2>\t\t\t\t<\/div>\n\t\t\t\t<\/div>\n\t\t\t\t<\/div>\n\t\t<div class=\"elementor-element elementor-element-fc79234 e-con-full e-flex e-con e-parent\" data-id=\"fc79234\" data-element_type=\"container\">\n\t\t\t\t<div class=\"elementor-element elementor-element-b93a1ef elementor-widget elementor-widget-button\" data-id=\"b93a1ef\" data-element_type=\"widget\" data-widget_type=\"button.default\">\n\t\t\t\t<div class=\"elementor-widget-container\">\n\t\t\t\t\t\t\t\t\t<div class=\"elementor-button-wrapper\">\n\t\t\t\t\t<a class=\"elementor-button elementor-button-link elementor-size-sm\" href=\"https:\/\/grimmels.de\/wordpress\/christoffel-cast-mint-podcast-mit-neuen-folgen\/\">\n\t\t\t\t\t\t<span class=\"elementor-button-content-wrapper\">\n\t\t\t\t\t\t\t\t\t<span class=\"elementor-button-text\">Zum aktuellen Bericht<\/span>\n\t\t\t\t\t<\/span>\n\t\t\t\t\t<\/a>\n\t\t\t\t<\/div>\n\t\t\t\t\t\t\t\t<\/div>\n\t\t\t\t<\/div>\n\t\t\t\t<div class=\"elementor-element elementor-element-24f0afd elementor-widget elementor-widget-button\" data-id=\"24f0afd\" data-element_type=\"widget\" data-widget_type=\"button.default\">\n\t\t\t\t<div class=\"elementor-widget-container\">\n\t\t\t\t\t\t\t\t\t<div class=\"elementor-button-wrapper\">\n\t\t\t\t\t<a class=\"elementor-button elementor-button-link elementor-size-sm\" href=\"https:\/\/grimmels.de\/wordpress\/wp-content\/uploads\/2026\/02\/Podcast-Projekt-Info-Schreiben-12.02.26.pdf\">\n\t\t\t\t\t\t<span class=\"elementor-button-content-wrapper\">\n\t\t\t\t\t\t\t\t\t<span class=\"elementor-button-text\">Podcast-Projekt 3.0<\/span>\n\t\t\t\t\t<\/span>\n\t\t\t\t\t<\/a>\n\t\t\t\t<\/div>\n\t\t\t\t\t\t\t\t<\/div>\n\t\t\t\t<\/div>\n\t\t\t\t<div class=\"elementor-element elementor-element-69f7d79 elementor-widget elementor-widget-button\" data-id=\"69f7d79\" data-element_type=\"widget\" data-widget_type=\"button.default\">\n\t\t\t\t<div class=\"elementor-widget-container\">\n\t\t\t\t\t\t\t\t\t<div class=\"elementor-button-wrapper\">\n\t\t\t\t\t<a class=\"elementor-button elementor-button-link elementor-size-sm\" href=\"https:\/\/grimmels.de\/wordpress\/wp-content\/uploads\/2026\/02\/Flyer-Podcast-Projekt-2026.pdf\">\n\t\t\t\t\t\t<span class=\"elementor-button-content-wrapper\">\n\t\t\t\t\t\t\t\t\t<span class=\"elementor-button-text\">Flyer zum Projekt<\/span>\n\t\t\t\t\t<\/span>\n\t\t\t\t\t<\/a>\n\t\t\t\t<\/div>\n\t\t\t\t\t\t\t\t<\/div>\n\t\t\t\t<\/div>\n\t\t\t\t<\/div>\n\t\t<div class=\"elementor-element elementor-element-6a4ddceb e-con-full e-flex e-con e-parent\" data-id=\"6a4ddceb\" data-element_type=\"container\">\n\t\t\t\t<div class=\"elementor-element elementor-element-6a0032de elementor-widget elementor-widget-text-editor\" data-id=\"6a0032de\" data-element_type=\"widget\" data-widget_type=\"text-editor.default\">\n\t\t\t\t<div class=\"elementor-widget-container\">\n\t\t\t\t\t\t\t\t\t\n<p>Die F\u00e4higkeit zur Aufbereitung und Pr\u00e4sentation naturwissenschaftlicher Sachverhalte, wie sie zum Beispiel durch Podcasts erfolgen kann, stellt als <strong>kommunikative Schl\u00fcsselkompetenz<\/strong> eine M\u00f6glichkeit zur aktiven Teilnahme an gesellschaftlichen Diskursen dar. Im digitalen Zeitalter erreichen Podcasts eine breite H\u00f6rerschaft, sodass thematisch vielf\u00e4ltige Formate entstehen k\u00f6nnen, die zugleich \u00fcber das individuell gesprochene Wort sehr pers\u00f6nlich wirken. Als reines Audioformat sind Podcasts fast \u00fcberall konsumierbar, m\u00fcssen aber v\u00f6llig ohne visuelle Hilfsmittel auskommen.<\/p>\n\n<p>Im Planungsprozess der Projekte im Bereich der \u201eMINT-F\u00e4cher\u201c ist die Idee entstanden, eben dieses Format zur neuartigen Wissensvermittlung zu nutzen und ein Podcast-Projekt zu Themen aus dem MINT-Bereich (Mathematik, Informatik, Naturwissenschaften und Technik) f\u00fcr die Sch\u00fclerschaft des Grimmelshausen-Gymnasiums anzubieten.<\/p>\n\n<p>In einem <strong>vierstufigen Podcast-Workshop<\/strong>, der von <strong>Dr. Sebastian Lotzkat<\/strong> geleitet und von Franziska W\u00f6ll organisatorisch begleitet wurde, konnten sich die Sch\u00fclerinnen und Sch\u00fcler auf das Abenteuer <strong><em>&#8222;Christoffel Cast &#8211; der Podcast des Grimmelshausen-Gymnasiums Gelnhausen&#8220;<\/em><\/strong> einlassen. Dr. Sebastian Lotzkat ist dabei kein Unbekannter. Als Senckenberger Biologe, Science Slammer und Wissenschaftskommunikator hat er zuletzt im Jahr 2021 ein Science-Slam-Projekt an unserer Schule durchgef\u00fchrt und bereits durch mehrere Science-Slam-Auftritte begeistert.\u00a0<\/p>\n\n<p>Am Donnerstag, 18.04.2024, begann das Podcast-Projekt mit einem dreist\u00fcndigen <strong>Workshop<\/strong>, bei dem die Sch\u00fclerinnen und Sch\u00fcler mehr \u00fcber das Format eines Podcasts erfuhren, sich in Zweier- oder Dreiergruppen zusammenfanden und Tipps zur Themenauswahl aus dem MINT-Bereich bekommen konnten. Ebenso nahmen sie an diversen Sprechtrainings teil, die offensichtlich Spa\u00df machten. Sp\u00e4testens zwei Wochen sp\u00e4ter mussten die Teilnehmerinnen und Teilnehmer dann auch schon ihr Skript liefern. Dieses wurde von Herrn Lotzkat gesichtet, sodass auch schon kurze Zeit darauf das individuelle Feedback f\u00fcr jede Gruppe erfolgte und so die M\u00f6glichkeit geschaffen wurde, die Skripte an der ein oder anderen Stelle noch zu \u00fcberarbeiten. Jedoch war dies nur bedingt n\u00f6tig, da die Teilnehmerinnen und Teilnehmer sehr selbstst\u00e4ndig die Themen gefunden hatten und bereits im ersten Anlauf zum Teil herausragende Ergebnisse lieferten. Dabei sei erw\u00e4hnt, dass sie das Skript in kompletter Eigenregie konzipierten und sich daf\u00fcr in ihrer Freizeit mehrmals getroffen haben. Das breite Spektrum der Themen bildet eine besondere Vielfalt an Highlights aus den MINT-F\u00e4chern ab:<\/p>\n\n<ul class=\"wp-block-list\">\n<li>\u201eDie Geheimnisse des Jaguars\u201c von Marie Luise Kinast (5.1), Kimi Stella Lindt (5.6), Luna Chenfei Zhou (5.1)<\/li>\n\n<li>\u201eBionische Robotik\u201c von David Freund (5.1) und Johanna Eva Monika Miesner (7.4)<\/li>\n\n<li>\u201eMikroplastik \u2013 die beinahe unsichtbare Gefahr\u201c von Afsha Noor Qazi (10.2), Flora Eckrich (10.2), Nelly Butzki (10.2)<\/li>\n\n<li>\u201eSind Zeitreisen m\u00f6glich?\u201c von Luke Wolf (Q2D1) und Max R\u00fcmmele (E2PH1)<\/li>\n\n<li>\u201eFrauen der Wissenschaft\u201c von Lara Kaufmann (Q2G1) und Leny Feuerstein (Q2G1)<\/li>\n<\/ul>\n\n<p>Beim <strong>Aufnahme-Training<\/strong> am 06.06.24, das Herr Lotzkat ebenfalls leitete, sorgte er durch die am\u00fcsanten Sprechtrainings f\u00fcr eine entspannte Atmosph\u00e4re, war doch der ein oder andere etwas aufgeregt. Nach gemeinsamer Analyse der eigenen Podcast-Aufnahmen konnten gemeinsam konkrete Verbesserungsvorschl\u00e4ge hinsichtlich der sprachlichen Pr\u00e4sentation und stimmlichen Ausdrucksf\u00e4higkeit erarbeitet werden. Diese konkreten Verbesserungsvorschl\u00e4ge konnten anschlie\u00dfend an kurzen Passagen erprobt und in einem zweiten Probedurchlauf direkt umgesetzt und angewendet werden.\u00a0<\/p>\n\n<p>Am Donnerstag, 11.06.24, war es dann so weit: Die <strong>finale Aufnahme<\/strong> der Podcasts zu MINT-Themen stand an.\u00a0Auch an diesem Tag konnten die Ausstattung sowie die R\u00e4umlichkeiten des Medienzentrums des Main-Kinzig-Kreises genutzt werden, deren Mitarbeitern an dieser Stelle f\u00fcr den technischen Support, auch beim Schnitt der einzelnen Dateien, ein herzliches Dankesch\u00f6n gilt.\u00a0Danke auch an Herrn Lotzkat, der es versteht, Sch\u00fclerinnen und Sch\u00fcler f\u00fcr neuartige Formate zu begeistern und sie auf dem Weg dorthin auf einzigartige Weise zu f\u00f6rdern und zu unterst\u00fctzen \u2013 nat\u00fcrlich mit der entsprechenden Brise Humor. \u201cMir hat am meisten gefallen, dass Herr Lotzkat das N\u00fctzliche so spa\u00dfig r\u00fcbergebracht hat,\u201d so ein Teilnehmer des Projekts. &#8222;Ich finde die Tipps f\u00fcr das deutliche Sprechen sehr toll und hilfreich. Au\u00dferdem habe ich sehr viel \u00fcber das Podcast machen und aufnehmen gelernt. Mir hat das Projekt sehr viel Spa\u00df gemacht,\u201c kommentiert eine Teilnehmerin.<\/p>\n\n<p>Ein GANZ gro\u00dfes DANKESCH\u00d6N gilt aber besonders unseren Teilnehmerinnen und Teilnehmern, die \u00fcber den Unterricht in der Schuljahresendphase hinaus alles gegeben haben und durch ihr Engagement den ersten Schritt zum Christoffel-Cast geebnet haben. \ud83d\ude09<\/p>\n\n<p>Also dann, viel Spa\u00df beim Reinh\u00f6ren!<\/p>\n\n<p>Franziska W\u00f6ll (MINT-Koordinatorin)<\/p>\n\n<p class=\"wp-container-content-69bc4bdf\">\u00a0<\/p>\n\n<div class=\"wp-block-group\">\n<figure class=\"wp-block-audio\"><\/figure>\n<\/div>\n<!-- \/wp:group -->\t\t\t\t\t\t\t\t<\/div>\n\t\t\t\t<\/div>\n\t\t\t\t<\/div>\n\t\t<div class=\"elementor-element elementor-element-3284530 e-con-full e-flex e-con e-parent\" data-id=\"3284530\" data-element_type=\"container\">\n\t\t<div class=\"elementor-element elementor-element-d178a04 e-con-full e-flex e-con e-child\" data-id=\"d178a04\" data-element_type=\"container\">\n\t\t\t\t<div class=\"elementor-element elementor-element-5d4cdbc elementor-widget elementor-widget-heading\" data-id=\"5d4cdbc\" data-element_type=\"widget\" data-widget_type=\"heading.default\">\n\t\t\t\t<div class=\"elementor-widget-container\">\n\t\t\t\t\t<h2 class=\"elementor-heading-title elementor-size-default\">Nachhaltigkeit-Podcasts Schuljahr 24\/25<\/h2>\t\t\t\t<\/div>\n\t\t\t\t<\/div>\n\t\t\t\t<div class=\"elementor-element elementor-element-51756ef elementor-widget elementor-widget-wp-widget-media_audio\" data-id=\"51756ef\" data-element_type=\"widget\" data-widget_type=\"wp-widget-media_audio.default\">\n\t\t\t\t<div class=\"elementor-widget-container\">\n\t\t\t\t\t<h5>Welthunger<\/h5><audio class=\"wp-audio-shortcode\" id=\"audio-58052-1\" preload=\"none\" style=\"width: 100%;\" controls=\"controls\"><source type=\"audio\/mpeg\" src=\"https:\/\/grimmels.de\/wordpress\/wp-content\/uploads\/2025\/10\/Christoffelcast_2025_Welthunger.mp3?_=1\" \/><source type=\"audio\/mpeg\" src=\"https:\/\/grimmels.de\/wordpress\/wp-content\/uploads\/2025\/10\/Christoffelcast_2025_Welthunger.mp3?_=1\" \/><a href=\"https:\/\/grimmels.de\/wordpress\/wp-content\/uploads\/2025\/10\/Christoffelcast_2025_Welthunger.mp3\">https:\/\/grimmels.de\/wordpress\/wp-content\/uploads\/2025\/10\/Christoffelcast_2025_Welthunger.mp3<\/a><\/audio>\t\t\t\t<\/div>\n\t\t\t\t<\/div>\n\t\t\t\t<div class=\"elementor-element elementor-element-2588984 elementor-widget elementor-widget-wp-widget-media_audio\" data-id=\"2588984\" data-element_type=\"widget\" data-widget_type=\"wp-widget-media_audio.default\">\n\t\t\t\t<div class=\"elementor-widget-container\">\n\t\t\t\t\t<h5>Tiefsee<\/h5><audio class=\"wp-audio-shortcode\" id=\"audio-58052-2\" preload=\"none\" style=\"width: 100%;\" controls=\"controls\"><source type=\"audio\/mpeg\" src=\"https:\/\/grimmels.de\/wordpress\/wp-content\/uploads\/2025\/10\/Christoffelcast_2025_Tiefsee.mp3?_=2\" \/><source type=\"audio\/mpeg\" src=\"https:\/\/grimmels.de\/wordpress\/wp-content\/uploads\/2025\/10\/Christoffelcast_2025_Tiefsee.mp3?_=2\" \/><a href=\"https:\/\/grimmels.de\/wordpress\/wp-content\/uploads\/2025\/10\/Christoffelcast_2025_Tiefsee.mp3\">https:\/\/grimmels.de\/wordpress\/wp-content\/uploads\/2025\/10\/Christoffelcast_2025_Tiefsee.mp3<\/a><\/audio>\t\t\t\t<\/div>\n\t\t\t\t<\/div>\n\t\t\t\t<div class=\"elementor-element elementor-element-e84ef58 elementor-widget elementor-widget-wp-widget-media_audio\" data-id=\"e84ef58\" data-element_type=\"widget\" data-widget_type=\"wp-widget-media_audio.default\">\n\t\t\t\t<div class=\"elementor-widget-container\">\n\t\t\t\t\t<h5>Quantencomputer<\/h5><audio class=\"wp-audio-shortcode\" id=\"audio-58052-3\" preload=\"none\" style=\"width: 100%;\" controls=\"controls\"><source type=\"audio\/mpeg\" src=\"https:\/\/grimmels.de\/wordpress\/wp-content\/uploads\/2025\/10\/Christoffelcast_2025_Quantencomputer.mp3?_=3\" \/><source type=\"audio\/mpeg\" src=\"https:\/\/grimmels.de\/wordpress\/wp-content\/uploads\/2025\/10\/Christoffelcast_2025_Quantencomputer.mp3?_=3\" \/><a href=\"https:\/\/grimmels.de\/wordpress\/wp-content\/uploads\/2025\/10\/Christoffelcast_2025_Quantencomputer.mp3\">https:\/\/grimmels.de\/wordpress\/wp-content\/uploads\/2025\/10\/Christoffelcast_2025_Quantencomputer.mp3<\/a><\/audio>\t\t\t\t<\/div>\n\t\t\t\t<\/div>\n\t\t\t\t<div class=\"elementor-element elementor-element-7a4ccb0 elementor-widget elementor-widget-wp-widget-media_audio\" data-id=\"7a4ccb0\" data-element_type=\"widget\" data-widget_type=\"wp-widget-media_audio.default\">\n\t\t\t\t<div class=\"elementor-widget-container\">\n\t\t\t\t\t<h5>Mikroplastik<\/h5><audio class=\"wp-audio-shortcode\" id=\"audio-58052-4\" preload=\"none\" style=\"width: 100%;\" controls=\"controls\"><source type=\"audio\/mpeg\" src=\"https:\/\/grimmels.de\/wordpress\/wp-content\/uploads\/2025\/10\/Christoffelcast_2025_Mikroplastik.mp3?_=4\" \/><source type=\"audio\/mpeg\" src=\"https:\/\/grimmels.de\/wordpress\/wp-content\/uploads\/2025\/10\/Christoffelcast_2025_Mikroplastik.mp3?_=4\" \/><a href=\"https:\/\/grimmels.de\/wordpress\/wp-content\/uploads\/2025\/10\/Christoffelcast_2025_Mikroplastik.mp3\">https:\/\/grimmels.de\/wordpress\/wp-content\/uploads\/2025\/10\/Christoffelcast_2025_Mikroplastik.mp3<\/a><\/audio>\t\t\t\t<\/div>\n\t\t\t\t<\/div>\n\t\t\t\t<div class=\"elementor-element elementor-element-e9881f1 elementor-widget elementor-widget-wp-widget-media_audio\" data-id=\"e9881f1\" data-element_type=\"widget\" data-widget_type=\"wp-widget-media_audio.default\">\n\t\t\t\t<div class=\"elementor-widget-container\">\n\t\t\t\t\t<h5>Kernfusion<\/h5><audio class=\"wp-audio-shortcode\" id=\"audio-58052-5\" preload=\"none\" style=\"width: 100%;\" controls=\"controls\"><source type=\"audio\/mpeg\" src=\"https:\/\/grimmels.de\/wordpress\/wp-content\/uploads\/2025\/10\/Christoffelcast_2025_Kernfusion.mp3?_=5\" \/><source type=\"audio\/mpeg\" src=\"https:\/\/grimmels.de\/wordpress\/wp-content\/uploads\/2025\/10\/Christoffelcast_2025_Kernfusion.mp3?_=5\" \/><a href=\"https:\/\/grimmels.de\/wordpress\/wp-content\/uploads\/2025\/10\/Christoffelcast_2025_Kernfusion.mp3\">https:\/\/grimmels.de\/wordpress\/wp-content\/uploads\/2025\/10\/Christoffelcast_2025_Kernfusion.mp3<\/a><\/audio>\t\t\t\t<\/div>\n\t\t\t\t<\/div>\n\t\t\t\t<div class=\"elementor-element elementor-element-4c62863 elementor-widget elementor-widget-wp-widget-media_audio\" data-id=\"4c62863\" data-element_type=\"widget\" data-widget_type=\"wp-widget-media_audio.default\">\n\t\t\t\t<div class=\"elementor-widget-container\">\n\t\t\t\t\t<h5>Gras<\/h5><audio class=\"wp-audio-shortcode\" id=\"audio-58052-6\" preload=\"none\" style=\"width: 100%;\" controls=\"controls\"><source type=\"audio\/mpeg\" src=\"https:\/\/grimmels.de\/wordpress\/wp-content\/uploads\/2025\/10\/Christoffelcast_2025_Gras.mp3?_=6\" \/><source type=\"audio\/mpeg\" src=\"https:\/\/grimmels.de\/wordpress\/wp-content\/uploads\/2025\/10\/Christoffelcast_2025_Gras.mp3?_=6\" \/><a href=\"https:\/\/grimmels.de\/wordpress\/wp-content\/uploads\/2025\/10\/Christoffelcast_2025_Gras.mp3\">https:\/\/grimmels.de\/wordpress\/wp-content\/uploads\/2025\/10\/Christoffelcast_2025_Gras.mp3<\/a><\/audio>\t\t\t\t<\/div>\n\t\t\t\t<\/div>\n\t\t\t\t<div class=\"elementor-element elementor-element-a2c7d35 elementor-widget elementor-widget-wp-widget-media_audio\" data-id=\"a2c7d35\" data-element_type=\"widget\" data-widget_type=\"wp-widget-media_audio.default\">\n\t\t\t\t<div class=\"elementor-widget-container\">\n\t\t\t\t\t<h5>Aktivismus vs. Alltag<\/h5><audio class=\"wp-audio-shortcode\" id=\"audio-58052-7\" preload=\"none\" style=\"width: 100%;\" controls=\"controls\"><source type=\"audio\/mpeg\" src=\"https:\/\/grimmels.de\/wordpress\/wp-content\/uploads\/2025\/10\/Christoffelcast_2025_AktivismusvsAlltag.mp3?_=7\" \/><source type=\"audio\/mpeg\" src=\"https:\/\/grimmels.de\/wordpress\/wp-content\/uploads\/2025\/10\/Christoffelcast_2025_AktivismusvsAlltag.mp3?_=7\" \/><a href=\"https:\/\/grimmels.de\/wordpress\/wp-content\/uploads\/2025\/10\/Christoffelcast_2025_AktivismusvsAlltag.mp3\">https:\/\/grimmels.de\/wordpress\/wp-content\/uploads\/2025\/10\/Christoffelcast_2025_AktivismusvsAlltag.mp3<\/a><\/audio>\t\t\t\t<\/div>\n\t\t\t\t<\/div>\n\t\t\t\t<\/div>\n\t\t<div class=\"elementor-element elementor-element-a8dd280 e-con-full e-flex e-con e-child\" data-id=\"a8dd280\" data-element_type=\"container\">\n\t\t\t\t<div class=\"elementor-element elementor-element-4658736 elementor-widget elementor-widget-heading\" data-id=\"4658736\" data-element_type=\"widget\" data-widget_type=\"heading.default\">\n\t\t\t\t<div class=\"elementor-widget-container\">\n\t\t\t\t\t<h2 class=\"elementor-heading-title elementor-size-default\">Podcasts Schuljahr 23\/24<\/h2>\t\t\t\t<\/div>\n\t\t\t\t<\/div>\n\t\t\t\t<div class=\"elementor-element elementor-element-0e382da elementor-widget elementor-widget-wp-widget-media_audio\" data-id=\"0e382da\" data-element_type=\"widget\" data-widget_type=\"wp-widget-media_audio.default\">\n\t\t\t\t<div class=\"elementor-widget-container\">\n\t\t\t\t\t<h5>Zeitreise<\/h5><audio class=\"wp-audio-shortcode\" id=\"audio-58052-8\" preload=\"none\" style=\"width: 100%;\" controls=\"controls\"><source type=\"audio\/wav\" src=\"https:\/\/grimmels.de\/wordpress\/wp-content\/uploads\/2024\/08\/Podcast-Zeitreise.wav?_=8\" \/><source type=\"audio\/wav\" src=\"https:\/\/grimmels.de\/wordpress\/wp-content\/uploads\/2024\/08\/Podcast-Zeitreise.wav?_=8\" \/><a href=\"https:\/\/grimmels.de\/wordpress\/wp-content\/uploads\/2024\/08\/Podcast-Zeitreise.wav\">https:\/\/grimmels.de\/wordpress\/wp-content\/uploads\/2024\/08\/Podcast-Zeitreise.wav<\/a><\/audio>\t\t\t\t<\/div>\n\t\t\t\t<\/div>\n\t\t\t\t<div class=\"elementor-element elementor-element-2549ac7 elementor-widget elementor-widget-wp-widget-media_audio\" data-id=\"2549ac7\" data-element_type=\"widget\" data-widget_type=\"wp-widget-media_audio.default\">\n\t\t\t\t<div class=\"elementor-widget-container\">\n\t\t\t\t\t<h5>Bionische Robotik<\/h5><audio class=\"wp-audio-shortcode\" id=\"audio-58052-9\" preload=\"none\" style=\"width: 100%;\" controls=\"controls\"><source type=\"audio\/wav\" src=\"https:\/\/grimmels.de\/wordpress\/wp-content\/uploads\/2024\/08\/Podcast-Bionische-Robotik.wav?_=9\" \/><source type=\"audio\/wav\" src=\"https:\/\/grimmels.de\/wordpress\/wp-content\/uploads\/2024\/08\/Podcast-Bionische-Robotik.wav?_=9\" \/><a href=\"https:\/\/grimmels.de\/wordpress\/wp-content\/uploads\/2024\/08\/Podcast-Bionische-Robotik.wav\">https:\/\/grimmels.de\/wordpress\/wp-content\/uploads\/2024\/08\/Podcast-Bionische-Robotik.wav<\/a><\/audio>\t\t\t\t<\/div>\n\t\t\t\t<\/div>\n\t\t\t\t<div class=\"elementor-element elementor-element-ee3d061 elementor-widget elementor-widget-wp-widget-media_audio\" data-id=\"ee3d061\" data-element_type=\"widget\" data-widget_type=\"wp-widget-media_audio.default\">\n\t\t\t\t<div class=\"elementor-widget-container\">\n\t\t\t\t\t<h5>Forscherinnen<\/h5><audio class=\"wp-audio-shortcode\" id=\"audio-58052-10\" preload=\"none\" style=\"width: 100%;\" controls=\"controls\"><source type=\"audio\/wav\" src=\"https:\/\/grimmels.de\/wordpress\/wp-content\/uploads\/2024\/08\/Podcast-Forscherinnen.wav?_=10\" \/><source type=\"audio\/wav\" src=\"https:\/\/grimmels.de\/wordpress\/wp-content\/uploads\/2024\/08\/Podcast-Forscherinnen.wav?_=10\" \/><a href=\"https:\/\/grimmels.de\/wordpress\/wp-content\/uploads\/2024\/08\/Podcast-Forscherinnen.wav\">https:\/\/grimmels.de\/wordpress\/wp-content\/uploads\/2024\/08\/Podcast-Forscherinnen.wav<\/a><\/audio>\t\t\t\t<\/div>\n\t\t\t\t<\/div>\n\t\t\t\t<div class=\"elementor-element elementor-element-fdc50b8 elementor-widget elementor-widget-wp-widget-media_audio\" data-id=\"fdc50b8\" data-element_type=\"widget\" data-widget_type=\"wp-widget-media_audio.default\">\n\t\t\t\t<div class=\"elementor-widget-container\">\n\t\t\t\t\t<h5>Jaguar<\/h5><audio class=\"wp-audio-shortcode\" id=\"audio-58052-11\" preload=\"none\" style=\"width: 100%;\" controls=\"controls\"><source type=\"audio\/wav\" src=\"https:\/\/grimmels.de\/wordpress\/wp-content\/uploads\/2024\/08\/Podcast-Jaguar.wav?_=11\" \/><source type=\"audio\/wav\" src=\"https:\/\/grimmels.de\/wordpress\/wp-content\/uploads\/2024\/08\/Podcast-Jaguar.wav?_=11\" \/><a href=\"https:\/\/grimmels.de\/wordpress\/wp-content\/uploads\/2024\/08\/Podcast-Jaguar.wav\">https:\/\/grimmels.de\/wordpress\/wp-content\/uploads\/2024\/08\/Podcast-Jaguar.wav<\/a><\/audio>\t\t\t\t<\/div>\n\t\t\t\t<\/div>\n\t\t\t\t<div class=\"elementor-element elementor-element-c45b257 elementor-widget elementor-widget-wp-widget-media_audio\" data-id=\"c45b257\" data-element_type=\"widget\" data-widget_type=\"wp-widget-media_audio.default\">\n\t\t\t\t<div class=\"elementor-widget-container\">\n\t\t\t\t\t<h5>Mikroplastik<\/h5><audio class=\"wp-audio-shortcode\" id=\"audio-58052-12\" preload=\"none\" style=\"width: 100%;\" controls=\"controls\"><source type=\"audio\/wav\" src=\"https:\/\/grimmels.de\/wordpress\/wp-content\/uploads\/2024\/08\/Podcast-Mikroplastik.wav?_=12\" \/><source type=\"audio\/wav\" src=\"https:\/\/grimmels.de\/wordpress\/wp-content\/uploads\/2024\/08\/Podcast-Mikroplastik.wav?_=12\" \/><a href=\"https:\/\/grimmels.de\/wordpress\/wp-content\/uploads\/2024\/08\/Podcast-Mikroplastik.wav\">https:\/\/grimmels.de\/wordpress\/wp-content\/uploads\/2024\/08\/Podcast-Mikroplastik.wav<\/a><\/audio>\t\t\t\t<\/div>\n\t\t\t\t<\/div>\n\t\t\t\t<\/div>\n\t\t\t\t<\/div>\n\t\t\t\t<\/div>\n\t\t","protected":false},"excerpt":{"rendered":"<p>CHRISTOFFEL CAST Ein Podcast der MINT-F\u00e4cher des Grimmelshausen-Gymnasiums Zum aktuellen Bericht Podcast-Projekt 3.0 Flyer zum Projekt Die F\u00e4higkeit zur Aufbereitung und Pr\u00e4sentation naturwissenschaftlicher Sachverhalte, wie sie zum Beispiel durch Podcasts erfolgen kann, stellt als kommunikative Schl\u00fcsselkompetenz eine M\u00f6glichkeit zur aktiven Teilnahme an gesellschaftlichen Diskursen dar. Im digitalen Zeitalter erreichen Podcasts eine breite H\u00f6rerschaft, sodass thematisch [&hellip;]<\/p>\n","protected":false},"author":1,"featured_media":0,"parent":30246,"menu_order":0,"comment_status":"closed","ping_status":"closed","template":"","meta":{"advgb_blocks_editor_width":"","advgb_blocks_columns_visual_guide":"","ngg_post_thumbnail":0,"footnotes":""},"class_list":["post-58052","page","type-page","status-publish","hentry"],"coauthors":[],"author_meta":{"author_link":"https:\/\/grimmels.de\/wordpress\/author\/webmaster\/","display_name":"webmaster"},"relative_dates":{"created":"Posted 2\u00a0Jahren ago","modified":"Updated 2\u00a0Monaten ago"},"absolute_dates":{"created":"Posted on 31. Juli 2024","modified":"Updated on 12. Februar 2026"},"absolute_dates_time":{"created":"Posted on 31. Juli 2024 9:59","modified":"Updated on 12. Februar 2026 15:55"},"featured_img_caption":"","featured_img":false,"series_order":"","_links":{"self":[{"href":"https:\/\/grimmels.de\/wordpress\/wp-json\/wp\/v2\/pages\/58052","targetHints":{"allow":["GET"]}}],"collection":[{"href":"https:\/\/grimmels.de\/wordpress\/wp-json\/wp\/v2\/pages"}],"about":[{"href":"https:\/\/grimmels.de\/wordpress\/wp-json\/wp\/v2\/types\/page"}],"author":[{"embeddable":true,"href":"https:\/\/grimmels.de\/wordpress\/wp-json\/wp\/v2\/users\/1"}],"replies":[{"embeddable":true,"href":"https:\/\/grimmels.de\/wordpress\/wp-json\/wp\/v2\/comments?post=58052"}],"version-history":[{"count":48,"href":"https:\/\/grimmels.de\/wordpress\/wp-json\/wp\/v2\/pages\/58052\/revisions"}],"predecessor-version":[{"id":68989,"href":"https:\/\/grimmels.de\/wordpress\/wp-json\/wp\/v2\/pages\/58052\/revisions\/68989"}],"up":[{"embeddable":true,"href":"https:\/\/grimmels.de\/wordpress\/wp-json\/wp\/v2\/pages\/30246"}],"wp:attachment":[{"href":"https:\/\/grimmels.de\/wordpress\/wp-json\/wp\/v2\/media?parent=58052"}],"curies":[{"name":"wp","href":"https:\/\/api.w.org\/{rel}","templated":true}]}}